{"id":5619,"date":"2021-01-25T22:32:41","date_gmt":"2021-01-25T23:37:32","guid":{"rendered":"https:\/\/shopcanarias.es\/index.php\/producto\/makramee-armband-shopcanarias-es-mit-gruenlichen-toenen\/"},"modified":"2021-01-26T00:37:42","modified_gmt":"2021-01-25T23:37:42","slug":"armband-marame-mit-ton-grun","status":"publish","type":"product","link":"https:\/\/shopcanarias.es\/index.php\/de\/producto\/armband-marame-mit-ton-grun\/","title":{"rendered":"Makramee Armband Shopcanarias.es mit gr\u00fcnlichen T\u00f6nen"},"content":{"rendered":"<div class=\"gsp_post_data\" \r\n\t            data-post_type=\"product\" \r\n\t            data-cat=\"\" \r\n\t            data-modified=\"120\"\r\n\t            data-created=\"1611613961\"\r\n\t            data-title=\"Makramee Armband Shopcanarias.es mit gr\u00fcnlichen T\u00f6nen\" \r\n\t            data-home=\"https:\/\/shopcanarias.es\"><\/div>","protected":false},"excerpt":{"rendered":"<p>Handgemachte Makramee Armband der Marke Shopcanarias.es mit gr\u00fcnlich get\u00f6nten Perlen<\/p>\n","protected":false},"featured_media":5603,"comment_status":"open","ping_status":"closed","template":"","meta":[],"product_brand":[],"product_cat":[381,376],"product_tag":[383,402,839,378],"class_list":{"0":"post-5619","1":"product","2":"type-product","3":"status-publish","4":"has-post-thumbnail","6":"product_cat-armbander","7":"product_cat-macrame-de","8":"product_tag-armband","9":"product_tag-grun","10":"product_tag-grunliche-tone","11":"product_tag-macrame-de","13":"first","14":"instock","15":"sold-individually","16":"taxable","17":"shipping-taxable","18":"purchasable","19":"product-type-simple"},"yoast_head":"<!-- This site is optimized with the Yoast SEO plugin v27.4 - https:\/\/yoast.com\/product\/yoast-seo-wordpress\/ -->\n<title>Makramee Armband Shopcanarias.es mit gr\u00fcnlichen T\u00f6nen - ShopCanarias.es<\/title>\n<meta name=\"description\" content=\"Handgefertigte Armband auf den Kanarischen Inseln. Sie k\u00f6nnen es kundenspezifisch bestellen. Gehen Sie hinein und schauen Sie sich den Rest der Armb\u00e4nder an. Auch aus Garn und Elastik.\" \/>\n<meta name=\"robots\" content=\"index, follow, max-snippet:-1, max-image-preview:large, max-video-preview:-1\" \/>\n<link rel=\"canonical\" href=\"https:\/\/shopcanarias.es\/index.php\/de\/producto\/armband-marame-mit-ton-grun\/\" \/>\n<meta property=\"og:locale\" content=\"es_ES\" \/>\n<meta property=\"og:type\" content=\"article\" \/>\n<meta property=\"og:title\" content=\"Makramee Armband Shopcanarias.es mit gr\u00fcnlichen T\u00f6nen - ShopCanarias.es\" \/>\n<meta property=\"og:description\" content=\"Handgefertigte Armband auf den Kanarischen Inseln. Sie k\u00f6nnen es kundenspezifisch bestellen. Gehen Sie hinein und schauen Sie sich den Rest der Armb\u00e4nder an. Auch aus Garn und Elastik.\" \/>\n<meta property=\"og:url\" content=\"https:\/\/shopcanarias.es\/index.php\/de\/producto\/armband-marame-mit-ton-grun\/\" \/>\n<meta property=\"og:site_name\" content=\"ShopCanarias.es\" \/>\n<meta property=\"article:publisher\" content=\"https:\/\/www.facebook.com\/ShopCanariases-105415177519237\/?modal=admin_todo_tour\" \/>\n<meta property=\"article:modified_time\" content=\"2021-01-25T23:37:42+00:00\" \/>\n<meta property=\"og:image\" content=\"https:\/\/i2.wp.com\/shopcanarias.es\/wp-content\/uploads\/2021\/01\/Pulsera-Macrame-Shopcanarias.es-con-tonos-verdosos.jpg?fit=1024%2C576&ssl=1\" \/>\n\t<meta property=\"og:image:width\" content=\"1024\" \/>\n\t<meta property=\"og:image:height\" content=\"576\" \/>\n\t<meta property=\"og:image:type\" content=\"image\/jpeg\" \/>\n<meta name=\"twitter:card\" content=\"summary_large_image\" \/>\n<meta name=\"twitter:site\" content=\"@shopcanarias\" \/>\n<script type=\"application\/ld+json\" class=\"yoast-schema-graph\">{\"@context\":\"https:\\\/\\\/schema.org\",\"@graph\":[{\"@type\":\"WebPage\",\"@id\":\"https:\\\/\\\/shopcanarias.es\\\/index.php\\\/de\\\/producto\\\/armband-marame-mit-ton-grun\\\/\",\"url\":\"https:\\\/\\\/shopcanarias.es\\\/index.php\\\/de\\\/producto\\\/armband-marame-mit-ton-grun\\\/\",\"name\":\"Makramee Armband Shopcanarias.es mit gr\u00fcnlichen T\u00f6nen - ShopCanarias.es\",\"isPartOf\":{\"@id\":\"https:\\\/\\\/shopcanarias.es\\\/#website\"},\"primaryImageOfPage\":{\"@id\":\"https:\\\/\\\/shopcanarias.es\\\/index.php\\\/de\\\/producto\\\/armband-marame-mit-ton-grun\\\/#primaryimage\"},\"image\":{\"@id\":\"https:\\\/\\\/shopcanarias.es\\\/index.php\\\/de\\\/producto\\\/armband-marame-mit-ton-grun\\\/#primaryimage\"},\"thumbnailUrl\":\"https:\\\/\\\/i0.wp.com\\\/shopcanarias.es\\\/wp-content\\\/uploads\\\/2021\\\/01\\\/Pulsera-Macrame-Shopcanarias.es-con-tonos-verdosos.jpg?fit=1024%2C576&ssl=1\",\"datePublished\":\"2021-01-25T23:37:32+00:00\",\"dateModified\":\"2021-01-25T23:37:42+00:00\",\"description\":\"Handgefertigte Armband auf den Kanarischen Inseln. Sie k\u00f6nnen es kundenspezifisch bestellen. Gehen Sie hinein und schauen Sie sich den Rest der Armb\u00e4nder an. Auch aus Garn und Elastik.\",\"breadcrumb\":{\"@id\":\"https:\\\/\\\/shopcanarias.es\\\/index.php\\\/de\\\/producto\\\/armband-marame-mit-ton-grun\\\/#breadcrumb\"},\"inLanguage\":\"es\",\"potentialAction\":[{\"@type\":\"ReadAction\",\"target\":[\"https:\\\/\\\/shopcanarias.es\\\/index.php\\\/de\\\/producto\\\/armband-marame-mit-ton-grun\\\/\"]}]},{\"@type\":\"ImageObject\",\"inLanguage\":\"es\",\"@id\":\"https:\\\/\\\/shopcanarias.es\\\/index.php\\\/de\\\/producto\\\/armband-marame-mit-ton-grun\\\/#primaryimage\",\"url\":\"https:\\\/\\\/i0.wp.com\\\/shopcanarias.es\\\/wp-content\\\/uploads\\\/2021\\\/01\\\/Pulsera-Macrame-Shopcanarias.es-con-tonos-verdosos.jpg?fit=1024%2C576&ssl=1\",\"contentUrl\":\"https:\\\/\\\/i0.wp.com\\\/shopcanarias.es\\\/wp-content\\\/uploads\\\/2021\\\/01\\\/Pulsera-Macrame-Shopcanarias.es-con-tonos-verdosos.jpg?fit=1024%2C576&ssl=1\",\"width\":1024,\"height\":576,\"caption\":\"Macram\u00e9 Armband Shopcanarias.es mit gr\u00fcnlichen T\u00f6nen\"},{\"@type\":\"BreadcrumbList\",\"@id\":\"https:\\\/\\\/shopcanarias.es\\\/index.php\\\/de\\\/producto\\\/armband-marame-mit-ton-grun\\\/#breadcrumb\",\"itemListElement\":[{\"@type\":\"ListItem\",\"position\":1,\"name\":\"Home\",\"item\":\"https:\\\/\\\/shopcanarias.es\\\/\"},{\"@type\":\"ListItem\",\"position\":2,\"name\":\"Tienda\",\"item\":\"https:\\\/\\\/shopcanarias.es\\\/index.php\\\/loja\\\/?lang=pt-pt\"},{\"@type\":\"ListItem\",\"position\":3,\"name\":\"Makramee Armband Shopcanarias.es mit gr\u00fcnlichen T\u00f6nen\"}]},{\"@type\":\"WebSite\",\"@id\":\"https:\\\/\\\/shopcanarias.es\\\/#website\",\"url\":\"https:\\\/\\\/shopcanarias.es\\\/\",\"name\":\"ShopCanarias.es\",\"description\":\"Tienda online de productos y servicios de las Islas Canarias\",\"publisher\":{\"@id\":\"https:\\\/\\\/shopcanarias.es\\\/#organization\"},\"potentialAction\":[{\"@type\":\"SearchAction\",\"target\":{\"@type\":\"EntryPoint\",\"urlTemplate\":\"https:\\\/\\\/shopcanarias.es\\\/?s={search_term_string}\"},\"query-input\":{\"@type\":\"PropertyValueSpecification\",\"valueRequired\":true,\"valueName\":\"search_term_string\"}}],\"inLanguage\":\"es\"},{\"@type\":\"Organization\",\"@id\":\"https:\\\/\\\/shopcanarias.es\\\/#organization\",\"name\":\"Marketplace Canarias SL\",\"url\":\"https:\\\/\\\/shopcanarias.es\\\/\",\"logo\":{\"@type\":\"ImageObject\",\"inLanguage\":\"es\",\"@id\":\"https:\\\/\\\/shopcanarias.es\\\/#\\\/schema\\\/logo\\\/image\\\/\",\"url\":\"https:\\\/\\\/i0.wp.com\\\/shopcanarias.es\\\/wp-content\\\/uploads\\\/2020\\\/04\\\/Logotipo_Ajustado_Color_300-ppp-scaled.jpg?fit=2560%2C467&ssl=1\",\"contentUrl\":\"https:\\\/\\\/i0.wp.com\\\/shopcanarias.es\\\/wp-content\\\/uploads\\\/2020\\\/04\\\/Logotipo_Ajustado_Color_300-ppp-scaled.jpg?fit=2560%2C467&ssl=1\",\"width\":2560,\"height\":467,\"caption\":\"Marketplace Canarias SL\"},\"image\":{\"@id\":\"https:\\\/\\\/shopcanarias.es\\\/#\\\/schema\\\/logo\\\/image\\\/\"},\"sameAs\":[\"https:\\\/\\\/www.facebook.com\\\/ShopCanariases-105415177519237\\\/?modal=admin_todo_tour\",\"https:\\\/\\\/x.com\\\/shopcanarias\",\"https:\\\/\\\/www.instagram.com\\\/shopcanarias\\\/?hl=es\",\"https:\\\/\\\/www.pinterest.es\\\/pin\\\/611222980666854387\\\/\",\"https:\\\/\\\/www.youtube.com\\\/channel\\\/UCqPIEQS9SBuvJrMWJV8YxuA\"]}]}<\/script>\n<!-- \/ Yoast SEO plugin. -->","yoast_head_json":{"title":"Makramee Armband Shopcanarias.es mit gr\u00fcnlichen T\u00f6nen - ShopCanarias.es","description":"Handgefertigte Armband auf den Kanarischen Inseln. Sie k\u00f6nnen es kundenspezifisch bestellen. Gehen Sie hinein und schauen Sie sich den Rest der Armb\u00e4nder an. Auch aus Garn und Elastik.","robots":{"index":"index","follow":"follow","max-snippet":"max-snippet:-1","max-image-preview":"max-image-preview:large","max-video-preview":"max-video-preview:-1"},"canonical":"https:\/\/shopcanarias.es\/index.php\/de\/producto\/armband-marame-mit-ton-grun\/","og_locale":"es_ES","og_type":"article","og_title":"Makramee Armband Shopcanarias.es mit gr\u00fcnlichen T\u00f6nen - ShopCanarias.es","og_description":"Handgefertigte Armband auf den Kanarischen Inseln. Sie k\u00f6nnen es kundenspezifisch bestellen. Gehen Sie hinein und schauen Sie sich den Rest der Armb\u00e4nder an. Auch aus Garn und Elastik.","og_url":"https:\/\/shopcanarias.es\/index.php\/de\/producto\/armband-marame-mit-ton-grun\/","og_site_name":"ShopCanarias.es","article_publisher":"https:\/\/www.facebook.com\/ShopCanariases-105415177519237\/?modal=admin_todo_tour","article_modified_time":"2021-01-25T23:37:42+00:00","og_image":[{"width":1024,"height":576,"url":"https:\/\/i2.wp.com\/shopcanarias.es\/wp-content\/uploads\/2021\/01\/Pulsera-Macrame-Shopcanarias.es-con-tonos-verdosos.jpg?fit=1024%2C576&ssl=1","type":"image\/jpeg"}],"twitter_card":"summary_large_image","twitter_site":"@shopcanarias","schema":{"@context":"https:\/\/schema.org","@graph":[{"@type":"WebPage","@id":"https:\/\/shopcanarias.es\/index.php\/de\/producto\/armband-marame-mit-ton-grun\/","url":"https:\/\/shopcanarias.es\/index.php\/de\/producto\/armband-marame-mit-ton-grun\/","name":"Makramee Armband Shopcanarias.es mit gr\u00fcnlichen T\u00f6nen - ShopCanarias.es","isPartOf":{"@id":"https:\/\/shopcanarias.es\/#website"},"primaryImageOfPage":{"@id":"https:\/\/shopcanarias.es\/index.php\/de\/producto\/armband-marame-mit-ton-grun\/#primaryimage"},"image":{"@id":"https:\/\/shopcanarias.es\/index.php\/de\/producto\/armband-marame-mit-ton-grun\/#primaryimage"},"thumbnailUrl":"https:\/\/i0.wp.com\/shopcanarias.es\/wp-content\/uploads\/2021\/01\/Pulsera-Macrame-Shopcanarias.es-con-tonos-verdosos.jpg?fit=1024%2C576&ssl=1","datePublished":"2021-01-25T23:37:32+00:00","dateModified":"2021-01-25T23:37:42+00:00","description":"Handgefertigte Armband auf den Kanarischen Inseln. Sie k\u00f6nnen es kundenspezifisch bestellen. Gehen Sie hinein und schauen Sie sich den Rest der Armb\u00e4nder an. Auch aus Garn und Elastik.","breadcrumb":{"@id":"https:\/\/shopcanarias.es\/index.php\/de\/producto\/armband-marame-mit-ton-grun\/#breadcrumb"},"inLanguage":"es","potentialAction":[{"@type":"ReadAction","target":["https:\/\/shopcanarias.es\/index.php\/de\/producto\/armband-marame-mit-ton-grun\/"]}]},{"@type":"ImageObject","inLanguage":"es","@id":"https:\/\/shopcanarias.es\/index.php\/de\/producto\/armband-marame-mit-ton-grun\/#primaryimage","url":"https:\/\/i0.wp.com\/shopcanarias.es\/wp-content\/uploads\/2021\/01\/Pulsera-Macrame-Shopcanarias.es-con-tonos-verdosos.jpg?fit=1024%2C576&ssl=1","contentUrl":"https:\/\/i0.wp.com\/shopcanarias.es\/wp-content\/uploads\/2021\/01\/Pulsera-Macrame-Shopcanarias.es-con-tonos-verdosos.jpg?fit=1024%2C576&ssl=1","width":1024,"height":576,"caption":"Macram\u00e9 Armband Shopcanarias.es mit gr\u00fcnlichen T\u00f6nen"},{"@type":"BreadcrumbList","@id":"https:\/\/shopcanarias.es\/index.php\/de\/producto\/armband-marame-mit-ton-grun\/#breadcrumb","itemListElement":[{"@type":"ListItem","position":1,"name":"Home","item":"https:\/\/shopcanarias.es\/"},{"@type":"ListItem","position":2,"name":"Tienda","item":"https:\/\/shopcanarias.es\/index.php\/loja\/?lang=pt-pt"},{"@type":"ListItem","position":3,"name":"Makramee Armband Shopcanarias.es mit gr\u00fcnlichen T\u00f6nen"}]},{"@type":"WebSite","@id":"https:\/\/shopcanarias.es\/#website","url":"https:\/\/shopcanarias.es\/","name":"ShopCanarias.es","description":"Tienda online de productos y servicios de las Islas Canarias","publisher":{"@id":"https:\/\/shopcanarias.es\/#organization"},"potentialAction":[{"@type":"SearchAction","target":{"@type":"EntryPoint","urlTemplate":"https:\/\/shopcanarias.es\/?s={search_term_string}"},"query-input":{"@type":"PropertyValueSpecification","valueRequired":true,"valueName":"search_term_string"}}],"inLanguage":"es"},{"@type":"Organization","@id":"https:\/\/shopcanarias.es\/#organization","name":"Marketplace Canarias SL","url":"https:\/\/shopcanarias.es\/","logo":{"@type":"ImageObject","inLanguage":"es","@id":"https:\/\/shopcanarias.es\/#\/schema\/logo\/image\/","url":"https:\/\/i0.wp.com\/shopcanarias.es\/wp-content\/uploads\/2020\/04\/Logotipo_Ajustado_Color_300-ppp-scaled.jpg?fit=2560%2C467&ssl=1","contentUrl":"https:\/\/i0.wp.com\/shopcanarias.es\/wp-content\/uploads\/2020\/04\/Logotipo_Ajustado_Color_300-ppp-scaled.jpg?fit=2560%2C467&ssl=1","width":2560,"height":467,"caption":"Marketplace Canarias SL"},"image":{"@id":"https:\/\/shopcanarias.es\/#\/schema\/logo\/image\/"},"sameAs":["https:\/\/www.facebook.com\/ShopCanariases-105415177519237\/?modal=admin_todo_tour","https:\/\/x.com\/shopcanarias","https:\/\/www.instagram.com\/shopcanarias\/?hl=es","https:\/\/www.pinterest.es\/pin\/611222980666854387\/","https:\/\/www.youtube.com\/channel\/UCqPIEQS9SBuvJrMWJV8YxuA"]}]}},"df_price":8,"df_sale_price":"","df_regular_price":8,"df_image_link":"https:\/\/i0.wp.com\/shopcanarias.es\/wp-content\/uploads\/2021\/01\/Pulsera-Macrame-Shopcanarias.es-con-tonos-verdosos.jpg?fit=300%2C169&ssl=1","jetpack_sharing_enabled":true,"_links":{"self":[{"href":"https:\/\/shopcanarias.es\/index.php\/wp-json\/wp\/v2\/product\/5619","targetHints":{"allow":["GET"]}}],"collection":[{"href":"https:\/\/shopcanarias.es\/index.php\/wp-json\/wp\/v2\/product"}],"about":[{"href":"https:\/\/shopcanarias.es\/index.php\/wp-json\/wp\/v2\/types\/product"}],"replies":[{"embeddable":true,"href":"https:\/\/shopcanarias.es\/index.php\/wp-json\/wp\/v2\/comments?post=5619"}],"wp:featuredmedia":[{"embeddable":true,"href":"https:\/\/shopcanarias.es\/index.php\/wp-json\/wp\/v2\/media\/5603"}],"wp:attachment":[{"href":"https:\/\/shopcanarias.es\/index.php\/wp-json\/wp\/v2\/media?parent=5619"}],"wp:term":[{"taxonomy":"product_brand","embeddable":true,"href":"https:\/\/shopcanarias.es\/index.php\/wp-json\/wp\/v2\/product_brand?post=5619"},{"taxonomy":"product_cat","embeddable":true,"href":"https:\/\/shopcanarias.es\/index.php\/wp-json\/wp\/v2\/product_cat?post=5619"},{"taxonomy":"product_tag","embeddable":true,"href":"https:\/\/shopcanarias.es\/index.php\/wp-json\/wp\/v2\/product_tag?post=5619"}],"curies":[{"name":"wp","href":"https:\/\/api.w.org\/{rel}","templated":true}]}}