{"id":5428,"date":"2021-01-17T23:44:30","date_gmt":"2021-01-19T12:54:50","guid":{"rendered":"https:\/\/shopcanarias.es\/index.php\/producto\/bracelet-macrame-shopcanarias-es-avec-coquille-et-couleurs-du-drapeau-canarien\/"},"modified":"2021-01-26T00:10:07","modified_gmt":"2021-01-25T23:10:07","slug":"bracelet-macrame-avec-coquille-et-couleurs-du-drapeau-canarien","status":"publish","type":"product","link":"https:\/\/shopcanarias.es\/index.php\/fr\/producto\/bracelet-macrame-avec-coquille-et-couleurs-du-drapeau-canarien\/","title":{"rendered":"Bracelet Macram\u00e9 Shopcanarias.es avec coquille et couleurs du drapeau canarien"},"content":{"rendered":"<div class=\"gsp_post_data\" \r\n\t            data-post_type=\"product\" \r\n\t            data-cat=\"\" \r\n\t            data-modified=\"120\"\r\n\t            data-created=\"1610927070\"\r\n\t            data-title=\"Bracelet Macram\u00e9 Shopcanarias.es avec coquille et couleurs du drapeau canarien\" \r\n\t            data-home=\"https:\/\/shopcanarias.es\"><\/div>","protected":false},"excerpt":{"rendered":"<p>Bracelet fait main par Macram\u00e9 de la marque Shopcanarias.es avec coquille, et avec des perles des couleurs du drapeau canarien, ou blanc et bleu<\/p>\n","protected":false},"featured_media":5451,"comment_status":"open","ping_status":"closed","template":"","meta":[],"product_brand":[],"product_cat":[231,225],"product_tag":[253,240,235,782,245,227],"class_list":{"0":"post-5428","1":"product","2":"type-product","3":"status-publish","4":"has-post-thumbnail","6":"product_cat-bracelets-fr","7":"product_cat-macrame-macrame","8":"product_tag-blanc","9":"product_tag-bleu","10":"product_tag-bracelet","11":"product_tag-drapeau-canarien","12":"product_tag-jaune","13":"product_tag-macrame-macrame","15":"first","16":"instock","17":"sold-individually","18":"taxable","19":"shipping-taxable","20":"purchasable","21":"product-type-variable"},"yoast_head":"<!-- This site is optimized with the Yoast SEO plugin v27.4 - https:\/\/yoast.com\/product\/yoast-seo-wordpress\/ -->\n<title>Bracelet Macram\u00e9 Shopcanarias.es avec coquille et couleurs du drapeau canarien - ShopCanarias.es<\/title>\n<meta name=\"description\" content=\"Bracelet Macram\u00e9 fait main avec fil brun et perles de coquille et couleurs du drapeau des \u00celes Canaries. Vous pouvez le personnaliser\" \/>\n<meta name=\"robots\" content=\"index, follow, max-snippet:-1, max-image-preview:large, max-video-preview:-1\" \/>\n<link rel=\"canonical\" href=\"https:\/\/shopcanarias.es\/index.php\/fr\/producto\/bracelet-macrame-avec-coquille-et-couleurs-du-drapeau-canarien\/\" \/>\n<meta property=\"og:locale\" content=\"es_ES\" \/>\n<meta property=\"og:type\" content=\"article\" \/>\n<meta property=\"og:title\" content=\"Bracelet Macram\u00e9 Shopcanarias.es avec coquille et couleurs du drapeau canarien - ShopCanarias.es\" \/>\n<meta property=\"og:description\" content=\"Bracelet Macram\u00e9 fait main avec fil brun et perles de coquille et couleurs du drapeau des \u00celes Canaries. Vous pouvez le personnaliser\" \/>\n<meta property=\"og:url\" content=\"https:\/\/shopcanarias.es\/index.php\/fr\/producto\/bracelet-macrame-avec-coquille-et-couleurs-du-drapeau-canarien\/\" \/>\n<meta property=\"og:site_name\" content=\"ShopCanarias.es\" \/>\n<meta property=\"article:publisher\" content=\"https:\/\/www.facebook.com\/ShopCanariases-105415177519237\/?modal=admin_todo_tour\" \/>\n<meta property=\"article:modified_time\" content=\"2021-01-25T23:10:07+00:00\" \/>\n<meta property=\"og:image\" content=\"https:\/\/i1.wp.com\/shopcanarias.es\/wp-content\/uploads\/2021\/01\/IMG-20210120-WA0003.jpg?fit=1024%2C576&ssl=1\" \/>\n\t<meta property=\"og:image:width\" content=\"1024\" \/>\n\t<meta property=\"og:image:height\" content=\"576\" \/>\n\t<meta property=\"og:image:type\" content=\"image\/jpeg\" \/>\n<meta name=\"twitter:card\" content=\"summary_large_image\" \/>\n<meta name=\"twitter:site\" content=\"@shopcanarias\" \/>\n<script type=\"application\/ld+json\" class=\"yoast-schema-graph\">{\"@context\":\"https:\\\/\\\/schema.org\",\"@graph\":[{\"@type\":\"WebPage\",\"@id\":\"https:\\\/\\\/shopcanarias.es\\\/index.php\\\/fr\\\/producto\\\/bracelet-macrame-avec-coquille-et-couleurs-du-drapeau-canarien\\\/\",\"url\":\"https:\\\/\\\/shopcanarias.es\\\/index.php\\\/fr\\\/producto\\\/bracelet-macrame-avec-coquille-et-couleurs-du-drapeau-canarien\\\/\",\"name\":\"Bracelet Macram\u00e9 Shopcanarias.es avec coquille et couleurs du drapeau canarien - ShopCanarias.es\",\"isPartOf\":{\"@id\":\"https:\\\/\\\/shopcanarias.es\\\/#website\"},\"primaryImageOfPage\":{\"@id\":\"https:\\\/\\\/shopcanarias.es\\\/index.php\\\/fr\\\/producto\\\/bracelet-macrame-avec-coquille-et-couleurs-du-drapeau-canarien\\\/#primaryimage\"},\"image\":{\"@id\":\"https:\\\/\\\/shopcanarias.es\\\/index.php\\\/fr\\\/producto\\\/bracelet-macrame-avec-coquille-et-couleurs-du-drapeau-canarien\\\/#primaryimage\"},\"thumbnailUrl\":\"https:\\\/\\\/i0.wp.com\\\/shopcanarias.es\\\/wp-content\\\/uploads\\\/2021\\\/01\\\/IMG-20210120-WA0003.jpg?fit=1024%2C576&ssl=1\",\"datePublished\":\"2021-01-19T12:54:50+00:00\",\"dateModified\":\"2021-01-25T23:10:07+00:00\",\"description\":\"Bracelet Macram\u00e9 fait main avec fil brun et perles de coquille et couleurs du drapeau des \u00celes Canaries. Vous pouvez le personnaliser\",\"breadcrumb\":{\"@id\":\"https:\\\/\\\/shopcanarias.es\\\/index.php\\\/fr\\\/producto\\\/bracelet-macrame-avec-coquille-et-couleurs-du-drapeau-canarien\\\/#breadcrumb\"},\"inLanguage\":\"es\",\"potentialAction\":[{\"@type\":\"ReadAction\",\"target\":[\"https:\\\/\\\/shopcanarias.es\\\/index.php\\\/fr\\\/producto\\\/bracelet-macrame-avec-coquille-et-couleurs-du-drapeau-canarien\\\/\"]}]},{\"@type\":\"ImageObject\",\"inLanguage\":\"es\",\"@id\":\"https:\\\/\\\/shopcanarias.es\\\/index.php\\\/fr\\\/producto\\\/bracelet-macrame-avec-coquille-et-couleurs-du-drapeau-canarien\\\/#primaryimage\",\"url\":\"https:\\\/\\\/i0.wp.com\\\/shopcanarias.es\\\/wp-content\\\/uploads\\\/2021\\\/01\\\/IMG-20210120-WA0003.jpg?fit=1024%2C576&ssl=1\",\"contentUrl\":\"https:\\\/\\\/i0.wp.com\\\/shopcanarias.es\\\/wp-content\\\/uploads\\\/2021\\\/01\\\/IMG-20210120-WA0003.jpg?fit=1024%2C576&ssl=1\",\"width\":1024,\"height\":576,\"caption\":\"Bracelet Macram\u00e9 Shopcanarias.es avec coquille et couleurs du drapeau canarien\"},{\"@type\":\"BreadcrumbList\",\"@id\":\"https:\\\/\\\/shopcanarias.es\\\/index.php\\\/fr\\\/producto\\\/bracelet-macrame-avec-coquille-et-couleurs-du-drapeau-canarien\\\/#breadcrumb\",\"itemListElement\":[{\"@type\":\"ListItem\",\"position\":1,\"name\":\"Home\",\"item\":\"https:\\\/\\\/shopcanarias.es\\\/\"},{\"@type\":\"ListItem\",\"position\":2,\"name\":\"Tienda\",\"item\":\"https:\\\/\\\/shopcanarias.es\\\/index.php\\\/loja\\\/?lang=pt-pt\"},{\"@type\":\"ListItem\",\"position\":3,\"name\":\"Bracelet Macram\u00e9 Shopcanarias.es avec coquille et couleurs du drapeau canarien\"}]},{\"@type\":\"WebSite\",\"@id\":\"https:\\\/\\\/shopcanarias.es\\\/#website\",\"url\":\"https:\\\/\\\/shopcanarias.es\\\/\",\"name\":\"ShopCanarias.es\",\"description\":\"Tienda online de productos y servicios de las Islas Canarias\",\"publisher\":{\"@id\":\"https:\\\/\\\/shopcanarias.es\\\/#organization\"},\"potentialAction\":[{\"@type\":\"SearchAction\",\"target\":{\"@type\":\"EntryPoint\",\"urlTemplate\":\"https:\\\/\\\/shopcanarias.es\\\/?s={search_term_string}\"},\"query-input\":{\"@type\":\"PropertyValueSpecification\",\"valueRequired\":true,\"valueName\":\"search_term_string\"}}],\"inLanguage\":\"es\"},{\"@type\":\"Organization\",\"@id\":\"https:\\\/\\\/shopcanarias.es\\\/#organization\",\"name\":\"Marketplace Canarias SL\",\"url\":\"https:\\\/\\\/shopcanarias.es\\\/\",\"logo\":{\"@type\":\"ImageObject\",\"inLanguage\":\"es\",\"@id\":\"https:\\\/\\\/shopcanarias.es\\\/#\\\/schema\\\/logo\\\/image\\\/\",\"url\":\"https:\\\/\\\/i0.wp.com\\\/shopcanarias.es\\\/wp-content\\\/uploads\\\/2020\\\/04\\\/Logotipo_Ajustado_Color_300-ppp-scaled.jpg?fit=2560%2C467&ssl=1\",\"contentUrl\":\"https:\\\/\\\/i0.wp.com\\\/shopcanarias.es\\\/wp-content\\\/uploads\\\/2020\\\/04\\\/Logotipo_Ajustado_Color_300-ppp-scaled.jpg?fit=2560%2C467&ssl=1\",\"width\":2560,\"height\":467,\"caption\":\"Marketplace Canarias SL\"},\"image\":{\"@id\":\"https:\\\/\\\/shopcanarias.es\\\/#\\\/schema\\\/logo\\\/image\\\/\"},\"sameAs\":[\"https:\\\/\\\/www.facebook.com\\\/ShopCanariases-105415177519237\\\/?modal=admin_todo_tour\",\"https:\\\/\\\/x.com\\\/shopcanarias\",\"https:\\\/\\\/www.instagram.com\\\/shopcanarias\\\/?hl=es\",\"https:\\\/\\\/www.pinterest.es\\\/pin\\\/611222980666854387\\\/\",\"https:\\\/\\\/www.youtube.com\\\/channel\\\/UCqPIEQS9SBuvJrMWJV8YxuA\"]}]}<\/script>\n<!-- \/ Yoast SEO plugin. -->","yoast_head_json":{"title":"Bracelet Macram\u00e9 Shopcanarias.es avec coquille et couleurs du drapeau canarien - ShopCanarias.es","description":"Bracelet Macram\u00e9 fait main avec fil brun et perles de coquille et couleurs du drapeau des \u00celes Canaries. Vous pouvez le personnaliser","robots":{"index":"index","follow":"follow","max-snippet":"max-snippet:-1","max-image-preview":"max-image-preview:large","max-video-preview":"max-video-preview:-1"},"canonical":"https:\/\/shopcanarias.es\/index.php\/fr\/producto\/bracelet-macrame-avec-coquille-et-couleurs-du-drapeau-canarien\/","og_locale":"es_ES","og_type":"article","og_title":"Bracelet Macram\u00e9 Shopcanarias.es avec coquille et couleurs du drapeau canarien - ShopCanarias.es","og_description":"Bracelet Macram\u00e9 fait main avec fil brun et perles de coquille et couleurs du drapeau des \u00celes Canaries. Vous pouvez le personnaliser","og_url":"https:\/\/shopcanarias.es\/index.php\/fr\/producto\/bracelet-macrame-avec-coquille-et-couleurs-du-drapeau-canarien\/","og_site_name":"ShopCanarias.es","article_publisher":"https:\/\/www.facebook.com\/ShopCanariases-105415177519237\/?modal=admin_todo_tour","article_modified_time":"2021-01-25T23:10:07+00:00","og_image":[{"width":1024,"height":576,"url":"https:\/\/i1.wp.com\/shopcanarias.es\/wp-content\/uploads\/2021\/01\/IMG-20210120-WA0003.jpg?fit=1024%2C576&ssl=1","type":"image\/jpeg"}],"twitter_card":"summary_large_image","twitter_site":"@shopcanarias","schema":{"@context":"https:\/\/schema.org","@graph":[{"@type":"WebPage","@id":"https:\/\/shopcanarias.es\/index.php\/fr\/producto\/bracelet-macrame-avec-coquille-et-couleurs-du-drapeau-canarien\/","url":"https:\/\/shopcanarias.es\/index.php\/fr\/producto\/bracelet-macrame-avec-coquille-et-couleurs-du-drapeau-canarien\/","name":"Bracelet Macram\u00e9 Shopcanarias.es avec coquille et couleurs du drapeau canarien - ShopCanarias.es","isPartOf":{"@id":"https:\/\/shopcanarias.es\/#website"},"primaryImageOfPage":{"@id":"https:\/\/shopcanarias.es\/index.php\/fr\/producto\/bracelet-macrame-avec-coquille-et-couleurs-du-drapeau-canarien\/#primaryimage"},"image":{"@id":"https:\/\/shopcanarias.es\/index.php\/fr\/producto\/bracelet-macrame-avec-coquille-et-couleurs-du-drapeau-canarien\/#primaryimage"},"thumbnailUrl":"https:\/\/i0.wp.com\/shopcanarias.es\/wp-content\/uploads\/2021\/01\/IMG-20210120-WA0003.jpg?fit=1024%2C576&ssl=1","datePublished":"2021-01-19T12:54:50+00:00","dateModified":"2021-01-25T23:10:07+00:00","description":"Bracelet Macram\u00e9 fait main avec fil brun et perles de coquille et couleurs du drapeau des \u00celes Canaries. Vous pouvez le personnaliser","breadcrumb":{"@id":"https:\/\/shopcanarias.es\/index.php\/fr\/producto\/bracelet-macrame-avec-coquille-et-couleurs-du-drapeau-canarien\/#breadcrumb"},"inLanguage":"es","potentialAction":[{"@type":"ReadAction","target":["https:\/\/shopcanarias.es\/index.php\/fr\/producto\/bracelet-macrame-avec-coquille-et-couleurs-du-drapeau-canarien\/"]}]},{"@type":"ImageObject","inLanguage":"es","@id":"https:\/\/shopcanarias.es\/index.php\/fr\/producto\/bracelet-macrame-avec-coquille-et-couleurs-du-drapeau-canarien\/#primaryimage","url":"https:\/\/i0.wp.com\/shopcanarias.es\/wp-content\/uploads\/2021\/01\/IMG-20210120-WA0003.jpg?fit=1024%2C576&ssl=1","contentUrl":"https:\/\/i0.wp.com\/shopcanarias.es\/wp-content\/uploads\/2021\/01\/IMG-20210120-WA0003.jpg?fit=1024%2C576&ssl=1","width":1024,"height":576,"caption":"Bracelet Macram\u00e9 Shopcanarias.es avec coquille et couleurs du drapeau canarien"},{"@type":"BreadcrumbList","@id":"https:\/\/shopcanarias.es\/index.php\/fr\/producto\/bracelet-macrame-avec-coquille-et-couleurs-du-drapeau-canarien\/#breadcrumb","itemListElement":[{"@type":"ListItem","position":1,"name":"Home","item":"https:\/\/shopcanarias.es\/"},{"@type":"ListItem","position":2,"name":"Tienda","item":"https:\/\/shopcanarias.es\/index.php\/loja\/?lang=pt-pt"},{"@type":"ListItem","position":3,"name":"Bracelet Macram\u00e9 Shopcanarias.es avec coquille et couleurs du drapeau canarien"}]},{"@type":"WebSite","@id":"https:\/\/shopcanarias.es\/#website","url":"https:\/\/shopcanarias.es\/","name":"ShopCanarias.es","description":"Tienda online de productos y servicios de las Islas Canarias","publisher":{"@id":"https:\/\/shopcanarias.es\/#organization"},"potentialAction":[{"@type":"SearchAction","target":{"@type":"EntryPoint","urlTemplate":"https:\/\/shopcanarias.es\/?s={search_term_string}"},"query-input":{"@type":"PropertyValueSpecification","valueRequired":true,"valueName":"search_term_string"}}],"inLanguage":"es"},{"@type":"Organization","@id":"https:\/\/shopcanarias.es\/#organization","name":"Marketplace Canarias SL","url":"https:\/\/shopcanarias.es\/","logo":{"@type":"ImageObject","inLanguage":"es","@id":"https:\/\/shopcanarias.es\/#\/schema\/logo\/image\/","url":"https:\/\/i0.wp.com\/shopcanarias.es\/wp-content\/uploads\/2020\/04\/Logotipo_Ajustado_Color_300-ppp-scaled.jpg?fit=2560%2C467&ssl=1","contentUrl":"https:\/\/i0.wp.com\/shopcanarias.es\/wp-content\/uploads\/2020\/04\/Logotipo_Ajustado_Color_300-ppp-scaled.jpg?fit=2560%2C467&ssl=1","width":2560,"height":467,"caption":"Marketplace Canarias SL"},"image":{"@id":"https:\/\/shopcanarias.es\/#\/schema\/logo\/image\/"},"sameAs":["https:\/\/www.facebook.com\/ShopCanariases-105415177519237\/?modal=admin_todo_tour","https:\/\/x.com\/shopcanarias","https:\/\/www.instagram.com\/shopcanarias\/?hl=es","https:\/\/www.pinterest.es\/pin\/611222980666854387\/","https:\/\/www.youtube.com\/channel\/UCqPIEQS9SBuvJrMWJV8YxuA"]}]}},"df_price":8,"df_sale_price":"","df_regular_price":8,"df_image_link":"https:\/\/i0.wp.com\/shopcanarias.es\/wp-content\/uploads\/2021\/01\/IMG-20210120-WA0003.jpg?fit=300%2C169&ssl=1","jetpack_sharing_enabled":true,"_links":{"self":[{"href":"https:\/\/shopcanarias.es\/index.php\/wp-json\/wp\/v2\/product\/5428","targetHints":{"allow":["GET"]}}],"collection":[{"href":"https:\/\/shopcanarias.es\/index.php\/wp-json\/wp\/v2\/product"}],"about":[{"href":"https:\/\/shopcanarias.es\/index.php\/wp-json\/wp\/v2\/types\/product"}],"replies":[{"embeddable":true,"href":"https:\/\/shopcanarias.es\/index.php\/wp-json\/wp\/v2\/comments?post=5428"}],"wp:featuredmedia":[{"embeddable":true,"href":"https:\/\/shopcanarias.es\/index.php\/wp-json\/wp\/v2\/media\/5451"}],"wp:attachment":[{"href":"https:\/\/shopcanarias.es\/index.php\/wp-json\/wp\/v2\/media?parent=5428"}],"wp:term":[{"taxonomy":"product_brand","embeddable":true,"href":"https:\/\/shopcanarias.es\/index.php\/wp-json\/wp\/v2\/product_brand?post=5428"},{"taxonomy":"product_cat","embeddable":true,"href":"https:\/\/shopcanarias.es\/index.php\/wp-json\/wp\/v2\/product_cat?post=5428"},{"taxonomy":"product_tag","embeddable":true,"href":"https:\/\/shopcanarias.es\/index.php\/wp-json\/wp\/v2\/product_tag?post=5428"}],"curies":[{"name":"wp","href":"https:\/\/api.w.org\/{rel}","templated":true}]}}