{"id":1646,"date":"2020-05-13T18:35:08","date_gmt":"2020-06-04T22:12:14","guid":{"rendered":"https:\/\/shopcanarias.es\/index.php\/producto\/bracelet-cousu-en-cuir-shopcanarias-es-tons-bleus-de-trois-virages\/"},"modified":"2020-06-04T23:12:16","modified_gmt":"2020-06-04T22:12:16","slug":"bracelet-cousu-a-cuir-trois-tours-ton-bleu","status":"publish","type":"product","link":"https:\/\/shopcanarias.es\/index.php\/fr\/producto\/bracelet-cousu-a-cuir-trois-tours-ton-bleu\/","title":{"rendered":"Bracelet cousu en cuir Shopcanarias.es tons bleus de trois virages"},"content":{"rendered":"<div class=\"gsp_post_data\" \r\n\t            data-post_type=\"product\" \r\n\t            data-cat=\"\" \r\n\t            data-modified=\"120\"\r\n\t            data-created=\"1589394908\"\r\n\t            data-title=\"Bracelet cousu en cuir Shopcanarias.es tons bleus de trois virages\" \r\n\t            data-home=\"https:\/\/shopcanarias.es\"><\/div>","protected":false},"excerpt":{"rendered":"<p>Bracelet cousu \u00e0 la main aux sangles en cuir de la marque Shopcanarias.es dans des tons bleus pour donner \u00e0 la poup\u00e9e trois tours<\/p>\n","protected":false},"featured_media":1595,"comment_status":"open","ping_status":"closed","template":"","meta":[],"product_brand":[],"product_cat":[231,239],"product_tag":[241,240,259,235,242,232,229],"class_list":{"0":"post-1646","1":"product","2":"type-product","3":"status-publish","4":"has-post-thumbnail","6":"product_cat-bracelets-fr","7":"product_cat-cousu-au-cuir","8":"product_tag-balles","9":"product_tag-bleu","10":"product_tag-bleuatre","11":"product_tag-bracelet","12":"product_tag-cuir","13":"product_tag-perles","14":"product_tag-shopcanarias-es-fr","16":"first","17":"instock","18":"sold-individually","19":"taxable","20":"shipping-taxable","21":"purchasable","22":"product-type-simple"},"yoast_head":"<!-- This site is optimized with the Yoast SEO plugin v27.3 - https:\/\/yoast.com\/product\/yoast-seo-wordpress\/ -->\n<title>Bracelet cousu en cuir Shopcanarias.es tons bleus de trois virages - ShopCanarias.es<\/title>\n<meta name=\"robots\" content=\"index, follow, max-snippet:-1, max-image-preview:large, max-video-preview:-1\" \/>\n<link rel=\"canonical\" href=\"https:\/\/shopcanarias.es\/index.php\/fr\/producto\/bracelet-cousu-a-cuir-trois-tours-ton-bleu\/\" \/>\n<meta property=\"og:locale\" content=\"es_ES\" \/>\n<meta property=\"og:type\" content=\"article\" \/>\n<meta property=\"og:title\" content=\"Bracelet cousu en cuir Shopcanarias.es tons bleus de trois virages - ShopCanarias.es\" \/>\n<meta property=\"og:description\" content=\"Bracelet cousu \u00e0 la main aux sangles en cuir de la marque Shopcanarias.es dans des tons bleus pour donner \u00e0 la poup\u00e9e trois tours\" \/>\n<meta property=\"og:url\" content=\"https:\/\/shopcanarias.es\/index.php\/fr\/producto\/bracelet-cousu-a-cuir-trois-tours-ton-bleu\/\" \/>\n<meta property=\"og:site_name\" content=\"ShopCanarias.es\" \/>\n<meta property=\"article:publisher\" content=\"https:\/\/www.facebook.com\/ShopCanariases-105415177519237\/?modal=admin_todo_tour\" \/>\n<meta property=\"article:modified_time\" content=\"2020-06-04T22:12:16+00:00\" \/>\n<meta property=\"og:image\" content=\"https:\/\/i0.wp.com\/shopcanarias.es\/wp-content\/uploads\/2020\/05\/IMG-20200511-WA0006.jpg?fit=1152%2C2048&ssl=1\" \/>\n\t<meta property=\"og:image:width\" content=\"1152\" \/>\n\t<meta property=\"og:image:height\" content=\"2048\" \/>\n\t<meta property=\"og:image:type\" content=\"image\/jpeg\" \/>\n<meta name=\"twitter:card\" content=\"summary_large_image\" \/>\n<meta name=\"twitter:site\" content=\"@shopcanarias\" \/>\n<script type=\"application\/ld+json\" class=\"yoast-schema-graph\">{\"@context\":\"https:\\\/\\\/schema.org\",\"@graph\":[{\"@type\":\"WebPage\",\"@id\":\"https:\\\/\\\/shopcanarias.es\\\/index.php\\\/fr\\\/producto\\\/bracelet-cousu-a-cuir-trois-tours-ton-bleu\\\/\",\"url\":\"https:\\\/\\\/shopcanarias.es\\\/index.php\\\/fr\\\/producto\\\/bracelet-cousu-a-cuir-trois-tours-ton-bleu\\\/\",\"name\":\"Bracelet cousu en cuir Shopcanarias.es tons bleus de trois virages - ShopCanarias.es\",\"isPartOf\":{\"@id\":\"https:\\\/\\\/shopcanarias.es\\\/#website\"},\"primaryImageOfPage\":{\"@id\":\"https:\\\/\\\/shopcanarias.es\\\/index.php\\\/fr\\\/producto\\\/bracelet-cousu-a-cuir-trois-tours-ton-bleu\\\/#primaryimage\"},\"image\":{\"@id\":\"https:\\\/\\\/shopcanarias.es\\\/index.php\\\/fr\\\/producto\\\/bracelet-cousu-a-cuir-trois-tours-ton-bleu\\\/#primaryimage\"},\"thumbnailUrl\":\"https:\\\/\\\/i0.wp.com\\\/shopcanarias.es\\\/wp-content\\\/uploads\\\/2020\\\/05\\\/IMG-20200511-WA0006.jpg?fit=1152%2C2048&ssl=1\",\"datePublished\":\"2020-06-04T22:12:14+00:00\",\"dateModified\":\"2020-06-04T22:12:16+00:00\",\"breadcrumb\":{\"@id\":\"https:\\\/\\\/shopcanarias.es\\\/index.php\\\/fr\\\/producto\\\/bracelet-cousu-a-cuir-trois-tours-ton-bleu\\\/#breadcrumb\"},\"inLanguage\":\"es\",\"potentialAction\":[{\"@type\":\"ReadAction\",\"target\":[\"https:\\\/\\\/shopcanarias.es\\\/index.php\\\/fr\\\/producto\\\/bracelet-cousu-a-cuir-trois-tours-ton-bleu\\\/\"]}]},{\"@type\":\"ImageObject\",\"inLanguage\":\"es\",\"@id\":\"https:\\\/\\\/shopcanarias.es\\\/index.php\\\/fr\\\/producto\\\/bracelet-cousu-a-cuir-trois-tours-ton-bleu\\\/#primaryimage\",\"url\":\"https:\\\/\\\/i0.wp.com\\\/shopcanarias.es\\\/wp-content\\\/uploads\\\/2020\\\/05\\\/IMG-20200511-WA0006.jpg?fit=1152%2C2048&ssl=1\",\"contentUrl\":\"https:\\\/\\\/i0.wp.com\\\/shopcanarias.es\\\/wp-content\\\/uploads\\\/2020\\\/05\\\/IMG-20200511-WA0006.jpg?fit=1152%2C2048&ssl=1\",\"width\":1152,\"height\":2048,\"caption\":\"Bracelet cousu en cuir Shopcanarias.es tons bleus de trois virages\"},{\"@type\":\"BreadcrumbList\",\"@id\":\"https:\\\/\\\/shopcanarias.es\\\/index.php\\\/fr\\\/producto\\\/bracelet-cousu-a-cuir-trois-tours-ton-bleu\\\/#breadcrumb\",\"itemListElement\":[{\"@type\":\"ListItem\",\"position\":1,\"name\":\"Home\",\"item\":\"https:\\\/\\\/shopcanarias.es\\\/\"},{\"@type\":\"ListItem\",\"position\":2,\"name\":\"Tienda\",\"item\":\"https:\\\/\\\/shopcanarias.es\\\/index.php\\\/loja\\\/?lang=pt-pt\"},{\"@type\":\"ListItem\",\"position\":3,\"name\":\"Bracelet cousu en cuir Shopcanarias.es tons bleus de trois virages\"}]},{\"@type\":\"WebSite\",\"@id\":\"https:\\\/\\\/shopcanarias.es\\\/#website\",\"url\":\"https:\\\/\\\/shopcanarias.es\\\/\",\"name\":\"ShopCanarias.es\",\"description\":\"Tienda online de productos y servicios de las Islas Canarias\",\"publisher\":{\"@id\":\"https:\\\/\\\/shopcanarias.es\\\/#organization\"},\"potentialAction\":[{\"@type\":\"SearchAction\",\"target\":{\"@type\":\"EntryPoint\",\"urlTemplate\":\"https:\\\/\\\/shopcanarias.es\\\/?s={search_term_string}\"},\"query-input\":{\"@type\":\"PropertyValueSpecification\",\"valueRequired\":true,\"valueName\":\"search_term_string\"}}],\"inLanguage\":\"es\"},{\"@type\":\"Organization\",\"@id\":\"https:\\\/\\\/shopcanarias.es\\\/#organization\",\"name\":\"Marketplace Canarias SL\",\"url\":\"https:\\\/\\\/shopcanarias.es\\\/\",\"logo\":{\"@type\":\"ImageObject\",\"inLanguage\":\"es\",\"@id\":\"https:\\\/\\\/shopcanarias.es\\\/#\\\/schema\\\/logo\\\/image\\\/\",\"url\":\"https:\\\/\\\/i0.wp.com\\\/shopcanarias.es\\\/wp-content\\\/uploads\\\/2020\\\/04\\\/Logotipo_Ajustado_Color_300-ppp-scaled.jpg?fit=2560%2C467&ssl=1\",\"contentUrl\":\"https:\\\/\\\/i0.wp.com\\\/shopcanarias.es\\\/wp-content\\\/uploads\\\/2020\\\/04\\\/Logotipo_Ajustado_Color_300-ppp-scaled.jpg?fit=2560%2C467&ssl=1\",\"width\":2560,\"height\":467,\"caption\":\"Marketplace Canarias SL\"},\"image\":{\"@id\":\"https:\\\/\\\/shopcanarias.es\\\/#\\\/schema\\\/logo\\\/image\\\/\"},\"sameAs\":[\"https:\\\/\\\/www.facebook.com\\\/ShopCanariases-105415177519237\\\/?modal=admin_todo_tour\",\"https:\\\/\\\/x.com\\\/shopcanarias\",\"https:\\\/\\\/www.instagram.com\\\/shopcanarias\\\/?hl=es\",\"https:\\\/\\\/www.pinterest.es\\\/pin\\\/611222980666854387\\\/\",\"https:\\\/\\\/www.youtube.com\\\/channel\\\/UCqPIEQS9SBuvJrMWJV8YxuA\"]}]}<\/script>\n<!-- \/ Yoast SEO plugin. -->","yoast_head_json":{"title":"Bracelet cousu en cuir Shopcanarias.es tons bleus de trois virages - ShopCanarias.es","robots":{"index":"index","follow":"follow","max-snippet":"max-snippet:-1","max-image-preview":"max-image-preview:large","max-video-preview":"max-video-preview:-1"},"canonical":"https:\/\/shopcanarias.es\/index.php\/fr\/producto\/bracelet-cousu-a-cuir-trois-tours-ton-bleu\/","og_locale":"es_ES","og_type":"article","og_title":"Bracelet cousu en cuir Shopcanarias.es tons bleus de trois virages - ShopCanarias.es","og_description":"Bracelet cousu \u00e0 la main aux sangles en cuir de la marque Shopcanarias.es dans des tons bleus pour donner \u00e0 la poup\u00e9e trois tours","og_url":"https:\/\/shopcanarias.es\/index.php\/fr\/producto\/bracelet-cousu-a-cuir-trois-tours-ton-bleu\/","og_site_name":"ShopCanarias.es","article_publisher":"https:\/\/www.facebook.com\/ShopCanariases-105415177519237\/?modal=admin_todo_tour","article_modified_time":"2020-06-04T22:12:16+00:00","og_image":[{"width":1152,"height":2048,"url":"https:\/\/i0.wp.com\/shopcanarias.es\/wp-content\/uploads\/2020\/05\/IMG-20200511-WA0006.jpg?fit=1152%2C2048&ssl=1","type":"image\/jpeg"}],"twitter_card":"summary_large_image","twitter_site":"@shopcanarias","schema":{"@context":"https:\/\/schema.org","@graph":[{"@type":"WebPage","@id":"https:\/\/shopcanarias.es\/index.php\/fr\/producto\/bracelet-cousu-a-cuir-trois-tours-ton-bleu\/","url":"https:\/\/shopcanarias.es\/index.php\/fr\/producto\/bracelet-cousu-a-cuir-trois-tours-ton-bleu\/","name":"Bracelet cousu en cuir Shopcanarias.es tons bleus de trois virages - ShopCanarias.es","isPartOf":{"@id":"https:\/\/shopcanarias.es\/#website"},"primaryImageOfPage":{"@id":"https:\/\/shopcanarias.es\/index.php\/fr\/producto\/bracelet-cousu-a-cuir-trois-tours-ton-bleu\/#primaryimage"},"image":{"@id":"https:\/\/shopcanarias.es\/index.php\/fr\/producto\/bracelet-cousu-a-cuir-trois-tours-ton-bleu\/#primaryimage"},"thumbnailUrl":"https:\/\/i0.wp.com\/shopcanarias.es\/wp-content\/uploads\/2020\/05\/IMG-20200511-WA0006.jpg?fit=1152%2C2048&ssl=1","datePublished":"2020-06-04T22:12:14+00:00","dateModified":"2020-06-04T22:12:16+00:00","breadcrumb":{"@id":"https:\/\/shopcanarias.es\/index.php\/fr\/producto\/bracelet-cousu-a-cuir-trois-tours-ton-bleu\/#breadcrumb"},"inLanguage":"es","potentialAction":[{"@type":"ReadAction","target":["https:\/\/shopcanarias.es\/index.php\/fr\/producto\/bracelet-cousu-a-cuir-trois-tours-ton-bleu\/"]}]},{"@type":"ImageObject","inLanguage":"es","@id":"https:\/\/shopcanarias.es\/index.php\/fr\/producto\/bracelet-cousu-a-cuir-trois-tours-ton-bleu\/#primaryimage","url":"https:\/\/i0.wp.com\/shopcanarias.es\/wp-content\/uploads\/2020\/05\/IMG-20200511-WA0006.jpg?fit=1152%2C2048&ssl=1","contentUrl":"https:\/\/i0.wp.com\/shopcanarias.es\/wp-content\/uploads\/2020\/05\/IMG-20200511-WA0006.jpg?fit=1152%2C2048&ssl=1","width":1152,"height":2048,"caption":"Bracelet cousu en cuir Shopcanarias.es tons bleus de trois virages"},{"@type":"BreadcrumbList","@id":"https:\/\/shopcanarias.es\/index.php\/fr\/producto\/bracelet-cousu-a-cuir-trois-tours-ton-bleu\/#breadcrumb","itemListElement":[{"@type":"ListItem","position":1,"name":"Home","item":"https:\/\/shopcanarias.es\/"},{"@type":"ListItem","position":2,"name":"Tienda","item":"https:\/\/shopcanarias.es\/index.php\/loja\/?lang=pt-pt"},{"@type":"ListItem","position":3,"name":"Bracelet cousu en cuir Shopcanarias.es tons bleus de trois virages"}]},{"@type":"WebSite","@id":"https:\/\/shopcanarias.es\/#website","url":"https:\/\/shopcanarias.es\/","name":"ShopCanarias.es","description":"Tienda online de productos y servicios de las Islas Canarias","publisher":{"@id":"https:\/\/shopcanarias.es\/#organization"},"potentialAction":[{"@type":"SearchAction","target":{"@type":"EntryPoint","urlTemplate":"https:\/\/shopcanarias.es\/?s={search_term_string}"},"query-input":{"@type":"PropertyValueSpecification","valueRequired":true,"valueName":"search_term_string"}}],"inLanguage":"es"},{"@type":"Organization","@id":"https:\/\/shopcanarias.es\/#organization","name":"Marketplace Canarias SL","url":"https:\/\/shopcanarias.es\/","logo":{"@type":"ImageObject","inLanguage":"es","@id":"https:\/\/shopcanarias.es\/#\/schema\/logo\/image\/","url":"https:\/\/i0.wp.com\/shopcanarias.es\/wp-content\/uploads\/2020\/04\/Logotipo_Ajustado_Color_300-ppp-scaled.jpg?fit=2560%2C467&ssl=1","contentUrl":"https:\/\/i0.wp.com\/shopcanarias.es\/wp-content\/uploads\/2020\/04\/Logotipo_Ajustado_Color_300-ppp-scaled.jpg?fit=2560%2C467&ssl=1","width":2560,"height":467,"caption":"Marketplace Canarias SL"},"image":{"@id":"https:\/\/shopcanarias.es\/#\/schema\/logo\/image\/"},"sameAs":["https:\/\/www.facebook.com\/ShopCanariases-105415177519237\/?modal=admin_todo_tour","https:\/\/x.com\/shopcanarias","https:\/\/www.instagram.com\/shopcanarias\/?hl=es","https:\/\/www.pinterest.es\/pin\/611222980666854387\/","https:\/\/www.youtube.com\/channel\/UCqPIEQS9SBuvJrMWJV8YxuA"]}]}},"df_price":15,"df_sale_price":"","df_regular_price":15,"df_image_link":"https:\/\/i0.wp.com\/shopcanarias.es\/wp-content\/uploads\/2020\/05\/IMG-20200511-WA0006.jpg?fit=169%2C300&ssl=1","jetpack_sharing_enabled":true,"_links":{"self":[{"href":"https:\/\/shopcanarias.es\/index.php\/wp-json\/wp\/v2\/product\/1646","targetHints":{"allow":["GET"]}}],"collection":[{"href":"https:\/\/shopcanarias.es\/index.php\/wp-json\/wp\/v2\/product"}],"about":[{"href":"https:\/\/shopcanarias.es\/index.php\/wp-json\/wp\/v2\/types\/product"}],"replies":[{"embeddable":true,"href":"https:\/\/shopcanarias.es\/index.php\/wp-json\/wp\/v2\/comments?post=1646"}],"wp:featuredmedia":[{"embeddable":true,"href":"https:\/\/shopcanarias.es\/index.php\/wp-json\/wp\/v2\/media\/1595"}],"wp:attachment":[{"href":"https:\/\/shopcanarias.es\/index.php\/wp-json\/wp\/v2\/media?parent=1646"}],"wp:term":[{"taxonomy":"product_brand","embeddable":true,"href":"https:\/\/shopcanarias.es\/index.php\/wp-json\/wp\/v2\/product_brand?post=1646"},{"taxonomy":"product_cat","embeddable":true,"href":"https:\/\/shopcanarias.es\/index.php\/wp-json\/wp\/v2\/product_cat?post=1646"},{"taxonomy":"product_tag","embeddable":true,"href":"https:\/\/shopcanarias.es\/index.php\/wp-json\/wp\/v2\/product_tag?post=1646"}],"curies":[{"name":"wp","href":"https:\/\/api.w.org\/{rel}","templated":true}]}}