{"id":5225,"date":"2021-01-07T15:34:54","date_gmt":"2021-01-07T14:34:54","guid":{"rendered":"https:\/\/shopcanarias.es\/index.php\/politica-de-privacidade\/"},"modified":"2021-01-07T15:35:06","modified_gmt":"2021-01-07T14:35:06","slug":"politica-de-privacidade","status":"publish","type":"page","link":"https:\/\/shopcanarias.es\/index.php\/pt-pt\/politica-de-privacidade\/","title":{"rendered":"POL\u00cdTICA DE PRIVACIDADE"},"content":{"rendered":"\n<p><a><strong>1.- Quem \u00e9 o respons\u00e1vel pelo tratamento dos seus dados?<\/strong><\/a><strong><\/strong><\/p>\n\n<p>O respons\u00e1vel pelos seus dados pessoais \u00e9 MARKETPLACE CANARIAS, S.L. (doravante designado<strong>por \u00abShopCanarias\u00bb),<\/strong>com n.I.F. n\u00famero B-76819259 e estabelecido em C\/ la Duraznillo 3 Ptl.1 3o C 38390, (Santa \u00darsula), Santa Cruz De Tenerife.<\/p>\n\n<p>Informamos que a propriedade deste Website (doravante, o<strong>\n  <em>\u00abWebsite\u00bb)<\/em>\n<\/strong>\u00e9 da MARKETPLACE CANARIAS, S.L.<\/p>\n\n<p>O acesso e\/ou utiliza\u00e7\u00e3o do website, atribui o estatuto de Utilizador do mesmo e implica a aceita\u00e7\u00e3o, a partir desse acesso e\/ou utiliza\u00e7\u00e3o, desta Pol\u00edtica de Privacidade.<\/p>\n\n<p>O Utilizador pode contactar a ShopCanarias no seguinte endere\u00e7o de e-mail:<a href=\"mailto:info@shopcanarias.es\">info@shopcanarias.es<\/a>.<\/p>\n\n<p><strong>2.- Porque \u00e9 que a ShopCanarias tem direito a efetuar o tratamento de dados?<\/strong><strong><\/strong><\/p>\n\n<p>A ShopCanarias tem o direito de processar os seus dados de forma a realizar a presta\u00e7\u00e3o dos seus servi\u00e7os.<\/p>\n\n<p>A ShopCanarias leva muito a s\u00e9rio a prote\u00e7\u00e3o da sua privacidade e dados pessoais. Por isso, as suas informa\u00e7\u00f5es pessoais s\u00e3o mantidas de forma segura e tratadas com o maior cuidado.<\/p>\n\n<p>Esta Pol\u00edtica de Privacidade regula o acesso e utiliza\u00e7\u00e3o do servi\u00e7o (doravante, o<strong>\n  <em>\u00abServi\u00e7o\u00bb)<\/em>\n<\/strong>que a ShopCanarias disponibiliza ao Utilizador interessado nos servi\u00e7os e Conte\u00fados alojados no website.<\/p>\n\n<p>No que diz respeito ao consentimento, o Utilizador pode retir\u00e1-lo a qualquer momento, enviando uma mensagem para o endere\u00e7o de e-mail indicado na primeira sec\u00e7\u00e3o desta pol\u00edtica de privacidade, sem afetar a licitude do processamento com base no consentimento antes da sua retirada.<\/p>\n\n<p><strong>3.- Quais s\u00e3o<\/strong> <strong>as<\/strong> <strong><em>\n  \n<\/em> <strong>finalidades do<\/strong>tratamento dos seus dados<strong>pessoais<\/strong> <strong> pela<\/strong> <strong> <a>ShopCanarias?<\/a><\/strong><strong><\/strong><\/strong><\/p>\n\n<p><a>Os seus<\/a>dados pessoais recolhidos pelo ShopCanarias podem ser utilizados para as seguintes finalidades, de acordo com o consentimento concedido no formul\u00e1rio de registo correspondente:<\/p>\n\n<ul class=\"wp-block-list\"><li>A presta\u00e7\u00e3o dos servi\u00e7os oferecidos atrav\u00e9s do site.<\/li><\/ul>\n<ul class=\"wp-block-list\"><li>perfil de comunica\u00e7\u00f5es comerciais <em>e\/ou Newsletter<\/em> by ShopCanarias. Assim, se consentido pelo Utilizador, os seus dados pessoais podem ser utilizados para o envio por carta, telefone, e-mail, SMS\/MMS, ou por outros meios eletr\u00f3nicos equivalentes de comunica\u00e7\u00e3o, comunica\u00e7\u00f5es comerciais e\/ou Newsletter.<\/li><\/ul>\n<p><strong>4.- Veracidade dos dados fornecidos pelos Utilizadores e dados de menores<\/strong><strong><\/strong><\/p>\n\n<p>O Utilizador garante que os dados pessoais fornecidos s\u00e3o verdadeiros e \u00e9 respons\u00e1vel pela comunica\u00e7\u00e3o ao ShopCanarias qualquer modifica\u00e7\u00e3o destes. O Utilizador responder\u00e1, em todo o caso, \u00e0 veracidade dos dados fornecidos, reservando \u00e0 ShopCanarias o direito de excluir dos Servi\u00e7os Registados qualquer Utilizador que tenha fornecido dados falsos, sem preju\u00edzo das outras a\u00e7\u00f5es que possam prosseguir na lei.<\/p>\n\n<p><a><strong>5.-Reten\u00e7\u00e3o de dados<\/strong><\/a><strong><\/strong><\/p>\n\n<p>Os dados pessoais fornecidos ser\u00e3o conservados pela ShopCanarias desde que o Utilizador n\u00e3o expresse a <a>sua<\/a> vontade de cancelar a subscri\u00e7\u00e3o dos servi\u00e7os da ShopCanarias, de forma a receber informa\u00e7\u00f5es sobre os produtos da empresa. Posteriormente, se necess\u00e1rio e para cumprir as poss\u00edveis responsabilidades que possam decorrer do tratamento dos dados ou das atividades dos utilizadores, a <a>ShopCanarias<\/a> manter\u00e1 a informa\u00e7\u00e3o bloqueada nos prazos legalmente estabelecidos.<\/p>\n\n<p><a><strong>6.- Direitos de utiliza\u00e7\u00e3o relacionados<\/strong>\n  \n<\/a>com os seus<strong>dados<\/strong> <strong><\/strong><strong><\/strong><\/p>\n\n<p>O Utilizador tem o direito de<\/p>\n\n<ul class=\"wp-block-list\"><li>Aceda aos seus dados pessoais.<\/li><\/ul>\n<ul class=\"wp-block-list\"><li>Solicitar a retifica\u00e7\u00e3o de dados imprecisos<\/li><\/ul>\n<ul class=\"wp-block-list\"><li>Solicite a sua elimina\u00e7\u00e3o.<\/li><\/ul>\n<ul class=\"wp-block-list\"><li>  Solicitar a limita\u00e7\u00e3o do tratamento dos seus dados.<\/li><\/ul>\n<ul class=\"wp-block-list\"><li>  Opor-se ao tratamento dos seus dados.<\/li><\/ul>\n<ul class=\"wp-block-list\"><li>  Solicite a sua portabilidade.<\/li><\/ul>\n<ul class=\"wp-block-list\"><li>N\u00e3o est\u00e1 sujeito a decis\u00f5es individuais automatizadas.<\/li><\/ul>\n<p>O Utilizador pode exercer todos estes direitos no seguinte endere\u00e7o de e-mail <a href=\"mailto:info@shopcanarias.es\">info@shopcanarias.es<\/a> indicando o motivo do seu pedido e fornecendo uma c\u00f3pia do seu ID.<\/p>\n\n<p>O Utilizador pode ainda enviar o seu pedido por correio regular para o seguinte endere\u00e7o:<\/p>\n\n<p>MARKETPLACE CANARIAS, S.L<\/p>\n\n<p>CIF B-76819259<\/p>\n\n<p>C\/ Duraznillo 3 Ptl.1 3o C 38390, (Santa \u00darsula),<\/p>\n\n<p>Santa Cruz De Tenerife<\/p>\n\n<p>Sem preju\u00edzo de qualquer outra solu\u00e7\u00e3o administrativa ou de a\u00e7\u00e3o judicial, o Utilizador ter\u00e1 o direito de apresentar uma reclama\u00e7\u00e3o junto de uma Autoridade Desemit\u00e1dua, nomeadamente no Estado-Membro em que tenha a sua resid\u00eancia habitual, local de trabalho ou local da alegada infra\u00e7\u00e3o, se considerar que o tratamento dos seus dados pessoais n\u00e3o \u00e9 adequado aos regulamentos , bem como no caso de o exerc\u00edcio dos seus direitos n\u00e3o estar satisfeito. A autoridade de fiscaliza\u00e7\u00e3o a que a den\u00fancia foi apresentada informar\u00e1 o autor da den\u00fancia do curso e dos resultados da den\u00fancia.<\/p>\n\n<p><a><strong>7.- Seguran\u00e7a de dados<\/strong><\/a><strong><\/strong><\/p>\n\n<p>A prote\u00e7\u00e3o da privacidade e dos dados pessoais dos utilizadores \u00e9 muito importante para o ShopCanarias. Por isso, a ShopCanarias faz tudo o que estiver ao seu alcance para evitar que os seus dados sejam utilizados de forma abusiva, permitindo o acesso aos mesmos apenas a pessoal autorizado.<\/p>\n\n<p>A ShopCanarias mant\u00e9m os n\u00edveis de seguran\u00e7a da prote\u00e7\u00e3o de dados pessoais de acordo com os regulamentos aplic\u00e1veis e estabeleceu todos os meios t\u00e9cnicos \u00e0 sua disposi\u00e7\u00e3o para evitar a perda, utiliza\u00e7\u00e3o indevida, altera\u00e7\u00e3o, acesso n\u00e3o autorizado e roubo dos dados que o Utilizador fornece atrav\u00e9s do website sem preju\u00edzo de o informar de que as medidas de seguran\u00e7a na Internet n\u00e3o s\u00e3o inexpugn\u00e1veis.<\/p>\n\n<p>A ShopCanarias compromete-se a cumprir o dever de sigilo e confidencialidade no que diz respeito aos dados pessoais de acordo com a legisla\u00e7\u00e3o aplic\u00e1vel, bem como a conceder-lhes um tratamento seguro nas transfer\u00eancias internacionais e transfer\u00eancias de dados que possam ocorrer.<\/p>\n\n<p>Para os servi\u00e7os do website que precisam de se registar como Utilizador, deve ser escolhida uma palavra-passe. O Utilizador \u00e9 respons\u00e1vel pela manuten\u00e7\u00e3o da confidencialidade desta palavra-passe, bem como por todas as atividades que ocorram na sess\u00e3o iniciada com o seu nome e senha.<\/p>\n\n<p>O Utilizador compromete-se a notificar o ShopCanarias o mais rapidamente poss\u00edvel de utiliza\u00e7\u00e3o n\u00e3o autorizada do seu nome de utilizador e\/ou palavra-passe ou qualquer outra falha de seguran\u00e7a. A ShopCanarias n\u00e3o se responsabiliza por quaisquer danos ou perdas que possam surgir devido ao incumprimento desta obriga\u00e7\u00e3o por parte do Utilizador.<\/p>\n\n<p><a><strong>8.-<\/strong>\n  \n<\/a> <strong>Revis\u00e3o da Pol\u00edtica de Privacidade<\/strong><\/p>\n\n<p>A ShopCanarias reserva-se o direito de rever a sua Pol\u00edtica de Privacidade a qualquer momento que considere apropriado. Por esta raz\u00e3o, consulte regularmente esta Pol\u00edtica de Privacidade para ler a vers\u00e3o mais recente desta Pol\u00edtica de Privacidade.<\/p>\n\n<p>No entanto, quaisquer altera\u00e7\u00f5es a esta Pol\u00edtica de Privacidade ser\u00e3o comunicadas ao Utilizador.<\/p>\n\n<p><a><strong>9.- Links para websites<\/strong><\/a><strong><\/strong><\/p>\n\n<p>O website ShopCanarias pode conter links para sites de empresas e entidades terceiras. A ShopCanarias n\u00e3o se responsabiliza pela forma como estas empresas tratam a prote\u00e7\u00e3o de privacidade e dados pessoais, pelo que aconselhamos a ler atentamente as declara\u00e7\u00f5es de Pol\u00edtica de Privacidade destes websites que n\u00e3o s\u00e3o propriedade da ShopCanarias em rela\u00e7\u00e3o ao uso, tratamento e prote\u00e7\u00e3o de dados pessoais.<\/p>\n\n<p>As condi\u00e7\u00f5es oferecidas por estes websites podem n\u00e3o ser as mesmas oferecidas pela ShopCanarias.<\/p>\n\n<p><a><strong>10.- Perguntas<\/strong><\/a><strong><\/strong><\/p>\n\n<p>Se tiver alguma d\u00favida sobre esta Pol\u00edtica de Privacidade ou sobre o tratamento dos seus dados contacte a ShopCanarias por e-mail para o seguinte endere\u00e7o de e-mail:<a href=\"mailto:info@shopcanarias.es\">info@shopcanarias.es.<\/a><\/p>\n\n<p><strong>11.- Aceita\u00e7\u00e3o e Consentimento.<\/strong><\/p>\n\n<p>O Utilizador declara ter sido informado das condi\u00e7\u00f5es de prote\u00e7\u00e3o de dados pessoais, aceitando e consentindo no tratamento dos mesmos pela ShopCanarias, na forma e para as finalidades indicadas nesta Pol\u00edtica de Privacidade.<\/p>\n<div class=\"gsp_post_data\" \r\n\t            data-post_type=\"page\" \r\n\t            data-cat=\"\" \r\n\t            data-modified=\"120\"\r\n\t            data-created=\"1610033694\"\r\n\t            data-title=\"POL\u00cdTICA DE PRIVACIDADE\" \r\n\t            data-home=\"https:\/\/shopcanarias.es\"><\/div>","protected":false},"excerpt":{"rendered":"<p>1.- Quem \u00e9 o respons\u00e1vel pelo tratamento dos seus dados? O respons\u00e1vel pelos seus dados pessoais \u00e9 MARKETPLACE CANARIAS, S.L. (doravante designadopor \u00abShopCanarias\u00bb),com n.I.F. n\u00famero B-76819259 e estabelecido em C\/ la Duraznillo 3 Ptl.1 3o C 38390, (Santa \u00darsula), Santa Cruz De Tenerife. Informamos que a propriedade deste Website (doravante, o \u00abWebsite\u00bb) \u00e9 da MARKETPLACE &hellip; <\/p>\n<p class=\"link-more\"><a href=\"https:\/\/shopcanarias.es\/index.php\/pt-pt\/politica-de-privacidade\/\" class=\"more-link\">Continuar leyendo<span class=\"screen-reader-text\"> \u00abPOL\u00cdTICA DE PRIVACIDADE\u00bb<\/span><\/a><\/p>\n","protected":false},"author":1,"featured_media":0,"parent":0,"menu_order":0,"comment_status":"closed","ping_status":"closed","template":"","meta":{"footnotes":""},"class_list":["post-5225","page","type-page","status-publish","hentry"],"yoast_head":"<!-- This site is optimized with the Yoast SEO plugin v27.5 - https:\/\/yoast.com\/product\/yoast-seo-wordpress\/ -->\n<title>POL\u00cdTICA DE PRIVACIDADE - ShopCanarias.es<\/title>\n<meta name=\"description\" content=\"Respons\u00e1vel pelo tratamento de dados, finalidades de tratamento, reten\u00e7\u00e3o de dados, direitos do Utilizador, seguran\u00e7a de dados, etc.\" \/>\n<meta name=\"robots\" content=\"index, follow, max-snippet:-1, max-image-preview:large, max-video-preview:-1\" \/>\n<link rel=\"canonical\" href=\"https:\/\/shopcanarias.es\/index.php\/pt-pt\/politica-de-privacidade\/\" \/>\n<meta property=\"og:locale\" content=\"es_ES\" \/>\n<meta property=\"og:type\" content=\"article\" \/>\n<meta property=\"og:title\" content=\"POL\u00cdTICA DE PRIVACIDADE - ShopCanarias.es\" \/>\n<meta property=\"og:description\" content=\"Respons\u00e1vel pelo tratamento de dados, finalidades de tratamento, reten\u00e7\u00e3o de dados, direitos do Utilizador, seguran\u00e7a de dados, etc.\" \/>\n<meta property=\"og:url\" content=\"https:\/\/shopcanarias.es\/index.php\/pt-pt\/politica-de-privacidade\/\" \/>\n<meta property=\"og:site_name\" content=\"ShopCanarias.es\" \/>\n<meta property=\"article:publisher\" content=\"https:\/\/www.facebook.com\/ShopCanariases-105415177519237\/?modal=admin_todo_tour\" \/>\n<meta property=\"article:modified_time\" content=\"2021-01-07T14:35:06+00:00\" \/>\n<meta name=\"twitter:card\" content=\"summary_large_image\" \/>\n<meta name=\"twitter:site\" content=\"@shopcanarias\" \/>\n<meta name=\"twitter:label1\" content=\"Tiempo de lectura\" \/>\n\t<meta name=\"twitter:data1\" content=\"6 minutos\" \/>\n<script type=\"application\/ld+json\" class=\"yoast-schema-graph\">{\"@context\":\"https:\\\/\\\/schema.org\",\"@graph\":[{\"@type\":\"WebPage\",\"@id\":\"https:\\\/\\\/shopcanarias.es\\\/index.php\\\/pt-pt\\\/politica-de-privacidade\\\/\",\"url\":\"https:\\\/\\\/shopcanarias.es\\\/index.php\\\/pt-pt\\\/politica-de-privacidade\\\/\",\"name\":\"POL\u00cdTICA DE PRIVACIDADE - ShopCanarias.es\",\"isPartOf\":{\"@id\":\"https:\\\/\\\/shopcanarias.es\\\/#website\"},\"datePublished\":\"2021-01-07T14:34:54+00:00\",\"dateModified\":\"2021-01-07T14:35:06+00:00\",\"description\":\"Respons\u00e1vel pelo tratamento de dados, finalidades de tratamento, reten\u00e7\u00e3o de dados, direitos do Utilizador, seguran\u00e7a de dados, etc.\",\"breadcrumb\":{\"@id\":\"https:\\\/\\\/shopcanarias.es\\\/index.php\\\/pt-pt\\\/politica-de-privacidade\\\/#breadcrumb\"},\"inLanguage\":\"es\",\"potentialAction\":[{\"@type\":\"ReadAction\",\"target\":[\"https:\\\/\\\/shopcanarias.es\\\/index.php\\\/pt-pt\\\/politica-de-privacidade\\\/\"]}]},{\"@type\":\"BreadcrumbList\",\"@id\":\"https:\\\/\\\/shopcanarias.es\\\/index.php\\\/pt-pt\\\/politica-de-privacidade\\\/#breadcrumb\",\"itemListElement\":[{\"@type\":\"ListItem\",\"position\":1,\"name\":\"Home\",\"item\":\"https:\\\/\\\/shopcanarias.es\\\/\"},{\"@type\":\"ListItem\",\"position\":2,\"name\":\"POL\u00cdTICA DE PRIVACIDADE\"}]},{\"@type\":\"WebSite\",\"@id\":\"https:\\\/\\\/shopcanarias.es\\\/#website\",\"url\":\"https:\\\/\\\/shopcanarias.es\\\/\",\"name\":\"ShopCanarias.es\",\"description\":\"Tienda online de productos y servicios de las Islas Canarias\",\"publisher\":{\"@id\":\"https:\\\/\\\/shopcanarias.es\\\/#organization\"},\"potentialAction\":[{\"@type\":\"SearchAction\",\"target\":{\"@type\":\"EntryPoint\",\"urlTemplate\":\"https:\\\/\\\/shopcanarias.es\\\/?s={search_term_string}\"},\"query-input\":{\"@type\":\"PropertyValueSpecification\",\"valueRequired\":true,\"valueName\":\"search_term_string\"}}],\"inLanguage\":\"es\"},{\"@type\":\"Organization\",\"@id\":\"https:\\\/\\\/shopcanarias.es\\\/#organization\",\"name\":\"Marketplace Canarias SL\",\"url\":\"https:\\\/\\\/shopcanarias.es\\\/\",\"logo\":{\"@type\":\"ImageObject\",\"inLanguage\":\"es\",\"@id\":\"https:\\\/\\\/shopcanarias.es\\\/#\\\/schema\\\/logo\\\/image\\\/\",\"url\":\"https:\\\/\\\/i0.wp.com\\\/shopcanarias.es\\\/wp-content\\\/uploads\\\/2020\\\/04\\\/Logotipo_Ajustado_Color_300-ppp-scaled.jpg?fit=2560%2C467&ssl=1\",\"contentUrl\":\"https:\\\/\\\/i0.wp.com\\\/shopcanarias.es\\\/wp-content\\\/uploads\\\/2020\\\/04\\\/Logotipo_Ajustado_Color_300-ppp-scaled.jpg?fit=2560%2C467&ssl=1\",\"width\":2560,\"height\":467,\"caption\":\"Marketplace Canarias SL\"},\"image\":{\"@id\":\"https:\\\/\\\/shopcanarias.es\\\/#\\\/schema\\\/logo\\\/image\\\/\"},\"sameAs\":[\"https:\\\/\\\/www.facebook.com\\\/ShopCanariases-105415177519237\\\/?modal=admin_todo_tour\",\"https:\\\/\\\/x.com\\\/shopcanarias\",\"https:\\\/\\\/www.instagram.com\\\/shopcanarias\\\/?hl=es\",\"https:\\\/\\\/www.pinterest.es\\\/pin\\\/611222980666854387\\\/\",\"https:\\\/\\\/www.youtube.com\\\/channel\\\/UCqPIEQS9SBuvJrMWJV8YxuA\"]}]}<\/script>\n<!-- \/ Yoast SEO plugin. -->","yoast_head_json":{"title":"POL\u00cdTICA DE PRIVACIDADE - ShopCanarias.es","description":"Respons\u00e1vel pelo tratamento de dados, finalidades de tratamento, reten\u00e7\u00e3o de dados, direitos do Utilizador, seguran\u00e7a de dados, etc.","robots":{"index":"index","follow":"follow","max-snippet":"max-snippet:-1","max-image-preview":"max-image-preview:large","max-video-preview":"max-video-preview:-1"},"canonical":"https:\/\/shopcanarias.es\/index.php\/pt-pt\/politica-de-privacidade\/","og_locale":"es_ES","og_type":"article","og_title":"POL\u00cdTICA DE PRIVACIDADE - ShopCanarias.es","og_description":"Respons\u00e1vel pelo tratamento de dados, finalidades de tratamento, reten\u00e7\u00e3o de dados, direitos do Utilizador, seguran\u00e7a de dados, etc.","og_url":"https:\/\/shopcanarias.es\/index.php\/pt-pt\/politica-de-privacidade\/","og_site_name":"ShopCanarias.es","article_publisher":"https:\/\/www.facebook.com\/ShopCanariases-105415177519237\/?modal=admin_todo_tour","article_modified_time":"2021-01-07T14:35:06+00:00","twitter_card":"summary_large_image","twitter_site":"@shopcanarias","twitter_misc":{"Tiempo de lectura":"6 minutos"},"schema":{"@context":"https:\/\/schema.org","@graph":[{"@type":"WebPage","@id":"https:\/\/shopcanarias.es\/index.php\/pt-pt\/politica-de-privacidade\/","url":"https:\/\/shopcanarias.es\/index.php\/pt-pt\/politica-de-privacidade\/","name":"POL\u00cdTICA DE PRIVACIDADE - ShopCanarias.es","isPartOf":{"@id":"https:\/\/shopcanarias.es\/#website"},"datePublished":"2021-01-07T14:34:54+00:00","dateModified":"2021-01-07T14:35:06+00:00","description":"Respons\u00e1vel pelo tratamento de dados, finalidades de tratamento, reten\u00e7\u00e3o de dados, direitos do Utilizador, seguran\u00e7a de dados, etc.","breadcrumb":{"@id":"https:\/\/shopcanarias.es\/index.php\/pt-pt\/politica-de-privacidade\/#breadcrumb"},"inLanguage":"es","potentialAction":[{"@type":"ReadAction","target":["https:\/\/shopcanarias.es\/index.php\/pt-pt\/politica-de-privacidade\/"]}]},{"@type":"BreadcrumbList","@id":"https:\/\/shopcanarias.es\/index.php\/pt-pt\/politica-de-privacidade\/#breadcrumb","itemListElement":[{"@type":"ListItem","position":1,"name":"Home","item":"https:\/\/shopcanarias.es\/"},{"@type":"ListItem","position":2,"name":"POL\u00cdTICA DE PRIVACIDADE"}]},{"@type":"WebSite","@id":"https:\/\/shopcanarias.es\/#website","url":"https:\/\/shopcanarias.es\/","name":"ShopCanarias.es","description":"Tienda online de productos y servicios de las Islas Canarias","publisher":{"@id":"https:\/\/shopcanarias.es\/#organization"},"potentialAction":[{"@type":"SearchAction","target":{"@type":"EntryPoint","urlTemplate":"https:\/\/shopcanarias.es\/?s={search_term_string}"},"query-input":{"@type":"PropertyValueSpecification","valueRequired":true,"valueName":"search_term_string"}}],"inLanguage":"es"},{"@type":"Organization","@id":"https:\/\/shopcanarias.es\/#organization","name":"Marketplace Canarias SL","url":"https:\/\/shopcanarias.es\/","logo":{"@type":"ImageObject","inLanguage":"es","@id":"https:\/\/shopcanarias.es\/#\/schema\/logo\/image\/","url":"https:\/\/i0.wp.com\/shopcanarias.es\/wp-content\/uploads\/2020\/04\/Logotipo_Ajustado_Color_300-ppp-scaled.jpg?fit=2560%2C467&ssl=1","contentUrl":"https:\/\/i0.wp.com\/shopcanarias.es\/wp-content\/uploads\/2020\/04\/Logotipo_Ajustado_Color_300-ppp-scaled.jpg?fit=2560%2C467&ssl=1","width":2560,"height":467,"caption":"Marketplace Canarias SL"},"image":{"@id":"https:\/\/shopcanarias.es\/#\/schema\/logo\/image\/"},"sameAs":["https:\/\/www.facebook.com\/ShopCanariases-105415177519237\/?modal=admin_todo_tour","https:\/\/x.com\/shopcanarias","https:\/\/www.instagram.com\/shopcanarias\/?hl=es","https:\/\/www.pinterest.es\/pin\/611222980666854387\/","https:\/\/www.youtube.com\/channel\/UCqPIEQS9SBuvJrMWJV8YxuA"]}]}},"jetpack_sharing_enabled":true,"_links":{"self":[{"href":"https:\/\/shopcanarias.es\/index.php\/wp-json\/wp\/v2\/pages\/5225","targetHints":{"allow":["GET"]}}],"collection":[{"href":"https:\/\/shopcanarias.es\/index.php\/wp-json\/wp\/v2\/pages"}],"about":[{"href":"https:\/\/shopcanarias.es\/index.php\/wp-json\/wp\/v2\/types\/page"}],"author":[{"embeddable":true,"href":"https:\/\/shopcanarias.es\/index.php\/wp-json\/wp\/v2\/users\/1"}],"replies":[{"embeddable":true,"href":"https:\/\/shopcanarias.es\/index.php\/wp-json\/wp\/v2\/comments?post=5225"}],"version-history":[{"count":0,"href":"https:\/\/shopcanarias.es\/index.php\/wp-json\/wp\/v2\/pages\/5225\/revisions"}],"wp:attachment":[{"href":"https:\/\/shopcanarias.es\/index.php\/wp-json\/wp\/v2\/media?parent=5225"}],"curies":[{"name":"wp","href":"https:\/\/api.w.org\/{rel}","templated":true}]}}