{"id":5199,"date":"2021-01-05T14:53:15","date_gmt":"2021-01-05T13:53:15","guid":{"rendered":"https:\/\/shopcanarias.es\/index.php\/informativa-sulla-privacy\/"},"modified":"2021-01-05T14:53:24","modified_gmt":"2021-01-05T13:53:24","slug":"informativa-sulla-privacy","status":"publish","type":"page","link":"https:\/\/shopcanarias.es\/index.php\/it\/informativa-sulla-privacy\/","title":{"rendered":"Informativa sulla privacy"},"content":{"rendered":"\n<p><a><strong>1.- Chi \u00e8 responsabile del trattamento dei tuoi dati?<\/strong><\/a><strong><\/strong><\/p>\n\n<p>Il titolare del trattamento dei suoi dati personali \u00e8 MARKETPLACE CANARIAS, S.L. (di seguito<strong>denominato \u00abShopCanarias\u00bb),<\/strong>con numero N.I.F. B-76819259 e stabilito in C\/ la Duraznillo 3 Ptl.1 3o C 38390, (Santa Ursula), Santa Cruz De Tenerife.<\/p>\n\n<p>Ti informiamo che la propriet\u00e0 di questo sito Web (di seguito,<strong>\n  <em>il \u00abSito Web\u00bb)<\/em>\n<\/strong>proviene da MARKETPLACE CANARIAS, S.L.<\/p>\n\n<p>L&#8217;accesso e\/o l&#8217;utilizzo del sito web, attribuisce lo stato di Utente dello stesso e implica l&#8217;accettazione, da tale accesso e\/o utilizzo, della presente Informativa sulla Privacy.<\/p>\n\n<p>L&#8217;Utente pu\u00f2 contattare ShopCanarias al seguente indirizzo<a href=\"mailto:info@shopcanarias.es\">e-mail: info@shopcanarias.es<\/a>.<\/p>\n\n<p><strong>2.- Perch\u00e9 ShopCanarias ha il diritto di effettuare il trattamento dei dati?<\/strong><strong><\/strong><\/p>\n\n<p>ShopCanarias ha il diritto di elaborare i tuoi dati al fine di effettuare la fornitura dei suoi servizi.<\/p>\n\n<p>ShopCanarias prende molto sul serio la protezione della tua privacy e dei tuoi dati personali. Pertanto, le tue informazioni personali vengono conservate in modo sicuro e trattate con la massima cura.<\/p>\n\n<p>La presente Informativa sulla privacy regola l&#8217;accesso e l&#8217;utilizzo del servizio (di seguito<strong>\n  <em>\u00abServizio\u00bb)<\/em>\n<\/strong>che ShopCanarias mette a disposizione dell&#8217;Utente interessato ai servizi e ai Contenuti ospitati sul sito web.<\/p>\n\n<p>Per quanto riguarda il consenso, l&#8217;Utente pu\u00f2 ritirarlo in qualsiasi momento inviando un messaggio all&#8217;indirizzo e-mail indicato nella prima sezione della presente informativa sulla privacy, senza incidere sulla legittimit\u00e0 del trattamento in base al consenso prima della sua revoca.<\/p>\n\n<p><strong>3.- Quali sono<\/strong> <strong>le<\/strong> <strong><em>\n  \n<\/em> <strong>finalit\u00e0 del trattamento<\/strong>dei tuoi dati personali<strong>da<\/strong> <strong> parte di<\/strong> <strong> <a>ShopCanarias?<\/a><\/strong><strong><\/strong><\/strong><\/p>\n\n<p><a>I<\/a>tuoi dati personali raccolti da ShopCanarias possono essere utilizzati per le seguenti finalit\u00e0, secondo il consenso concesso nel corrispondente modulo di registrazione:<\/p>\n\n<ul class=\"wp-block-list\"><li>La fornitura dei servizi offerti attraverso il sito web.<\/li><\/ul>\n<ul class=\"wp-block-list\"><li>comunicazioni commerciali profilate <em>e\/o Newsletter<\/em> di ShopCanarias. Pertanto, se acconsentito dall&#8217;Utente, i suoi dati personali possono essere utilizzati per inviarlo per lettera, telefono, e-mail, SMS\/MMS, o con altri mezzi elettronici equivalenti di comunicazione, comunicazioni commerciali e\/o Newsletter.<\/li><\/ul>\n<p><strong>4.- Veridicit\u00e0 dei dati forniti dagli Utenti e dei dati dei minori<\/strong><strong><\/strong><\/p>\n\n<p>L&#8217;Utente garantisce che i dati personali forniti siano veritieri ed \u00e8 responsabile della comunicazione a ShopCanarias di qualsiasi modifica di questi. L&#8217;Utente risponder\u00e0, in ogni caso, alla veridicit\u00e0 dei dati forniti, riservando a ShopCanarias il diritto di escludere dai Servizi Registrati qualsiasi Utente che abbia fornito dati falsi, fatte salve le altre azioni che potrebbero procedere per legge.<\/p>\n\n<p><a><strong>5.-Conservazione dei dati<\/strong><\/a><strong><\/strong><\/p>\n\n<p>I dati personali forniti saranno conservati da ShopCanarias a condizione che l&#8217;Utente non esprima la <a>propria<\/a> disponibilit\u00e0 a discrivere i servizi di ShopCanarias, al fine di ricevere informazioni sui prodotti dell&#8217;azienda. Successivamente, se necessario e per far fronte alle eventuali responsabilit\u00e0 che possono derivare dal trattamento dei dati o dalle attivit\u00e0 degli utenti, <a>ShopCanarias manterr\u00e0<\/a> le informazioni bloccate i termini legalmente stabiliti.<\/p>\n\n<p><a><strong>6.- Diritti degli utenti in relazione<\/strong>\n  \n<\/a>ai tuoi<strong>dati<\/strong> <strong><\/strong><strong><\/strong><\/p>\n\n<p>L&#8217;Utente ha il diritto di<\/p>\n\n<ul class=\"wp-block-list\"><li>Accedi ai tuoi dati personali.<\/li><\/ul>\n<ul class=\"wp-block-list\"><li>Richiedere la rettifica di dati inesatti<\/li><\/ul>\n<ul class=\"wp-block-list\"><li>Richiedine l&#8217;eliminazione.<\/li><\/ul>\n<ul class=\"wp-block-list\"><li>  Richiedi la limitazione del trattamento dei tuoi dati.<\/li><\/ul>\n<ul class=\"wp-block-list\"><li>  Opporsi al trattamento dei tuoi dati.<\/li><\/ul>\n<ul class=\"wp-block-list\"><li>  Richiedi la portabilit\u00e0.<\/li><\/ul>\n<ul class=\"wp-block-list\"><li>Non essere soggetto a decisioni individuali automatizzate.<\/li><\/ul>\n<p>L&#8217;Utente pu\u00f2 esercitare tutti questi diritti al seguente indirizzo <a href=\"mailto:info@shopcanarias.es\">e-mail info@shopcanarias.es<\/a> indicando il motivo della sua richiesta e fornendo una copia del proprio DOCUMENTO D&#8217;IDENTIT\u00c0.<\/p>\n\n<p>L&#8217;Utente pu\u00f2 inoltre inviare la propria richiesta per posta ordinaria al seguente indirizzo:<\/p>\n\n<p>MARKETPLACE CANARIAS, S.L<\/p>\n\n<p>CIF B-76819259<\/p>\n\n<p>C\/ Duraznillo 3 Ptl.1 3o C 38390, (Santa Ursula),<\/p>\n\n<p>Santa Cruz De Tenerife<\/p>\n\n<p>Fatto salvo qualsiasi altro rimedio amministrativo o azione legale, l&#8217;Utente ha il diritto di presentare un reclamo a un&#8217;autorit\u00e0 di vigilanza, in particolare nello Stato membro in cui ha la residenza abituale, il luogo di lavoro o il luogo della presunta infrazione, se ritiene che il trattamento dei suoi dati personali non sia adeguato alle normative , nonch\u00e9 nel caso in cui l&#8217;esercizio dei tuoi diritti non sia soddisfatto. L&#8217;autorit\u00e0 di controllo alla quale \u00e8 stata presentata la denuncia informa il denunciante del corso e dell&#8217;esito della denuncia.<\/p>\n\n<p><a><strong>7.- Sicurezza dei dati<\/strong><\/a><strong><\/strong><\/p>\n\n<p>La protezione della privacy degli utenti e dei dati personali \u00e8 molto importante per ShopCanarias. Pertanto, ShopCanarias fa tutto ci\u00f2 che \u00e8 in suo potere per evitare che i tuoi dati vengano utilizzati in modo improprio, consentendo l&#8217;accesso ad esso solo al personale autorizzato.<\/p>\n\n<p>ShopCanarias mantiene i livelli di sicurezza della protezione dei dati personali in conformit\u00e0 con le normative applicabili e ha stabilito tutti i mezzi tecnici a sua disposizione per prevenire la perdita, l&#8217;uso improprio, l&#8217;alterazione, l&#8217;accesso non autorizzato e il furto dei dati che l&#8217;Utente fornisce attraverso il sito web, senza pregiudizio di informarlo che le misure di sicurezza su Internet non sono inespugnabili.<\/p>\n\n<p>ShopCanarias si impegna a rispettare l&#8217;obbligo di segretezza e riservatezza in relazione ai dati personali in conformit\u00e0 con la legge applicabile, nonch\u00e9 a concedere loro un trattamento sicuro nei trasferimenti internazionali e nei trasferimenti di dati che possono verificarsi.<\/p>\n\n<p>Per i servizi del sito web che devono registrarsi come Utente, \u00e8 necessario scegliere una password. L&#8217;Utente \u00e8 responsabile del mantenimento della riservatezza di questa password, nonch\u00e9 di tutte le attivit\u00e0 che si svolgono nella sessione avviata con il suo nome e password.<\/p>\n\n<p>L&#8217;Utente si impegna a notificare a ShopCanarias il prima possibile l&#8217;uso non autorizzato del proprio Nome utente e\/o password o qualsiasi altro errore di sicurezza. ShopCanarias non sar\u00e0 responsabile per eventuali danni o perdite che potrebbero verificarsi a causa del mancato rispetto di questo obbligo da parte dell&#8217;Utente.<\/p>\n\n<p><a><strong>8.- Revisione<\/strong>\n  \n<\/a> <strong>dell&#8217;Informativa sulla privacy<\/strong><\/p>\n\n<p>ShopCanarias si riserva il diritto di rivedere la propria Informativa sulla privacy in qualsiasi momento lo ritenga opportuno. Per questo motivo, si prega di controllare regolarmente questa Informativa sulla privacy per leggere l&#8217;ultima versione della presente Informativa sulla privacy.<\/p>\n\n<p>Tuttavia, eventuali modifiche alla presente Informativa sulla privacy saranno comunicate all&#8217;Utente.<\/p>\n\n<p><a><strong>9.- Link ai siti web<\/strong><\/a><strong><\/strong><\/p>\n\n<p>Il sito ShopCanarias pu\u00f2 contenere link a siti web di societ\u00e0 ed entit\u00e0 di terze parti. ShopCanarias non pu\u00f2 essere ritenuta responsabile per il modo in cui queste aziende trattano la protezione della privacy e dei dati personali, pertanto ti consigliamo di leggere attentamente le informative sulla privacy di questi siti web che non sono di propriet\u00e0 di ShopCanarias in relazione all&#8217;uso, al trattamento e alla protezione dei dati personali.<\/p>\n\n<p>Le condizioni offerte da questi siti web potrebbero non essere le stesse offerte da ShopCanarias.<\/p>\n\n<p><a><strong>10.- Domande<\/strong><\/a><strong><\/strong><\/p>\n\n<p>In caso di domande sulla presente Informativa sulla privacy o sul trattamento dei tuoi dati, contatta ShopCanarias via e-mail al seguente indirizzo<a href=\"mailto:info@shopcanarias.es\">e-mail: info@shopcanarias.es.<\/a><\/p>\n\n<p><strong>11.- Accettazione e consenso.<\/strong><\/p>\n\n<p>L&#8217;Utente dichiara di essere stato informato delle condizioni sulla protezione dei dati personali, accettando e acconsentendo al loro trattamento da parte di ShopCanarias, nella forma e per le finalit\u00e0 indicate nella presente Informativa sulla Privacy.<\/p>\n<div class=\"gsp_post_data\" \r\n\t            data-post_type=\"page\" \r\n\t            data-cat=\"\" \r\n\t            data-modified=\"120\"\r\n\t            data-created=\"1609858395\"\r\n\t            data-title=\"Informativa sulla privacy\" \r\n\t            data-home=\"https:\/\/shopcanarias.es\"><\/div>","protected":false},"excerpt":{"rendered":"<p>1.- Chi \u00e8 responsabile del trattamento dei tuoi dati? Il titolare del trattamento dei suoi dati personali \u00e8 MARKETPLACE CANARIAS, S.L. (di seguitodenominato \u00abShopCanarias\u00bb),con numero N.I.F. B-76819259 e stabilito in C\/ la Duraznillo 3 Ptl.1 3o C 38390, (Santa Ursula), Santa Cruz De Tenerife. Ti informiamo che la propriet\u00e0 di questo sito Web (di seguito, &hellip; <\/p>\n<p class=\"link-more\"><a href=\"https:\/\/shopcanarias.es\/index.php\/it\/informativa-sulla-privacy\/\" class=\"more-link\">Continuar leyendo<span class=\"screen-reader-text\"> \u00abInformativa sulla privacy\u00bb<\/span><\/a><\/p>\n","protected":false},"author":1,"featured_media":0,"parent":0,"menu_order":0,"comment_status":"closed","ping_status":"closed","template":"","meta":{"footnotes":""},"class_list":["post-5199","page","type-page","status-publish","hentry"],"yoast_head":"<!-- This site is optimized with the Yoast SEO plugin v27.4 - https:\/\/yoast.com\/product\/yoast-seo-wordpress\/ -->\n<title>Informativa sulla privacy - ShopCanarias.es<\/title>\n<meta name=\"description\" content=\"Responsabile del trattamento dei dati, delle finalit\u00e0 del trattamento, della conservazione dei dati, dei diritti dell&#039;Utente, della sicurezza dei dati, ecc.\" \/>\n<meta name=\"robots\" content=\"index, follow, max-snippet:-1, max-image-preview:large, max-video-preview:-1\" \/>\n<link rel=\"canonical\" href=\"https:\/\/shopcanarias.es\/index.php\/it\/informativa-sulla-privacy\/\" \/>\n<meta property=\"og:locale\" content=\"es_ES\" \/>\n<meta property=\"og:type\" content=\"article\" \/>\n<meta property=\"og:title\" content=\"Informativa sulla privacy - ShopCanarias.es\" \/>\n<meta property=\"og:description\" content=\"Responsabile del trattamento dei dati, delle finalit\u00e0 del trattamento, della conservazione dei dati, dei diritti dell&#039;Utente, della sicurezza dei dati, ecc.\" \/>\n<meta property=\"og:url\" content=\"https:\/\/shopcanarias.es\/index.php\/it\/informativa-sulla-privacy\/\" \/>\n<meta property=\"og:site_name\" content=\"ShopCanarias.es\" \/>\n<meta property=\"article:publisher\" content=\"https:\/\/www.facebook.com\/ShopCanariases-105415177519237\/?modal=admin_todo_tour\" \/>\n<meta property=\"article:modified_time\" content=\"2021-01-05T13:53:24+00:00\" \/>\n<meta name=\"twitter:card\" content=\"summary_large_image\" \/>\n<meta name=\"twitter:site\" content=\"@shopcanarias\" \/>\n<meta name=\"twitter:label1\" content=\"Tiempo de lectura\" \/>\n\t<meta name=\"twitter:data1\" content=\"5 minutos\" \/>\n<script type=\"application\/ld+json\" class=\"yoast-schema-graph\">{\"@context\":\"https:\\\/\\\/schema.org\",\"@graph\":[{\"@type\":\"WebPage\",\"@id\":\"https:\\\/\\\/shopcanarias.es\\\/index.php\\\/it\\\/informativa-sulla-privacy\\\/\",\"url\":\"https:\\\/\\\/shopcanarias.es\\\/index.php\\\/it\\\/informativa-sulla-privacy\\\/\",\"name\":\"Informativa sulla privacy - ShopCanarias.es\",\"isPartOf\":{\"@id\":\"https:\\\/\\\/shopcanarias.es\\\/#website\"},\"datePublished\":\"2021-01-05T13:53:15+00:00\",\"dateModified\":\"2021-01-05T13:53:24+00:00\",\"description\":\"Responsabile del trattamento dei dati, delle finalit\u00e0 del trattamento, della conservazione dei dati, dei diritti dell'Utente, della sicurezza dei dati, ecc.\",\"breadcrumb\":{\"@id\":\"https:\\\/\\\/shopcanarias.es\\\/index.php\\\/it\\\/informativa-sulla-privacy\\\/#breadcrumb\"},\"inLanguage\":\"es\",\"potentialAction\":[{\"@type\":\"ReadAction\",\"target\":[\"https:\\\/\\\/shopcanarias.es\\\/index.php\\\/it\\\/informativa-sulla-privacy\\\/\"]}]},{\"@type\":\"BreadcrumbList\",\"@id\":\"https:\\\/\\\/shopcanarias.es\\\/index.php\\\/it\\\/informativa-sulla-privacy\\\/#breadcrumb\",\"itemListElement\":[{\"@type\":\"ListItem\",\"position\":1,\"name\":\"Home\",\"item\":\"https:\\\/\\\/shopcanarias.es\\\/\"},{\"@type\":\"ListItem\",\"position\":2,\"name\":\"Informativa sulla privacy\"}]},{\"@type\":\"WebSite\",\"@id\":\"https:\\\/\\\/shopcanarias.es\\\/#website\",\"url\":\"https:\\\/\\\/shopcanarias.es\\\/\",\"name\":\"ShopCanarias.es\",\"description\":\"Tienda online de productos y servicios de las Islas Canarias\",\"publisher\":{\"@id\":\"https:\\\/\\\/shopcanarias.es\\\/#organization\"},\"potentialAction\":[{\"@type\":\"SearchAction\",\"target\":{\"@type\":\"EntryPoint\",\"urlTemplate\":\"https:\\\/\\\/shopcanarias.es\\\/?s={search_term_string}\"},\"query-input\":{\"@type\":\"PropertyValueSpecification\",\"valueRequired\":true,\"valueName\":\"search_term_string\"}}],\"inLanguage\":\"es\"},{\"@type\":\"Organization\",\"@id\":\"https:\\\/\\\/shopcanarias.es\\\/#organization\",\"name\":\"Marketplace Canarias SL\",\"url\":\"https:\\\/\\\/shopcanarias.es\\\/\",\"logo\":{\"@type\":\"ImageObject\",\"inLanguage\":\"es\",\"@id\":\"https:\\\/\\\/shopcanarias.es\\\/#\\\/schema\\\/logo\\\/image\\\/\",\"url\":\"https:\\\/\\\/i0.wp.com\\\/shopcanarias.es\\\/wp-content\\\/uploads\\\/2020\\\/04\\\/Logotipo_Ajustado_Color_300-ppp-scaled.jpg?fit=2560%2C467&ssl=1\",\"contentUrl\":\"https:\\\/\\\/i0.wp.com\\\/shopcanarias.es\\\/wp-content\\\/uploads\\\/2020\\\/04\\\/Logotipo_Ajustado_Color_300-ppp-scaled.jpg?fit=2560%2C467&ssl=1\",\"width\":2560,\"height\":467,\"caption\":\"Marketplace Canarias SL\"},\"image\":{\"@id\":\"https:\\\/\\\/shopcanarias.es\\\/#\\\/schema\\\/logo\\\/image\\\/\"},\"sameAs\":[\"https:\\\/\\\/www.facebook.com\\\/ShopCanariases-105415177519237\\\/?modal=admin_todo_tour\",\"https:\\\/\\\/x.com\\\/shopcanarias\",\"https:\\\/\\\/www.instagram.com\\\/shopcanarias\\\/?hl=es\",\"https:\\\/\\\/www.pinterest.es\\\/pin\\\/611222980666854387\\\/\",\"https:\\\/\\\/www.youtube.com\\\/channel\\\/UCqPIEQS9SBuvJrMWJV8YxuA\"]}]}<\/script>\n<!-- \/ Yoast SEO plugin. -->","yoast_head_json":{"title":"Informativa sulla privacy - ShopCanarias.es","description":"Responsabile del trattamento dei dati, delle finalit\u00e0 del trattamento, della conservazione dei dati, dei diritti dell'Utente, della sicurezza dei dati, ecc.","robots":{"index":"index","follow":"follow","max-snippet":"max-snippet:-1","max-image-preview":"max-image-preview:large","max-video-preview":"max-video-preview:-1"},"canonical":"https:\/\/shopcanarias.es\/index.php\/it\/informativa-sulla-privacy\/","og_locale":"es_ES","og_type":"article","og_title":"Informativa sulla privacy - ShopCanarias.es","og_description":"Responsabile del trattamento dei dati, delle finalit\u00e0 del trattamento, della conservazione dei dati, dei diritti dell'Utente, della sicurezza dei dati, ecc.","og_url":"https:\/\/shopcanarias.es\/index.php\/it\/informativa-sulla-privacy\/","og_site_name":"ShopCanarias.es","article_publisher":"https:\/\/www.facebook.com\/ShopCanariases-105415177519237\/?modal=admin_todo_tour","article_modified_time":"2021-01-05T13:53:24+00:00","twitter_card":"summary_large_image","twitter_site":"@shopcanarias","twitter_misc":{"Tiempo de lectura":"5 minutos"},"schema":{"@context":"https:\/\/schema.org","@graph":[{"@type":"WebPage","@id":"https:\/\/shopcanarias.es\/index.php\/it\/informativa-sulla-privacy\/","url":"https:\/\/shopcanarias.es\/index.php\/it\/informativa-sulla-privacy\/","name":"Informativa sulla privacy - ShopCanarias.es","isPartOf":{"@id":"https:\/\/shopcanarias.es\/#website"},"datePublished":"2021-01-05T13:53:15+00:00","dateModified":"2021-01-05T13:53:24+00:00","description":"Responsabile del trattamento dei dati, delle finalit\u00e0 del trattamento, della conservazione dei dati, dei diritti dell'Utente, della sicurezza dei dati, ecc.","breadcrumb":{"@id":"https:\/\/shopcanarias.es\/index.php\/it\/informativa-sulla-privacy\/#breadcrumb"},"inLanguage":"es","potentialAction":[{"@type":"ReadAction","target":["https:\/\/shopcanarias.es\/index.php\/it\/informativa-sulla-privacy\/"]}]},{"@type":"BreadcrumbList","@id":"https:\/\/shopcanarias.es\/index.php\/it\/informativa-sulla-privacy\/#breadcrumb","itemListElement":[{"@type":"ListItem","position":1,"name":"Home","item":"https:\/\/shopcanarias.es\/"},{"@type":"ListItem","position":2,"name":"Informativa sulla privacy"}]},{"@type":"WebSite","@id":"https:\/\/shopcanarias.es\/#website","url":"https:\/\/shopcanarias.es\/","name":"ShopCanarias.es","description":"Tienda online de productos y servicios de las Islas Canarias","publisher":{"@id":"https:\/\/shopcanarias.es\/#organization"},"potentialAction":[{"@type":"SearchAction","target":{"@type":"EntryPoint","urlTemplate":"https:\/\/shopcanarias.es\/?s={search_term_string}"},"query-input":{"@type":"PropertyValueSpecification","valueRequired":true,"valueName":"search_term_string"}}],"inLanguage":"es"},{"@type":"Organization","@id":"https:\/\/shopcanarias.es\/#organization","name":"Marketplace Canarias SL","url":"https:\/\/shopcanarias.es\/","logo":{"@type":"ImageObject","inLanguage":"es","@id":"https:\/\/shopcanarias.es\/#\/schema\/logo\/image\/","url":"https:\/\/i0.wp.com\/shopcanarias.es\/wp-content\/uploads\/2020\/04\/Logotipo_Ajustado_Color_300-ppp-scaled.jpg?fit=2560%2C467&ssl=1","contentUrl":"https:\/\/i0.wp.com\/shopcanarias.es\/wp-content\/uploads\/2020\/04\/Logotipo_Ajustado_Color_300-ppp-scaled.jpg?fit=2560%2C467&ssl=1","width":2560,"height":467,"caption":"Marketplace Canarias SL"},"image":{"@id":"https:\/\/shopcanarias.es\/#\/schema\/logo\/image\/"},"sameAs":["https:\/\/www.facebook.com\/ShopCanariases-105415177519237\/?modal=admin_todo_tour","https:\/\/x.com\/shopcanarias","https:\/\/www.instagram.com\/shopcanarias\/?hl=es","https:\/\/www.pinterest.es\/pin\/611222980666854387\/","https:\/\/www.youtube.com\/channel\/UCqPIEQS9SBuvJrMWJV8YxuA"]}]}},"jetpack_sharing_enabled":true,"_links":{"self":[{"href":"https:\/\/shopcanarias.es\/index.php\/wp-json\/wp\/v2\/pages\/5199","targetHints":{"allow":["GET"]}}],"collection":[{"href":"https:\/\/shopcanarias.es\/index.php\/wp-json\/wp\/v2\/pages"}],"about":[{"href":"https:\/\/shopcanarias.es\/index.php\/wp-json\/wp\/v2\/types\/page"}],"author":[{"embeddable":true,"href":"https:\/\/shopcanarias.es\/index.php\/wp-json\/wp\/v2\/users\/1"}],"replies":[{"embeddable":true,"href":"https:\/\/shopcanarias.es\/index.php\/wp-json\/wp\/v2\/comments?post=5199"}],"version-history":[{"count":0,"href":"https:\/\/shopcanarias.es\/index.php\/wp-json\/wp\/v2\/pages\/5199\/revisions"}],"wp:attachment":[{"href":"https:\/\/shopcanarias.es\/index.php\/wp-json\/wp\/v2\/media?parent=5199"}],"curies":[{"name":"wp","href":"https:\/\/api.w.org\/{rel}","templated":true}]}}