{"id":5194,"date":"2021-01-05T14:52:17","date_gmt":"2021-01-05T13:52:17","guid":{"rendered":"https:\/\/shopcanarias.es\/index.php\/politica-sui-cookie\/"},"modified":"2021-01-05T14:52:27","modified_gmt":"2021-01-05T13:52:27","slug":"politica-sui-cookie","status":"publish","type":"page","link":"https:\/\/shopcanarias.es\/index.php\/it\/politica-sui-cookie\/","title":{"rendered":"POLITICA SUI COOKIE"},"content":{"rendered":"\n<p>ShopCanarias, (di seguito\u00bb<strong>\n  <em>IL \u00abPROPRIETARIO\u00bb)<\/em>\n<\/strong>informa, attraverso la presente Politica sui cookie, dell&#8217;utilizzo dei dispositivi di archiviazione e recupero dei dati sulle apparecchiature terminali degli utenti.<\/p>\n\n<p><a><strong>1.- Cosa sono i cookie?<\/strong><\/a><strong><\/strong><\/p>\n\n<p>I cookie sono file o file che vengono scaricati sul<em>computer\/smartphone\/tablet dell&#8217;Utente quando<\/em>si accede a determinate pagine web e applicazioni che<em> <\/em> consentono di memorizzare le preferenze della navigazione dell&#8217;Utente, rendendo l&#8217;interazione tra l&#8217;Utente e il Sito web pi\u00f9 veloce e semplice.<\/p>\n\n<p>Le informazioni raccolte dai cookie sono anonime e non contengono alcuna informazione sensibile in quanto non raccolgono dati in grado di identificare personalmente l&#8217;Utente. In ogni caso, l&#8217;Utente pu\u00f2 accedere alle impostazioni del proprio browser per modificare e\/o bloccare l&#8217;installazione dei Cookie inviati dal Sito, senza impedire l&#8217;accesso ai contenuti.<\/p>\n\n<p><a><strong>2.- A cosa utilizza i cookie il PROPRIETARIO?<\/strong><\/a><strong><\/strong><\/p>\n\n<p>Ai sensi della legge 34\/2002, dell&#8217;11 luglio, sui servizi della societ\u00e0 dell&#8217;informazione e il commercio elettronico (in appresso\u00bb<strong>\n  <em>LSSI<\/em>\n<\/strong>\u00ab), questo Sito utilizza cookie o altri dispositivi di memorizzazione e recupero delle informazioni per tracciare le interazioni degli Utenti con i servizi offerti sul Sito Web.<\/p>\n\n<p>I cookie consentono di riconoscere il browser di un Utente, nonch\u00e9 il tipo di dispositivo da cui si accede al sito web e utilizzato per facilitare la prossima visita dell&#8217;Utente e renderlo pi\u00f9 utile per lui.<\/p>\n\n<p>Il PROPRIETARIO utilizza i cookie per:<\/p>\n\n<ul class=\"wp-block-list\"><li>Ottimizzare la navigazione dell&#8217;utente monitorando la sessione.<\/li><\/ul>\n<ul class=\"wp-block-list\"><li>Raccogliere informazioni per ottimizzare la navigazione e migliorare il sito web.<\/li><\/ul>\n<p>Il sito web utilizza quanto segue:<\/p>\n\n<ul class=\"wp-block-list\"><li><strong>Obbligatorio: <\/strong> Cookie strettamente necessari per fornire un servizio o contenuti richiesti dall&#8217;utente. Questi sono responsabili di aspetti tecnici come l&#8217;identificazione dei record e la gestione delle preferenze degli strumenti nell&#8217;uso, nell&#8217;interazione e nella localizzazione dell&#8217;accesso ai contenuti.<\/li><\/ul>\n<figure class=\"wp-block-table\"><table><tbody><tr><td><strong>Nome<\/strong><\/td><td><strong>Scopo<\/strong><\/td><td><strong>Scadenza<\/strong><\/td><td><strong>Fornitore<\/strong><\/td><\/tr><tr><td>tk_lr<\/td><td>metriche interne dell&#8217;attivit\u00e0 dell&#8217;utente per migliorare l&#8217;esperienza utente<\/td><td>1 anno<\/td><td>shopcanarias.es<\/td><\/tr><tr><td>tk_or<\/td><td>metriche interne dell&#8217;attivit\u00e0 dell&#8217;utente per migliorare l&#8217;esperienza utente<\/td><td>5 anni<\/td><td>shopcanarias.es<\/td><\/tr><tr><td>_swa_u<\/td><td><\/td><td>3 anni<\/td><td>shopcanarias.es<\/td><\/tr><tr><td>_fbp<\/td><td>Facebook li utilizza per offrire prodotti pubblicitari, come offerte in tempo reale da inserzionisti di terze parti<\/td><td>3 mesi<\/td><td>Facebook<\/td><\/tr><tr><td>tk_r3d<\/td><td>metriche interne dell&#8217;attivit\u00e0 dell&#8217;utente per migliorare l&#8217;esperienza utente<\/td><td>3 giorni<\/td><td>shopcanarias.es<\/td><\/tr><\/tbody><\/table><\/figure>\n<ul class=\"wp-block-list\"><li><a><strong>Funzionale:<\/strong>\n  \n<\/a> <a href=\"#_msocom_2\"> <\/a>i cookie funzionali forniscono all&#8217;utente informazioni che arricchiscono l&#8217;esperienza di navigazione, come la visualizzazione delle previsioni del tempo in base alla loro posizione.<\/li><\/ul>\n<figure class=\"wp-block-table\"><table><tbody><tr><td><strong>Nome<\/strong><\/td><td><strong>Scopo<\/strong><\/td><td><strong>Scadenza<\/strong><\/td><td><strong>Fornitore<\/strong><\/td><\/tr><tr><td><strong> <\/strong>wordpress_sec_<\/td><td>  chiave per controllare l&#8217;accesso di un utente a WordPress<\/td><td>  Sessione<\/td><td>  WordPress<\/td><\/tr><tr><td>  wp-wpml_current_language<\/td><td>  restituisce la lingua corrente<\/td><td>  24 ore<\/td><td>Wpml<\/td><\/tr><tr><td>  wp-wpml_current_admin_language_<\/td><td>  per le impostazioni della lingua<\/td><td>  24 ore<\/td><td>  Wpml<\/td><\/tr><tr><td>Phpsessid<\/td><td>consente al Web di salvare i dati sullo stato serializzati<\/td><td>  Sessione<\/td><td>shopcanarias.es<\/td><\/tr><tr><td>wp_woocommerce_session_<\/td><td>per conservare i dati del carrello<\/td><td>48 ore<\/td><td>Woocommerce<\/td><\/tr><tr><td>webmailsessione<\/td><td>per la corretta amministrazione della pagina<\/td><td>  Sessione<\/td><td>shopcanarias.es<\/td><\/tr><tr><td>wordpress_test_cookie<\/td><td>determina se i cookie possono essere memorizzati, per essere utilizzati dal messaggio di avviso del cookie<\/td><td>  Sessione<\/td><td>WordPress<\/td><\/tr><tr><td>_wcml_dashboard_currency<\/td><td>memorizza la valuta o la valuta selezionata dall&#8217;utente<\/td><td>  24 ore<\/td><td>Woocommerce<\/td><\/tr><tr><td>Fuso orario<\/td><td>raccoglie informazioni sull&#8217;ora e sul fuso orario di utilizzo dell&#8217;utente<\/td><td>  Sessione<\/td><td>shopcanarias.es<\/td><\/tr><tr><td>wordpress_logged_in_<\/td><td>  Salva i dettagli di autenticazione  <\/td><td>  Sessione<\/td><td>WordPress<\/td><\/tr><tr><td>tinv_wishlistkey<\/td><td>Informazioni e contenuti preferiti<\/td><td>1 mese<\/td><td>Lista dei desideri IT<\/td><\/tr><tr><td>eucookielaw<\/td><td><\/td><td>1 mese e 13 giorni<\/td><td>shopcanarias.es<\/td><\/tr><tr><td>_lscache_vary<\/td><td>memorizza lo stato di accesso dell&#8217;utente<\/td><td>  48 ore<\/td><td>shopcanarias.es<\/td><\/tr><tr><td>tk_ai<\/td><td>ID anonimo quando l&#8217;utente connesso non \u00e8 connesso a WordPress<\/td><td>  Sessione<\/td><td>shopcanarias.es<\/td><\/tr><tr><td>session_locale<\/td><td>Per<br\/>Come<br\/>Webmail<\/td><td>1 anno<\/td><td>shopcanarias.es<\/td><\/tr><tr><td>wp-settings-time-1<\/td><td>WordPress lo utilizza per personalizzare la visualizzazione dell&#8217;interfaccia principale<\/td><td>1 anno<\/td><td>WordPress<\/td><\/tr><tr><td>mailchimp_landing_site<\/td><td><br\/>per valutare l&#8217;efficienza delle newsletter<\/td><td>29 giorni<\/td><td>Mailchimp<\/td><\/tr><tr><td>cookie_notice_accepted<\/td><td>se i cookie sono stati accettati per interrompere la visualizzazione dell&#8217;avviso per 1 mese<\/td><td>1 mese<\/td><td>shopcanarias.es<\/td><\/tr><tr><td>roundcube_cookies<\/td><td>Per<br\/>Come<br\/>Webmail<\/td><td>1 anno<\/td><td>shopcanarias.es<\/td><\/tr><tr><td>wordpress_sec_<\/td><td>chiave per l&#8217;accesso dell&#8217;utente a WordPress<\/td><td>  Sessione<\/td><td>WordPress<\/td><\/tr><tr><td>wp-impostazioni-1<\/td><td>WordPress lo utilizza per personalizzare l&#8217;interfaccia UTENTE<\/td><td>1 anno<\/td><td>WordPress<\/td><\/tr><tr><td>cpsessione<\/td><td><\/td><td>  Sessione<\/td><td>Cpanel<\/td><\/tr><\/tbody><\/table><\/figure>\n<ul class=\"wp-block-list\"><li><a>\n  <strong>Statistiche\/analisi:<\/strong>\n<\/a>Questi cookie raccolgono informazioni relative all&#8217;utilizzo della pagina come la permanenza nella pagina e i contenuti visitati dai lettori per misurarne le prestazioni e migliorare la navigazione.<\/li><\/ul>\n<p>I principali obiettivi perseguiti da questo tipo di cookie sono:<\/p>\n\n<ul class=\"wp-block-list\"><li>Consentire l&#8217;identificazione anonima degli utenti di navigazione e quindi la pubblicazione approssimativa del numero di visitatori.<\/li><li>Identificare in modo anonimo i contenuti pi\u00f9 visitati.<\/li><li>Sapere se l&#8217;utente che accede \u00e8 nuovo o ripete la visita.<\/li><\/ul>\n<p>I cookie analitici utilizzati sul sito web sono dettagliati di seguito (esempio)<\/p>\n\n<figure class=\"wp-block-table\"><table><tbody><tr><td><strong>Nome<\/strong><\/td><td><strong>Scopo<\/strong><\/td><td><strong>Scadenza<\/strong><\/td><td><strong>Fornitore<\/strong><\/td><\/tr><tr><td><strong>_ga<\/strong><\/td><td>Questo Cookie viene utilizzato per distinguere gli utenti<\/td><td>2 anni<\/td><td>Google Analytics<\/td><\/tr><tr><td><strong>_gat<\/strong><\/td><td>Questo Cookie viene utilizzato per limitare la percentuale di richieste.<\/td><td>1 minuto<\/td><td>Google Analytics<\/td><\/tr><tr><td><strong>_gid<\/strong><\/td><td>Questo Cookie viene utilizzato per distinguere gli utenti<\/td><td>24 ore<\/td><td>Google Analytics<\/td><\/tr><\/tbody><\/table><\/figure>\n<p><a><strong>3.- Come disabilitare i cookie?<\/strong><\/a><strong><\/strong><\/p>\n\n<p>I cookie che non sono obbligatori per la navigazione in questo sito web potrebbero essere disabilitati nelle impostazioni del sito web. Queste impostazioni possono essere trovate nel pi\u00e8 di pagina del sito Web. Inoltre, tutti i browser consentono di apportare modifiche per disabilitare l&#8217;impostazione dei cookie.<\/p>\n\n<p>Questo \u00e8 il motivo per cui la maggior parte dei browser offre la possibilit\u00e0 di gestire i cookie, per ottenere un controllo pi\u00f9 preciso sulla privacy. Queste impostazioni si trovano nelle \u00abopzioni\u00bb o \u00abpreferenze\u00bb del menu del browser.<\/p>\n\n<p>Di seguito sono riportati i link di ogni browser per disabilitare i cookie seguendo le istruzioni:<\/p>\n\n<ul class=\"wp-block-list\"><li>(<a href=\"https:\/\/goo.gl\/iU2wh2\">https:\/\/goo.gl\/iU2wh2<\/a> )<\/li><\/ul>\n<ul class=\"wp-block-list\"><li>Scegliere \u00abOpzioni Internet\u00bb dal menu degli strumenti.<\/li><li>Fare clic sulla scheda privacy.<\/li><li>\u00c8 possibile configurare la privacy con un cursore con sei posizioni che consente di controllare il numero di cookie che verranno installati: Blocca tutti i cookie, Alto, Medio Alto, Media (livello predefinito), Basso e Accetta tutti i cookie.<\/li><\/ul>\n<ul class=\"wp-block-list\"><li>(<a href=\"http:\/\/goo.gl\/QXWYmv\">http:\/\/goo.gl\/QXWYmv<\/a>)<\/li><\/ul>\n<ul class=\"wp-block-list\"><li>Nella parte superiore della vendita di Firefox fare clic sul menu Strumenti.<\/li><li>Selezionare Opzioni.<\/li><li>Selezionare il pannello Privacy.<\/li><li>Nell&#8217;opzione Firefox \u00e8 possibile scegliere Per utilizzare un&#8217;impostazione personalizzata della cronologia, nonch\u00e9 altri problemi relativi alla privacy dell&#8217;utente.<\/li><\/ul>\n<ul class=\"wp-block-list\"><li>(<a href=\"http:\/\/goo.gl\/fQnkSB\">http:\/\/goo.gl\/fQnkSB<\/a>)<\/li><\/ul>\n<ul class=\"wp-block-list\"><li>Fare clic sul menu sulla barra degli strumenti.<\/li><li>Selezionare Impostazioni.<\/li><li>Fare clic su Mostra opzioni avanzate.<\/li><li>Nella selezione \u00abPrivacy\u00bb fare clic sul pulsante Impostazioni contenuto.<\/li><li>Nella selezione dei cookie, \u00e8 possibile configurare le opzioni.<\/li><\/ul>\n<ul class=\"wp-block-list\"><li>(<a href=\"https:\/\/goo.gl\/PCjEm3\">https:\/\/goo.gl\/PcjEm3<\/a>; <a href=\"https:\/\/goo.gl\/dQywEo)\">https:\/\/goo.gl\/dQywEo) La commissione per l&#8217;https:\/\/goo.gl\/dQywEo<\/a><\/li><\/ul>\n<ul class=\"wp-block-list\"><li>Nel menu delle impostazioni selezionare l&#8217;opzione \u00abPreferenze\u00bb.<\/li><li>Aprire la scheda privacy.<\/li><li>Selezionare l&#8217;opzione desiderata nella sezione \u00abblocca cookie\u00bb.<\/li><li>Si prega di notare che alcune funzionalit\u00e0 e la piena funzionalit\u00e0 del sito web potrebbero non essere disponibili dopo la disabilitazione dei cookie.<\/li><\/ul>\n<p>Se non vuoi essere monitorato dai cookie, Google ha sviluppato un componente aggiuntivo da installare nel tuo browser a cui puoi accedere nel seguente <a href=\"http:\/\/goo.gl\/up4ND\" target=\"_blank\" rel=\"noreferrer noopener\">link: http:\/\/goo.gl\/up4ND<\/a>.<\/p>\n\n<p><strong>4.-<\/strong> <strong>Cookie su dispositivi mobili<\/strong><\/p>\n\n<p>Il proprietario del sito web utilizza anche cookie o altri dispositivi di archiviazione mobile.<\/p>\n\n<p>I cookie che non sono obbligatori per la navigazione in questo sito web potrebbero essere disabilitati nelle impostazioni del sito web.  <\/p>\n\n<p>Queste impostazioni possono essere trovate nel pi\u00e8 di pagina del sito Web. Inoltre, come nei browser per computer, i browser mobili consentono di apportare modifiche alle impostazioni sulla privacy o alle opzioni per disabilitare o eliminare i cookie.<\/p>\n\n<p>Se si desidera modificare le opzioni di privacy, seguire le istruzioni specificate dallo sviluppatore del browser mobile.<\/p>\n\n<p>Di seguito sono riportati alcuni esempi dei link che ti guideranno a modificare le opzioni sulla privacy sul tuo dispositivo mobile:<\/p>\n\n<ul class=\"wp-block-list\"><li>: (<a href=\"http:\/\/goo.gl\/61xevS\">http:\/\/goo.gl\/61xevS<\/a>)<\/li><li>: (<a href=\"https:\/\/goo.gl\/tKyb0y\">https:\/\/goo.gl\/tKyb0y<\/a>)  <\/li><li>: (<a href=\"http:\/\/goo.gl\/XJp7N\">http:\/\/goo.gl\/XJp7N<\/a>)<\/li><li>: (<a href=\"http:\/\/goo.gl\/Nzr8s7)\">http:\/\/goo.gl\/Nzr8s7)<\/a><\/li><\/ul>\n<p><a><strong>5.- Accettazione dei cookie<\/strong><\/a><strong><\/strong><\/p>\n\n<p>Questo sito web non installa i nostri cookie sui dispositivi degli utenti fino a quando non hanno accettato l&#8217;installazione di questi.<\/p>\n\n<p>Ti informiamo che nel caso in cui tu non accetti l&#8217;installazione dei cookie o disabiliti nessuno di questi nelle impostazioni, alcuni servizi potrebbero non essere disponibili senza l&#8217;uso di questi o potresti non essere in grado di accedere a determinati servizi o sfruttare appieno tutto ci\u00f2 che questo sito web ti offre.<\/p>\n<div class=\"gsp_post_data\" \r\n\t            data-post_type=\"page\" \r\n\t            data-cat=\"\" \r\n\t            data-modified=\"120\"\r\n\t            data-created=\"1609858337\"\r\n\t            data-title=\"POLITICA SUI COOKIE\" \r\n\t            data-home=\"https:\/\/shopcanarias.es\"><\/div>","protected":false},"excerpt":{"rendered":"<p>ShopCanarias, (di seguito\u00bb IL \u00abPROPRIETARIO\u00bb) informa, attraverso la presente Politica sui cookie, dell&#8217;utilizzo dei dispositivi di archiviazione e recupero dei dati sulle apparecchiature terminali degli utenti. 1.- Cosa sono i cookie? I cookie sono file o file che vengono scaricati sulcomputer\/smartphone\/tablet dell&#8217;Utente quandosi accede a determinate pagine web e applicazioni che consentono di memorizzare le &hellip; <\/p>\n<p class=\"link-more\"><a href=\"https:\/\/shopcanarias.es\/index.php\/it\/politica-sui-cookie\/\" class=\"more-link\">Continuar leyendo<span class=\"screen-reader-text\"> \u00abPOLITICA SUI COOKIE\u00bb<\/span><\/a><\/p>\n","protected":false},"author":1,"featured_media":0,"parent":0,"menu_order":0,"comment_status":"closed","ping_status":"closed","template":"","meta":{"footnotes":""},"class_list":["post-5194","page","type-page","status-publish","hentry"],"yoast_head":"<!-- This site is optimized with the Yoast SEO plugin v27.4 - https:\/\/yoast.com\/product\/yoast-seo-wordpress\/ -->\n<title>POLITICA SUI COOKIE - ShopCanarias.es<\/title>\n<meta name=\"description\" content=\"Definizione e funzione dei cookie, dettaglio in uno schema dei cookie utilizzati, informazioni su come eliminare i cookie, ecc.\" \/>\n<meta name=\"robots\" content=\"index, follow, max-snippet:-1, max-image-preview:large, max-video-preview:-1\" \/>\n<link rel=\"canonical\" href=\"https:\/\/shopcanarias.es\/index.php\/it\/politica-sui-cookie\/\" \/>\n<meta property=\"og:locale\" content=\"es_ES\" \/>\n<meta property=\"og:type\" content=\"article\" \/>\n<meta property=\"og:title\" content=\"POLITICA SUI COOKIE - ShopCanarias.es\" \/>\n<meta property=\"og:description\" content=\"Definizione e funzione dei cookie, dettaglio in uno schema dei cookie utilizzati, informazioni su come eliminare i cookie, ecc.\" \/>\n<meta property=\"og:url\" content=\"https:\/\/shopcanarias.es\/index.php\/it\/politica-sui-cookie\/\" \/>\n<meta property=\"og:site_name\" content=\"ShopCanarias.es\" \/>\n<meta property=\"article:publisher\" content=\"https:\/\/www.facebook.com\/ShopCanariases-105415177519237\/?modal=admin_todo_tour\" \/>\n<meta property=\"article:modified_time\" content=\"2021-01-05T13:52:27+00:00\" \/>\n<meta name=\"twitter:card\" content=\"summary_large_image\" \/>\n<meta name=\"twitter:site\" content=\"@shopcanarias\" \/>\n<meta name=\"twitter:label1\" content=\"Tiempo de lectura\" \/>\n\t<meta name=\"twitter:data1\" content=\"6 minutos\" \/>\n<script type=\"application\/ld+json\" class=\"yoast-schema-graph\">{\"@context\":\"https:\\\/\\\/schema.org\",\"@graph\":[{\"@type\":\"WebPage\",\"@id\":\"https:\\\/\\\/shopcanarias.es\\\/index.php\\\/it\\\/politica-sui-cookie\\\/\",\"url\":\"https:\\\/\\\/shopcanarias.es\\\/index.php\\\/it\\\/politica-sui-cookie\\\/\",\"name\":\"POLITICA SUI COOKIE - ShopCanarias.es\",\"isPartOf\":{\"@id\":\"https:\\\/\\\/shopcanarias.es\\\/#website\"},\"datePublished\":\"2021-01-05T13:52:17+00:00\",\"dateModified\":\"2021-01-05T13:52:27+00:00\",\"description\":\"Definizione e funzione dei cookie, dettaglio in uno schema dei cookie utilizzati, informazioni su come eliminare i cookie, ecc.\",\"breadcrumb\":{\"@id\":\"https:\\\/\\\/shopcanarias.es\\\/index.php\\\/it\\\/politica-sui-cookie\\\/#breadcrumb\"},\"inLanguage\":\"es\",\"potentialAction\":[{\"@type\":\"ReadAction\",\"target\":[\"https:\\\/\\\/shopcanarias.es\\\/index.php\\\/it\\\/politica-sui-cookie\\\/\"]}]},{\"@type\":\"BreadcrumbList\",\"@id\":\"https:\\\/\\\/shopcanarias.es\\\/index.php\\\/it\\\/politica-sui-cookie\\\/#breadcrumb\",\"itemListElement\":[{\"@type\":\"ListItem\",\"position\":1,\"name\":\"Home\",\"item\":\"https:\\\/\\\/shopcanarias.es\\\/\"},{\"@type\":\"ListItem\",\"position\":2,\"name\":\"POLITICA SUI COOKIE\"}]},{\"@type\":\"WebSite\",\"@id\":\"https:\\\/\\\/shopcanarias.es\\\/#website\",\"url\":\"https:\\\/\\\/shopcanarias.es\\\/\",\"name\":\"ShopCanarias.es\",\"description\":\"Tienda online de productos y servicios de las Islas Canarias\",\"publisher\":{\"@id\":\"https:\\\/\\\/shopcanarias.es\\\/#organization\"},\"potentialAction\":[{\"@type\":\"SearchAction\",\"target\":{\"@type\":\"EntryPoint\",\"urlTemplate\":\"https:\\\/\\\/shopcanarias.es\\\/?s={search_term_string}\"},\"query-input\":{\"@type\":\"PropertyValueSpecification\",\"valueRequired\":true,\"valueName\":\"search_term_string\"}}],\"inLanguage\":\"es\"},{\"@type\":\"Organization\",\"@id\":\"https:\\\/\\\/shopcanarias.es\\\/#organization\",\"name\":\"Marketplace Canarias SL\",\"url\":\"https:\\\/\\\/shopcanarias.es\\\/\",\"logo\":{\"@type\":\"ImageObject\",\"inLanguage\":\"es\",\"@id\":\"https:\\\/\\\/shopcanarias.es\\\/#\\\/schema\\\/logo\\\/image\\\/\",\"url\":\"https:\\\/\\\/i0.wp.com\\\/shopcanarias.es\\\/wp-content\\\/uploads\\\/2020\\\/04\\\/Logotipo_Ajustado_Color_300-ppp-scaled.jpg?fit=2560%2C467&ssl=1\",\"contentUrl\":\"https:\\\/\\\/i0.wp.com\\\/shopcanarias.es\\\/wp-content\\\/uploads\\\/2020\\\/04\\\/Logotipo_Ajustado_Color_300-ppp-scaled.jpg?fit=2560%2C467&ssl=1\",\"width\":2560,\"height\":467,\"caption\":\"Marketplace Canarias SL\"},\"image\":{\"@id\":\"https:\\\/\\\/shopcanarias.es\\\/#\\\/schema\\\/logo\\\/image\\\/\"},\"sameAs\":[\"https:\\\/\\\/www.facebook.com\\\/ShopCanariases-105415177519237\\\/?modal=admin_todo_tour\",\"https:\\\/\\\/x.com\\\/shopcanarias\",\"https:\\\/\\\/www.instagram.com\\\/shopcanarias\\\/?hl=es\",\"https:\\\/\\\/www.pinterest.es\\\/pin\\\/611222980666854387\\\/\",\"https:\\\/\\\/www.youtube.com\\\/channel\\\/UCqPIEQS9SBuvJrMWJV8YxuA\"]}]}<\/script>\n<!-- \/ Yoast SEO plugin. -->","yoast_head_json":{"title":"POLITICA SUI COOKIE - ShopCanarias.es","description":"Definizione e funzione dei cookie, dettaglio in uno schema dei cookie utilizzati, informazioni su come eliminare i cookie, ecc.","robots":{"index":"index","follow":"follow","max-snippet":"max-snippet:-1","max-image-preview":"max-image-preview:large","max-video-preview":"max-video-preview:-1"},"canonical":"https:\/\/shopcanarias.es\/index.php\/it\/politica-sui-cookie\/","og_locale":"es_ES","og_type":"article","og_title":"POLITICA SUI COOKIE - ShopCanarias.es","og_description":"Definizione e funzione dei cookie, dettaglio in uno schema dei cookie utilizzati, informazioni su come eliminare i cookie, ecc.","og_url":"https:\/\/shopcanarias.es\/index.php\/it\/politica-sui-cookie\/","og_site_name":"ShopCanarias.es","article_publisher":"https:\/\/www.facebook.com\/ShopCanariases-105415177519237\/?modal=admin_todo_tour","article_modified_time":"2021-01-05T13:52:27+00:00","twitter_card":"summary_large_image","twitter_site":"@shopcanarias","twitter_misc":{"Tiempo de lectura":"6 minutos"},"schema":{"@context":"https:\/\/schema.org","@graph":[{"@type":"WebPage","@id":"https:\/\/shopcanarias.es\/index.php\/it\/politica-sui-cookie\/","url":"https:\/\/shopcanarias.es\/index.php\/it\/politica-sui-cookie\/","name":"POLITICA SUI COOKIE - ShopCanarias.es","isPartOf":{"@id":"https:\/\/shopcanarias.es\/#website"},"datePublished":"2021-01-05T13:52:17+00:00","dateModified":"2021-01-05T13:52:27+00:00","description":"Definizione e funzione dei cookie, dettaglio in uno schema dei cookie utilizzati, informazioni su come eliminare i cookie, ecc.","breadcrumb":{"@id":"https:\/\/shopcanarias.es\/index.php\/it\/politica-sui-cookie\/#breadcrumb"},"inLanguage":"es","potentialAction":[{"@type":"ReadAction","target":["https:\/\/shopcanarias.es\/index.php\/it\/politica-sui-cookie\/"]}]},{"@type":"BreadcrumbList","@id":"https:\/\/shopcanarias.es\/index.php\/it\/politica-sui-cookie\/#breadcrumb","itemListElement":[{"@type":"ListItem","position":1,"name":"Home","item":"https:\/\/shopcanarias.es\/"},{"@type":"ListItem","position":2,"name":"POLITICA SUI COOKIE"}]},{"@type":"WebSite","@id":"https:\/\/shopcanarias.es\/#website","url":"https:\/\/shopcanarias.es\/","name":"ShopCanarias.es","description":"Tienda online de productos y servicios de las Islas Canarias","publisher":{"@id":"https:\/\/shopcanarias.es\/#organization"},"potentialAction":[{"@type":"SearchAction","target":{"@type":"EntryPoint","urlTemplate":"https:\/\/shopcanarias.es\/?s={search_term_string}"},"query-input":{"@type":"PropertyValueSpecification","valueRequired":true,"valueName":"search_term_string"}}],"inLanguage":"es"},{"@type":"Organization","@id":"https:\/\/shopcanarias.es\/#organization","name":"Marketplace Canarias SL","url":"https:\/\/shopcanarias.es\/","logo":{"@type":"ImageObject","inLanguage":"es","@id":"https:\/\/shopcanarias.es\/#\/schema\/logo\/image\/","url":"https:\/\/i0.wp.com\/shopcanarias.es\/wp-content\/uploads\/2020\/04\/Logotipo_Ajustado_Color_300-ppp-scaled.jpg?fit=2560%2C467&ssl=1","contentUrl":"https:\/\/i0.wp.com\/shopcanarias.es\/wp-content\/uploads\/2020\/04\/Logotipo_Ajustado_Color_300-ppp-scaled.jpg?fit=2560%2C467&ssl=1","width":2560,"height":467,"caption":"Marketplace Canarias SL"},"image":{"@id":"https:\/\/shopcanarias.es\/#\/schema\/logo\/image\/"},"sameAs":["https:\/\/www.facebook.com\/ShopCanariases-105415177519237\/?modal=admin_todo_tour","https:\/\/x.com\/shopcanarias","https:\/\/www.instagram.com\/shopcanarias\/?hl=es","https:\/\/www.pinterest.es\/pin\/611222980666854387\/","https:\/\/www.youtube.com\/channel\/UCqPIEQS9SBuvJrMWJV8YxuA"]}]}},"jetpack_sharing_enabled":true,"_links":{"self":[{"href":"https:\/\/shopcanarias.es\/index.php\/wp-json\/wp\/v2\/pages\/5194","targetHints":{"allow":["GET"]}}],"collection":[{"href":"https:\/\/shopcanarias.es\/index.php\/wp-json\/wp\/v2\/pages"}],"about":[{"href":"https:\/\/shopcanarias.es\/index.php\/wp-json\/wp\/v2\/types\/page"}],"author":[{"embeddable":true,"href":"https:\/\/shopcanarias.es\/index.php\/wp-json\/wp\/v2\/users\/1"}],"replies":[{"embeddable":true,"href":"https:\/\/shopcanarias.es\/index.php\/wp-json\/wp\/v2\/comments?post=5194"}],"version-history":[{"count":0,"href":"https:\/\/shopcanarias.es\/index.php\/wp-json\/wp\/v2\/pages\/5194\/revisions"}],"wp:attachment":[{"href":"https:\/\/shopcanarias.es\/index.php\/wp-json\/wp\/v2\/media?parent=5194"}],"curies":[{"name":"wp","href":"https:\/\/api.w.org\/{rel}","templated":true}]}}