{"id":5190,"date":"2021-01-05T14:36:46","date_gmt":"2021-01-05T13:36:46","guid":{"rendered":"https:\/\/shopcanarias.es\/index.php\/note-legali\/"},"modified":"2021-01-05T14:36:49","modified_gmt":"2021-01-05T13:36:49","slug":"note-legali","status":"publish","type":"page","link":"https:\/\/shopcanarias.es\/index.php\/it\/note-legali\/","title":{"rendered":"Note legali"},"content":{"rendered":"\n<p><strong>1.- Diritto all&#8217;informazione<\/strong><\/p>\n\n<p>Vi informiamo che questo sito web  <a href=\"https:\/\/shopcanarias.es\/?lang=it\">https:\/\/ShopCanarias.es\/ \u00e8<\/a> di propriet\u00e0 di  <strong>MARKETPLACE CANARIAS, S.L,<\/strong>(di seguito,<strong><em>\n  \n<\/em> <strong><em>\u00abShopCanarias\u00bb),<\/em>\n  \n<\/strong>con numero N.I.F. B-76819259 e sede legale presso C\/ la Duraznillo 3 Ptl.1 3o C 38390, (Santa Ursula), Santa Cruz De Tenerife, iscritta all&#8217;Albo delle Imprese di<\/strong> <strong>Tenerife <\/strong>in cima  <em>3671<\/em>, folio  <em>140<\/em>, Sezione  <em>0<\/em>, Foglia  <em>TF-64256<\/em>, Iscrizione 1.<\/p>\n\n<p>L&#8217;accesso e\/o l&#8217;utilizzo del sito attribuisce lo stato dell&#8217;Utente e accetta, da tale accesso e\/o utilizzo, la presente Nota Legale.<\/p>\n\n<p>L&#8217;utente (di seguito<strong>denominato<\/strong>\u00abUtente\u00bb) pu\u00f2 contattare ShopCanarias tramite il seguente indirizzo e-mail: <a href=\"mailto:info@shopcanarias.es\">info@ShopCanarias.es.<\/a><\/p>\n\n<p><strong>2.- Uso<\/strong> <strong>del sito web<\/strong><\/p>\n\n<p>L&#8217;Utente si assume la responsabilit\u00e0 dell&#8217;utilizzo del sito web. Il Sito web pu\u00f2 fornire l&#8217;accesso a una moltitudine di testi, grafica, disegni, disegni, fotografie, contenuti multimediali e informazioni (di seguito<strong>\u00abContenuti\u00bb)<\/strong>appartenenti a ShopCanarias o a terzi a cui l&#8217;Utente pu\u00f2 avere accesso.<\/p>\n\n<p>L&#8217;Utente si impegna a fare un uso appropriato dei Contenuti e dei Servizi offerti attraverso il sito web e a titolo pertanto, ma non limitato a, a non utilizzarli per:<\/p>\n\n<ul class=\"wp-block-list\"><li>Impegnarsi in attivit\u00e0 illegali, illegali o contrarie alla buona fede e all&#8217;ordine pubblico.<\/li><\/ul>\n<ul class=\"wp-block-list\"><li>Causare danni ai sistemi fisici e logici del sito ShopCanarias, dei suoi fornitori o di terzi.<\/li><\/ul>\n<ul class=\"wp-block-list\"><li>Introdurre o diffondere virus informatici o qualsiasi altro sistema fisico o logico che possa causare il suddetto danno.<\/li><\/ul>\n<ul class=\"wp-block-list\"><li>Tentare di accedere, utilizzare e\/o manipolare i dati di ShopCanarias, fornitori di terze parti e altri utenti.<\/li><\/ul>\n<ul class=\"wp-block-list\"><li>Riprodurre o copiare, distribuire, consentire l&#8217;accesso del pubblico attraverso qualsiasi forma di comunicazione pubblica, trasformare o modificare i Contenuti, a meno che non sia autorizzato da ShopCanarias.<\/li><\/ul>\n<ul class=\"wp-block-list\"><li>Eliminare, nascondere o manipolare contenuti soggetti a diritti di propriet\u00e0 intellettuale o industriale e altri dati identificativi di tali diritti di ShopCanarias o di terzi incorporati nei Contenuti, nonch\u00e9 dispositivi di protezione tecnica o qualsiasi meccanismi di informazione che possa essere inserito nei Contenuti.<\/li><\/ul>\n<p>ShopCanarias avverte che i materiali contenuti in questo sito web sono stati inclusi solo a scopo informativo, quindi non sono sufficienti per prendere decisioni o assumere posizioni in un caso particolare.<\/p>\n\n<p>L&#8217;Utente deve tenere conto del fatto che i materiali contenuti in questo sito web potrebbero non riflettere lo stato legislativo o giurisprudenzio pi\u00f9 recente sulle questioni discusse. Inoltre, questi materiali possono essere modificati, sviluppati o aggiornati senza preavviso.<\/p>\n\n<p>ShopCanarias ha il diritto di indagare e segnalare uno qualsiasi dei comportamenti di cui sopra in conformit\u00e0 con la legge, nonch\u00e9 di cooperare con le autorit\u00e0 nell&#8217;indagine di tali azioni.<\/p>\n\n<p>ShopCanarias pu\u00f2 sospendere temporaneamente e senza preavviso l&#8217;accessibilit\u00e0 al sito Web per le operazioni di manutenzione, riparazione, aggiornamento o miglioramento. Tuttavia, laddove le circostanze lo consentano, ShopCanarias informer\u00e0 l&#8217;utente, in tempo utile, della data prevista per la sospensione dei Servizi. ShopCanarias non \u00e8 responsabile dell&#8217;utilizzo che gli Utenti possono fare dei Contenuti inclusi nel sito web.<\/p>\n\n<p><a><strong>3.- Propriet\u00e0 intellettuale e industriale<\/strong><\/a><strong><\/strong><\/p>\n\n<p>Tutti i diritti di propriet\u00e0 intellettuale contenuti nel Contenuto del Sito Web e nella sua progettazione grafica sono di propriet\u00e0 esclusiva di ShopCanarias, o di una terza parte che ne ha autorizzato l&#8217;uso, quindi sono ShopCanarias ad avere l&#8217;esercizio esclusivo dei loro diritti di sfruttamento. Pertanto, ai sensi delle disposizioni della legislazione applicabile sui diritti di propriet\u00e0 intellettuale e industriale, ShopCanarias non concede alcuna licenza o autorizzazione di utilizzo di alcun tipo sui suoi diritti di propriet\u00e0 intellettuale e industriale o su qualsiasi altra propriet\u00e0 o diritto relativo al sito Web, ai Servizi o ai Contenuti in esso contenuti.<\/p>\n\n<p>La riproduzione e la memorizzazione temporanea dei contenuti del sito web \u00e8 consentita purch\u00e9 ci\u00f2 sia strettamente necessario per l&#8217;uso e la visualizzazione del sito Web da un dispositivo personale.<\/p>\n\n<p>La legittimit\u00e0 dei diritti di propriet\u00e0 intellettuale o industriale corrispondenti ai Contenuti forniti dagli utenti \u00e8 di esclusiva responsabilit\u00e0 degli stessi, quindi l&#8217;Utente manterr\u00e0 ShopCanarias illeso da eventuali reclami di terzi derivanti dall&#8217;uso illecito dei Contenuti sul sito web.<\/p>\n\n<p><a><strong>4.- Responsabilit\u00e0 e garanzie<\/strong><\/a><strong><\/strong><\/p>\n\n<p>ShopCanarias dichiara di aver adottato le misure necessarie che, nell&#8217;ambito delle sue possibilit\u00e0 e dello stato della tecnologia, consentono il corretto funzionamento del proprio sito web, nonch\u00e9 l&#8217;assenza di virus e componenti dannosi. Tuttavia, ShopCanarias non pu\u00f2 essere ritenuta responsabile per:<\/p>\n\n<ul class=\"wp-block-list\"><li>Continuit\u00e0 e disponibilit\u00e0 di Contenuti e Servizi.<\/li><\/ul>\n<ul class=\"wp-block-list\"><li>L&#8217;assenza di errori in tali Contenuti o la correzione di eventuali difetti che possono verificarsi.<\/li><\/ul>\n<ul class=\"wp-block-list\"><li>L&#8217;assenza di virus e\/o altri componenti dannosi.<\/li><\/ul>\n<ul class=\"wp-block-list\"><li>Danni causati da chiunque violi i sistemi di sicurezza ShopCanarias.<\/li><\/ul>\n<p>I contributi che si possono trovare in queste pagine sono stati effettuati solo a scopo informativo. ShopCanarias non garantisce la completezza, l&#8217;accuratezza e la tempestivit\u00e0 dei suoi contenuti.<\/p>\n\n<p>ShopCanarias non si assume alcuna responsabilit\u00e0 per i link ad altri siti web che si trovano sul sito web e pu\u00f2 indirizzare l&#8217;Utente ad altri siti su cui ShopCanarias non ha alcun controllo, quindi l&#8217;inclusione di link ad altri siti web non implica l&#8217;approvazione dei suoi contenuti da parte di ShopCanarias o l&#8217;esistenza di qualsiasi tipo di associazione tra ShopCanarias e i suoi proprietari. Pertanto, l&#8217;Utente accede sotto la sua sola responsabilit\u00e0 al Contenuto e alle condizioni d&#8217;uso che li governano.<\/p>\n\n<p><strong> <a>5.- Durata e modifica<\/a><\/strong><\/p>\n\n<p>La presente Informativa legale sar\u00e0 in vigore a tempo indeterminato, le shopcanarias possono apportare modifiche alle condizioni io specificate e che entreranno in vigore dal momento della pubblicazione.<\/p>\n\n<p>ShopCanarias pu\u00f2 eliminare, aggiungere o modificare sia il Contenuto che i Servizi che fornisce, nonch\u00e9 il modo in cui si trovano o vengono presentati. Le condizioni che vengono pubblicate al momento dell&#8217;accesso dell&#8217;Utente al sito ShopCanarias sono intese come in vigore.<\/p>\n\n<p>L&#8217;accesso e\/o l&#8217;uso del sito web deve essere interpretato come un&#8217;accettazione da parte dell&#8217;utente della presente Informativa legale e delle sue condizioni e, se del caso, delle modifiche apportate.<\/p>\n<div class=\"gsp_post_data\" \r\n\t            data-post_type=\"page\" \r\n\t            data-cat=\"\" \r\n\t            data-modified=\"120\"\r\n\t            data-created=\"1609857406\"\r\n\t            data-title=\"Note legali\" \r\n\t            data-home=\"https:\/\/shopcanarias.es\"><\/div>","protected":false},"excerpt":{"rendered":"<p>1.- Diritto all&#8217;informazione Vi informiamo che questo sito web https:\/\/ShopCanarias.es\/ \u00e8 di propriet\u00e0 di MARKETPLACE CANARIAS, S.L,(di seguito, \u00abShopCanarias\u00bb), con numero N.I.F. B-76819259 e sede legale presso C\/ la Duraznillo 3 Ptl.1 3o C 38390, (Santa Ursula), Santa Cruz De Tenerife, iscritta all&#8217;Albo delle Imprese di Tenerife in cima 3671, folio 140, Sezione 0, Foglia &hellip; <\/p>\n<p class=\"link-more\"><a href=\"https:\/\/shopcanarias.es\/index.php\/it\/note-legali\/\" class=\"more-link\">Continuar leyendo<span class=\"screen-reader-text\"> \u00abNote legali\u00bb<\/span><\/a><\/p>\n","protected":false},"author":1,"featured_media":0,"parent":0,"menu_order":0,"comment_status":"closed","ping_status":"closed","template":"","meta":{"footnotes":""},"class_list":["post-5190","page","type-page","status-publish","hentry"],"yoast_head":"<!-- This site is optimized with the Yoast SEO plugin v27.5 - https:\/\/yoast.com\/product\/yoast-seo-wordpress\/ -->\n<title>Note legali - ShopCanarias.es<\/title>\n<meta name=\"description\" content=\"Identificazione dei dati di ShopCanarias come proprietario del sito web, nonch\u00e9 di questioni relative alla propriet\u00e0 intellettuale e\/ o industriale, ecc.\" \/>\n<meta name=\"robots\" content=\"index, follow, max-snippet:-1, max-image-preview:large, max-video-preview:-1\" \/>\n<link rel=\"canonical\" href=\"https:\/\/shopcanarias.es\/index.php\/it\/note-legali\/\" \/>\n<meta property=\"og:locale\" content=\"es_ES\" \/>\n<meta property=\"og:type\" content=\"article\" \/>\n<meta property=\"og:title\" content=\"Note legali - ShopCanarias.es\" \/>\n<meta property=\"og:description\" content=\"Identificazione dei dati di ShopCanarias come proprietario del sito web, nonch\u00e9 di questioni relative alla propriet\u00e0 intellettuale e\/ o industriale, ecc.\" \/>\n<meta property=\"og:url\" content=\"https:\/\/shopcanarias.es\/index.php\/it\/note-legali\/\" \/>\n<meta property=\"og:site_name\" content=\"ShopCanarias.es\" \/>\n<meta property=\"article:publisher\" content=\"https:\/\/www.facebook.com\/ShopCanariases-105415177519237\/?modal=admin_todo_tour\" \/>\n<meta property=\"article:modified_time\" content=\"2021-01-05T13:36:49+00:00\" \/>\n<meta name=\"twitter:card\" content=\"summary_large_image\" \/>\n<meta name=\"twitter:site\" content=\"@shopcanarias\" \/>\n<meta name=\"twitter:label1\" content=\"Tiempo de lectura\" \/>\n\t<meta name=\"twitter:data1\" content=\"5 minutos\" \/>\n<script type=\"application\/ld+json\" class=\"yoast-schema-graph\">{\"@context\":\"https:\\\/\\\/schema.org\",\"@graph\":[{\"@type\":\"WebPage\",\"@id\":\"https:\\\/\\\/shopcanarias.es\\\/index.php\\\/it\\\/note-legali\\\/\",\"url\":\"https:\\\/\\\/shopcanarias.es\\\/index.php\\\/it\\\/note-legali\\\/\",\"name\":\"Note legali - ShopCanarias.es\",\"isPartOf\":{\"@id\":\"https:\\\/\\\/shopcanarias.es\\\/#website\"},\"datePublished\":\"2021-01-05T13:36:46+00:00\",\"dateModified\":\"2021-01-05T13:36:49+00:00\",\"description\":\"Identificazione dei dati di ShopCanarias come proprietario del sito web, nonch\u00e9 di questioni relative alla propriet\u00e0 intellettuale e\\\/ o industriale, ecc.\",\"breadcrumb\":{\"@id\":\"https:\\\/\\\/shopcanarias.es\\\/index.php\\\/it\\\/note-legali\\\/#breadcrumb\"},\"inLanguage\":\"es\",\"potentialAction\":[{\"@type\":\"ReadAction\",\"target\":[\"https:\\\/\\\/shopcanarias.es\\\/index.php\\\/it\\\/note-legali\\\/\"]}]},{\"@type\":\"BreadcrumbList\",\"@id\":\"https:\\\/\\\/shopcanarias.es\\\/index.php\\\/it\\\/note-legali\\\/#breadcrumb\",\"itemListElement\":[{\"@type\":\"ListItem\",\"position\":1,\"name\":\"Home\",\"item\":\"https:\\\/\\\/shopcanarias.es\\\/\"},{\"@type\":\"ListItem\",\"position\":2,\"name\":\"Note legali\"}]},{\"@type\":\"WebSite\",\"@id\":\"https:\\\/\\\/shopcanarias.es\\\/#website\",\"url\":\"https:\\\/\\\/shopcanarias.es\\\/\",\"name\":\"ShopCanarias.es\",\"description\":\"Tienda online de productos y servicios de las Islas Canarias\",\"publisher\":{\"@id\":\"https:\\\/\\\/shopcanarias.es\\\/#organization\"},\"potentialAction\":[{\"@type\":\"SearchAction\",\"target\":{\"@type\":\"EntryPoint\",\"urlTemplate\":\"https:\\\/\\\/shopcanarias.es\\\/?s={search_term_string}\"},\"query-input\":{\"@type\":\"PropertyValueSpecification\",\"valueRequired\":true,\"valueName\":\"search_term_string\"}}],\"inLanguage\":\"es\"},{\"@type\":\"Organization\",\"@id\":\"https:\\\/\\\/shopcanarias.es\\\/#organization\",\"name\":\"Marketplace Canarias SL\",\"url\":\"https:\\\/\\\/shopcanarias.es\\\/\",\"logo\":{\"@type\":\"ImageObject\",\"inLanguage\":\"es\",\"@id\":\"https:\\\/\\\/shopcanarias.es\\\/#\\\/schema\\\/logo\\\/image\\\/\",\"url\":\"https:\\\/\\\/i0.wp.com\\\/shopcanarias.es\\\/wp-content\\\/uploads\\\/2020\\\/04\\\/Logotipo_Ajustado_Color_300-ppp-scaled.jpg?fit=2560%2C467&ssl=1\",\"contentUrl\":\"https:\\\/\\\/i0.wp.com\\\/shopcanarias.es\\\/wp-content\\\/uploads\\\/2020\\\/04\\\/Logotipo_Ajustado_Color_300-ppp-scaled.jpg?fit=2560%2C467&ssl=1\",\"width\":2560,\"height\":467,\"caption\":\"Marketplace Canarias SL\"},\"image\":{\"@id\":\"https:\\\/\\\/shopcanarias.es\\\/#\\\/schema\\\/logo\\\/image\\\/\"},\"sameAs\":[\"https:\\\/\\\/www.facebook.com\\\/ShopCanariases-105415177519237\\\/?modal=admin_todo_tour\",\"https:\\\/\\\/x.com\\\/shopcanarias\",\"https:\\\/\\\/www.instagram.com\\\/shopcanarias\\\/?hl=es\",\"https:\\\/\\\/www.pinterest.es\\\/pin\\\/611222980666854387\\\/\",\"https:\\\/\\\/www.youtube.com\\\/channel\\\/UCqPIEQS9SBuvJrMWJV8YxuA\"]}]}<\/script>\n<!-- \/ Yoast SEO plugin. -->","yoast_head_json":{"title":"Note legali - ShopCanarias.es","description":"Identificazione dei dati di ShopCanarias come proprietario del sito web, nonch\u00e9 di questioni relative alla propriet\u00e0 intellettuale e\/ o industriale, ecc.","robots":{"index":"index","follow":"follow","max-snippet":"max-snippet:-1","max-image-preview":"max-image-preview:large","max-video-preview":"max-video-preview:-1"},"canonical":"https:\/\/shopcanarias.es\/index.php\/it\/note-legali\/","og_locale":"es_ES","og_type":"article","og_title":"Note legali - ShopCanarias.es","og_description":"Identificazione dei dati di ShopCanarias come proprietario del sito web, nonch\u00e9 di questioni relative alla propriet\u00e0 intellettuale e\/ o industriale, ecc.","og_url":"https:\/\/shopcanarias.es\/index.php\/it\/note-legali\/","og_site_name":"ShopCanarias.es","article_publisher":"https:\/\/www.facebook.com\/ShopCanariases-105415177519237\/?modal=admin_todo_tour","article_modified_time":"2021-01-05T13:36:49+00:00","twitter_card":"summary_large_image","twitter_site":"@shopcanarias","twitter_misc":{"Tiempo de lectura":"5 minutos"},"schema":{"@context":"https:\/\/schema.org","@graph":[{"@type":"WebPage","@id":"https:\/\/shopcanarias.es\/index.php\/it\/note-legali\/","url":"https:\/\/shopcanarias.es\/index.php\/it\/note-legali\/","name":"Note legali - ShopCanarias.es","isPartOf":{"@id":"https:\/\/shopcanarias.es\/#website"},"datePublished":"2021-01-05T13:36:46+00:00","dateModified":"2021-01-05T13:36:49+00:00","description":"Identificazione dei dati di ShopCanarias come proprietario del sito web, nonch\u00e9 di questioni relative alla propriet\u00e0 intellettuale e\/ o industriale, ecc.","breadcrumb":{"@id":"https:\/\/shopcanarias.es\/index.php\/it\/note-legali\/#breadcrumb"},"inLanguage":"es","potentialAction":[{"@type":"ReadAction","target":["https:\/\/shopcanarias.es\/index.php\/it\/note-legali\/"]}]},{"@type":"BreadcrumbList","@id":"https:\/\/shopcanarias.es\/index.php\/it\/note-legali\/#breadcrumb","itemListElement":[{"@type":"ListItem","position":1,"name":"Home","item":"https:\/\/shopcanarias.es\/"},{"@type":"ListItem","position":2,"name":"Note legali"}]},{"@type":"WebSite","@id":"https:\/\/shopcanarias.es\/#website","url":"https:\/\/shopcanarias.es\/","name":"ShopCanarias.es","description":"Tienda online de productos y servicios de las Islas Canarias","publisher":{"@id":"https:\/\/shopcanarias.es\/#organization"},"potentialAction":[{"@type":"SearchAction","target":{"@type":"EntryPoint","urlTemplate":"https:\/\/shopcanarias.es\/?s={search_term_string}"},"query-input":{"@type":"PropertyValueSpecification","valueRequired":true,"valueName":"search_term_string"}}],"inLanguage":"es"},{"@type":"Organization","@id":"https:\/\/shopcanarias.es\/#organization","name":"Marketplace Canarias SL","url":"https:\/\/shopcanarias.es\/","logo":{"@type":"ImageObject","inLanguage":"es","@id":"https:\/\/shopcanarias.es\/#\/schema\/logo\/image\/","url":"https:\/\/i0.wp.com\/shopcanarias.es\/wp-content\/uploads\/2020\/04\/Logotipo_Ajustado_Color_300-ppp-scaled.jpg?fit=2560%2C467&ssl=1","contentUrl":"https:\/\/i0.wp.com\/shopcanarias.es\/wp-content\/uploads\/2020\/04\/Logotipo_Ajustado_Color_300-ppp-scaled.jpg?fit=2560%2C467&ssl=1","width":2560,"height":467,"caption":"Marketplace Canarias SL"},"image":{"@id":"https:\/\/shopcanarias.es\/#\/schema\/logo\/image\/"},"sameAs":["https:\/\/www.facebook.com\/ShopCanariases-105415177519237\/?modal=admin_todo_tour","https:\/\/x.com\/shopcanarias","https:\/\/www.instagram.com\/shopcanarias\/?hl=es","https:\/\/www.pinterest.es\/pin\/611222980666854387\/","https:\/\/www.youtube.com\/channel\/UCqPIEQS9SBuvJrMWJV8YxuA"]}]}},"jetpack_sharing_enabled":true,"_links":{"self":[{"href":"https:\/\/shopcanarias.es\/index.php\/wp-json\/wp\/v2\/pages\/5190","targetHints":{"allow":["GET"]}}],"collection":[{"href":"https:\/\/shopcanarias.es\/index.php\/wp-json\/wp\/v2\/pages"}],"about":[{"href":"https:\/\/shopcanarias.es\/index.php\/wp-json\/wp\/v2\/types\/page"}],"author":[{"embeddable":true,"href":"https:\/\/shopcanarias.es\/index.php\/wp-json\/wp\/v2\/users\/1"}],"replies":[{"embeddable":true,"href":"https:\/\/shopcanarias.es\/index.php\/wp-json\/wp\/v2\/comments?post=5190"}],"version-history":[{"count":0,"href":"https:\/\/shopcanarias.es\/index.php\/wp-json\/wp\/v2\/pages\/5190\/revisions"}],"wp:attachment":[{"href":"https:\/\/shopcanarias.es\/index.php\/wp-json\/wp\/v2\/media?parent=5190"}],"curies":[{"name":"wp","href":"https:\/\/api.w.org\/{rel}","templated":true}]}}