{"id":5142,"date":"2021-01-04T18:20:04","date_gmt":"2021-01-04T17:20:04","guid":{"rendered":"https:\/\/shopcanarias.es\/index.php\/datenschutz\/"},"modified":"2021-01-04T18:20:14","modified_gmt":"2021-01-04T17:20:14","slug":"datenschutz","status":"publish","type":"page","link":"https:\/\/shopcanarias.es\/index.php\/de\/datenschutz\/","title":{"rendered":"Datenschutz"},"content":{"rendered":"\n<p><a><strong>1.- Wer ist f\u00fcr die Verarbeitung Ihrer Daten verantwortlich?<\/strong><\/a><strong><\/strong><\/p>\n\n<p>Der f\u00fcr Sie verantwortliche Inhaber Ihrer personenbezogenen Daten ist MARKETPLACE CANARIAS, S.L. (nachfolgend<strong>\u00abShopCanarias\u00bb genannt),<\/strong>mit der N.I.F.-Nummer B-76819259 und gegr\u00fcndet in C\/ la Duraznillo 3 Ptl.1 3o C 38390, (Santa Ursula), Santa Cruz De Tenerife.<\/p>\n\n<p>Wir informieren Sie, dass das Eigentum an dieser Website (nachfolgend die<strong>\n  <em>\u00abWebsite\u00bb)<\/em>\n<\/strong>von MARKETPLACE CANARIAS, S.L. stammt.<\/p>\n\n<p>Der Zugriff und \/ oder die Nutzung der Website, schreibt den Status des Nutzers der gleichen und impliziert die Annahme, von einem solchen Zugriff und \/ oder Nutzung, von dieser Datenschutzrichtlinie.<\/p>\n\n<p>Der Nutzer kann ShopCanarias unter der folgenden E-Mail-Adresse kontaktieren:<a href=\"mailto:info@shopcanarias.es\">info@shopcanarias.es<\/a>.<\/p>\n\n<p><strong>2.- Warum ist ShopCanarias berechtigt, die Datenverarbeitung durchzuf\u00fchren?<\/strong><strong><\/strong><\/p>\n\n<p>ShopCanarias ist berechtigt, Ihre Daten zur Erbringung der Erbringung seiner Dienstleistungen zu verarbeiten.<\/p>\n\n<p>ShopCanarias nimmt den Schutz Ihrer Privatsph\u00e4re und Ihrer pers\u00f6nlichen Daten sehr ernst. Daher werden Ihre pers\u00f6nlichen Daten sicher aufbewahrt und mit gr\u00f6\u00dfter Sorgfalt behandelt.<\/p>\n\n<p>Diese Datenschutzrichtlinie regelt den Zugriff auf und die Nutzung des Dienstes (im Folgenden der<strong>\n  <em>\u00abService\u00bb),<\/em>\n<\/strong>den ShopCanarias dem Benutzer zur Verf\u00fcgung stellt, der an den auf der Website gehosteten Diensten und Inhalten interessiert ist.<\/p>\n\n<p>Im Hinblick auf die Einwilligung kann der Nutzer diese jederzeit widerrufen, indem er eine Nachricht an die im ersten Abschnitt dieser Datenschutzrichtlinie angegebene E-Mail-Adresse sendet, ohne die Rechtm\u00e4\u00dfigkeit der Verarbeitung auf der Grundlage der Einwilligung vor seinem Widerruf zu beeintr\u00e4chtigen.<\/p>\n\n<p><strong>3.- Was sind<\/strong> <strong>die<\/strong> <strong><em>\n  \n<\/em> <strong>Zwecke der<\/strong>Verarbeitung Ihrer<strong>personenbezogenen<\/strong> Daten<strong> durch<\/strong> <strong> <a>ShopCanarias<\/a><\/strong><strong>?<\/strong><\/strong><\/p>\n\n<p><a>Ihre<\/a>von ShopCanarias erhobenen personenbezogenen Daten k\u00f6nnen gem\u00e4\u00df der im entsprechenden Registrierungsformular erteilten Zustimmung f\u00fcr folgende Zwecke verwendet werden:<\/p>\n\n<ul class=\"wp-block-list\"><li>Die Erbringung der \u00fcber die Website angebotenen Dienstleistungen.<\/li><\/ul>\n<ul class=\"wp-block-list\"><li>profilierte kommerzielle Kommunikation <em>und\/oder Newsletter<\/em> von ShopCanarias. Wenn der Nutzer damit einverstanden ist, k\u00f6nnen seine personenbezogenen Daten verwendet werden, um ihn per Brief, Telefon, E-Mail, SMS\/MMS oder \u00fcber andere gleichwertige elektronische Kommunikationsmittel, kommerzielle Kommunikation und\/oder Newsletter zu senden.<\/li><\/ul>\n<p><strong>4.- Richtigkeit der von Nutzern zur Verf\u00fcgung gestellten Daten und Daten von Minderj\u00e4hrigen<\/strong><strong><\/strong><\/p>\n\n<p>Der Nutzer garantiert, dass die zur Verf\u00fcgung gestellten personenbezogenen Daten wahrheitsgem\u00e4\u00df sind und ist f\u00fcr die Kommunikation mit ShopCanarias jede \u00c4nderung dieser Daten verantwortlich. Der Nutzer wird in jedem Fall auf die Richtigkeit der bereitgestellten Daten reagieren und ShopCanarias das Recht vorbeh\u00e4lt, jeden Nutzer, der falsche Daten zur Verf\u00fcgung gestellt hat, von den registrierten Diensten auszuschlie\u00dfen, unbeschadet der anderen Handlungen, die gesetzlich ablaufen k\u00f6nnen.<\/p>\n\n<p><a><strong>5.-Datenaufbewahrung<\/strong><\/a><strong><\/strong><\/p>\n\n<p>Die zur Verf\u00fcgung gestellten personenbezogenen Daten werden von ShopCanarias aufbewahrt, solange der Nutzer seine <a>Bereitschaft,<\/a> sich von den Diensten von ShopCanarias abzumelden, nicht zum Ausdruck bringt, um Informationen \u00fcber die Produkte des Unternehmens zu erhalten. Anschlie\u00dfend, wenn n\u00f6tig und um die m\u00f6glichen Verantwortlichkeiten zu erf\u00fcllen, die sich aus der Verarbeitung der Daten oder den Aktivit\u00e4ten der Nutzer ergeben k\u00f6nnen, wird <a>ShopCanarias<\/a> die Informationen die gesetzlich festgelegten Fristen sperren.<\/p>\n\n<p><a><strong>6.- Nutzungsrechte im Zusammenhang<\/strong>\n  \n<\/a>mit Ihren<strong>Daten<\/strong> <strong><\/strong><strong><\/strong><\/p>\n\n<p>Der Nutzer hat das Recht,<\/p>\n\n<ul class=\"wp-block-list\"><li>Greifen Sie auf Ihre personenbezogenen Daten zu.<\/li><\/ul>\n<ul class=\"wp-block-list\"><li>Behebung unrichtiger Daten anfordern<\/li><\/ul>\n<ul class=\"wp-block-list\"><li>Fordern Sie die L\u00f6schung an.<\/li><\/ul>\n<ul class=\"wp-block-list\"><li>  Fordern Sie die Einschr\u00e4nkung der Verarbeitung Ihrer Daten an.<\/li><\/ul>\n<ul class=\"wp-block-list\"><li>  Widersetzen Sie sich der Verarbeitung Ihrer Daten.<\/li><\/ul>\n<ul class=\"wp-block-list\"><li>  Fordern Sie Ihre Portabilit\u00e4t an.<\/li><\/ul>\n<ul class=\"wp-block-list\"><li>Unterliegen Sie nicht automatisierten Einzelentscheidungen.<\/li><\/ul>\n<p>Der Nutzer kann alle diese Rechte unter der folgenden E-Mail-Adresse <a href=\"mailto:info@shopcanarias.es\">aus\u00fcben info@shopcanarias.es<\/a> den Grund f\u00fcr seine Anfrage angeben und eine Kopie seiner ID angeben.<\/p>\n\n<p>Der Nutzer kann seine Anfrage auch per Post an folgende Adresse senden:<\/p>\n\n<p>MARKETPLACE S.L.<\/p>\n\n<p>CIF B-76819259<\/p>\n\n<p>C\/ Duraznillo 3 Ptl.1 3o C 38390, (Santa Ursula),<\/p>\n\n<p>Santa Cruz De Tenerife<\/p>\n\n<p>Unbeschadet eines anderen Verwaltungsrechtsbehelfs oder einer anderen Klage ist der Nutzer berechtigt, eine Beschwerde bei einer Aufsichtsbeh\u00f6rde einzureichen, insbesondere in dem Mitgliedstaat, in dem er seinen gew\u00f6hnlichen Aufenthalt, seinen Arbeitsplatz oder den Ort der behaupteten Zuwiderhandlung hat, wenn er der Auffassung ist, dass die Verarbeitung seiner personenbezogenen Daten nicht den Vorschriften angemessen ist. , sowie f\u00fcr den Fall, dass die Aus\u00fcbung Ihrer Rechte nicht erf\u00fcllt ist. Die Aufsichtsbeh\u00f6rde, bei der die Beschwerde eingereicht wurde, unterrichtet den Beschwerdef\u00fchrer \u00fcber den Verlauf und das Ergebnis der Beschwerde.<\/p>\n\n<p><a><strong>7.- Datensicherheit<\/strong><\/a><strong><\/strong><\/p>\n\n<p>Der Schutz der Privatsph\u00e4re und personenbezogener Daten der Nutzer ist f\u00fcr ShopCanarias sehr wichtig. Daher unternimmt ShopCanarias alles in seiner Macht Stehende, um zu verhindern, dass Ihre Daten missbraucht werden, sodass Sie nur autorisierten Mitarbeitern darauf zugreifen k\u00f6nnen.<\/p>\n\n<p>ShopCanarias unterh\u00e4lt die Sicherheitsvorkehrungen des Schutzes personenbezogener Daten in \u00dcbereinstimmung mit den geltenden Vorschriften und hat alle ihm zur Verf\u00fcgung stehenden technischen Mittel eingerichtet, um den Verlust, Missbrauch, Ver\u00e4nderung, unbefugten Zugriff und Diebstahl der Daten, die der Nutzer \u00fcber die Website bereitstellt, zu verhindern, unbeschadet der Information, dass die Sicherheitsma\u00dfnahmen im Internet nicht uneinnehmbar sind.<\/p>\n\n<p>ShopCanarias verpflichtet sich, die Geheimhaltungs- und Geheimhaltungspflicht in Bezug auf personenbezogene Daten in \u00dcbereinstimmung mit dem anwendbaren Recht einzuhalten und ihnen eine sichere Behandlung bei internationalen \u00dcbertragungen und Daten\u00fcbermittlungen zu gew\u00e4hren, die auftreten k\u00f6nnen.<\/p>\n\n<p>F\u00fcr die Dienste der Website, die sich als Benutzer registrieren m\u00fcssen, muss ein Passwort gew\u00e4hlt werden. Der Benutzer ist f\u00fcr die Wahrung der Vertraulichkeit dieses Passworts sowie f\u00fcr alle Aktivit\u00e4ten verantwortlich, die in der Sitzung stattfinden, die mit seinem Namen und Passwort initiiert wurde.<\/p>\n\n<p>Der Nutzer verpflichtet sich, ShopCanarias so schnell wie m\u00f6glich \u00fcber die unbefugte Nutzung seines Benutzernamens und\/oder Passworts oder \u00fcber einen anderen Sicherheitsfehler zu informieren. ShopCanarias haftet nicht f\u00fcr Sch\u00e4den oder Verluste, die durch die Nichteinhaltung dieser Verpflichtung durch den Nutzer entstehen k\u00f6nnen.<\/p>\n\n<p><a><strong>8.-<\/strong>\n  \n<\/a> <strong>\u00dcberpr\u00fcfung der Datenschutzerkl\u00e4rung<\/strong><\/p>\n\n<p>ShopCanarias beh\u00e4lt sich das Recht vor, seine Datenschutzerkl\u00e4rung jederzeit zu \u00fcberarbeiten, wenn es dies f\u00fcr angemessen h\u00e4lt. Aus diesem Grund \u00fcberpr\u00fcfen Sie bitte diese Datenschutzrichtlinie regelm\u00e4\u00dfig, um die neueste Version dieser Datenschutzrichtlinie zu lesen.<\/p>\n\n<p>\u00c4nderungen an dieser Datenschutzrichtlinie werden dem Nutzer jedoch mitgeteilt.<\/p>\n\n<p><a><strong>9.- Links zu Websites<\/strong><\/a><strong><\/strong><\/p>\n\n<p>Die ShopCanarias-Website kann Links zu Websites von Unternehmen und Drittunternehmen enthalten. ShopCanarias kann nicht f\u00fcr die Art und Weise verantwortlich gemacht werden, in der diese Unternehmen mit dem Schutz der Privatsph\u00e4re und personenbezogener Daten umgehen, daher empfehlen wir Ihnen, die Datenschutzerkl\u00e4rungen dieser Websites, die nicht im Besitz von ShopCanarias sind, in Bezug auf die Nutzung, Verarbeitung und den Schutz personenbezogener Daten sorgf\u00e4ltig zu lesen.<\/p>\n\n<p>Die von diesen Websites angebotenen Bedingungen sind m\u00f6glicherweise nicht mit denen von ShopCanarias identisch.<\/p>\n\n<p><a><strong>10.- Fragen<\/strong><\/a><strong><\/strong><\/p>\n\n<p>Wenn Sie Fragen zu dieser Datenschutzerkl\u00e4rung oder der Verarbeitung Ihrer Daten haben, kontaktieren Sie ShopCanarias bitte per E-Mail an die folgende E-Mail-Adresse:<a href=\"mailto:info@shopcanarias.es\">info@shopcanarias.es.<\/a><\/p>\n\n<p><strong>11.- Annahme und Zustimmung<\/strong>.<\/p>\n\n<p>Der Nutzer erkl\u00e4rt, \u00fcber die Bedingungen zum Schutz personenbezogener Daten informiert worden zu sein, die Verarbeitung durch ShopCanarias in der Form und f\u00fcr die in dieser Datenschutzrichtlinie angegebenen Zwecke zu akzeptieren und zu zustimmen.<\/p>\n<div class=\"gsp_post_data\" \r\n\t            data-post_type=\"page\" \r\n\t            data-cat=\"\" \r\n\t            data-modified=\"120\"\r\n\t            data-created=\"1609784404\"\r\n\t            data-title=\"Datenschutz\" \r\n\t            data-home=\"https:\/\/shopcanarias.es\"><\/div>","protected":false},"excerpt":{"rendered":"<p>1.- Wer ist f\u00fcr die Verarbeitung Ihrer Daten verantwortlich? Der f\u00fcr Sie verantwortliche Inhaber Ihrer personenbezogenen Daten ist MARKETPLACE CANARIAS, S.L. (nachfolgend\u00abShopCanarias\u00bb genannt),mit der N.I.F.-Nummer B-76819259 und gegr\u00fcndet in C\/ la Duraznillo 3 Ptl.1 3o C 38390, (Santa Ursula), Santa Cruz De Tenerife. Wir informieren Sie, dass das Eigentum an dieser Website (nachfolgend die \u00abWebsite\u00bb) &hellip; <\/p>\n<p class=\"link-more\"><a href=\"https:\/\/shopcanarias.es\/index.php\/de\/datenschutz\/\" class=\"more-link\">Continuar leyendo<span class=\"screen-reader-text\"> \u00abDatenschutz\u00bb<\/span><\/a><\/p>\n","protected":false},"author":1,"featured_media":0,"parent":0,"menu_order":0,"comment_status":"closed","ping_status":"closed","template":"","meta":{"footnotes":""},"class_list":["post-5142","page","type-page","status-publish","hentry"],"yoast_head":"<!-- This site is optimized with the Yoast SEO plugin v27.5 - https:\/\/yoast.com\/product\/yoast-seo-wordpress\/ -->\n<title>Datenschutz - ShopCanarias.es<\/title>\n<meta name=\"description\" content=\"Verantwortlich f\u00fcr die Verarbeitung von Daten, Zwecke der Verarbeitung, Vorratsdatenspeicherung, Rechte des Nutzers, Datensicherheit, etc.\" \/>\n<meta name=\"robots\" content=\"index, follow, max-snippet:-1, max-image-preview:large, max-video-preview:-1\" \/>\n<link rel=\"canonical\" href=\"https:\/\/shopcanarias.es\/index.php\/de\/datenschutz\/\" \/>\n<meta property=\"og:locale\" content=\"es_ES\" \/>\n<meta property=\"og:type\" content=\"article\" \/>\n<meta property=\"og:title\" content=\"Datenschutz - ShopCanarias.es\" \/>\n<meta property=\"og:description\" content=\"Verantwortlich f\u00fcr die Verarbeitung von Daten, Zwecke der Verarbeitung, Vorratsdatenspeicherung, Rechte des Nutzers, Datensicherheit, etc.\" \/>\n<meta property=\"og:url\" content=\"https:\/\/shopcanarias.es\/index.php\/de\/datenschutz\/\" \/>\n<meta property=\"og:site_name\" content=\"ShopCanarias.es\" \/>\n<meta property=\"article:publisher\" content=\"https:\/\/www.facebook.com\/ShopCanariases-105415177519237\/?modal=admin_todo_tour\" \/>\n<meta property=\"article:modified_time\" content=\"2021-01-04T17:20:14+00:00\" \/>\n<meta name=\"twitter:card\" content=\"summary_large_image\" \/>\n<meta name=\"twitter:site\" content=\"@shopcanarias\" \/>\n<meta name=\"twitter:label1\" content=\"Tiempo de lectura\" \/>\n\t<meta name=\"twitter:data1\" content=\"6 minutos\" \/>\n<script type=\"application\/ld+json\" class=\"yoast-schema-graph\">{\"@context\":\"https:\\\/\\\/schema.org\",\"@graph\":[{\"@type\":\"WebPage\",\"@id\":\"https:\\\/\\\/shopcanarias.es\\\/index.php\\\/de\\\/datenschutz\\\/\",\"url\":\"https:\\\/\\\/shopcanarias.es\\\/index.php\\\/de\\\/datenschutz\\\/\",\"name\":\"Datenschutz - ShopCanarias.es\",\"isPartOf\":{\"@id\":\"https:\\\/\\\/shopcanarias.es\\\/#website\"},\"datePublished\":\"2021-01-04T17:20:04+00:00\",\"dateModified\":\"2021-01-04T17:20:14+00:00\",\"description\":\"Verantwortlich f\u00fcr die Verarbeitung von Daten, Zwecke der Verarbeitung, Vorratsdatenspeicherung, Rechte des Nutzers, Datensicherheit, etc.\",\"breadcrumb\":{\"@id\":\"https:\\\/\\\/shopcanarias.es\\\/index.php\\\/de\\\/datenschutz\\\/#breadcrumb\"},\"inLanguage\":\"es\",\"potentialAction\":[{\"@type\":\"ReadAction\",\"target\":[\"https:\\\/\\\/shopcanarias.es\\\/index.php\\\/de\\\/datenschutz\\\/\"]}]},{\"@type\":\"BreadcrumbList\",\"@id\":\"https:\\\/\\\/shopcanarias.es\\\/index.php\\\/de\\\/datenschutz\\\/#breadcrumb\",\"itemListElement\":[{\"@type\":\"ListItem\",\"position\":1,\"name\":\"Home\",\"item\":\"https:\\\/\\\/shopcanarias.es\\\/\"},{\"@type\":\"ListItem\",\"position\":2,\"name\":\"Datenschutz\"}]},{\"@type\":\"WebSite\",\"@id\":\"https:\\\/\\\/shopcanarias.es\\\/#website\",\"url\":\"https:\\\/\\\/shopcanarias.es\\\/\",\"name\":\"ShopCanarias.es\",\"description\":\"Tienda online de productos y servicios de las Islas Canarias\",\"publisher\":{\"@id\":\"https:\\\/\\\/shopcanarias.es\\\/#organization\"},\"potentialAction\":[{\"@type\":\"SearchAction\",\"target\":{\"@type\":\"EntryPoint\",\"urlTemplate\":\"https:\\\/\\\/shopcanarias.es\\\/?s={search_term_string}\"},\"query-input\":{\"@type\":\"PropertyValueSpecification\",\"valueRequired\":true,\"valueName\":\"search_term_string\"}}],\"inLanguage\":\"es\"},{\"@type\":\"Organization\",\"@id\":\"https:\\\/\\\/shopcanarias.es\\\/#organization\",\"name\":\"Marketplace Canarias SL\",\"url\":\"https:\\\/\\\/shopcanarias.es\\\/\",\"logo\":{\"@type\":\"ImageObject\",\"inLanguage\":\"es\",\"@id\":\"https:\\\/\\\/shopcanarias.es\\\/#\\\/schema\\\/logo\\\/image\\\/\",\"url\":\"https:\\\/\\\/i0.wp.com\\\/shopcanarias.es\\\/wp-content\\\/uploads\\\/2020\\\/04\\\/Logotipo_Ajustado_Color_300-ppp-scaled.jpg?fit=2560%2C467&ssl=1\",\"contentUrl\":\"https:\\\/\\\/i0.wp.com\\\/shopcanarias.es\\\/wp-content\\\/uploads\\\/2020\\\/04\\\/Logotipo_Ajustado_Color_300-ppp-scaled.jpg?fit=2560%2C467&ssl=1\",\"width\":2560,\"height\":467,\"caption\":\"Marketplace Canarias SL\"},\"image\":{\"@id\":\"https:\\\/\\\/shopcanarias.es\\\/#\\\/schema\\\/logo\\\/image\\\/\"},\"sameAs\":[\"https:\\\/\\\/www.facebook.com\\\/ShopCanariases-105415177519237\\\/?modal=admin_todo_tour\",\"https:\\\/\\\/x.com\\\/shopcanarias\",\"https:\\\/\\\/www.instagram.com\\\/shopcanarias\\\/?hl=es\",\"https:\\\/\\\/www.pinterest.es\\\/pin\\\/611222980666854387\\\/\",\"https:\\\/\\\/www.youtube.com\\\/channel\\\/UCqPIEQS9SBuvJrMWJV8YxuA\"]}]}<\/script>\n<!-- \/ Yoast SEO plugin. -->","yoast_head_json":{"title":"Datenschutz - ShopCanarias.es","description":"Verantwortlich f\u00fcr die Verarbeitung von Daten, Zwecke der Verarbeitung, Vorratsdatenspeicherung, Rechte des Nutzers, Datensicherheit, etc.","robots":{"index":"index","follow":"follow","max-snippet":"max-snippet:-1","max-image-preview":"max-image-preview:large","max-video-preview":"max-video-preview:-1"},"canonical":"https:\/\/shopcanarias.es\/index.php\/de\/datenschutz\/","og_locale":"es_ES","og_type":"article","og_title":"Datenschutz - ShopCanarias.es","og_description":"Verantwortlich f\u00fcr die Verarbeitung von Daten, Zwecke der Verarbeitung, Vorratsdatenspeicherung, Rechte des Nutzers, Datensicherheit, etc.","og_url":"https:\/\/shopcanarias.es\/index.php\/de\/datenschutz\/","og_site_name":"ShopCanarias.es","article_publisher":"https:\/\/www.facebook.com\/ShopCanariases-105415177519237\/?modal=admin_todo_tour","article_modified_time":"2021-01-04T17:20:14+00:00","twitter_card":"summary_large_image","twitter_site":"@shopcanarias","twitter_misc":{"Tiempo de lectura":"6 minutos"},"schema":{"@context":"https:\/\/schema.org","@graph":[{"@type":"WebPage","@id":"https:\/\/shopcanarias.es\/index.php\/de\/datenschutz\/","url":"https:\/\/shopcanarias.es\/index.php\/de\/datenschutz\/","name":"Datenschutz - ShopCanarias.es","isPartOf":{"@id":"https:\/\/shopcanarias.es\/#website"},"datePublished":"2021-01-04T17:20:04+00:00","dateModified":"2021-01-04T17:20:14+00:00","description":"Verantwortlich f\u00fcr die Verarbeitung von Daten, Zwecke der Verarbeitung, Vorratsdatenspeicherung, Rechte des Nutzers, Datensicherheit, etc.","breadcrumb":{"@id":"https:\/\/shopcanarias.es\/index.php\/de\/datenschutz\/#breadcrumb"},"inLanguage":"es","potentialAction":[{"@type":"ReadAction","target":["https:\/\/shopcanarias.es\/index.php\/de\/datenschutz\/"]}]},{"@type":"BreadcrumbList","@id":"https:\/\/shopcanarias.es\/index.php\/de\/datenschutz\/#breadcrumb","itemListElement":[{"@type":"ListItem","position":1,"name":"Home","item":"https:\/\/shopcanarias.es\/"},{"@type":"ListItem","position":2,"name":"Datenschutz"}]},{"@type":"WebSite","@id":"https:\/\/shopcanarias.es\/#website","url":"https:\/\/shopcanarias.es\/","name":"ShopCanarias.es","description":"Tienda online de productos y servicios de las Islas Canarias","publisher":{"@id":"https:\/\/shopcanarias.es\/#organization"},"potentialAction":[{"@type":"SearchAction","target":{"@type":"EntryPoint","urlTemplate":"https:\/\/shopcanarias.es\/?s={search_term_string}"},"query-input":{"@type":"PropertyValueSpecification","valueRequired":true,"valueName":"search_term_string"}}],"inLanguage":"es"},{"@type":"Organization","@id":"https:\/\/shopcanarias.es\/#organization","name":"Marketplace Canarias SL","url":"https:\/\/shopcanarias.es\/","logo":{"@type":"ImageObject","inLanguage":"es","@id":"https:\/\/shopcanarias.es\/#\/schema\/logo\/image\/","url":"https:\/\/i0.wp.com\/shopcanarias.es\/wp-content\/uploads\/2020\/04\/Logotipo_Ajustado_Color_300-ppp-scaled.jpg?fit=2560%2C467&ssl=1","contentUrl":"https:\/\/i0.wp.com\/shopcanarias.es\/wp-content\/uploads\/2020\/04\/Logotipo_Ajustado_Color_300-ppp-scaled.jpg?fit=2560%2C467&ssl=1","width":2560,"height":467,"caption":"Marketplace Canarias SL"},"image":{"@id":"https:\/\/shopcanarias.es\/#\/schema\/logo\/image\/"},"sameAs":["https:\/\/www.facebook.com\/ShopCanariases-105415177519237\/?modal=admin_todo_tour","https:\/\/x.com\/shopcanarias","https:\/\/www.instagram.com\/shopcanarias\/?hl=es","https:\/\/www.pinterest.es\/pin\/611222980666854387\/","https:\/\/www.youtube.com\/channel\/UCqPIEQS9SBuvJrMWJV8YxuA"]}]}},"jetpack_sharing_enabled":true,"_links":{"self":[{"href":"https:\/\/shopcanarias.es\/index.php\/wp-json\/wp\/v2\/pages\/5142","targetHints":{"allow":["GET"]}}],"collection":[{"href":"https:\/\/shopcanarias.es\/index.php\/wp-json\/wp\/v2\/pages"}],"about":[{"href":"https:\/\/shopcanarias.es\/index.php\/wp-json\/wp\/v2\/types\/page"}],"author":[{"embeddable":true,"href":"https:\/\/shopcanarias.es\/index.php\/wp-json\/wp\/v2\/users\/1"}],"replies":[{"embeddable":true,"href":"https:\/\/shopcanarias.es\/index.php\/wp-json\/wp\/v2\/comments?post=5142"}],"version-history":[{"count":0,"href":"https:\/\/shopcanarias.es\/index.php\/wp-json\/wp\/v2\/pages\/5142\/revisions"}],"wp:attachment":[{"href":"https:\/\/shopcanarias.es\/index.php\/wp-json\/wp\/v2\/media?parent=5142"}],"curies":[{"name":"wp","href":"https:\/\/api.w.org\/{rel}","templated":true}]}}