{"id":5137,"date":"2021-01-04T18:18:52","date_gmt":"2021-01-04T17:18:52","guid":{"rendered":"https:\/\/shopcanarias.es\/index.php\/cookie-richtlinie\/"},"modified":"2021-01-04T18:19:04","modified_gmt":"2021-01-04T17:19:04","slug":"cookie-richtlinie","status":"publish","type":"page","link":"https:\/\/shopcanarias.es\/index.php\/de\/cookie-richtlinie\/","title":{"rendered":"COOKIE-RICHTLINIE"},"content":{"rendered":"\n<p>ShopCanarias (nachfolgend der<strong>\n  <em>\u00abEigent\u00fcmer\u00bb)<\/em>\n<\/strong>informiert \u00fcber diese Cookie-Richtlinie \u00fcber die Verwendung von Datenspeicher- und Wiederherstellungsger\u00e4ten auf den Endger\u00e4ten der Nutzer.<\/p>\n\n<p><a><strong>1.- Was sind Cookies?<\/strong><\/a><strong><\/strong><\/p>\n\n<p>Cookies sind Dateien oder Dateien, die auf den<em>Computer\/Smartphone\/Tablet des Benutzers<\/em>heruntergeladen werden, wenn sie auf bestimmte Webseiten und Anwendungen zugreifen, die<em> <\/em> es erm\u00f6glichen, Pr\u00e4ferenzen der Navigation des Benutzers zu speichern, was die Interaktion zwischen dem Benutzer und der Website schneller und einfacher macht.<\/p>\n\n<p>Die durch Cookies gesammelten Informationen sind anonym und enthalten keine sensiblen Informationen, da sie keine Daten sammeln, die den Nutzer pers\u00f6nlich identifizieren k\u00f6nnen. In jedem Fall kann der Nutzer auf die Einstellungen seines Browsers zugreifen, um die Installation von von der Website gesendeten Cookies zu \u00e4ndern und\/oder zu blockieren, ohne den Zugriff auf die Inhalte zu verhindern.<\/p>\n\n<p><a><strong>2.- Wof\u00fcr verwendet der Eigner Cookies?<\/strong><\/a><strong><\/strong><\/p>\n\n<p>Gem\u00e4\u00df dem Gesetz 34\/2002 vom 11. Juli \u00fcber Dienstleistungen der Informationsgesellschaft und den elektronischen Gesch\u00e4ftsverkehr (nachstehend \u00ab<strong>\n  <em>LSSI<\/em>\n<\/strong>\u00bb verwendet diese Website Cookies oder andere Informationsspeicher- und -abrufger\u00e4te, um die Interaktionen der Nutzer mit den auf der Website angebotenen Diensten zu verfolgen.<\/p>\n\n<p>Cookies erm\u00f6glichen es, den Browser eines Benutzers sowie die Art des Ger\u00e4ts, von dem aus auf die Website zugegriffen und verwendet wird, zu erkennen, um den n\u00e4chsten Besuch des Benutzers zu erleichtern und die Website f\u00fcr ihn n\u00fctzlicher zu machen.<\/p>\n\n<p>Der Eigner verwendet Cookies, um:<\/p>\n\n<ul class=\"wp-block-list\"><li>Optimieren Sie die Benutzernavigation, indem Sie die Sitzung nachverfolgen.<\/li><\/ul>\n<ul class=\"wp-block-list\"><li>Sammeln Sie Informationen, um die Navigation zu optimieren und die Website zu verbessern.<\/li><\/ul>\n<p>Die Website verwendet Folgendes:<\/p>\n\n<ul class=\"wp-block-list\"><li><strong>Obligatorisch: <\/strong> Cookies, die unbedingt erforderlich sind, um einen vom Benutzer angeforderten Dienst oder Inhalt bereitzustellen. Diese sind f\u00fcr technische Aspekte wie das Identifizieren von Datens\u00e4tzen und die Verwaltung von Werkzeugpr\u00e4ferenzen bei der Verwendung, Interaktion und Lokalisierung des Zugriffs auf Inhalte verantwortlich.<\/li><\/ul>\n<figure class=\"wp-block-table\"><table><tbody><tr><td><strong>Namen<\/strong><\/td><td><strong>Zweck<\/strong><\/td><td><strong>Ablauf<\/strong><\/td><td><strong>Lieferanten<\/strong><\/td><\/tr><tr><td>tk_lr<\/td><td>interne Metriken der Benutzeraktivit\u00e4t zur Verbesserung der Benutzererfahrung<\/td><td>1 Jahr<\/td><td>shopcanarias.es<\/td><\/tr><tr><td>tk_or<\/td><td>interne Metriken der Benutzeraktivit\u00e4t zur Verbesserung der Benutzererfahrung<\/td><td>5 Jahre<\/td><td>shopcanarias.es<\/td><\/tr><tr><td>_swa_u<\/td><td><\/td><td>3 Jahre<\/td><td>shopcanarias.es<\/td><\/tr><tr><td>_fbp<\/td><td>Facebook nutzt sie, um Werbeprodukte anzubieten, z. B. Echtzeitangebote von Drittanbietern<\/td><td>3 Monate<\/td><td>Facebook<\/td><\/tr><tr><td>tk_r3d<\/td><td>interne Metriken der Benutzeraktivit\u00e4t zur Verbesserung der Benutzererfahrung<\/td><td>3 Tage<\/td><td>shopcanarias.es<\/td><\/tr><\/tbody><\/table><\/figure>\n<ul class=\"wp-block-list\"><li><a><strong>Funktional<\/strong>\n  \n<\/a> <a href=\"#_msocom_2\"> <\/a>: Funktionale Cookies geben dem Benutzer Informationen, die das Surferlebnis bereichern, wie z. B. die Wettervorhersage basierend auf ihrem Standort anzuzeigen.<\/li><\/ul>\n<figure class=\"wp-block-table\"><table><tbody><tr><td><strong>Namen<\/strong><\/td><td><strong>Zweck<\/strong><\/td><td><strong>Ablauf<\/strong><\/td><td><strong>Lieferanten<\/strong><\/td><\/tr><tr><td><strong> <\/strong>wordpress_sec_<\/td><td>  Schl\u00fcssel zur Steuerung des Zugriffs eines Benutzers auf WordPress<\/td><td>  Sitzung<\/td><td>  WordPress<\/td><\/tr><tr><td>  wp-wpml_current_language<\/td><td>  Gibt die aktuelle Sprache zur\u00fcck<\/td><td>  24 Stunden<\/td><td>Wpml<\/td><\/tr><tr><td>  wp-wpml_current_admin_language_<\/td><td>  f\u00fcr Spracheinstellungen<\/td><td>  24 Stunden<\/td><td>  Wpml<\/td><\/tr><tr><td>PHPSESSID<\/td><td>erm\u00f6glicht es dem Web, serialisierte Zustandsdaten zu speichern<\/td><td>  Sitzung<\/td><td>shopcanarias.es<\/td><\/tr><tr><td>wp_woocommerce_session_<\/td><td>so behalten Sie Die Warenkorbdaten auf<\/td><td>48 Stunden<\/td><td>Woocommerce<\/td><\/tr><tr><td>Webmailsession<\/td><td>f\u00fcr die ordnungsgem\u00e4\u00dfe Verwaltung der Seite<\/td><td>  Sitzung<\/td><td>shopcanarias.es<\/td><\/tr><tr><td>wordpress_test_cookie<\/td><td>bestimmt, ob Cookies gespeichert werden k\u00f6nnen, die von der Cookie-Warnmeldung verwendet werden<\/td><td>  Sitzung<\/td><td>WordPress<\/td><\/tr><tr><td>_wcml_dashboard_currency<\/td><td>speichert die vom Benutzer ausgew\u00e4hlte W\u00e4hrung oder W\u00e4hrung<\/td><td>  24 Stunden<\/td><td>Woocommerce<\/td><\/tr><tr><td>Zeitzone<\/td><td>erfasst Informationen \u00fcber die Nutzungszeit und die Nutzungszone des Benutzers<\/td><td>  Sitzung<\/td><td>shopcanarias.es<\/td><\/tr><tr><td>wordpress_logged_in_<\/td><td>  Speichert Authentifizierungsdetails  <\/td><td>  Sitzung<\/td><td>WordPress<\/td><\/tr><tr><td>tinv_wishlistkey<\/td><td>Favoriteninformationen und -inhalte<\/td><td>1 Monat<\/td><td>IT-Wunschliste<\/td><\/tr><tr><td>eucookielaw<\/td><td><\/td><td>1 Monat und 13 Tage<\/td><td>shopcanarias.es<\/td><\/tr><tr><td>_lscache_vary<\/td><td>Speichert den Anmeldestatus des Benutzers<\/td><td>  48 Stunden<\/td><td>shopcanarias.es<\/td><\/tr><tr><td>tk_ai<\/td><td>Anonyme ID, wenn der angemeldete Benutzer nicht mit WordPress verbunden ist<\/td><td>  Sitzung<\/td><td>shopcanarias.es<\/td><\/tr><tr><td>session_locale<\/td><td>F\u00fcr<br\/>Wie<br\/>Webmail<\/td><td>1 Jahr<\/td><td>shopcanarias.es<\/td><\/tr><tr><td>wp-settings-time-1<\/td><td>WordPress verwendet es, um die Haupt-Schnittstellenansicht anzupassen<\/td><td>1 Jahr<\/td><td>WordPress<\/td><\/tr><tr><td>mailchimp_landing_site<\/td><td><br\/>zur Bewertung der Effizienz von Newslettern<\/td><td>29 Tage<\/td><td>Mailchimp<\/td><\/tr><tr><td>cookie_notice_accepted<\/td><td>wenn Cookies akzeptiert wurden, um die Anzeige der Benachrichtigung f\u00fcr 1 Monat zu beenden<\/td><td>1 Monat<\/td><td>shopcanarias.es<\/td><\/tr><tr><td>roundcube_cookies<\/td><td>F\u00fcr<br\/>Wie<br\/>Webmail<\/td><td>1 Jahr<\/td><td>shopcanarias.es<\/td><\/tr><tr><td>wordpress_sec_<\/td><td>Schl\u00fcssel f\u00fcr den Benutzerzugriff auf WordPress<\/td><td>  Sitzung<\/td><td>WordPress<\/td><\/tr><tr><td>wp-einstellungen-1<\/td><td>WordPress verwendet es, um die USER-Schnittstelle anzupassen<\/td><td>1 Jahr<\/td><td>WordPress<\/td><\/tr><tr><td>cpsession<\/td><td><\/td><td>  Sitzung<\/td><td>Cpanel<\/td><\/tr><\/tbody><\/table><\/figure>\n<ul class=\"wp-block-list\"><li><a>\n  <strong>Statistiken\/Analysen<\/strong>\n<\/a>: Diese Cookies sammeln Informationen \u00fcber die Nutzung der Seite, wie z. B. dauerhaft auf der Seite und die von Lesern besuchten Inhalte, um ihre Leistung zu messen und die Navigation zu verbessern.<\/li><\/ul>\n<p>Die Hauptziele dieser Art von Cookies sind:<\/p>\n\n<ul class=\"wp-block-list\"><li>Erlauben Sie die anonyme Identifizierung von Browsing-Nutzern und damit die ungef\u00e4hre Ver\u00f6ffentlichung der Anzahl der Besucher.<\/li><li>Identifizieren Sie anonym die am h\u00e4ufigsten besuchten Inhalte.<\/li><li>Wissen Sie, ob der Benutzer, der auf den Zugriff zugreift, neu ist oder den Besuch wiederholt.<\/li><\/ul>\n<p>Die auf der Website verwendeten analytischen Cookies sind unten aufgef\u00fchrt (Beispiel)<\/p>\n\n<figure class=\"wp-block-table\"><table><tbody><tr><td><strong>Namen<\/strong><\/td><td><strong>Zweck<\/strong><\/td><td><strong>Ablauf<\/strong><\/td><td><strong>Lieferanten<\/strong><\/td><\/tr><tr><td><strong>_ga<\/strong><\/td><td>Dieses Cookie wird verwendet, um Benutzer zu unterscheiden<\/td><td>2 Jahre<\/td><td>Google Analytics<\/td><\/tr><tr><td><strong>_gat<\/strong><\/td><td>Dieses Cookie wird verwendet, um den Prozentsatz der Anforderungen zu begrenzen.<\/td><td>1 Minute<\/td><td>Google Analytics<\/td><\/tr><tr><td><strong>_gid<\/strong><\/td><td>Dieses Cookie wird verwendet, um Benutzer zu unterscheiden<\/td><td>24 Stunden<\/td><td>Google Analytics<\/td><\/tr><\/tbody><\/table><\/figure>\n<p><a><strong>3.- Wie kann ich Cookies deaktivieren?<\/strong><\/a><strong><\/strong><\/p>\n\n<p>Cookies, die f\u00fcr das Surfen auf dieser Website nicht obligatorisch sind, k\u00f6nnen in den Einstellungen der Website deaktiviert werden. Diese Einstellungen finden Sie in der Fu\u00dfzeile der Website. Dar\u00fcber hinaus k\u00f6nnen Sie in allen Browsern \u00c4nderungen vornehmen, um das Setzen von Cookies zu deaktivieren.<\/p>\n\n<p>Aus diesem Grund bieten die meisten Browser die M\u00f6glichkeit, Cookies zu verwalten, um eine genauere Kontrolle \u00fcber den Datenschutz zu erlangen. Diese Einstellungen befinden sich in den \u00abOptionen\u00bb oder \u00abEinstellungen\u00bb Ihres Browsermen\u00fcs.<\/p>\n\n<p>Unten finden Sie die Links der einzelnen Browser, um Cookies zu deaktivieren, indem Sie die Anweisungen befolgen:<\/p>\n\n<ul class=\"wp-block-list\"><li>(<a href=\"https:\/\/goo.gl\/iU2wh2\">https:\/\/goo.gl\/iU2wh2<\/a> )<\/li><\/ul>\n<ul class=\"wp-block-list\"><li>W\u00e4hlen Sie im Men\u00fc \u00abInternetoptionen\u00bb die Option \u00abInternetoptionen\u00bb.<\/li><li>Klicken Sie auf die Registerkarte Datenschutz.<\/li><li>Sie k\u00f6nnen den Datenschutz mit einem Cursor mit sechs Positionen konfigurieren, mit dem Sie die Anzahl der installierten Cookies steuern k\u00f6nnen: Blockieren Sie alle Cookies, Hoch, Mittelhoch, Durchschnitt (Standardlevel), Niedrig und Alle Cookies akzeptieren.<\/li><\/ul>\n<ul class=\"wp-block-list\"><li>(<a href=\"http:\/\/goo.gl\/QXWYmv\">http:\/\/goo.gl\/QXWYmv<\/a>)<\/li><\/ul>\n<ul class=\"wp-block-list\"><li>Klicken Sie oben im Firefox-Verkauf auf das Men\u00fc Extras.<\/li><li>W\u00e4hlen Sie Optionen aus.<\/li><li>W\u00e4hlen Sie das Datenschutzbedienfeld aus.<\/li><li>In der Firefox-Option k\u00f6nnen Sie eine benutzerdefinierte Einstellung Ihres Verlaufs sowie andere Probleme im Zusammenhang mit Ihrem Datenschutz verwenden.<\/li><\/ul>\n<ul class=\"wp-block-list\"><li>(<a href=\"http:\/\/goo.gl\/fQnkSB\">http:\/\/goo.gl\/fQnkSB<\/a>)<\/li><\/ul>\n<ul class=\"wp-block-list\"><li>Klicken Sie auf das Men\u00fc auf der Symbolleiste.<\/li><li>W\u00e4hlen Sie Einstellungen aus.<\/li><li>Klicken Sie auf Erweiterte Optionen anzeigen.<\/li><li>Klicken Sie in der Auswahl \u00abDatenschutz\u00bb auf die Schaltfl\u00e4che Inhaltseinstellungen.<\/li><li>Bei der Auswahl der Cookies k\u00f6nnen Sie die Optionen konfigurieren.<\/li><\/ul>\n<ul class=\"wp-block-list\"><li>(<a href=\"https:\/\/goo.gl\/PCjEm3\">https:\/\/goo.gl\/PcjEm3<\/a>; <a href=\"https:\/\/goo.gl\/dQywEo)\">https:\/\/goo.gl\/dQywEo)<\/a><\/li><\/ul>\n<ul class=\"wp-block-list\"><li>W\u00e4hlen Sie im Einstellungsmen\u00fc die Option \u00abEinstellungen\u00bb.<\/li><li>\u00d6ffnen Sie die Registerkarte Datenschutz.<\/li><li>W\u00e4hlen Sie die gew\u00fcnschte Option im Abschnitt \u00abStein-Cookies\u00bb aus.<\/li><li>Bitte beachten Sie, dass bestimmte Funktionen und funktionenvolle Funktionen der Website nach dem Deaktivieren von Cookies m\u00f6glicherweise nicht verf\u00fcgbar sind.<\/li><\/ul>\n<p>Wenn Sie nicht von Cookies verfolgt werden m\u00f6chten, hat Google ein Add-on entwickelt, um es in Ihrem Browser zu installieren, auf das Sie unter dem folgenden Link zugreifen <a href=\"http:\/\/goo.gl\/up4ND\" target=\"_blank\" rel=\"noreferrer noopener\">k\u00f6nnen: http:\/\/goo.gl\/up4ND<\/a>.<\/p>\n\n<p><strong>4.-<\/strong> <strong>Cookies auf mobilen Ger\u00e4ten<\/strong><\/p>\n\n<p>Der Website-Inhaber verwendet auch Cookies oder andere mobile Speicherger\u00e4te.<\/p>\n\n<p>Cookies, die f\u00fcr das Surfen auf dieser Website nicht obligatorisch sind, k\u00f6nnen in den Einstellungen der Website deaktiviert werden.  <\/p>\n\n<p>Diese Einstellungen finden Sie in der Fu\u00dfzeile der Website. Dar\u00fcber hinaus k\u00f6nnen Sie, wie in Computerbrowsern, \u00e4nderungen an den Datenschutzeinstellungen oder -optionen zum Deaktivieren oder L\u00f6schen von Cookies \u00e4ndern.<\/p>\n\n<p>Wenn Sie die Datenschutzoptionen \u00e4ndern m\u00f6chten, folgen Sie den Anweisungen des Entwicklers Ihres mobilen Browsers.<\/p>\n\n<p>Im Folgenden finden Sie einige Beispiele f\u00fcr links, die Sie zum \u00c4ndern der Datenschutzoptionen auf Ihrem Mobilger\u00e4t f\u00fchren:<\/p>\n\n<ul class=\"wp-block-list\"><li>: (<a href=\"http:\/\/goo.gl\/61xevS\">http:\/\/goo.gl\/61xevS<\/a>)<\/li><li>: (<a href=\"https:\/\/goo.gl\/tKyb0y\">https:\/\/goo.gl\/tKyb0y<\/a>)  <\/li><li>: (<a href=\"http:\/\/goo.gl\/XJp7N\">http:\/\/goo.gl\/XJp7N<\/a>)<\/li><li>: (<a href=\"http:\/\/goo.gl\/Nzr8s7)\">http:\/\/goo.gl\/Nzr8s7)<\/a><\/li><\/ul>\n<p><a><strong>5.- Annahme von Cookies<\/strong><\/a><strong><\/strong><\/p>\n\n<p>Diese Website installiert unsere Cookies erst dann auf den Ger\u00e4ten der Nutzer, wenn sie die Installation dieser Cookies akzeptiert haben.<\/p>\n\n<p>Wir informieren Sie, dass f\u00fcr den Fall, dass Sie die Installation von Cookies nicht akzeptieren oder diese in den Einstellungen deaktivieren, bestimmte Dienste m\u00f6glicherweise nicht verf\u00fcgbar sind, ohne die Nutzung dieser Dienste, oder Sie m\u00f6glicherweise nicht in der Lage sind, auf bestimmte Dienste zuzugreifen oder alles, was Diese Website Ihnen bietet, in vollem Umfang zu nutzen.<\/p>\n<div class=\"gsp_post_data\" \r\n\t            data-post_type=\"page\" \r\n\t            data-cat=\"\" \r\n\t            data-modified=\"120\"\r\n\t            data-created=\"1609784332\"\r\n\t            data-title=\"COOKIE-RICHTLINIE\" \r\n\t            data-home=\"https:\/\/shopcanarias.es\"><\/div>","protected":false},"excerpt":{"rendered":"<p>ShopCanarias (nachfolgend der \u00abEigent\u00fcmer\u00bb) informiert \u00fcber diese Cookie-Richtlinie \u00fcber die Verwendung von Datenspeicher- und Wiederherstellungsger\u00e4ten auf den Endger\u00e4ten der Nutzer. 1.- Was sind Cookies? Cookies sind Dateien oder Dateien, die auf denComputer\/Smartphone\/Tablet des Benutzersheruntergeladen werden, wenn sie auf bestimmte Webseiten und Anwendungen zugreifen, die es erm\u00f6glichen, Pr\u00e4ferenzen der Navigation des Benutzers zu speichern, was die &hellip; <\/p>\n<p class=\"link-more\"><a href=\"https:\/\/shopcanarias.es\/index.php\/de\/cookie-richtlinie\/\" class=\"more-link\">Continuar leyendo<span class=\"screen-reader-text\"> \u00abCOOKIE-RICHTLINIE\u00bb<\/span><\/a><\/p>\n","protected":false},"author":1,"featured_media":0,"parent":0,"menu_order":0,"comment_status":"closed","ping_status":"closed","template":"","meta":{"footnotes":""},"class_list":["post-5137","page","type-page","status-publish","hentry"],"yoast_head":"<!-- This site is optimized with the Yoast SEO plugin v27.5 - https:\/\/yoast.com\/product\/yoast-seo-wordpress\/ -->\n<title>COOKIE-RICHTLINIE - ShopCanarias.es<\/title>\n<meta name=\"description\" content=\"Definition und Funktion von Cookies, Detailinformationen in einem Schema der verwendeten Cookies, Informationen zum L\u00f6schen von Cookies usw.\" \/>\n<meta name=\"robots\" content=\"index, follow, max-snippet:-1, max-image-preview:large, max-video-preview:-1\" \/>\n<link rel=\"canonical\" href=\"https:\/\/shopcanarias.es\/index.php\/de\/cookie-richtlinie\/\" \/>\n<meta property=\"og:locale\" content=\"es_ES\" \/>\n<meta property=\"og:type\" content=\"article\" \/>\n<meta property=\"og:title\" content=\"COOKIE-RICHTLINIE - ShopCanarias.es\" \/>\n<meta property=\"og:description\" content=\"Definition und Funktion von Cookies, Detailinformationen in einem Schema der verwendeten Cookies, Informationen zum L\u00f6schen von Cookies usw.\" \/>\n<meta property=\"og:url\" content=\"https:\/\/shopcanarias.es\/index.php\/de\/cookie-richtlinie\/\" \/>\n<meta property=\"og:site_name\" content=\"ShopCanarias.es\" \/>\n<meta property=\"article:publisher\" content=\"https:\/\/www.facebook.com\/ShopCanariases-105415177519237\/?modal=admin_todo_tour\" \/>\n<meta property=\"article:modified_time\" content=\"2021-01-04T17:19:04+00:00\" \/>\n<meta name=\"twitter:card\" content=\"summary_large_image\" \/>\n<meta name=\"twitter:site\" content=\"@shopcanarias\" \/>\n<meta name=\"twitter:label1\" content=\"Tiempo de lectura\" \/>\n\t<meta name=\"twitter:data1\" content=\"6 minutos\" \/>\n<script type=\"application\/ld+json\" class=\"yoast-schema-graph\">{\"@context\":\"https:\\\/\\\/schema.org\",\"@graph\":[{\"@type\":\"WebPage\",\"@id\":\"https:\\\/\\\/shopcanarias.es\\\/index.php\\\/de\\\/cookie-richtlinie\\\/\",\"url\":\"https:\\\/\\\/shopcanarias.es\\\/index.php\\\/de\\\/cookie-richtlinie\\\/\",\"name\":\"COOKIE-RICHTLINIE - ShopCanarias.es\",\"isPartOf\":{\"@id\":\"https:\\\/\\\/shopcanarias.es\\\/#website\"},\"datePublished\":\"2021-01-04T17:18:52+00:00\",\"dateModified\":\"2021-01-04T17:19:04+00:00\",\"description\":\"Definition und Funktion von Cookies, Detailinformationen in einem Schema der verwendeten Cookies, Informationen zum L\u00f6schen von Cookies usw.\",\"breadcrumb\":{\"@id\":\"https:\\\/\\\/shopcanarias.es\\\/index.php\\\/de\\\/cookie-richtlinie\\\/#breadcrumb\"},\"inLanguage\":\"es\",\"potentialAction\":[{\"@type\":\"ReadAction\",\"target\":[\"https:\\\/\\\/shopcanarias.es\\\/index.php\\\/de\\\/cookie-richtlinie\\\/\"]}]},{\"@type\":\"BreadcrumbList\",\"@id\":\"https:\\\/\\\/shopcanarias.es\\\/index.php\\\/de\\\/cookie-richtlinie\\\/#breadcrumb\",\"itemListElement\":[{\"@type\":\"ListItem\",\"position\":1,\"name\":\"Home\",\"item\":\"https:\\\/\\\/shopcanarias.es\\\/\"},{\"@type\":\"ListItem\",\"position\":2,\"name\":\"COOKIE-RICHTLINIE\"}]},{\"@type\":\"WebSite\",\"@id\":\"https:\\\/\\\/shopcanarias.es\\\/#website\",\"url\":\"https:\\\/\\\/shopcanarias.es\\\/\",\"name\":\"ShopCanarias.es\",\"description\":\"Tienda online de productos y servicios de las Islas Canarias\",\"publisher\":{\"@id\":\"https:\\\/\\\/shopcanarias.es\\\/#organization\"},\"potentialAction\":[{\"@type\":\"SearchAction\",\"target\":{\"@type\":\"EntryPoint\",\"urlTemplate\":\"https:\\\/\\\/shopcanarias.es\\\/?s={search_term_string}\"},\"query-input\":{\"@type\":\"PropertyValueSpecification\",\"valueRequired\":true,\"valueName\":\"search_term_string\"}}],\"inLanguage\":\"es\"},{\"@type\":\"Organization\",\"@id\":\"https:\\\/\\\/shopcanarias.es\\\/#organization\",\"name\":\"Marketplace Canarias SL\",\"url\":\"https:\\\/\\\/shopcanarias.es\\\/\",\"logo\":{\"@type\":\"ImageObject\",\"inLanguage\":\"es\",\"@id\":\"https:\\\/\\\/shopcanarias.es\\\/#\\\/schema\\\/logo\\\/image\\\/\",\"url\":\"https:\\\/\\\/i0.wp.com\\\/shopcanarias.es\\\/wp-content\\\/uploads\\\/2020\\\/04\\\/Logotipo_Ajustado_Color_300-ppp-scaled.jpg?fit=2560%2C467&ssl=1\",\"contentUrl\":\"https:\\\/\\\/i0.wp.com\\\/shopcanarias.es\\\/wp-content\\\/uploads\\\/2020\\\/04\\\/Logotipo_Ajustado_Color_300-ppp-scaled.jpg?fit=2560%2C467&ssl=1\",\"width\":2560,\"height\":467,\"caption\":\"Marketplace Canarias SL\"},\"image\":{\"@id\":\"https:\\\/\\\/shopcanarias.es\\\/#\\\/schema\\\/logo\\\/image\\\/\"},\"sameAs\":[\"https:\\\/\\\/www.facebook.com\\\/ShopCanariases-105415177519237\\\/?modal=admin_todo_tour\",\"https:\\\/\\\/x.com\\\/shopcanarias\",\"https:\\\/\\\/www.instagram.com\\\/shopcanarias\\\/?hl=es\",\"https:\\\/\\\/www.pinterest.es\\\/pin\\\/611222980666854387\\\/\",\"https:\\\/\\\/www.youtube.com\\\/channel\\\/UCqPIEQS9SBuvJrMWJV8YxuA\"]}]}<\/script>\n<!-- \/ Yoast SEO plugin. -->","yoast_head_json":{"title":"COOKIE-RICHTLINIE - ShopCanarias.es","description":"Definition und Funktion von Cookies, Detailinformationen in einem Schema der verwendeten Cookies, Informationen zum L\u00f6schen von Cookies usw.","robots":{"index":"index","follow":"follow","max-snippet":"max-snippet:-1","max-image-preview":"max-image-preview:large","max-video-preview":"max-video-preview:-1"},"canonical":"https:\/\/shopcanarias.es\/index.php\/de\/cookie-richtlinie\/","og_locale":"es_ES","og_type":"article","og_title":"COOKIE-RICHTLINIE - ShopCanarias.es","og_description":"Definition und Funktion von Cookies, Detailinformationen in einem Schema der verwendeten Cookies, Informationen zum L\u00f6schen von Cookies usw.","og_url":"https:\/\/shopcanarias.es\/index.php\/de\/cookie-richtlinie\/","og_site_name":"ShopCanarias.es","article_publisher":"https:\/\/www.facebook.com\/ShopCanariases-105415177519237\/?modal=admin_todo_tour","article_modified_time":"2021-01-04T17:19:04+00:00","twitter_card":"summary_large_image","twitter_site":"@shopcanarias","twitter_misc":{"Tiempo de lectura":"6 minutos"},"schema":{"@context":"https:\/\/schema.org","@graph":[{"@type":"WebPage","@id":"https:\/\/shopcanarias.es\/index.php\/de\/cookie-richtlinie\/","url":"https:\/\/shopcanarias.es\/index.php\/de\/cookie-richtlinie\/","name":"COOKIE-RICHTLINIE - ShopCanarias.es","isPartOf":{"@id":"https:\/\/shopcanarias.es\/#website"},"datePublished":"2021-01-04T17:18:52+00:00","dateModified":"2021-01-04T17:19:04+00:00","description":"Definition und Funktion von Cookies, Detailinformationen in einem Schema der verwendeten Cookies, Informationen zum L\u00f6schen von Cookies usw.","breadcrumb":{"@id":"https:\/\/shopcanarias.es\/index.php\/de\/cookie-richtlinie\/#breadcrumb"},"inLanguage":"es","potentialAction":[{"@type":"ReadAction","target":["https:\/\/shopcanarias.es\/index.php\/de\/cookie-richtlinie\/"]}]},{"@type":"BreadcrumbList","@id":"https:\/\/shopcanarias.es\/index.php\/de\/cookie-richtlinie\/#breadcrumb","itemListElement":[{"@type":"ListItem","position":1,"name":"Home","item":"https:\/\/shopcanarias.es\/"},{"@type":"ListItem","position":2,"name":"COOKIE-RICHTLINIE"}]},{"@type":"WebSite","@id":"https:\/\/shopcanarias.es\/#website","url":"https:\/\/shopcanarias.es\/","name":"ShopCanarias.es","description":"Tienda online de productos y servicios de las Islas Canarias","publisher":{"@id":"https:\/\/shopcanarias.es\/#organization"},"potentialAction":[{"@type":"SearchAction","target":{"@type":"EntryPoint","urlTemplate":"https:\/\/shopcanarias.es\/?s={search_term_string}"},"query-input":{"@type":"PropertyValueSpecification","valueRequired":true,"valueName":"search_term_string"}}],"inLanguage":"es"},{"@type":"Organization","@id":"https:\/\/shopcanarias.es\/#organization","name":"Marketplace Canarias SL","url":"https:\/\/shopcanarias.es\/","logo":{"@type":"ImageObject","inLanguage":"es","@id":"https:\/\/shopcanarias.es\/#\/schema\/logo\/image\/","url":"https:\/\/i0.wp.com\/shopcanarias.es\/wp-content\/uploads\/2020\/04\/Logotipo_Ajustado_Color_300-ppp-scaled.jpg?fit=2560%2C467&ssl=1","contentUrl":"https:\/\/i0.wp.com\/shopcanarias.es\/wp-content\/uploads\/2020\/04\/Logotipo_Ajustado_Color_300-ppp-scaled.jpg?fit=2560%2C467&ssl=1","width":2560,"height":467,"caption":"Marketplace Canarias SL"},"image":{"@id":"https:\/\/shopcanarias.es\/#\/schema\/logo\/image\/"},"sameAs":["https:\/\/www.facebook.com\/ShopCanariases-105415177519237\/?modal=admin_todo_tour","https:\/\/x.com\/shopcanarias","https:\/\/www.instagram.com\/shopcanarias\/?hl=es","https:\/\/www.pinterest.es\/pin\/611222980666854387\/","https:\/\/www.youtube.com\/channel\/UCqPIEQS9SBuvJrMWJV8YxuA"]}]}},"jetpack_sharing_enabled":true,"_links":{"self":[{"href":"https:\/\/shopcanarias.es\/index.php\/wp-json\/wp\/v2\/pages\/5137","targetHints":{"allow":["GET"]}}],"collection":[{"href":"https:\/\/shopcanarias.es\/index.php\/wp-json\/wp\/v2\/pages"}],"about":[{"href":"https:\/\/shopcanarias.es\/index.php\/wp-json\/wp\/v2\/types\/page"}],"author":[{"embeddable":true,"href":"https:\/\/shopcanarias.es\/index.php\/wp-json\/wp\/v2\/users\/1"}],"replies":[{"embeddable":true,"href":"https:\/\/shopcanarias.es\/index.php\/wp-json\/wp\/v2\/comments?post=5137"}],"version-history":[{"count":0,"href":"https:\/\/shopcanarias.es\/index.php\/wp-json\/wp\/v2\/pages\/5137\/revisions"}],"wp:attachment":[{"href":"https:\/\/shopcanarias.es\/index.php\/wp-json\/wp\/v2\/media?parent=5137"}],"curies":[{"name":"wp","href":"https:\/\/api.w.org\/{rel}","templated":true}]}}