{"id":5127,"date":"2020-12-30T12:34:59","date_gmt":"2020-12-30T11:34:59","guid":{"rendered":"https:\/\/shopcanarias.es\/index.php\/politique-de-confidentialite\/"},"modified":"2020-12-30T12:35:09","modified_gmt":"2020-12-30T11:35:09","slug":"politique-de-confidentialite","status":"publish","type":"page","link":"https:\/\/shopcanarias.es\/index.php\/fr\/politique-de-confidentialite\/","title":{"rendered":"POLITIQUE DE CONFIDENTIALIT\u00c9"},"content":{"rendered":"\n<p><a><strong>1.- Qui est responsable du traitement de vos donn\u00e9es?<\/strong><\/a><strong><\/strong><\/p>\n\n<p>Le contr\u00f4leur de vos donn\u00e9es personnelles est MARKETPLACE CANARIAS, S.L. (ci-apr\u00e8s appel\u00e9<strong>\u00abShopCanarias\u00bb),<\/strong>avec N.I.F. num\u00e9ro B-76819259 et \u00e9tabli \u00e0 C\/ la Duraznillo 3 Ptl.1 3o C 38390, (Santa Ursula), Santa Cruz De Tenerife.<\/p>\n\n<p>Nous vous informons que la propri\u00e9t\u00e9 de ce site Web (ci-apr\u00e8s,<strong>\n  <em>le \u00absite Web\u00bb)<\/em>\n<\/strong>est de MARKETPLACE CANARIAS, S.L.<\/p>\n\n<p>L\u2019acc\u00e8s et\/ou l\u2019utilisation du site Web attribue le statut d\u2019utilisateur de la m\u00eame chose et implique l\u2019acceptation, \u00e0 partir de cet acc\u00e8s et \/ ou l\u2019utilisation, de cette politique de confidentialit\u00e9.<\/p>\n\n<p>L\u2019utilisateur peut contacter ShopCanarias \u00e0 l\u2019adresse e-mail suivante:<a href=\"mailto:info@shopcanarias.es\">info@shopcanarias.es<\/a>.<\/p>\n\n<p><strong>2.- Pourquoi ShopCanarias a-t-il le droit d\u2019effectuer le traitement des donn\u00e9es?<\/strong><strong><\/strong><\/p>\n\n<p>ShopCanarias a le droit de traiter vos donn\u00e9es afin d\u2019effectuer la fourniture de ses services.<\/p>\n\n<p>ShopCanarias prend tr\u00e8s au s\u00e9rieux la protection de votre vie priv\u00e9e et de vos donn\u00e9es personnelles. Par cons\u00e9quent, vos renseignements personnels sont conserv\u00e9s en toute s\u00e9curit\u00e9 et trait\u00e9s avec le plus grand soin.<\/p>\n\n<p>Cette politique de confidentialit\u00e9 r\u00e9glemente l\u2019acc\u00e8s et l\u2019utilisation du service (ci-apr\u00e8s,<strong>\n  <em>le \u00ab Service \u00bb)<\/em>\n<\/strong>que ShopCanarias met \u00e0 la disposition de l\u2019utilisateur int\u00e9ress\u00e9 par les services et le contenu h\u00e9berg\u00e9s sur le site Web.<\/p>\n\n<p>En ce qui concerne le consentement, l\u2019utilisateur peut le retirer \u00e0 tout moment en envoyant un message \u00e0 l\u2019adresse e-mail indiqu\u00e9e dans la premi\u00e8re section de cette politique de confidentialit\u00e9, sans affecter la l\u00e9galit\u00e9 du traitement en fonction du consentement avant son retrait.<\/p>\n\n<p><strong>3.- Quels sont<\/strong> <strong>les<\/strong> <strong><em>\n  \n<\/em> <strong>objectifs du<\/strong>traitement de vos<strong>donn\u00e9es<\/strong> personnelles<strong> par<\/strong> <strong> <a>ShopCanarias<\/a><\/strong><strong>?<\/strong><\/strong><\/p>\n\n<p><a>Vos<\/a>donn\u00e9es personnelles recueillies par ShopCanarias peuvent \u00eatre utilis\u00e9es aux fins suivantes, selon le consentement accord\u00e9 dans le formulaire d\u2019inscription correspondant :<\/p>\n\n<ul class=\"wp-block-list\"><li>La prestation des services offerts par l\u2019interm\u00e9diaire du site Web.<\/li><\/ul>\n<ul class=\"wp-block-list\"><li>communications commerciales profil\u00e9es <em>et\/ou newsletter<\/em> par ShopCanarias. Ainsi, si l\u2019utilisateur y consent, ses donn\u00e9es personnelles peuvent \u00eatre utilis\u00e9es pour l\u2019envoyer par lettre, t\u00e9l\u00e9phone, courriel, SMS\/MMS, ou par d\u2019autres moyens de communication \u00e9lectroniques \u00e9quivalents, communications commerciales et\/ou newsletter.<\/li><\/ul>\n<p><strong>4.- V\u00e9racit\u00e9 des donn\u00e9es fournies par les utilisateurs et des donn\u00e9es des mineurs<\/strong><strong><\/strong><\/p>\n\n<p>L\u2019Utilisateur garantit que les donn\u00e9es personnelles fournies sont v\u00e9ridiques et est responsable de communiquer \u00e0 ShopCanarias toute modification de celles-ci. L\u2019Utilisateur r\u00e9pondra, en tout \u00e9tat de cause, \u00e0 la v\u00e9racit\u00e9 des donn\u00e9es fournies, r\u00e9servant \u00e0 ShopCanarias le droit d\u2019exclure des services enregistr\u00e9s tout utilisateur qui a fourni de fausses donn\u00e9es, sans pr\u00e9judice des autres actions qui peuvent \u00eatre men\u00e9es en droit.<\/p>\n\n<p><a><strong>5.-Conservation des donn\u00e9es<\/strong><\/a><strong><\/strong><\/p>\n\n<p>Les donn\u00e9es personnelles fournies seront conserv\u00e9es par ShopCanarias tant que l\u2019utilisateur n\u2019exprimera <a>pas<\/a> sa volont\u00e9 de se d\u00e9sabonner des services de ShopCanarias, afin de recevoir des informations sur les produits de l\u2019entreprise. Par la suite, si n\u00e9cessaire et pour s\u2019acquitter des responsabilit\u00e9s \u00e9ventuelles qui peuvent d\u00e9couler du traitement des donn\u00e9es ou des activit\u00e9s des utilisateurs, <a>ShopCanarias<\/a> gardera les informations bloqu\u00e9es dans les d\u00e9lais l\u00e9galement \u00e9tablis.<\/p>\n\n<p><a><strong>6.- Droits des utilisateurs en relation<\/strong>\n  \n<\/a>avec vos<strong>donn\u00e9es<\/strong> <strong><\/strong><strong><\/strong><\/p>\n\n<p>L\u2019utilisateur a le droit de<\/p>\n\n<ul class=\"wp-block-list\"><li>Acc\u00e9dez \u00e0 vos donn\u00e9es personnelles.<\/li><\/ul>\n<ul class=\"wp-block-list\"><li>Demander la rectification de donn\u00e9es inexactes<\/li><\/ul>\n<ul class=\"wp-block-list\"><li>Demander sa suppression.<\/li><\/ul>\n<ul class=\"wp-block-list\"><li>  Demandez la limitation du traitement de vos donn\u00e9es.<\/li><\/ul>\n<ul class=\"wp-block-list\"><li>  S\u2019opposer au traitement de vos donn\u00e9es.<\/li><\/ul>\n<ul class=\"wp-block-list\"><li>  Demandez votre portabilit\u00e9.<\/li><\/ul>\n<ul class=\"wp-block-list\"><li>Ne pas \u00eatre soumis \u00e0 des d\u00e9cisions individuelles automatis\u00e9es.<\/li><\/ul>\n<p>L\u2019utilisateur peut exercer tous ces droits \u00e0 <a href=\"mailto:info@shopcanarias.es\">l\u2019adresse e-mail suivante info@shopcanarias.es<\/a> indiquant la raison de sa demande et fournissant une copie de sa carte d\u2019identit\u00e9.<\/p>\n\n<p>L\u2019utilisateur peut \u00e9galement envoyer sa demande par courrier r\u00e9gulier \u00e0 l\u2019adresse suivante :<\/p>\n\n<p>MARKETPLACE CANARIAS, S.L<\/p>\n\n<p>CIF B-76819259<\/p>\n\n<p>C\/ Duraznillo 3 Ptl.1 3o C 38390, (Santa Ursula),<\/p>\n\n<p>Santa Cruz De Tenerife<\/p>\n\n<p>En l\u2019espace d\u2019un pr\u00e9judice \u00e0 tout autre recours administratif ou action en justice, l\u2019utilisateur a le droit de d\u00e9poser une plainte aupr\u00e8s d\u2019une autorit\u00e9 de surveillance, en particulier dans l\u2019\u00c9tat membre o\u00f9 il a sa r\u00e9sidence habituelle, son lieu de travail ou le lieu de l\u2019infraction all\u00e9gu\u00e9e, s\u2019il estime que le traitement de ses donn\u00e9es personnelles n\u2019est pas appropri\u00e9 \u00e0 la r\u00e9glementation. , ainsi que dans le cas o\u00f9 l\u2019exercice de vos droits n\u2019est pas satisfait. L\u2019autorit\u00e9 de surveillance \u00e0 laquelle la plainte a \u00e9t\u00e9 d\u00e9pos\u00e9e informe le plaignant du cours et de l\u2019issue de la plainte.<\/p>\n\n<p><a><strong>7.- S\u00e9curit\u00e9 des donn\u00e9es<\/strong><\/a><strong><\/strong><\/p>\n\n<p>La protection de la vie priv\u00e9e et des donn\u00e9es personnelles des utilisateurs est tr\u00e8s importante pour ShopCanarias. Par cons\u00e9quent, ShopCanarias fait tout ce qui est en son pouvoir pour emp\u00eacher que vos donn\u00e9es ne soient utilis\u00e9es \u00e0 mauvais escient, n\u2019y permettant l\u2019acc\u00e8s qu\u2019au personnel autoris\u00e9.<\/p>\n\n<p>ShopCanarias maintient les niveaux de s\u00e9curit\u00e9 de la protection des donn\u00e9es personnelles conform\u00e9ment \u00e0 la r\u00e9glementation applicable et a mis en place tous les moyens techniques \u00e0 sa disposition pour pr\u00e9venir la perte, l\u2019utilisation abusive, la modification, l\u2019acc\u00e8s non autoris\u00e9 et le vol des donn\u00e9es que l\u2019utilisateur fournit par l\u2019interm\u00e9diaire du site Web sans pr\u00e9judice pour l\u2019informer que les mesures de s\u00e9curit\u00e9 sur Internet ne sont pas imprenables.<\/p>\n\n<p>ShopCanarias s\u2019engage \u00e0 respecter l\u2019obligation de confidentialit\u00e9 et de confidentialit\u00e9 \u00e0 l\u2019\u00e9gard des donn\u00e9es personnelles conform\u00e9ment \u00e0 la loi applicable, ainsi qu\u2019\u00e0 leur accorder un traitement s\u00fbr dans les transferts internationaux et les transferts de donn\u00e9es qui peuvent se produire.<\/p>\n\n<p>Pour les services du site Web qui doivent s\u2019inscrire en tant qu\u2019utilisateur, un mot de passe doit \u00eatre choisi. L\u2019utilisateur est responsable du maintien de la confidentialit\u00e9 de ce mot de passe, ainsi que de toutes les activit\u00e9s qui se produisent dans la session initi\u00e9e avec son nom et son mot de passe.<\/p>\n\n<p>L\u2019utilisateur s\u2019engage \u00e0 aviser ShopCanarias d\u00e8s que possible de l\u2019utilisation non autoris\u00e9e de son nom d\u2019utilisateur et\/ou mot de passe ou de toute autre d\u00e9faillance de s\u00e9curit\u00e9. ShopCanarias ne sera pas responsable des dommages ou pertes qui pourraient survenir en raison du non-respect de cette obligation par l\u2019Utilisateur.<\/p>\n\n<p><a><strong>8.- Examen de<\/strong>\n  \n<\/a> <strong>la politique de confidentialit\u00e9<\/strong><\/p>\n\n<p>ShopCanarias se r\u00e9serve le droit de r\u00e9viser sa politique de confidentialit\u00e9 \u00e0 tout moment qu\u2019elle juge appropri\u00e9e. Pour cette raison, veuillez consulter r\u00e9guli\u00e8rement cette politique de confidentialit\u00e9 pour lire la derni\u00e8re version de cette politique de confidentialit\u00e9.<\/p>\n\n<p>Toutefois, toute modification \u00e0 cette politique de confidentialit\u00e9 sera communiqu\u00e9e \u00e0 l\u2019utilisateur.<\/p>\n\n<p><a><strong>9.- Liens vers des sites Web<\/strong><\/a><strong><\/strong><\/p>\n\n<p>Le site Web de ShopCanarias peut contenir des liens vers des sites Web d\u2019entreprises et d\u2019entit\u00e9s tierces. ShopCanarias ne peut \u00eatre tenu responsable de la fa\u00e7on dont ces entreprises traitent la protection de la vie priv\u00e9e et des donn\u00e9es personnelles, nous vous conseillons donc de lire attentivement les \u00e9nonc\u00e9s de politique de confidentialit\u00e9 de ces sites Web qui ne sont pas la propri\u00e9t\u00e9 de ShopCanarias en ce qui concerne l\u2019utilisation, le traitement et la protection des donn\u00e9es personnelles.<\/p>\n\n<p>Les conditions offertes par ces sites web peuvent ne pas \u00eatre les m\u00eames que celles offertes par ShopCanarias.<\/p>\n\n<p><a><strong>10.- Questions<\/strong><\/a><strong><\/strong><\/p>\n\n<p>Si vous avez des questions au sujet de cette politique de confidentialit\u00e9 ou du traitement de vos donn\u00e9es, veuillez contacter ShopCanarias par courriel \u00e0 l\u2019adresse<a href=\"mailto:info@shopcanarias.es\">e-mail suivante : info@shopcanarias.es.<\/a><\/p>\n\n<p><strong>11.- Acceptation et consentement<\/strong>.<\/p>\n\n<p>L\u2019utilisateur d\u00e9clare avoir \u00e9t\u00e9 inform\u00e9 des conditions relatives \u00e0 la protection des donn\u00e9es personnelles, acceptant et consentant au traitement de celles-ci par ShopCanarias, sous la forme et aux fins indiqu\u00e9es dans la pr\u00e9sente politique de confidentialit\u00e9.<\/p>\n<div class=\"gsp_post_data\" \r\n\t            data-post_type=\"page\" \r\n\t            data-cat=\"\" \r\n\t            data-modified=\"120\"\r\n\t            data-created=\"1609331699\"\r\n\t            data-title=\"POLITIQUE DE CONFIDENTIALIT\u00c9\" \r\n\t            data-home=\"https:\/\/shopcanarias.es\"><\/div>","protected":false},"excerpt":{"rendered":"<p>1.- Qui est responsable du traitement de vos donn\u00e9es? Le contr\u00f4leur de vos donn\u00e9es personnelles est MARKETPLACE CANARIAS, S.L. (ci-apr\u00e8s appel\u00e9\u00abShopCanarias\u00bb),avec N.I.F. num\u00e9ro B-76819259 et \u00e9tabli \u00e0 C\/ la Duraznillo 3 Ptl.1 3o C 38390, (Santa Ursula), Santa Cruz De Tenerife. Nous vous informons que la propri\u00e9t\u00e9 de ce site Web (ci-apr\u00e8s, le \u00absite Web\u00bb) &hellip; <\/p>\n<p class=\"link-more\"><a href=\"https:\/\/shopcanarias.es\/index.php\/fr\/politique-de-confidentialite\/\" class=\"more-link\">Continuar leyendo<span class=\"screen-reader-text\"> \u00abPOLITIQUE DE CONFIDENTIALIT\u00c9\u00bb<\/span><\/a><\/p>\n","protected":false},"author":1,"featured_media":0,"parent":0,"menu_order":0,"comment_status":"closed","ping_status":"closed","template":"","meta":{"footnotes":""},"class_list":["post-5127","page","type-page","status-publish","hentry"],"yoast_head":"<!-- This site is optimized with the Yoast SEO plugin v27.5 - https:\/\/yoast.com\/product\/yoast-seo-wordpress\/ -->\n<title>POLITIQUE DE CONFIDENTIALIT\u00c9 - ShopCanarias.es<\/title>\n<meta name=\"description\" content=\"Responsable du traitement des donn\u00e9es, des fins de traitement, de la conservation des donn\u00e9es, des droits de l\u2019utilisateur, de la s\u00e9curit\u00e9 des donn\u00e9es, etc.\" \/>\n<meta name=\"robots\" content=\"index, follow, max-snippet:-1, max-image-preview:large, max-video-preview:-1\" \/>\n<link rel=\"canonical\" href=\"https:\/\/shopcanarias.es\/index.php\/fr\/politique-de-confidentialite\/\" \/>\n<meta property=\"og:locale\" content=\"es_ES\" \/>\n<meta property=\"og:type\" content=\"article\" \/>\n<meta property=\"og:title\" content=\"POLITIQUE DE CONFIDENTIALIT\u00c9 - ShopCanarias.es\" \/>\n<meta property=\"og:description\" content=\"Responsable du traitement des donn\u00e9es, des fins de traitement, de la conservation des donn\u00e9es, des droits de l\u2019utilisateur, de la s\u00e9curit\u00e9 des donn\u00e9es, etc.\" \/>\n<meta property=\"og:url\" content=\"https:\/\/shopcanarias.es\/index.php\/fr\/politique-de-confidentialite\/\" \/>\n<meta property=\"og:site_name\" content=\"ShopCanarias.es\" \/>\n<meta property=\"article:publisher\" content=\"https:\/\/www.facebook.com\/ShopCanariases-105415177519237\/?modal=admin_todo_tour\" \/>\n<meta property=\"article:modified_time\" content=\"2020-12-30T11:35:09+00:00\" \/>\n<meta name=\"twitter:card\" content=\"summary_large_image\" \/>\n<meta name=\"twitter:site\" content=\"@shopcanarias\" \/>\n<meta name=\"twitter:label1\" content=\"Tiempo de lectura\" \/>\n\t<meta name=\"twitter:data1\" content=\"7 minutos\" \/>\n<script type=\"application\/ld+json\" class=\"yoast-schema-graph\">{\"@context\":\"https:\\\/\\\/schema.org\",\"@graph\":[{\"@type\":\"WebPage\",\"@id\":\"https:\\\/\\\/shopcanarias.es\\\/index.php\\\/fr\\\/politique-de-confidentialite\\\/\",\"url\":\"https:\\\/\\\/shopcanarias.es\\\/index.php\\\/fr\\\/politique-de-confidentialite\\\/\",\"name\":\"POLITIQUE DE CONFIDENTIALIT\u00c9 - ShopCanarias.es\",\"isPartOf\":{\"@id\":\"https:\\\/\\\/shopcanarias.es\\\/#website\"},\"datePublished\":\"2020-12-30T11:34:59+00:00\",\"dateModified\":\"2020-12-30T11:35:09+00:00\",\"description\":\"Responsable du traitement des donn\u00e9es, des fins de traitement, de la conservation des donn\u00e9es, des droits de l\u2019utilisateur, de la s\u00e9curit\u00e9 des donn\u00e9es, etc.\",\"breadcrumb\":{\"@id\":\"https:\\\/\\\/shopcanarias.es\\\/index.php\\\/fr\\\/politique-de-confidentialite\\\/#breadcrumb\"},\"inLanguage\":\"es\",\"potentialAction\":[{\"@type\":\"ReadAction\",\"target\":[\"https:\\\/\\\/shopcanarias.es\\\/index.php\\\/fr\\\/politique-de-confidentialite\\\/\"]}]},{\"@type\":\"BreadcrumbList\",\"@id\":\"https:\\\/\\\/shopcanarias.es\\\/index.php\\\/fr\\\/politique-de-confidentialite\\\/#breadcrumb\",\"itemListElement\":[{\"@type\":\"ListItem\",\"position\":1,\"name\":\"Home\",\"item\":\"https:\\\/\\\/shopcanarias.es\\\/\"},{\"@type\":\"ListItem\",\"position\":2,\"name\":\"POLITIQUE DE CONFIDENTIALIT\u00c9\"}]},{\"@type\":\"WebSite\",\"@id\":\"https:\\\/\\\/shopcanarias.es\\\/#website\",\"url\":\"https:\\\/\\\/shopcanarias.es\\\/\",\"name\":\"ShopCanarias.es\",\"description\":\"Tienda online de productos y servicios de las Islas Canarias\",\"publisher\":{\"@id\":\"https:\\\/\\\/shopcanarias.es\\\/#organization\"},\"potentialAction\":[{\"@type\":\"SearchAction\",\"target\":{\"@type\":\"EntryPoint\",\"urlTemplate\":\"https:\\\/\\\/shopcanarias.es\\\/?s={search_term_string}\"},\"query-input\":{\"@type\":\"PropertyValueSpecification\",\"valueRequired\":true,\"valueName\":\"search_term_string\"}}],\"inLanguage\":\"es\"},{\"@type\":\"Organization\",\"@id\":\"https:\\\/\\\/shopcanarias.es\\\/#organization\",\"name\":\"Marketplace Canarias SL\",\"url\":\"https:\\\/\\\/shopcanarias.es\\\/\",\"logo\":{\"@type\":\"ImageObject\",\"inLanguage\":\"es\",\"@id\":\"https:\\\/\\\/shopcanarias.es\\\/#\\\/schema\\\/logo\\\/image\\\/\",\"url\":\"https:\\\/\\\/i0.wp.com\\\/shopcanarias.es\\\/wp-content\\\/uploads\\\/2020\\\/04\\\/Logotipo_Ajustado_Color_300-ppp-scaled.jpg?fit=2560%2C467&ssl=1\",\"contentUrl\":\"https:\\\/\\\/i0.wp.com\\\/shopcanarias.es\\\/wp-content\\\/uploads\\\/2020\\\/04\\\/Logotipo_Ajustado_Color_300-ppp-scaled.jpg?fit=2560%2C467&ssl=1\",\"width\":2560,\"height\":467,\"caption\":\"Marketplace Canarias SL\"},\"image\":{\"@id\":\"https:\\\/\\\/shopcanarias.es\\\/#\\\/schema\\\/logo\\\/image\\\/\"},\"sameAs\":[\"https:\\\/\\\/www.facebook.com\\\/ShopCanariases-105415177519237\\\/?modal=admin_todo_tour\",\"https:\\\/\\\/x.com\\\/shopcanarias\",\"https:\\\/\\\/www.instagram.com\\\/shopcanarias\\\/?hl=es\",\"https:\\\/\\\/www.pinterest.es\\\/pin\\\/611222980666854387\\\/\",\"https:\\\/\\\/www.youtube.com\\\/channel\\\/UCqPIEQS9SBuvJrMWJV8YxuA\"]}]}<\/script>\n<!-- \/ Yoast SEO plugin. -->","yoast_head_json":{"title":"POLITIQUE DE CONFIDENTIALIT\u00c9 - ShopCanarias.es","description":"Responsable du traitement des donn\u00e9es, des fins de traitement, de la conservation des donn\u00e9es, des droits de l\u2019utilisateur, de la s\u00e9curit\u00e9 des donn\u00e9es, etc.","robots":{"index":"index","follow":"follow","max-snippet":"max-snippet:-1","max-image-preview":"max-image-preview:large","max-video-preview":"max-video-preview:-1"},"canonical":"https:\/\/shopcanarias.es\/index.php\/fr\/politique-de-confidentialite\/","og_locale":"es_ES","og_type":"article","og_title":"POLITIQUE DE CONFIDENTIALIT\u00c9 - ShopCanarias.es","og_description":"Responsable du traitement des donn\u00e9es, des fins de traitement, de la conservation des donn\u00e9es, des droits de l\u2019utilisateur, de la s\u00e9curit\u00e9 des donn\u00e9es, etc.","og_url":"https:\/\/shopcanarias.es\/index.php\/fr\/politique-de-confidentialite\/","og_site_name":"ShopCanarias.es","article_publisher":"https:\/\/www.facebook.com\/ShopCanariases-105415177519237\/?modal=admin_todo_tour","article_modified_time":"2020-12-30T11:35:09+00:00","twitter_card":"summary_large_image","twitter_site":"@shopcanarias","twitter_misc":{"Tiempo de lectura":"7 minutos"},"schema":{"@context":"https:\/\/schema.org","@graph":[{"@type":"WebPage","@id":"https:\/\/shopcanarias.es\/index.php\/fr\/politique-de-confidentialite\/","url":"https:\/\/shopcanarias.es\/index.php\/fr\/politique-de-confidentialite\/","name":"POLITIQUE DE CONFIDENTIALIT\u00c9 - ShopCanarias.es","isPartOf":{"@id":"https:\/\/shopcanarias.es\/#website"},"datePublished":"2020-12-30T11:34:59+00:00","dateModified":"2020-12-30T11:35:09+00:00","description":"Responsable du traitement des donn\u00e9es, des fins de traitement, de la conservation des donn\u00e9es, des droits de l\u2019utilisateur, de la s\u00e9curit\u00e9 des donn\u00e9es, etc.","breadcrumb":{"@id":"https:\/\/shopcanarias.es\/index.php\/fr\/politique-de-confidentialite\/#breadcrumb"},"inLanguage":"es","potentialAction":[{"@type":"ReadAction","target":["https:\/\/shopcanarias.es\/index.php\/fr\/politique-de-confidentialite\/"]}]},{"@type":"BreadcrumbList","@id":"https:\/\/shopcanarias.es\/index.php\/fr\/politique-de-confidentialite\/#breadcrumb","itemListElement":[{"@type":"ListItem","position":1,"name":"Home","item":"https:\/\/shopcanarias.es\/"},{"@type":"ListItem","position":2,"name":"POLITIQUE DE CONFIDENTIALIT\u00c9"}]},{"@type":"WebSite","@id":"https:\/\/shopcanarias.es\/#website","url":"https:\/\/shopcanarias.es\/","name":"ShopCanarias.es","description":"Tienda online de productos y servicios de las Islas Canarias","publisher":{"@id":"https:\/\/shopcanarias.es\/#organization"},"potentialAction":[{"@type":"SearchAction","target":{"@type":"EntryPoint","urlTemplate":"https:\/\/shopcanarias.es\/?s={search_term_string}"},"query-input":{"@type":"PropertyValueSpecification","valueRequired":true,"valueName":"search_term_string"}}],"inLanguage":"es"},{"@type":"Organization","@id":"https:\/\/shopcanarias.es\/#organization","name":"Marketplace Canarias SL","url":"https:\/\/shopcanarias.es\/","logo":{"@type":"ImageObject","inLanguage":"es","@id":"https:\/\/shopcanarias.es\/#\/schema\/logo\/image\/","url":"https:\/\/i0.wp.com\/shopcanarias.es\/wp-content\/uploads\/2020\/04\/Logotipo_Ajustado_Color_300-ppp-scaled.jpg?fit=2560%2C467&ssl=1","contentUrl":"https:\/\/i0.wp.com\/shopcanarias.es\/wp-content\/uploads\/2020\/04\/Logotipo_Ajustado_Color_300-ppp-scaled.jpg?fit=2560%2C467&ssl=1","width":2560,"height":467,"caption":"Marketplace Canarias SL"},"image":{"@id":"https:\/\/shopcanarias.es\/#\/schema\/logo\/image\/"},"sameAs":["https:\/\/www.facebook.com\/ShopCanariases-105415177519237\/?modal=admin_todo_tour","https:\/\/x.com\/shopcanarias","https:\/\/www.instagram.com\/shopcanarias\/?hl=es","https:\/\/www.pinterest.es\/pin\/611222980666854387\/","https:\/\/www.youtube.com\/channel\/UCqPIEQS9SBuvJrMWJV8YxuA"]}]}},"jetpack_sharing_enabled":true,"_links":{"self":[{"href":"https:\/\/shopcanarias.es\/index.php\/wp-json\/wp\/v2\/pages\/5127","targetHints":{"allow":["GET"]}}],"collection":[{"href":"https:\/\/shopcanarias.es\/index.php\/wp-json\/wp\/v2\/pages"}],"about":[{"href":"https:\/\/shopcanarias.es\/index.php\/wp-json\/wp\/v2\/types\/page"}],"author":[{"embeddable":true,"href":"https:\/\/shopcanarias.es\/index.php\/wp-json\/wp\/v2\/users\/1"}],"replies":[{"embeddable":true,"href":"https:\/\/shopcanarias.es\/index.php\/wp-json\/wp\/v2\/comments?post=5127"}],"version-history":[{"count":0,"href":"https:\/\/shopcanarias.es\/index.php\/wp-json\/wp\/v2\/pages\/5127\/revisions"}],"wp:attachment":[{"href":"https:\/\/shopcanarias.es\/index.php\/wp-json\/wp\/v2\/media?parent=5127"}],"curies":[{"name":"wp","href":"https:\/\/api.w.org\/{rel}","templated":true}]}}