{"id":5122,"date":"2020-12-30T12:33:52","date_gmt":"2020-12-30T11:33:52","guid":{"rendered":"https:\/\/shopcanarias.es\/index.php\/politique-des-cookies\/"},"modified":"2020-12-30T12:34:06","modified_gmt":"2020-12-30T11:34:06","slug":"politique-des-cookies","status":"publish","type":"page","link":"https:\/\/shopcanarias.es\/index.php\/fr\/politique-des-cookies\/","title":{"rendered":"POLITIQUE DES COOKIES"},"content":{"rendered":"\n<p>ShopCanarias (ci-apr\u00e8s, le<strong>\n  <em>\u00abPROPRI\u00c9TAIRE\u00bb)<\/em>\n<\/strong>informe, par le biais de cette politique cookies, sur l\u2019utilisation de dispositifs de stockage et de r\u00e9cup\u00e9ration de donn\u00e9es sur l\u2019\u00e9quipement terminal des utilisateurs.<\/p>\n\n<p><a><strong>1.- Qu\u2019est-ce que les cookies?<\/strong><\/a><strong><\/strong><\/p>\n\n<p>Les cookies sont des fichiers ou des fichiers qui sont t\u00e9l\u00e9charg\u00e9s sur<em>l\u2019ordinateur\/smartphone\/tablette de l\u2019utilisateur lors de l\u2019acc\u00e8s<\/em>\u00e0 certaines pages<em> <\/em> Web et applications qui permettent de stocker les pr\u00e9f\u00e9rences de la navigation de l\u2019utilisateur, ce qui rend l\u2019interaction entre l\u2019utilisateur et le site Web plus rapide et plus facile.<\/p>\n\n<p>Les informations collect\u00e9es par les cookies sont anonymes et ne contiennent aucune information sensible car elles ne recueillent pas de donn\u00e9es qui peuvent identifier personnellement l\u2019Utilisateur. Dans tous les cas, l\u2019utilisateur peut acc\u00e9der aux param\u00e8tres de son navigateur pour modifier et\/ou bloquer l\u2019installation des cookies envoy\u00e9s \u00e0 partir du site Web, sans emp\u00eacher l\u2019acc\u00e8s au contenu.<\/p>\n\n<p><a><strong>2.- \u00c0 quoi le PROPRI\u00c9TAIRE utilise-t-il des cookies?<\/strong><\/a><strong><\/strong><\/p>\n\n<p>Conform\u00e9ment \u00e0 la loi 34\/2002 du 11 juillet, sur les services de la soci\u00e9t\u00e9 de l\u2019information et le commerce \u00e9lectronique (ci-apr\u00e8s, \u00ab<strong>\n  <em>LSSI<\/em>\n<\/strong>\u00ab), ce site Web utilise des cookies ou d\u2019autres dispositifs de stockage et de r\u00e9cup\u00e9ration d\u2019informations pour suivre les interactions des utilisateurs avec les services offerts sur le site Web.<\/p>\n\n<p>Les cookies permettent de reconna\u00eetre le navigateur d\u2019un utilisateur, ainsi que le type d\u2019appareil \u00e0 partir duquel le site est accessible et utilis\u00e9 pour faciliter la prochaine visite de l\u2019utilisateur et lui rendre le site web plus utile.<\/p>\n\n<p>Le PROPRI\u00c9TAIRE utilise des cookies pour :<\/p>\n\n<ul class=\"wp-block-list\"><li>Optimisez la navigation des utilisateurs en suivant la session.<\/li><\/ul>\n<ul class=\"wp-block-list\"><li>Recueillir des informations pour optimiser la navigation et am\u00e9liorer le site Web.<\/li><\/ul>\n<p>Le site web utilise les \u00e9l\u00e9ments suivants :<\/p>\n\n<ul class=\"wp-block-list\"><li><strong>Obligatoire: <\/strong> Cookies strictement n\u00e9cessaires pour fournir un service ou un contenu demand\u00e9 par l\u2019utilisateur. Ceux-ci sont responsables d\u2019aspects techniques tels que l\u2019identification des enregistrements et la gestion des pr\u00e9f\u00e9rences des outils dans l\u2019utilisation, l\u2019interaction et la localisation de l\u2019acc\u00e8s au contenu.<\/li><\/ul>\n<figure class=\"wp-block-table\"><table><tbody><tr><td><strong>Nom<\/strong><\/td><td><strong>But<\/strong><\/td><td><strong>Expiration<\/strong><\/td><td><strong>Fournisseur<\/strong><\/td><\/tr><tr><td>tk_lr<\/td><td>mesures internes de l\u2019activit\u00e9 de l\u2019utilisateur pour am\u00e9liorer l\u2019exp\u00e9rience utilisateur<\/td><td>1 an<\/td><td>shopcanarias.es<\/td><\/tr><tr><td>tk_or<\/td><td>mesures internes de l\u2019activit\u00e9 de l\u2019utilisateur pour am\u00e9liorer l\u2019exp\u00e9rience utilisateur<\/td><td>5 ans<\/td><td>shopcanarias.es<\/td><\/tr><tr><td>_swa_u<\/td><td><\/td><td>3 ans<\/td><td>shopcanarias.es<\/td><\/tr><tr><td>_fbp<\/td><td>Facebook les utilise pour offrir des produits publicitaires, tels que des offres en temps r\u00e9el d\u2019annonceurs tiers<\/td><td>3 mois<\/td><td>Facebook<\/td><\/tr><tr><td>tk_r3d<\/td><td>mesures internes de l\u2019activit\u00e9 de l\u2019utilisateur pour am\u00e9liorer l\u2019exp\u00e9rience utilisateur<\/td><td>3 jours<\/td><td>shopcanarias.es<\/td><\/tr><\/tbody><\/table><\/figure>\n<ul class=\"wp-block-list\"><li><a><strong>Fonctionnel<\/strong>\n  \n<\/a> <a href=\"#_msocom_2\"> <\/a>: Les cookies fonctionnels donnent \u00e0 l\u2019utilisateur des informations qui enrichissent l\u2019exp\u00e9rience de navigation, telles que la pr\u00e9sentation des pr\u00e9visions m\u00e9t\u00e9orologiques en fonction de leur emplacement.<\/li><\/ul>\n<figure class=\"wp-block-table\"><table><tbody><tr><td><strong>Nom<\/strong><\/td><td><strong>But<\/strong><\/td><td><strong>Expiration<\/strong><\/td><td><strong>Fournisseur<\/strong><\/td><\/tr><tr><td><strong> <\/strong>wordpress_sec_<\/td><td>  cl\u00e9 pour contr\u00f4ler l\u2019acc\u00e8s d\u2019un utilisateur \u00e0 WordPress<\/td><td>  Session<\/td><td>  WordPress<\/td><\/tr><tr><td>  wp-wpml_current_language<\/td><td>  retourne la langue actuelle<\/td><td>  24 heures sur 24<\/td><td>Wpml<\/td><\/tr><tr><td>  wp-wpml_current_admin_language_<\/td><td>  pour les param\u00e8tres linguistiques<\/td><td>  24 heures sur 24<\/td><td>  Wpml<\/td><\/tr><tr><td>PHPSESSID (en)<\/td><td>permet au Web d\u2019enregistrer des donn\u00e9es d\u2019\u00e9tat s\u00e9rialis\u00e9es<\/td><td>  Session<\/td><td>shopcanarias.es<\/td><\/tr><tr><td>wp_woocommerce_session_<\/td><td>pour conserver les donn\u00e9es du chariot<\/td><td>48 heures<\/td><td>WooCommerce (en)<\/td><\/tr><tr><td>webmailsession (en)<\/td><td>pour la bonne administration de la page<\/td><td>  Session<\/td><td>shopcanarias.es<\/td><\/tr><tr><td>wordpress_test_cookie<\/td><td>d\u00e9termine si les cookies peuvent \u00eatre stock\u00e9s, pour \u00eatre utilis\u00e9s par le message d\u2019avertissement des cookies<\/td><td>  Session<\/td><td>WordPress<\/td><\/tr><tr><td>_wcml_dashboard_currency<\/td><td>stocke la devise ou la devise s\u00e9lectionn\u00e9e par l\u2019utilisateur<\/td><td>  24 heures sur 24<\/td><td>WooCommerce (en)<\/td><\/tr><tr><td>Timezone<\/td><td>recueille des informations sur l\u2019heure et le fuseau horaire de l\u2019utilisateur<\/td><td>  Session<\/td><td>shopcanarias.es<\/td><\/tr><tr><td>wordpress_logged_in_<\/td><td>  enregistre les d\u00e9tails d\u2019authentification  <\/td><td>  Session<\/td><td>WordPress<\/td><\/tr><tr><td>tinv_wishlistkey<\/td><td>Informations et contenus favoris<\/td><td>1 mois<\/td><td>Liste de souhaits it<\/td><\/tr><tr><td>eucookielaw (eucookielaw)<\/td><td><\/td><td>1 mois et 13 jours<\/td><td>shopcanarias.es<\/td><\/tr><tr><td>_lscache_vary<\/td><td>stocke l\u2019\u00e9tat de connexion de l\u2019utilisateur<\/td><td>  48 heures<\/td><td>shopcanarias.es<\/td><\/tr><tr><td>tk_ai<\/td><td>ID anonyme lorsque l\u2019utilisateur connect\u00e9 n\u2019est pas connect\u00e9 \u00e0 WordPress<\/td><td>  Session<\/td><td>shopcanarias.es<\/td><\/tr><tr><td>session_locale<\/td><td>Pour<br\/>Comment<br\/>Webmail<\/td><td>1 an<\/td><td>shopcanarias.es<\/td><\/tr><tr><td>wp-param\u00e8tres-temps-1<\/td><td>WordPress l\u2019utilise pour personnaliser la vue d\u2019interface principale<\/td><td>1 an<\/td><td>WordPress<\/td><\/tr><tr><td>mailchimp_landing_site<\/td><td><br\/>pour \u00e9valuer l\u2019efficacit\u00e9 des bulletins d\u2019information<\/td><td>29 jours<\/td><td>Mailchimp<\/td><\/tr><tr><td>cookie_notice_accepted<\/td><td>si les cookies ont \u00e9t\u00e9 accept\u00e9s pour cesser d\u2019afficher l\u2019avis pendant 1 mois<\/td><td>1 mois<\/td><td>shopcanarias.es<\/td><\/tr><tr><td>roundcube_cookies<\/td><td>Pour<br\/>Comment<br\/>Webmail<\/td><td>1 an<\/td><td>shopcanarias.es<\/td><\/tr><tr><td>wordpress_sec_<\/td><td>cl\u00e9 de l\u2019acc\u00e8s des utilisateurs \u00e0 WordPress<\/td><td>  Session<\/td><td>WordPress<\/td><\/tr><tr><td>wp-param\u00e8tres-1<\/td><td>WordPress l\u2019utilise pour personnaliser l\u2019interface UTILISATEUR<\/td><td>1 an<\/td><td>WordPress<\/td><\/tr><tr><td>cpsession (cpsession)<\/td><td><\/td><td>  Session<\/td><td>Cpanel<\/td><\/tr><\/tbody><\/table><\/figure>\n<ul class=\"wp-block-list\"><li><a>\n  <strong>Statistiques\/analyses<\/strong>\n<\/a>: Ces cookies recueillent des informations concernant l\u2019utilisation de la page telles que la permanence sur la page et le contenu visit\u00e9 par les lecteurs pour mesurer leurs performances et am\u00e9liorer la navigation.<\/li><\/ul>\n<p>Les principaux objectifs poursuivis par ce type de cookies sont les suivants :<\/p>\n\n<ul class=\"wp-block-list\"><li>Autoriser l\u2019identification anonyme des utilisateurs de navigation et donc l\u2019affichage approximatif du nombre de visiteurs.<\/li><li>Identifiez anonymement le contenu le plus visit\u00e9.<\/li><li>Sachez si l\u2019utilisateur qui acc\u00e8de est nouveau ou r\u00e9p\u00e8te la visite.<\/li><\/ul>\n<p>Les cookies analytiques utilis\u00e9s sur le site web sont d\u00e9taill\u00e9s ci-dessous (exemple)<\/p>\n\n<figure class=\"wp-block-table\"><table><tbody><tr><td><strong>Nom<\/strong><\/td><td><strong>But<\/strong><\/td><td><strong>Expiration<\/strong><\/td><td><strong>Fournisseur<\/strong><\/td><\/tr><tr><td><strong>_ga<\/strong><\/td><td>Ce cookie est utilis\u00e9 pour distinguer les utilisateurs<\/td><td>2 ans<\/td><td>Google Analytics<\/td><\/tr><tr><td><strong>_gat<\/strong><\/td><td>Ce cookie est utilis\u00e9 pour limiter le pourcentage de demandes.<\/td><td>1 minute<\/td><td>Google Analytics<\/td><\/tr><tr><td><strong>_gid<\/strong><\/td><td>Ce cookie est utilis\u00e9 pour distinguer les utilisateurs<\/td><td>24 heures sur 24<\/td><td>Google Analytics<\/td><\/tr><\/tbody><\/table><\/figure>\n<p><a><strong>3.- Comment d\u00e9sactiver les cookies?<\/strong><\/a><strong><\/strong><\/p>\n\n<p>Les cookies qui ne sont pas obligatoires pour naviguer sur ce site web peuvent \u00eatre d\u00e9sactiv\u00e9s dans les param\u00e8tres du site Web. Ces param\u00e8tres peuvent \u00eatre trouv\u00e9s dans le pied du site. En outre, tous les navigateurs vous permettent d\u2019apporter des modifications pour d\u00e9sactiver le param\u00e8tre des cookies.<\/p>\n\n<p>C\u2019est pourquoi la plupart des navigateurs offrent la possibilit\u00e9 de g\u00e9rer les cookies, d\u2019obtenir un contr\u00f4le plus pr\u00e9cis sur la vie priv\u00e9e. Ces param\u00e8tres sont situ\u00e9s dans les \u00aboptions\u00bb ou \u00abpr\u00e9f\u00e9rences\u00bb de votre menu de navigateur.<\/p>\n\n<p>Ci-dessous vous pouvez trouver les liens de chaque navigateur pour d\u00e9sactiver les cookies en suivant les instructions:<\/p>\n\n<ul class=\"wp-block-list\"><li>(<a href=\"https:\/\/goo.gl\/iU2wh2\">https:\/\/goo.gl\/iU2wh2<\/a> )<\/li><\/ul>\n<ul class=\"wp-block-list\"><li>\u00c0 partir du menu de l\u2019outil, s\u00e9lectionnez \u00ab Options Internet \u00bb.<\/li><li>Cliquez sur l\u2019onglet confidentialit\u00e9.<\/li><li>Vous pouvez configurer la confidentialit\u00e9 avec un curseur avec six positions qui vous permet de contr\u00f4ler le nombre de cookies qui seront install\u00e9s : bloquez tous les cookies, High, Medium High, Average (niveau par d\u00e9faut), Low et Acceptez tous les cookies.<\/li><\/ul>\n<ul class=\"wp-block-list\"><li>(<a href=\"http:\/\/goo.gl\/QXWYmv\">http:\/\/goo.gl\/QXWYmv<\/a>)<\/li><\/ul>\n<ul class=\"wp-block-list\"><li>En haut de la vente Firefox cliquez sur le menu Outils.<\/li><li>S\u00e9lectionnez Options.<\/li><li>S\u00e9lectionnez le panneau Confidentialit\u00e9.<\/li><li>Dans l\u2019option Firefox, vous pouvez choisir d\u2019utiliser un param\u00e8tre personnalis\u00e9 de votre historique, ainsi que d\u2019autres questions li\u00e9es \u00e0 votre vie priv\u00e9e.<\/li><\/ul>\n<ul class=\"wp-block-list\"><li>(<a href=\"http:\/\/goo.gl\/fQnkSB\">http:\/\/goo.gl\/fQnkSB<\/a>)<\/li><\/ul>\n<ul class=\"wp-block-list\"><li>Cliquez sur le menu sur la barre d\u2019outils.<\/li><li>S\u00e9lectionnez Param\u00e8tres.<\/li><li>Cliquez sur Afficher les options avanc\u00e9es.<\/li><li>Dans la s\u00e9lection \u00abConfidentialit\u00e9\u00bb, cliquez sur le bouton Param\u00e8tres de contenu.<\/li><li>Dans la s\u00e9lection des cookies, vous pouvez configurer les options.<\/li><\/ul>\n<ul class=\"wp-block-list\"><li>(<a href=\"https:\/\/goo.gl\/PCjEm3\">https:\/\/goo.gl\/PcjEm3<\/a>; <a href=\"https:\/\/goo.gl\/dQywEo)\">https:\/\/goo.gl\/dQywEo)<\/a><\/li><\/ul>\n<ul class=\"wp-block-list\"><li>Dans le menu param\u00e8tres, s\u00e9lectionnez l\u2019option \u00abPr\u00e9f\u00e9rences\u00bb.<\/li><li>Ouvrez l\u2019onglet confidentialit\u00e9.<\/li><li>S\u00e9lectionnez l\u2019option que vous souhaitez dans la section \u00abcookies de bloc\u00bb.<\/li><li>Veuillez noter que certaines fonctionnalit\u00e9s et fonctionnalit\u00e9s compl\u00e8tes du site web peuvent ne pas \u00eatre disponibles apr\u00e8s avoir d\u00e9sactiv\u00e9 les cookies.<\/li><\/ul>\n<p>Si vous ne souhaitez pas \u00eatre suivi par des cookies, Google a d\u00e9velopp\u00e9 un module d\u2019extension \u00e0 installer dans votre navigateur que vous pouvez acc\u00e9der dans le lien <a href=\"http:\/\/goo.gl\/up4ND\" target=\"_blank\" rel=\"noreferrer noopener\">suivant : http:\/\/goo.gl\/up4ND<\/a>.<\/p>\n\n<p><strong>4.-<\/strong> <strong>Cookies sur les appareils mobiles<\/strong><\/p>\n\n<p>Le propri\u00e9taire du site utilise \u00e9galement des cookies ou d\u2019autres p\u00e9riph\u00e9riques de stockage mobiles.<\/p>\n\n<p>Les cookies qui ne sont pas obligatoires pour naviguer sur ce site web peuvent \u00eatre d\u00e9sactiv\u00e9s dans les param\u00e8tres du site Web.  <\/p>\n\n<p>Ces param\u00e8tres peuvent \u00eatre trouv\u00e9s dans le pied du site. En outre, comme dans les navigateurs informatiques, les navigateurs mobiles vous permettent d\u2019apporter des modifications aux param\u00e8tres de confidentialit\u00e9 ou aux options pour d\u00e9sactiver ou supprimer des cookies.<\/p>\n\n<p>Si vous souhaitez modifier les options de confidentialit\u00e9, suivez les instructions sp\u00e9cifi\u00e9es par le d\u00e9veloppeur de votre navigateur mobile.<\/p>\n\n<p>Voici quelques exemples des liens qui vous guideront pour modifier les options de confidentialit\u00e9 sur votre appareil mobile :<\/p>\n\n<ul class=\"wp-block-list\"><li>: (<a href=\"http:\/\/goo.gl\/61xevS\">http:\/\/goo.gl\/61xevS<\/a>)<\/li><li>: (<a href=\"https:\/\/goo.gl\/tKyb0y\">https:\/\/goo.gl\/tKyb0y<\/a>)  <\/li><li>: (<a href=\"http:\/\/goo.gl\/XJp7N\">http:\/\/goo.gl\/XJp7N<\/a>)<\/li><li>: (<a href=\"http:\/\/goo.gl\/Nzr8s7)\">http:\/\/goo.gl\/Nzr8s7)<\/a><\/li><\/ul>\n<p><a><strong>5.- Acceptation des cookies<\/strong><\/a><strong><\/strong><\/p>\n\n<p>Ce site web n\u2019installe pas nos cookies sur les appareils des utilisateurs tant qu\u2019ils n\u2019ont pas accept\u00e9 l\u2019installation de ces cookies.<\/p>\n\n<p>Nous vous informons que dans le cas o\u00f9 vous n\u2019acceptez pas l\u2019installation de cookies ou d\u00e9sactiver l\u2019un de ces dans les param\u00e8tres, certains services peuvent ne pas \u00eatre disponibles sans l\u2019utilisation de ceux-ci ou vous ne pouvez pas \u00eatre en mesure d\u2019acc\u00e9der \u00e0 certains services ou profiter pleinement de tout ce que ce site vous offre.<\/p>\n<div class=\"gsp_post_data\" \r\n\t            data-post_type=\"page\" \r\n\t            data-cat=\"\" \r\n\t            data-modified=\"120\"\r\n\t            data-created=\"1609331632\"\r\n\t            data-title=\"POLITIQUE DES COOKIES\" \r\n\t            data-home=\"https:\/\/shopcanarias.es\"><\/div>","protected":false},"excerpt":{"rendered":"<p>ShopCanarias (ci-apr\u00e8s, le \u00abPROPRI\u00c9TAIRE\u00bb) informe, par le biais de cette politique cookies, sur l\u2019utilisation de dispositifs de stockage et de r\u00e9cup\u00e9ration de donn\u00e9es sur l\u2019\u00e9quipement terminal des utilisateurs. 1.- Qu\u2019est-ce que les cookies? Les cookies sont des fichiers ou des fichiers qui sont t\u00e9l\u00e9charg\u00e9s surl\u2019ordinateur\/smartphone\/tablette de l\u2019utilisateur lors de l\u2019acc\u00e8s\u00e0 certaines pages Web et applications &hellip; <\/p>\n<p class=\"link-more\"><a href=\"https:\/\/shopcanarias.es\/index.php\/fr\/politique-des-cookies\/\" class=\"more-link\">Continuar leyendo<span class=\"screen-reader-text\"> \u00abPOLITIQUE DES COOKIES\u00bb<\/span><\/a><\/p>\n","protected":false},"author":1,"featured_media":0,"parent":0,"menu_order":0,"comment_status":"closed","ping_status":"closed","template":"","meta":{"footnotes":""},"class_list":["post-5122","page","type-page","status-publish","hentry"],"yoast_head":"<!-- This site is optimized with the Yoast SEO plugin v27.3 - https:\/\/yoast.com\/product\/yoast-seo-wordpress\/ -->\n<title>POLITIQUE DES COOKIES - ShopCanarias.es<\/title>\n<meta name=\"description\" content=\"D\u00e9finition et fonction des cookies, d\u00e9tail dans un sch\u00e9ma des cookies utilis\u00e9s, informations sur la fa\u00e7on de supprimer les cookies, etc.\" \/>\n<meta name=\"robots\" content=\"index, follow, max-snippet:-1, max-image-preview:large, max-video-preview:-1\" \/>\n<link rel=\"canonical\" href=\"https:\/\/shopcanarias.es\/index.php\/fr\/politique-des-cookies\/\" \/>\n<meta property=\"og:locale\" content=\"es_ES\" \/>\n<meta property=\"og:type\" content=\"article\" \/>\n<meta property=\"og:title\" content=\"POLITIQUE DES COOKIES - ShopCanarias.es\" \/>\n<meta property=\"og:description\" content=\"D\u00e9finition et fonction des cookies, d\u00e9tail dans un sch\u00e9ma des cookies utilis\u00e9s, informations sur la fa\u00e7on de supprimer les cookies, etc.\" \/>\n<meta property=\"og:url\" content=\"https:\/\/shopcanarias.es\/index.php\/fr\/politique-des-cookies\/\" \/>\n<meta property=\"og:site_name\" content=\"ShopCanarias.es\" \/>\n<meta property=\"article:publisher\" content=\"https:\/\/www.facebook.com\/ShopCanariases-105415177519237\/?modal=admin_todo_tour\" \/>\n<meta property=\"article:modified_time\" content=\"2020-12-30T11:34:06+00:00\" \/>\n<meta name=\"twitter:card\" content=\"summary_large_image\" \/>\n<meta name=\"twitter:site\" content=\"@shopcanarias\" \/>\n<meta name=\"twitter:label1\" content=\"Tiempo de lectura\" \/>\n\t<meta name=\"twitter:data1\" content=\"7 minutos\" \/>\n<script type=\"application\/ld+json\" class=\"yoast-schema-graph\">{\"@context\":\"https:\\\/\\\/schema.org\",\"@graph\":[{\"@type\":\"WebPage\",\"@id\":\"https:\\\/\\\/shopcanarias.es\\\/index.php\\\/fr\\\/politique-des-cookies\\\/\",\"url\":\"https:\\\/\\\/shopcanarias.es\\\/index.php\\\/fr\\\/politique-des-cookies\\\/\",\"name\":\"POLITIQUE DES COOKIES - ShopCanarias.es\",\"isPartOf\":{\"@id\":\"https:\\\/\\\/shopcanarias.es\\\/#website\"},\"datePublished\":\"2020-12-30T11:33:52+00:00\",\"dateModified\":\"2020-12-30T11:34:06+00:00\",\"description\":\"D\u00e9finition et fonction des cookies, d\u00e9tail dans un sch\u00e9ma des cookies utilis\u00e9s, informations sur la fa\u00e7on de supprimer les cookies, etc.\",\"breadcrumb\":{\"@id\":\"https:\\\/\\\/shopcanarias.es\\\/index.php\\\/fr\\\/politique-des-cookies\\\/#breadcrumb\"},\"inLanguage\":\"es\",\"potentialAction\":[{\"@type\":\"ReadAction\",\"target\":[\"https:\\\/\\\/shopcanarias.es\\\/index.php\\\/fr\\\/politique-des-cookies\\\/\"]}]},{\"@type\":\"BreadcrumbList\",\"@id\":\"https:\\\/\\\/shopcanarias.es\\\/index.php\\\/fr\\\/politique-des-cookies\\\/#breadcrumb\",\"itemListElement\":[{\"@type\":\"ListItem\",\"position\":1,\"name\":\"Home\",\"item\":\"https:\\\/\\\/shopcanarias.es\\\/\"},{\"@type\":\"ListItem\",\"position\":2,\"name\":\"POLITIQUE DES COOKIES\"}]},{\"@type\":\"WebSite\",\"@id\":\"https:\\\/\\\/shopcanarias.es\\\/#website\",\"url\":\"https:\\\/\\\/shopcanarias.es\\\/\",\"name\":\"ShopCanarias.es\",\"description\":\"Tienda online de productos y servicios de las Islas Canarias\",\"publisher\":{\"@id\":\"https:\\\/\\\/shopcanarias.es\\\/#organization\"},\"potentialAction\":[{\"@type\":\"SearchAction\",\"target\":{\"@type\":\"EntryPoint\",\"urlTemplate\":\"https:\\\/\\\/shopcanarias.es\\\/?s={search_term_string}\"},\"query-input\":{\"@type\":\"PropertyValueSpecification\",\"valueRequired\":true,\"valueName\":\"search_term_string\"}}],\"inLanguage\":\"es\"},{\"@type\":\"Organization\",\"@id\":\"https:\\\/\\\/shopcanarias.es\\\/#organization\",\"name\":\"Marketplace Canarias SL\",\"url\":\"https:\\\/\\\/shopcanarias.es\\\/\",\"logo\":{\"@type\":\"ImageObject\",\"inLanguage\":\"es\",\"@id\":\"https:\\\/\\\/shopcanarias.es\\\/#\\\/schema\\\/logo\\\/image\\\/\",\"url\":\"https:\\\/\\\/i0.wp.com\\\/shopcanarias.es\\\/wp-content\\\/uploads\\\/2020\\\/04\\\/Logotipo_Ajustado_Color_300-ppp-scaled.jpg?fit=2560%2C467&ssl=1\",\"contentUrl\":\"https:\\\/\\\/i0.wp.com\\\/shopcanarias.es\\\/wp-content\\\/uploads\\\/2020\\\/04\\\/Logotipo_Ajustado_Color_300-ppp-scaled.jpg?fit=2560%2C467&ssl=1\",\"width\":2560,\"height\":467,\"caption\":\"Marketplace Canarias SL\"},\"image\":{\"@id\":\"https:\\\/\\\/shopcanarias.es\\\/#\\\/schema\\\/logo\\\/image\\\/\"},\"sameAs\":[\"https:\\\/\\\/www.facebook.com\\\/ShopCanariases-105415177519237\\\/?modal=admin_todo_tour\",\"https:\\\/\\\/x.com\\\/shopcanarias\",\"https:\\\/\\\/www.instagram.com\\\/shopcanarias\\\/?hl=es\",\"https:\\\/\\\/www.pinterest.es\\\/pin\\\/611222980666854387\\\/\",\"https:\\\/\\\/www.youtube.com\\\/channel\\\/UCqPIEQS9SBuvJrMWJV8YxuA\"]}]}<\/script>\n<!-- \/ Yoast SEO plugin. -->","yoast_head_json":{"title":"POLITIQUE DES COOKIES - ShopCanarias.es","description":"D\u00e9finition et fonction des cookies, d\u00e9tail dans un sch\u00e9ma des cookies utilis\u00e9s, informations sur la fa\u00e7on de supprimer les cookies, etc.","robots":{"index":"index","follow":"follow","max-snippet":"max-snippet:-1","max-image-preview":"max-image-preview:large","max-video-preview":"max-video-preview:-1"},"canonical":"https:\/\/shopcanarias.es\/index.php\/fr\/politique-des-cookies\/","og_locale":"es_ES","og_type":"article","og_title":"POLITIQUE DES COOKIES - ShopCanarias.es","og_description":"D\u00e9finition et fonction des cookies, d\u00e9tail dans un sch\u00e9ma des cookies utilis\u00e9s, informations sur la fa\u00e7on de supprimer les cookies, etc.","og_url":"https:\/\/shopcanarias.es\/index.php\/fr\/politique-des-cookies\/","og_site_name":"ShopCanarias.es","article_publisher":"https:\/\/www.facebook.com\/ShopCanariases-105415177519237\/?modal=admin_todo_tour","article_modified_time":"2020-12-30T11:34:06+00:00","twitter_card":"summary_large_image","twitter_site":"@shopcanarias","twitter_misc":{"Tiempo de lectura":"7 minutos"},"schema":{"@context":"https:\/\/schema.org","@graph":[{"@type":"WebPage","@id":"https:\/\/shopcanarias.es\/index.php\/fr\/politique-des-cookies\/","url":"https:\/\/shopcanarias.es\/index.php\/fr\/politique-des-cookies\/","name":"POLITIQUE DES COOKIES - ShopCanarias.es","isPartOf":{"@id":"https:\/\/shopcanarias.es\/#website"},"datePublished":"2020-12-30T11:33:52+00:00","dateModified":"2020-12-30T11:34:06+00:00","description":"D\u00e9finition et fonction des cookies, d\u00e9tail dans un sch\u00e9ma des cookies utilis\u00e9s, informations sur la fa\u00e7on de supprimer les cookies, etc.","breadcrumb":{"@id":"https:\/\/shopcanarias.es\/index.php\/fr\/politique-des-cookies\/#breadcrumb"},"inLanguage":"es","potentialAction":[{"@type":"ReadAction","target":["https:\/\/shopcanarias.es\/index.php\/fr\/politique-des-cookies\/"]}]},{"@type":"BreadcrumbList","@id":"https:\/\/shopcanarias.es\/index.php\/fr\/politique-des-cookies\/#breadcrumb","itemListElement":[{"@type":"ListItem","position":1,"name":"Home","item":"https:\/\/shopcanarias.es\/"},{"@type":"ListItem","position":2,"name":"POLITIQUE DES COOKIES"}]},{"@type":"WebSite","@id":"https:\/\/shopcanarias.es\/#website","url":"https:\/\/shopcanarias.es\/","name":"ShopCanarias.es","description":"Tienda online de productos y servicios de las Islas Canarias","publisher":{"@id":"https:\/\/shopcanarias.es\/#organization"},"potentialAction":[{"@type":"SearchAction","target":{"@type":"EntryPoint","urlTemplate":"https:\/\/shopcanarias.es\/?s={search_term_string}"},"query-input":{"@type":"PropertyValueSpecification","valueRequired":true,"valueName":"search_term_string"}}],"inLanguage":"es"},{"@type":"Organization","@id":"https:\/\/shopcanarias.es\/#organization","name":"Marketplace Canarias SL","url":"https:\/\/shopcanarias.es\/","logo":{"@type":"ImageObject","inLanguage":"es","@id":"https:\/\/shopcanarias.es\/#\/schema\/logo\/image\/","url":"https:\/\/i0.wp.com\/shopcanarias.es\/wp-content\/uploads\/2020\/04\/Logotipo_Ajustado_Color_300-ppp-scaled.jpg?fit=2560%2C467&ssl=1","contentUrl":"https:\/\/i0.wp.com\/shopcanarias.es\/wp-content\/uploads\/2020\/04\/Logotipo_Ajustado_Color_300-ppp-scaled.jpg?fit=2560%2C467&ssl=1","width":2560,"height":467,"caption":"Marketplace Canarias SL"},"image":{"@id":"https:\/\/shopcanarias.es\/#\/schema\/logo\/image\/"},"sameAs":["https:\/\/www.facebook.com\/ShopCanariases-105415177519237\/?modal=admin_todo_tour","https:\/\/x.com\/shopcanarias","https:\/\/www.instagram.com\/shopcanarias\/?hl=es","https:\/\/www.pinterest.es\/pin\/611222980666854387\/","https:\/\/www.youtube.com\/channel\/UCqPIEQS9SBuvJrMWJV8YxuA"]}]}},"jetpack_sharing_enabled":true,"_links":{"self":[{"href":"https:\/\/shopcanarias.es\/index.php\/wp-json\/wp\/v2\/pages\/5122","targetHints":{"allow":["GET"]}}],"collection":[{"href":"https:\/\/shopcanarias.es\/index.php\/wp-json\/wp\/v2\/pages"}],"about":[{"href":"https:\/\/shopcanarias.es\/index.php\/wp-json\/wp\/v2\/types\/page"}],"author":[{"embeddable":true,"href":"https:\/\/shopcanarias.es\/index.php\/wp-json\/wp\/v2\/users\/1"}],"replies":[{"embeddable":true,"href":"https:\/\/shopcanarias.es\/index.php\/wp-json\/wp\/v2\/comments?post=5122"}],"version-history":[{"count":0,"href":"https:\/\/shopcanarias.es\/index.php\/wp-json\/wp\/v2\/pages\/5122\/revisions"}],"wp:attachment":[{"href":"https:\/\/shopcanarias.es\/index.php\/wp-json\/wp\/v2\/media?parent=5122"}],"curies":[{"name":"wp","href":"https:\/\/api.w.org\/{rel}","templated":true}]}}