{"id":503,"date":"2020-04-10T20:04:09","date_gmt":"2020-04-10T19:04:09","guid":{"rendered":"https:\/\/shopcanarias.es\/?page_id=503"},"modified":"2022-04-28T10:16:10","modified_gmt":"2022-04-28T09:16:10","slug":"terminos-y-condiciones","status":"publish","type":"page","link":"https:\/\/shopcanarias.es\/index.php\/terminos-y-condiciones\/","title":{"rendered":"Condiciones generales y env\u00edo"},"content":{"rendered":"\n<h2 class=\"wp-block-heading\">Condiciones Generales<\/h2>\n\n\n\n<p>Al usar la web de ShopCanarias.es implica que acepta de forma expresa las siguientes condiciones generales:<\/p>\n\n\n\n<p>El usuario declara que es mayor de edad (mayor de 18 a\u00f1os), y dispone de capacidad legal necesaria para contratar los productos y servicios ofertados en la web de ShopCanarias.es.<\/p>\n\n\n\n<p>El usuario acepta que la legislaci\u00f3n aplicable al funcionamiento de este servicio es la espa\u00f1ola. ShopCanarias.es se reserva el derecho a realizar los cambios que considere oportunos en los t\u00e9rminos y condiciones establecidos.<\/p>\n\n\n\n<p>Los enlaces a otras p\u00e1ginas web que aparezcan en las p\u00e1ginas de ShopCanarias.es, se ofrecen a efectos meramente informativos al usuario, por lo que ShopCanarias.es no se responsabiliza sobre los productos, servicios o contenidos que se oferten o suministren en las p\u00e1ginas de destino ubicados en otro dominio.<\/p>\n\n\n\n<h2 class=\"wp-block-heading\">Condiciones de env\u00edo<\/h2>\n\n\n\n<p>Los env\u00edos se realizar\u00e1n por la empresa DHL Express. Nuestra intenci\u00f3n es garantizar la calidad del servicio, y abaratar los gastos de env\u00edo. Seguimos buscando un proveedor integral de servicio capaz de adaptarse a las necesidades de los Clientes (click and collect, taquillas de recogida, horarios adaptados al Cliente, entrega en el trabajo, entrega en fin de semana, etc.).<\/p>\n\n\n\n<p>Enviamos al Cliente por correo electr\u00f3nico un localizador de env\u00edo, para que est\u00e9 informado del estado de su pedido. El lugar de entrega por defecto ser\u00e1 el domicilio, o en la oficina de DHL Express.  <\/p>\n\n\n\n<p>Para aquellos proveedores que no tienen el stock online actualizado, y posteriormente al pedido, contactaremos con el proveedor al siguiente d\u00eda h\u00e1bil, para informar al Cliente del nuevo plazo de entrega, o para ofrecerle una alternativa.<\/p>\n\n\n\n<p>Los precios al final de la compra incluyen seguro a todo riesgo, los impuestos, los gastos de env\u00edo y los gastos de aduana.<\/p>\n\n\n\n<p><\/p>\n\n\n\n<h2 class=\"wp-block-heading\">Condiciones para las devoluciones<\/h2>\n\n\n\n<p>Todos los productos comprados en ShopCanarias.es pueden ser devueltos enviando un correo electr\u00f3nico con la solicitud de devoluci\u00f3n y el motivo a; info@shopcanarias.es , dentro del plazo de 14 d\u00edas a contar desde la recepci\u00f3n del pedido.<\/p>\n\n\n\n<p>Si el motivo de la devoluci\u00f3n es debido a que el embalaje est\u00e1 roto, entonces se puede rechazar el env\u00edo, pidiendo a la empresa de transporte que registre el rechazo por estar roto.<\/p>\n\n\n\n<p>Si el producto est\u00e1 en mal estado, o hay un error en la entrega, los Clientes tienen 14 d\u00edas h\u00e1biles para la devoluci\u00f3n del producto, a contar desde la recepci\u00f3n del pedido por parte del cliente. En ese caso, ShopCanarias.es correr\u00e1 con los gastos de devoluci\u00f3n, y el Cliente podr\u00e1 decidir si le enviamos el pedido nuevamente, en cuyo caso los costes de env\u00edo correr\u00e1n a cargo de ShopCanarias.es, o si por el contrario prefiere la devoluci\u00f3n del dinero por la misma v\u00eda en la que haya abonado. <\/p>\n\n\n\n<p>ShopCanarias.es se reserva el derecho de anular un pedido y de realizar la devoluci\u00f3n del importe pagado por el Cliente; por falta de existencias, imposibilidad de env\u00edo, productos descatalogados, o por cualquier motivo que la empresa considere (como por ejemplo huelga de estibadores).<\/p>\n\n\n\n<p>En el caso de que el Cliente quiera devolver el pedido por causas distintas a las anteriores, y dentro del plazo de 14 d\u00edas a contar desde la recepci\u00f3n del producto, los gastos de devoluci\u00f3n correr\u00e1n a cargo del Cliente. Las devoluciones deben realizarse en el embalaje original, y en perfecto estado.<\/p>\n\n\n\n<p>Las leyes de la Uni\u00f3n Europea facilitan al Cliente ejercitar el derecho de desistimiento, para probar el producto, y en el caso de insatisfacci\u00f3n, para devolverlo dentro del per\u00edodo de 14 d\u00edas a contar desde la fecha de entrega, excepto productos personalizados y de higiene. Las leyes de garant\u00eda de la Uni\u00f3n Europea tambi\u00e9n facilitan al Cliente ejercer el derecho de reparaci\u00f3n o sustituci\u00f3n de un producto defectuoso (para bienes de consumo destinados al consumo privado).  <\/p>\n\n\n\n<p>Si no pertenece a un pa\u00eds de la Union Europea, por favor env\u00ede un correo electr\u00f3nico tan pronto como le sea posible con la solicitud de devoluci\u00f3n y el motivo a; info@shopcanarias.es . Le intentaremos dar las mismas soluciones, como si viviera en la Uni\u00f3n Europea, pero no lo podemos garantizar (quiz\u00e1s debido a regulaciones gubernamentales).<\/p>\n<div class=\"gsp_post_data\" \r\n\t            data-post_type=\"page\" \r\n\t            data-cat=\"\" \r\n\t            data-modified=\"120\"\r\n\t            data-created=\"1586549049\"\r\n\t            data-title=\"Condiciones generales y env\u00edo\" \r\n\t            data-home=\"https:\/\/shopcanarias.es\"><\/div>","protected":false},"excerpt":{"rendered":"<p>Condiciones Generales Al usar la web de ShopCanarias.es implica que acepta de forma expresa las siguientes condiciones generales: El usuario declara que es mayor de edad (mayor de 18 a\u00f1os), y dispone de capacidad legal necesaria para contratar los productos y servicios ofertados en la web de ShopCanarias.es. El usuario acepta que la legislaci\u00f3n aplicable &hellip; <\/p>\n<p class=\"link-more\"><a href=\"https:\/\/shopcanarias.es\/index.php\/terminos-y-condiciones\/\" class=\"more-link\">Continuar leyendo<span class=\"screen-reader-text\"> \u00abCondiciones generales y env\u00edo\u00bb<\/span><\/a><\/p>\n","protected":false},"author":1,"featured_media":0,"parent":0,"menu_order":0,"comment_status":"closed","ping_status":"closed","template":"","meta":{"footnotes":""},"class_list":["post-503","page","type-page","status-publish","hentry"],"yoast_head":"<!-- This site is optimized with the Yoast SEO plugin v27.4 - https:\/\/yoast.com\/product\/yoast-seo-wordpress\/ -->\n<title>Condiciones generales y env\u00edo - ShopCanarias.es<\/title>\n<meta name=\"robots\" content=\"index, follow, max-snippet:-1, max-image-preview:large, max-video-preview:-1\" \/>\n<link rel=\"canonical\" href=\"https:\/\/shopcanarias.es\/index.php\/terminos-y-condiciones\/\" \/>\n<meta property=\"og:locale\" content=\"es_ES\" \/>\n<meta property=\"og:type\" content=\"article\" \/>\n<meta property=\"og:title\" content=\"Condiciones generales y env\u00edo - ShopCanarias.es\" \/>\n<meta property=\"og:description\" content=\"Condiciones Generales Al usar la web de ShopCanarias.es implica que acepta de forma expresa las siguientes condiciones generales: El usuario declara que es mayor de edad (mayor de 18 a\u00f1os), y dispone de capacidad legal necesaria para contratar los productos y servicios ofertados en la web de ShopCanarias.es. El usuario acepta que la legislaci\u00f3n aplicable &hellip; Continuar leyendo &quot;Condiciones generales y env\u00edo&quot;\" \/>\n<meta property=\"og:url\" content=\"https:\/\/shopcanarias.es\/index.php\/terminos-y-condiciones\/\" \/>\n<meta property=\"og:site_name\" content=\"ShopCanarias.es\" \/>\n<meta property=\"article:publisher\" content=\"https:\/\/www.facebook.com\/ShopCanariases-105415177519237\/?modal=admin_todo_tour\" \/>\n<meta property=\"article:modified_time\" content=\"2022-04-28T09:16:10+00:00\" \/>\n<meta name=\"twitter:card\" content=\"summary_large_image\" \/>\n<meta name=\"twitter:site\" content=\"@shopcanarias\" \/>\n<meta name=\"twitter:label1\" content=\"Tiempo de lectura\" \/>\n\t<meta name=\"twitter:data1\" content=\"3 minutos\" \/>\n<script type=\"application\/ld+json\" class=\"yoast-schema-graph\">{\"@context\":\"https:\\\/\\\/schema.org\",\"@graph\":[{\"@type\":\"WebPage\",\"@id\":\"https:\\\/\\\/shopcanarias.es\\\/index.php\\\/terminos-y-condiciones\\\/\",\"url\":\"https:\\\/\\\/shopcanarias.es\\\/index.php\\\/terminos-y-condiciones\\\/\",\"name\":\"Condiciones generales y env\u00edo - ShopCanarias.es\",\"isPartOf\":{\"@id\":\"https:\\\/\\\/shopcanarias.es\\\/#website\"},\"datePublished\":\"2020-04-10T19:04:09+00:00\",\"dateModified\":\"2022-04-28T09:16:10+00:00\",\"breadcrumb\":{\"@id\":\"https:\\\/\\\/shopcanarias.es\\\/index.php\\\/terminos-y-condiciones\\\/#breadcrumb\"},\"inLanguage\":\"es\",\"potentialAction\":[{\"@type\":\"ReadAction\",\"target\":[\"https:\\\/\\\/shopcanarias.es\\\/index.php\\\/terminos-y-condiciones\\\/\"]}]},{\"@type\":\"BreadcrumbList\",\"@id\":\"https:\\\/\\\/shopcanarias.es\\\/index.php\\\/terminos-y-condiciones\\\/#breadcrumb\",\"itemListElement\":[{\"@type\":\"ListItem\",\"position\":1,\"name\":\"Home\",\"item\":\"https:\\\/\\\/shopcanarias.es\\\/\"},{\"@type\":\"ListItem\",\"position\":2,\"name\":\"Condiciones generales y env\u00edo\"}]},{\"@type\":\"WebSite\",\"@id\":\"https:\\\/\\\/shopcanarias.es\\\/#website\",\"url\":\"https:\\\/\\\/shopcanarias.es\\\/\",\"name\":\"ShopCanarias.es\",\"description\":\"Tienda online de productos y servicios de las Islas Canarias\",\"publisher\":{\"@id\":\"https:\\\/\\\/shopcanarias.es\\\/#organization\"},\"potentialAction\":[{\"@type\":\"SearchAction\",\"target\":{\"@type\":\"EntryPoint\",\"urlTemplate\":\"https:\\\/\\\/shopcanarias.es\\\/?s={search_term_string}\"},\"query-input\":{\"@type\":\"PropertyValueSpecification\",\"valueRequired\":true,\"valueName\":\"search_term_string\"}}],\"inLanguage\":\"es\"},{\"@type\":\"Organization\",\"@id\":\"https:\\\/\\\/shopcanarias.es\\\/#organization\",\"name\":\"Marketplace Canarias SL\",\"url\":\"https:\\\/\\\/shopcanarias.es\\\/\",\"logo\":{\"@type\":\"ImageObject\",\"inLanguage\":\"es\",\"@id\":\"https:\\\/\\\/shopcanarias.es\\\/#\\\/schema\\\/logo\\\/image\\\/\",\"url\":\"https:\\\/\\\/i0.wp.com\\\/shopcanarias.es\\\/wp-content\\\/uploads\\\/2020\\\/04\\\/Logotipo_Ajustado_Color_300-ppp-scaled.jpg?fit=2560%2C467&ssl=1\",\"contentUrl\":\"https:\\\/\\\/i0.wp.com\\\/shopcanarias.es\\\/wp-content\\\/uploads\\\/2020\\\/04\\\/Logotipo_Ajustado_Color_300-ppp-scaled.jpg?fit=2560%2C467&ssl=1\",\"width\":2560,\"height\":467,\"caption\":\"Marketplace Canarias SL\"},\"image\":{\"@id\":\"https:\\\/\\\/shopcanarias.es\\\/#\\\/schema\\\/logo\\\/image\\\/\"},\"sameAs\":[\"https:\\\/\\\/www.facebook.com\\\/ShopCanariases-105415177519237\\\/?modal=admin_todo_tour\",\"https:\\\/\\\/x.com\\\/shopcanarias\",\"https:\\\/\\\/www.instagram.com\\\/shopcanarias\\\/?hl=es\",\"https:\\\/\\\/www.pinterest.es\\\/pin\\\/611222980666854387\\\/\",\"https:\\\/\\\/www.youtube.com\\\/channel\\\/UCqPIEQS9SBuvJrMWJV8YxuA\"]}]}<\/script>\n<!-- \/ Yoast SEO plugin. -->","yoast_head_json":{"title":"Condiciones generales y env\u00edo - ShopCanarias.es","robots":{"index":"index","follow":"follow","max-snippet":"max-snippet:-1","max-image-preview":"max-image-preview:large","max-video-preview":"max-video-preview:-1"},"canonical":"https:\/\/shopcanarias.es\/index.php\/terminos-y-condiciones\/","og_locale":"es_ES","og_type":"article","og_title":"Condiciones generales y env\u00edo - ShopCanarias.es","og_description":"Condiciones Generales Al usar la web de ShopCanarias.es implica que acepta de forma expresa las siguientes condiciones generales: El usuario declara que es mayor de edad (mayor de 18 a\u00f1os), y dispone de capacidad legal necesaria para contratar los productos y servicios ofertados en la web de ShopCanarias.es. El usuario acepta que la legislaci\u00f3n aplicable &hellip; Continuar leyendo \"Condiciones generales y env\u00edo\"","og_url":"https:\/\/shopcanarias.es\/index.php\/terminos-y-condiciones\/","og_site_name":"ShopCanarias.es","article_publisher":"https:\/\/www.facebook.com\/ShopCanariases-105415177519237\/?modal=admin_todo_tour","article_modified_time":"2022-04-28T09:16:10+00:00","twitter_card":"summary_large_image","twitter_site":"@shopcanarias","twitter_misc":{"Tiempo de lectura":"3 minutos"},"schema":{"@context":"https:\/\/schema.org","@graph":[{"@type":"WebPage","@id":"https:\/\/shopcanarias.es\/index.php\/terminos-y-condiciones\/","url":"https:\/\/shopcanarias.es\/index.php\/terminos-y-condiciones\/","name":"Condiciones generales y env\u00edo - ShopCanarias.es","isPartOf":{"@id":"https:\/\/shopcanarias.es\/#website"},"datePublished":"2020-04-10T19:04:09+00:00","dateModified":"2022-04-28T09:16:10+00:00","breadcrumb":{"@id":"https:\/\/shopcanarias.es\/index.php\/terminos-y-condiciones\/#breadcrumb"},"inLanguage":"es","potentialAction":[{"@type":"ReadAction","target":["https:\/\/shopcanarias.es\/index.php\/terminos-y-condiciones\/"]}]},{"@type":"BreadcrumbList","@id":"https:\/\/shopcanarias.es\/index.php\/terminos-y-condiciones\/#breadcrumb","itemListElement":[{"@type":"ListItem","position":1,"name":"Home","item":"https:\/\/shopcanarias.es\/"},{"@type":"ListItem","position":2,"name":"Condiciones generales y env\u00edo"}]},{"@type":"WebSite","@id":"https:\/\/shopcanarias.es\/#website","url":"https:\/\/shopcanarias.es\/","name":"ShopCanarias.es","description":"Tienda online de productos y servicios de las Islas Canarias","publisher":{"@id":"https:\/\/shopcanarias.es\/#organization"},"potentialAction":[{"@type":"SearchAction","target":{"@type":"EntryPoint","urlTemplate":"https:\/\/shopcanarias.es\/?s={search_term_string}"},"query-input":{"@type":"PropertyValueSpecification","valueRequired":true,"valueName":"search_term_string"}}],"inLanguage":"es"},{"@type":"Organization","@id":"https:\/\/shopcanarias.es\/#organization","name":"Marketplace Canarias SL","url":"https:\/\/shopcanarias.es\/","logo":{"@type":"ImageObject","inLanguage":"es","@id":"https:\/\/shopcanarias.es\/#\/schema\/logo\/image\/","url":"https:\/\/i0.wp.com\/shopcanarias.es\/wp-content\/uploads\/2020\/04\/Logotipo_Ajustado_Color_300-ppp-scaled.jpg?fit=2560%2C467&ssl=1","contentUrl":"https:\/\/i0.wp.com\/shopcanarias.es\/wp-content\/uploads\/2020\/04\/Logotipo_Ajustado_Color_300-ppp-scaled.jpg?fit=2560%2C467&ssl=1","width":2560,"height":467,"caption":"Marketplace Canarias SL"},"image":{"@id":"https:\/\/shopcanarias.es\/#\/schema\/logo\/image\/"},"sameAs":["https:\/\/www.facebook.com\/ShopCanariases-105415177519237\/?modal=admin_todo_tour","https:\/\/x.com\/shopcanarias","https:\/\/www.instagram.com\/shopcanarias\/?hl=es","https:\/\/www.pinterest.es\/pin\/611222980666854387\/","https:\/\/www.youtube.com\/channel\/UCqPIEQS9SBuvJrMWJV8YxuA"]}]}},"jetpack_sharing_enabled":true,"_links":{"self":[{"href":"https:\/\/shopcanarias.es\/index.php\/wp-json\/wp\/v2\/pages\/503","targetHints":{"allow":["GET"]}}],"collection":[{"href":"https:\/\/shopcanarias.es\/index.php\/wp-json\/wp\/v2\/pages"}],"about":[{"href":"https:\/\/shopcanarias.es\/index.php\/wp-json\/wp\/v2\/types\/page"}],"author":[{"embeddable":true,"href":"https:\/\/shopcanarias.es\/index.php\/wp-json\/wp\/v2\/users\/1"}],"replies":[{"embeddable":true,"href":"https:\/\/shopcanarias.es\/index.php\/wp-json\/wp\/v2\/comments?post=503"}],"version-history":[{"count":0,"href":"https:\/\/shopcanarias.es\/index.php\/wp-json\/wp\/v2\/pages\/503\/revisions"}],"wp:attachment":[{"href":"https:\/\/shopcanarias.es\/index.php\/wp-json\/wp\/v2\/media?parent=503"}],"curies":[{"name":"wp","href":"https:\/\/api.w.org\/{rel}","templated":true}]}}