{"id":4078,"date":"2020-10-06T22:55:51","date_gmt":"2020-10-06T21:55:51","guid":{"rendered":"https:\/\/shopcanarias.es\/index.php\/termos-e-condicoes\/"},"modified":"2020-10-06T22:55:58","modified_gmt":"2020-10-06T21:55:58","slug":"termos-e-condicoes","status":"publish","type":"page","link":"https:\/\/shopcanarias.es\/index.php\/pt-pt\/termos-e-condicoes\/","title":{"rendered":"Termos e Condi\u00e7\u00f5es"},"content":{"rendered":"\n<h2 class=\"wp-block-heading\">Condi\u00e7\u00f5es Gerais<\/h2>\n\n<p>Ao utilizar o ShopCanarias.es implica que aceita expressamente as seguintes condi\u00e7\u00f5es gerais:<\/p>\n\n<p>O utilizador declara que tem idade legal (superior a 18 anos) e tem a capacidade legal necess\u00e1ria para contratar os produtos e servi\u00e7os oferecidos no ShopCanarias.es.<\/p>\n\n<p>O utilizador aceita que a legisla\u00e7\u00e3o aplic\u00e1vel ao funcionamento deste servi\u00e7o seja espanhola. ShopCanarias.es reserva-se o direito de efe assim fazer quaisquer altera\u00e7\u00f5es que considere adequadas nos termos e condi\u00e7\u00f5es estabelecidos.<\/p>\n\n<p>Os links para outros websites que aparecem nas p\u00e1ginas ShopCanarias.es s\u00e3o oferecidos apenas para fins informativos ao utilizador, pelo ShopCanarias.es n\u00e3o se responsabiliza pelos produtos, servi\u00e7os ou conte\u00fados oferecidos ou fornecidos nas p\u00e1ginas de aterragem localizadas noutro dom\u00ednio.<\/p>\n\n<h2 class=\"wp-block-heading\">Condi\u00e7\u00f5es de envio<\/h2>\n\n<p>As remessas ser\u00e3o e feitas pela empresa de correios e tel\u00e9grafos, a menos que o Cliente solicite outra empresa. A nossa inten\u00e7\u00e3o \u00e9 garantir a qualidade do servi\u00e7o e reduzir os custos de envio. Continuamos \u00e0 procura de um prestador de servi\u00e7os abrangente capaz de se adaptar \u00e0s necessidades dos clientes (clique e recolha, recolha de cacifos, hor\u00e1rios adaptados ao Cliente, entrega no trabalho, entrega aos fins de semana, etc.).<\/p>\n\n<p>Enviamos um localiza\u00e7\u00e3o de envio ao Cliente por e-mail, para que seja informado do estado da sua encomenda. O local de entrega padr\u00e3o ser\u00e1 o endere\u00e7o, ou nos Correios, a menos que o Cliente solicite outra empresa. E as ranhuras de entrega corresponder\u00e3o ao prestador de servi\u00e7os que escolheu.<\/p>\n\n<p>Para os fornecedores que n\u00e3o possuem o stock online atualizado, e ap\u00f3s a encomenda, entraremos em contato com o fornecedor no dia \u00fatil seguinte, para informar o Cliente do novo prazo de entrega, ou para lhe oferecer uma alternativa.<\/p>\n\n<p>Os pre\u00e7os no final da compra incluem seguros de risco, impostos, custos de envio e taxas aduaneiras.<\/p>\n\n<p><\/p>\n\n<h2 class=\"wp-block-heading\">Condi\u00e7\u00f5es para devolu\u00e7\u00f5es<\/h2>\n\n<p>Todos os produtos adquiridos no ShopCanarias.es podem ser devolvidos enviando um e-mail com o pedido de devolu\u00e7\u00e3o e motivo para; info@shopcanarias.es, no prazo de 14 dias a contar da rece\u00e7\u00e3o da encomenda.<\/p>\n\n<p>Se a raz\u00e3o da devolu\u00e7\u00e3o for porque a embalagem est\u00e1 partida, ent\u00e3o a remessa pode ser rejeitada, pedindo \u00e0 empresa de transporte que grave a rejei\u00e7\u00e3o por estar quebrada.<\/p>\n\n<p>Se o produto n\u00e3o for saud\u00e1vel, ou se houver um erro na entrega, os Clientes t\u00eam 14 dias \u00fateis para a devolu\u00e7\u00e3o do produto, a partir da rece\u00e7\u00e3o da encomenda pelo cliente. Nesse caso, ShopCanarias.es ser\u00e1 respons\u00e1vel pelos custos de devolu\u00e7\u00e3o, e o Cliente poder\u00e1 decidir se lhe enviamos a encomenda de volta, caso em que os custos de envio ser\u00e3o suportados por ShopCanarias.es, ou se, pelo contr\u00e1rio, prefere a devolu\u00e7\u00e3o do dinheiro pela mesma forma que pagou.  <\/p>\n\n<p>ShopCanarias.es reserva-se o direito de cancelar uma encomenda e de reembolsar o valor pago pelo Cliente; por falta de stock, impossibilidade de envio, produtos descontinuados, ou por qualquer raz\u00e3o que a empresa considere (como a greve de modeladores).<\/p>\n\n<p>No caso de o Cliente querer devolver a encomenda por motivos diferentes do acima referido, e no prazo de 14 dias a contar da rece\u00e7\u00e3o do produto, os custos de devolu\u00e7\u00e3o ser\u00e3o suportados pelo Cliente. As devolu\u00e7\u00f5es devem ser efetuadas na embalagem original e em perfeitas condi\u00e7\u00f5es.<\/p>\n\n<p>As leis da Uni\u00e3o Europeia facilitam ao Cliente o exerc\u00edcio do direito de retirada, de testar o produto e, em caso de insatisfa\u00e7\u00e3o, devolv\u00ea-lo no prazo de 14 dias a contar da data de entrega, com exce\u00e7\u00e3o dos produtos personalizados e de higiene. As leis de garantia da Uni\u00e3o Europeia tamb\u00e9m facilitam o exerc\u00edcio do direito de repara\u00e7\u00e3o ou substitui\u00e7\u00e3o de um produto defeituoso (para bens de consumo destinados ao consumo privado).  <\/p>\n\n<p>Se n\u00e3o pertencer a um pa\u00eds da Uni\u00e3o Europeia, por favor envie um e-mail o mais rapidamente poss\u00edvel com o pedido de devolu\u00e7\u00e3o e raz\u00e3o para; info@shopcanarias.es. Tentaremos dar-lhe as mesmas solu\u00e7\u00f5es, como se vivesse na Uni\u00e3o Europeia, mas n\u00e3o podemos garanti-la (talvez devido aos regulamentos governamentais).<\/p>\n<div class=\"gsp_post_data\" \r\n\t            data-post_type=\"page\" \r\n\t            data-cat=\"\" \r\n\t            data-modified=\"120\"\r\n\t            data-created=\"1602024951\"\r\n\t            data-title=\"Termos e Condi\u00e7\u00f5es\" \r\n\t            data-home=\"https:\/\/shopcanarias.es\"><\/div>","protected":false},"excerpt":{"rendered":"<p>Condi\u00e7\u00f5es Gerais Ao utilizar o ShopCanarias.es implica que aceita expressamente as seguintes condi\u00e7\u00f5es gerais: O utilizador declara que tem idade legal (superior a 18 anos) e tem a capacidade legal necess\u00e1ria para contratar os produtos e servi\u00e7os oferecidos no ShopCanarias.es. O utilizador aceita que a legisla\u00e7\u00e3o aplic\u00e1vel ao funcionamento deste servi\u00e7o seja espanhola. ShopCanarias.es reserva-se &hellip; <\/p>\n<p class=\"link-more\"><a href=\"https:\/\/shopcanarias.es\/index.php\/pt-pt\/termos-e-condicoes\/\" class=\"more-link\">Continuar leyendo<span class=\"screen-reader-text\"> \u00abTermos e Condi\u00e7\u00f5es\u00bb<\/span><\/a><\/p>\n","protected":false},"author":1,"featured_media":0,"parent":0,"menu_order":0,"comment_status":"closed","ping_status":"closed","template":"","meta":{"footnotes":""},"class_list":["post-4078","page","type-page","status-publish","hentry"],"yoast_head":"<!-- This site is optimized with the Yoast SEO plugin v27.5 - https:\/\/yoast.com\/product\/yoast-seo-wordpress\/ -->\n<title>Termos e Condi\u00e7\u00f5es - ShopCanarias.es<\/title>\n<meta name=\"robots\" content=\"index, follow, max-snippet:-1, max-image-preview:large, max-video-preview:-1\" \/>\n<link rel=\"canonical\" href=\"https:\/\/shopcanarias.es\/index.php\/pt-pt\/termos-e-condicoes\/\" \/>\n<meta property=\"og:locale\" content=\"es_ES\" \/>\n<meta property=\"og:type\" content=\"article\" \/>\n<meta property=\"og:title\" content=\"Termos e Condi\u00e7\u00f5es - ShopCanarias.es\" \/>\n<meta property=\"og:description\" content=\"Condi\u00e7\u00f5es Gerais Ao utilizar o ShopCanarias.es implica que aceita expressamente as seguintes condi\u00e7\u00f5es gerais: O utilizador declara que tem idade legal (superior a 18 anos) e tem a capacidade legal necess\u00e1ria para contratar os produtos e servi\u00e7os oferecidos no ShopCanarias.es. O utilizador aceita que a legisla\u00e7\u00e3o aplic\u00e1vel ao funcionamento deste servi\u00e7o seja espanhola. ShopCanarias.es reserva-se &hellip; Continuar leyendo &quot;Termos e Condi\u00e7\u00f5es&quot;\" \/>\n<meta property=\"og:url\" content=\"https:\/\/shopcanarias.es\/index.php\/pt-pt\/termos-e-condicoes\/\" \/>\n<meta property=\"og:site_name\" content=\"ShopCanarias.es\" \/>\n<meta property=\"article:publisher\" content=\"https:\/\/www.facebook.com\/ShopCanariases-105415177519237\/?modal=admin_todo_tour\" \/>\n<meta property=\"article:modified_time\" content=\"2020-10-06T21:55:58+00:00\" \/>\n<meta name=\"twitter:card\" content=\"summary_large_image\" \/>\n<meta name=\"twitter:site\" content=\"@shopcanarias\" \/>\n<meta name=\"twitter:label1\" content=\"Tiempo de lectura\" \/>\n\t<meta name=\"twitter:data1\" content=\"4 minutos\" \/>\n<script type=\"application\/ld+json\" class=\"yoast-schema-graph\">{\"@context\":\"https:\\\/\\\/schema.org\",\"@graph\":[{\"@type\":\"WebPage\",\"@id\":\"https:\\\/\\\/shopcanarias.es\\\/index.php\\\/pt-pt\\\/termos-e-condicoes\\\/\",\"url\":\"https:\\\/\\\/shopcanarias.es\\\/index.php\\\/pt-pt\\\/termos-e-condicoes\\\/\",\"name\":\"Termos e Condi\u00e7\u00f5es - ShopCanarias.es\",\"isPartOf\":{\"@id\":\"https:\\\/\\\/shopcanarias.es\\\/#website\"},\"datePublished\":\"2020-10-06T21:55:51+00:00\",\"dateModified\":\"2020-10-06T21:55:58+00:00\",\"breadcrumb\":{\"@id\":\"https:\\\/\\\/shopcanarias.es\\\/index.php\\\/pt-pt\\\/termos-e-condicoes\\\/#breadcrumb\"},\"inLanguage\":\"es\",\"potentialAction\":[{\"@type\":\"ReadAction\",\"target\":[\"https:\\\/\\\/shopcanarias.es\\\/index.php\\\/pt-pt\\\/termos-e-condicoes\\\/\"]}]},{\"@type\":\"BreadcrumbList\",\"@id\":\"https:\\\/\\\/shopcanarias.es\\\/index.php\\\/pt-pt\\\/termos-e-condicoes\\\/#breadcrumb\",\"itemListElement\":[{\"@type\":\"ListItem\",\"position\":1,\"name\":\"Home\",\"item\":\"https:\\\/\\\/shopcanarias.es\\\/\"},{\"@type\":\"ListItem\",\"position\":2,\"name\":\"Termos e Condi\u00e7\u00f5es\"}]},{\"@type\":\"WebSite\",\"@id\":\"https:\\\/\\\/shopcanarias.es\\\/#website\",\"url\":\"https:\\\/\\\/shopcanarias.es\\\/\",\"name\":\"ShopCanarias.es\",\"description\":\"Tienda online de productos y servicios de las Islas Canarias\",\"publisher\":{\"@id\":\"https:\\\/\\\/shopcanarias.es\\\/#organization\"},\"potentialAction\":[{\"@type\":\"SearchAction\",\"target\":{\"@type\":\"EntryPoint\",\"urlTemplate\":\"https:\\\/\\\/shopcanarias.es\\\/?s={search_term_string}\"},\"query-input\":{\"@type\":\"PropertyValueSpecification\",\"valueRequired\":true,\"valueName\":\"search_term_string\"}}],\"inLanguage\":\"es\"},{\"@type\":\"Organization\",\"@id\":\"https:\\\/\\\/shopcanarias.es\\\/#organization\",\"name\":\"Marketplace Canarias SL\",\"url\":\"https:\\\/\\\/shopcanarias.es\\\/\",\"logo\":{\"@type\":\"ImageObject\",\"inLanguage\":\"es\",\"@id\":\"https:\\\/\\\/shopcanarias.es\\\/#\\\/schema\\\/logo\\\/image\\\/\",\"url\":\"https:\\\/\\\/i0.wp.com\\\/shopcanarias.es\\\/wp-content\\\/uploads\\\/2020\\\/04\\\/Logotipo_Ajustado_Color_300-ppp-scaled.jpg?fit=2560%2C467&ssl=1\",\"contentUrl\":\"https:\\\/\\\/i0.wp.com\\\/shopcanarias.es\\\/wp-content\\\/uploads\\\/2020\\\/04\\\/Logotipo_Ajustado_Color_300-ppp-scaled.jpg?fit=2560%2C467&ssl=1\",\"width\":2560,\"height\":467,\"caption\":\"Marketplace Canarias SL\"},\"image\":{\"@id\":\"https:\\\/\\\/shopcanarias.es\\\/#\\\/schema\\\/logo\\\/image\\\/\"},\"sameAs\":[\"https:\\\/\\\/www.facebook.com\\\/ShopCanariases-105415177519237\\\/?modal=admin_todo_tour\",\"https:\\\/\\\/x.com\\\/shopcanarias\",\"https:\\\/\\\/www.instagram.com\\\/shopcanarias\\\/?hl=es\",\"https:\\\/\\\/www.pinterest.es\\\/pin\\\/611222980666854387\\\/\",\"https:\\\/\\\/www.youtube.com\\\/channel\\\/UCqPIEQS9SBuvJrMWJV8YxuA\"]}]}<\/script>\n<!-- \/ Yoast SEO plugin. -->","yoast_head_json":{"title":"Termos e Condi\u00e7\u00f5es - ShopCanarias.es","robots":{"index":"index","follow":"follow","max-snippet":"max-snippet:-1","max-image-preview":"max-image-preview:large","max-video-preview":"max-video-preview:-1"},"canonical":"https:\/\/shopcanarias.es\/index.php\/pt-pt\/termos-e-condicoes\/","og_locale":"es_ES","og_type":"article","og_title":"Termos e Condi\u00e7\u00f5es - ShopCanarias.es","og_description":"Condi\u00e7\u00f5es Gerais Ao utilizar o ShopCanarias.es implica que aceita expressamente as seguintes condi\u00e7\u00f5es gerais: O utilizador declara que tem idade legal (superior a 18 anos) e tem a capacidade legal necess\u00e1ria para contratar os produtos e servi\u00e7os oferecidos no ShopCanarias.es. O utilizador aceita que a legisla\u00e7\u00e3o aplic\u00e1vel ao funcionamento deste servi\u00e7o seja espanhola. ShopCanarias.es reserva-se &hellip; Continuar leyendo \"Termos e Condi\u00e7\u00f5es\"","og_url":"https:\/\/shopcanarias.es\/index.php\/pt-pt\/termos-e-condicoes\/","og_site_name":"ShopCanarias.es","article_publisher":"https:\/\/www.facebook.com\/ShopCanariases-105415177519237\/?modal=admin_todo_tour","article_modified_time":"2020-10-06T21:55:58+00:00","twitter_card":"summary_large_image","twitter_site":"@shopcanarias","twitter_misc":{"Tiempo de lectura":"4 minutos"},"schema":{"@context":"https:\/\/schema.org","@graph":[{"@type":"WebPage","@id":"https:\/\/shopcanarias.es\/index.php\/pt-pt\/termos-e-condicoes\/","url":"https:\/\/shopcanarias.es\/index.php\/pt-pt\/termos-e-condicoes\/","name":"Termos e Condi\u00e7\u00f5es - ShopCanarias.es","isPartOf":{"@id":"https:\/\/shopcanarias.es\/#website"},"datePublished":"2020-10-06T21:55:51+00:00","dateModified":"2020-10-06T21:55:58+00:00","breadcrumb":{"@id":"https:\/\/shopcanarias.es\/index.php\/pt-pt\/termos-e-condicoes\/#breadcrumb"},"inLanguage":"es","potentialAction":[{"@type":"ReadAction","target":["https:\/\/shopcanarias.es\/index.php\/pt-pt\/termos-e-condicoes\/"]}]},{"@type":"BreadcrumbList","@id":"https:\/\/shopcanarias.es\/index.php\/pt-pt\/termos-e-condicoes\/#breadcrumb","itemListElement":[{"@type":"ListItem","position":1,"name":"Home","item":"https:\/\/shopcanarias.es\/"},{"@type":"ListItem","position":2,"name":"Termos e Condi\u00e7\u00f5es"}]},{"@type":"WebSite","@id":"https:\/\/shopcanarias.es\/#website","url":"https:\/\/shopcanarias.es\/","name":"ShopCanarias.es","description":"Tienda online de productos y servicios de las Islas Canarias","publisher":{"@id":"https:\/\/shopcanarias.es\/#organization"},"potentialAction":[{"@type":"SearchAction","target":{"@type":"EntryPoint","urlTemplate":"https:\/\/shopcanarias.es\/?s={search_term_string}"},"query-input":{"@type":"PropertyValueSpecification","valueRequired":true,"valueName":"search_term_string"}}],"inLanguage":"es"},{"@type":"Organization","@id":"https:\/\/shopcanarias.es\/#organization","name":"Marketplace Canarias SL","url":"https:\/\/shopcanarias.es\/","logo":{"@type":"ImageObject","inLanguage":"es","@id":"https:\/\/shopcanarias.es\/#\/schema\/logo\/image\/","url":"https:\/\/i0.wp.com\/shopcanarias.es\/wp-content\/uploads\/2020\/04\/Logotipo_Ajustado_Color_300-ppp-scaled.jpg?fit=2560%2C467&ssl=1","contentUrl":"https:\/\/i0.wp.com\/shopcanarias.es\/wp-content\/uploads\/2020\/04\/Logotipo_Ajustado_Color_300-ppp-scaled.jpg?fit=2560%2C467&ssl=1","width":2560,"height":467,"caption":"Marketplace Canarias SL"},"image":{"@id":"https:\/\/shopcanarias.es\/#\/schema\/logo\/image\/"},"sameAs":["https:\/\/www.facebook.com\/ShopCanariases-105415177519237\/?modal=admin_todo_tour","https:\/\/x.com\/shopcanarias","https:\/\/www.instagram.com\/shopcanarias\/?hl=es","https:\/\/www.pinterest.es\/pin\/611222980666854387\/","https:\/\/www.youtube.com\/channel\/UCqPIEQS9SBuvJrMWJV8YxuA"]}]}},"jetpack_sharing_enabled":true,"_links":{"self":[{"href":"https:\/\/shopcanarias.es\/index.php\/wp-json\/wp\/v2\/pages\/4078","targetHints":{"allow":["GET"]}}],"collection":[{"href":"https:\/\/shopcanarias.es\/index.php\/wp-json\/wp\/v2\/pages"}],"about":[{"href":"https:\/\/shopcanarias.es\/index.php\/wp-json\/wp\/v2\/types\/page"}],"author":[{"embeddable":true,"href":"https:\/\/shopcanarias.es\/index.php\/wp-json\/wp\/v2\/users\/1"}],"replies":[{"embeddable":true,"href":"https:\/\/shopcanarias.es\/index.php\/wp-json\/wp\/v2\/comments?post=4078"}],"version-history":[{"count":0,"href":"https:\/\/shopcanarias.es\/index.php\/wp-json\/wp\/v2\/pages\/4078\/revisions"}],"wp:attachment":[{"href":"https:\/\/shopcanarias.es\/index.php\/wp-json\/wp\/v2\/media?parent=4078"}],"curies":[{"name":"wp","href":"https:\/\/api.w.org\/{rel}","templated":true}]}}