{"id":3298,"date":"2020-09-08T14:02:05","date_gmt":"2020-09-08T13:02:05","guid":{"rendered":"https:\/\/shopcanarias.es\/index.php\/termini-e-condizioni\/"},"modified":"2020-09-08T14:02:11","modified_gmt":"2020-09-08T13:02:11","slug":"termini-e-condizioni","status":"publish","type":"page","link":"https:\/\/shopcanarias.es\/index.php\/it\/termini-e-condizioni\/","title":{"rendered":"Termini e condizioni"},"content":{"rendered":"\n<h2 class=\"wp-block-heading\">Condizioni generali<\/h2>\n\n<p>Utilizzando il ShopCanarias.es implica che si accettano espressamente le seguenti condizioni generali:<\/p>\n\n<p>L&#8217;utente dichiara di avere un&#8217;et\u00e0 legale (oltre i 18 anni) e di avere la necessaria capacit\u00e0 giuridica per contrarre i prodotti e i servizi offerti in ShopCanarias.es.<\/p>\n\n<p>L&#8217;utente accetta che la legislazione applicabile al funzionamento di questo servizio \u00e8 spagnola. ShopCanarias.es si riserva il diritto di apportare eventuali modifiche che ritiene appropriate nei termini e nelle condizioni stabilite.<\/p>\n\n<p>I link ad altri siti web che appaiono nelle pagine ShopCanarias.es sono offerti a scopo informativo solo all&#8217;utente, quindi ShopCanarias.es non \u00e8 responsabile per i prodotti, i servizi o i contenuti offerti o forniti nelle pagine di destinazione situate in un altro dominio.<\/p>\n\n<h2 class=\"wp-block-heading\">Condizioni di spedizione<\/h2>\n\n<p>Le spedizioni saranno effettuate dalla societ\u00e0 postale e telegrafico, a meno che il Cliente non ne risi venga richiesta un&#8217;altra societ\u00e0. La nostra intenzione \u00e8 quella di garantire la qualit\u00e0 del servizio e di ridurre i costi di spedizione. Continuiamo a cercare un fornitore di servizi completo in grado di adattarsi alle esigenze dei clienti (clicca e raccogli, armadietti di ritiro, orari adattati al Cliente, consegna al lavoro, consegna nei fine settimana, ecc.).<\/p>\n\n<p>Invia un&#8217;e-mail al Cliente un localizzatore di spedizione, in modo che tu sia informato dello stato del tuo ordine. Il luogo di consegna predefinito sar\u00e0 l&#8217;indirizzo o presso l&#8217;ufficio postale, a meno che il Cliente non nega un&#8217;altra societ\u00e0. E gli slot di consegna corrisponderanno al fornitore di servizi che hai scelto.<\/p>\n\n<p>Per i fornitori che non hanno lo stock online aggiornato, e dopo l&#8217;ordine, contatteremo il fornitore il giorno lavorativo successivo, per informare il Cliente del nuovo tempo di consegna o per offrirti un&#8217;alternativa.<\/p>\n\n<p>I prezzi alla fine dell&#8217;acquisto includono l&#8217;assicurazione a tutti i rischi, le tasse, le spese di spedizione e le spese doganali.<\/p>\n\n<p><\/p>\n\n<h2 class=\"wp-block-heading\">Condizioni per i resi<\/h2>\n\n<p>Tutti i prodotti acquistati il ShopCanarias.es possono essere restituiti inviando una e-mail con la richiesta di ritorno e il motivo per; info@shopcanarias.es , entro 14 giorni dal ricevimento dell&#8217;ordine.<\/p>\n\n<p>Se il motivo del reso \u00e8 dovuto al fatto che l&#8217;imballaggio \u00e8 rotto, la spedizione pu\u00f2 essere rifiutata, chiedendo all&#8217;azienda di trasporto di registrare il rifiuto perch\u00e9 \u00e8 rotto.<\/p>\n\n<p>Se il prodotto non \u00e8 integro o si verifica un errore nella consegna, i clienti hanno 14 giorni lavorativi per la restituzione del prodotto, dal ricevimento dell&#8217;ordine da parte del cliente. In tal caso, ShopCanarias.es sar\u00e0 responsabile delle spese di restituzione e il Cliente pu\u00f2 decidere se rimandare l&#8217;ordine a lui, nel qual caso le spese di spedizione saranno sostenute da ShopCanarias.es, o se al contrario preferisce la restituzione del denaro nello stesso modo in cui ha pagato.  <\/p>\n\n<p>ShopCanarias.es si riserva il diritto di annullare un ordine e di rimborsare l&#8217;importo pagato dal Cliente; per mancanza di scorte, impossibilit\u00e0 di spedizione, prodotti fuori produzione, o per qualsiasi motivo che l&#8217;azienda considera (come sciopero styler).<\/p>\n\n<p>Nel caso in cui il Cliente desideri restituire l&#8217;ordine per motivi diversi da quelli di cui sopra ed entro 14 giorni dalla ricezione del prodotto, i costi di reso saranno a carico del Cliente. I resi devono essere effettuati nell&#8217;imballaggio originale e in perfette condizioni.<\/p>\n\n<p>Le leggi dell&#8217;Unione europea rendono pi\u00f9 facile per il Cliente esercitare il diritto di recesso, testare il prodotto e, in caso di insoddisfazione, restituirlo entro il periodo di 14 giorni dalla data di consegna, ad eccezione dei prodotti personalizzati e per l&#8217;igiene. Le leggi sulla garanzia dell&#8217;Unione europea rendono inoltre pi\u00f9 facile per il Cliente esercitare il diritto di riparazione o sostituzione di un prodotto difettoso (per i beni di consumo destinati al consumo privato).  <\/p>\n\n<p>Se non si appartiene a un paese dell&#8217;Unione europea, si prega di inviare una e-mail il pi\u00f9 presto possibile con la richiesta di ritorno e motivo di; info@shopcanarias.es. Proveremo a darvi le stesse soluzioni, come se vivessi nell&#8217;Unione europea, ma non possiamo garantirle (forse a causa di regolamenti governativi).<\/p>\n<div class=\"gsp_post_data\" \r\n\t            data-post_type=\"page\" \r\n\t            data-cat=\"\" \r\n\t            data-modified=\"120\"\r\n\t            data-created=\"1599573725\"\r\n\t            data-title=\"Termini e condizioni\" \r\n\t            data-home=\"https:\/\/shopcanarias.es\"><\/div>","protected":false},"excerpt":{"rendered":"<p>Condizioni generali Utilizzando il ShopCanarias.es implica che si accettano espressamente le seguenti condizioni generali: L&#8217;utente dichiara di avere un&#8217;et\u00e0 legale (oltre i 18 anni) e di avere la necessaria capacit\u00e0 giuridica per contrarre i prodotti e i servizi offerti in ShopCanarias.es. L&#8217;utente accetta che la legislazione applicabile al funzionamento di questo servizio \u00e8 spagnola. ShopCanarias.es &hellip; <\/p>\n<p class=\"link-more\"><a href=\"https:\/\/shopcanarias.es\/index.php\/it\/termini-e-condizioni\/\" class=\"more-link\">Continuar leyendo<span class=\"screen-reader-text\"> \u00abTermini e condizioni\u00bb<\/span><\/a><\/p>\n","protected":false},"author":1,"featured_media":0,"parent":0,"menu_order":0,"comment_status":"closed","ping_status":"closed","template":"","meta":{"footnotes":""},"class_list":["post-3298","page","type-page","status-publish","hentry"],"yoast_head":"<!-- This site is optimized with the Yoast SEO plugin v27.4 - https:\/\/yoast.com\/product\/yoast-seo-wordpress\/ -->\n<title>Termini e condizioni - ShopCanarias.es<\/title>\n<meta name=\"robots\" content=\"index, follow, max-snippet:-1, max-image-preview:large, max-video-preview:-1\" \/>\n<link rel=\"canonical\" href=\"https:\/\/shopcanarias.es\/index.php\/it\/termini-e-condizioni\/\" \/>\n<meta property=\"og:locale\" content=\"es_ES\" \/>\n<meta property=\"og:type\" content=\"article\" \/>\n<meta property=\"og:title\" content=\"Termini e condizioni - ShopCanarias.es\" \/>\n<meta property=\"og:description\" content=\"Condizioni generali Utilizzando il ShopCanarias.es implica che si accettano espressamente le seguenti condizioni generali: L&#8217;utente dichiara di avere un&#8217;et\u00e0 legale (oltre i 18 anni) e di avere la necessaria capacit\u00e0 giuridica per contrarre i prodotti e i servizi offerti in ShopCanarias.es. L&#8217;utente accetta che la legislazione applicabile al funzionamento di questo servizio \u00e8 spagnola. ShopCanarias.es &hellip; Continuar leyendo &quot;Termini e condizioni&quot;\" \/>\n<meta property=\"og:url\" content=\"https:\/\/shopcanarias.es\/index.php\/it\/termini-e-condizioni\/\" \/>\n<meta property=\"og:site_name\" content=\"ShopCanarias.es\" \/>\n<meta property=\"article:publisher\" content=\"https:\/\/www.facebook.com\/ShopCanariases-105415177519237\/?modal=admin_todo_tour\" \/>\n<meta property=\"article:modified_time\" content=\"2020-09-08T13:02:11+00:00\" \/>\n<meta name=\"twitter:card\" content=\"summary_large_image\" \/>\n<meta name=\"twitter:site\" content=\"@shopcanarias\" \/>\n<meta name=\"twitter:label1\" content=\"Tiempo de lectura\" \/>\n\t<meta name=\"twitter:data1\" content=\"3 minutos\" \/>\n<script type=\"application\/ld+json\" class=\"yoast-schema-graph\">{\"@context\":\"https:\\\/\\\/schema.org\",\"@graph\":[{\"@type\":\"WebPage\",\"@id\":\"https:\\\/\\\/shopcanarias.es\\\/index.php\\\/it\\\/termini-e-condizioni\\\/\",\"url\":\"https:\\\/\\\/shopcanarias.es\\\/index.php\\\/it\\\/termini-e-condizioni\\\/\",\"name\":\"Termini e condizioni - ShopCanarias.es\",\"isPartOf\":{\"@id\":\"https:\\\/\\\/shopcanarias.es\\\/#website\"},\"datePublished\":\"2020-09-08T13:02:05+00:00\",\"dateModified\":\"2020-09-08T13:02:11+00:00\",\"breadcrumb\":{\"@id\":\"https:\\\/\\\/shopcanarias.es\\\/index.php\\\/it\\\/termini-e-condizioni\\\/#breadcrumb\"},\"inLanguage\":\"es\",\"potentialAction\":[{\"@type\":\"ReadAction\",\"target\":[\"https:\\\/\\\/shopcanarias.es\\\/index.php\\\/it\\\/termini-e-condizioni\\\/\"]}]},{\"@type\":\"BreadcrumbList\",\"@id\":\"https:\\\/\\\/shopcanarias.es\\\/index.php\\\/it\\\/termini-e-condizioni\\\/#breadcrumb\",\"itemListElement\":[{\"@type\":\"ListItem\",\"position\":1,\"name\":\"Home\",\"item\":\"https:\\\/\\\/shopcanarias.es\\\/\"},{\"@type\":\"ListItem\",\"position\":2,\"name\":\"Termini e condizioni\"}]},{\"@type\":\"WebSite\",\"@id\":\"https:\\\/\\\/shopcanarias.es\\\/#website\",\"url\":\"https:\\\/\\\/shopcanarias.es\\\/\",\"name\":\"ShopCanarias.es\",\"description\":\"Tienda online de productos y servicios de las Islas Canarias\",\"publisher\":{\"@id\":\"https:\\\/\\\/shopcanarias.es\\\/#organization\"},\"potentialAction\":[{\"@type\":\"SearchAction\",\"target\":{\"@type\":\"EntryPoint\",\"urlTemplate\":\"https:\\\/\\\/shopcanarias.es\\\/?s={search_term_string}\"},\"query-input\":{\"@type\":\"PropertyValueSpecification\",\"valueRequired\":true,\"valueName\":\"search_term_string\"}}],\"inLanguage\":\"es\"},{\"@type\":\"Organization\",\"@id\":\"https:\\\/\\\/shopcanarias.es\\\/#organization\",\"name\":\"Marketplace Canarias SL\",\"url\":\"https:\\\/\\\/shopcanarias.es\\\/\",\"logo\":{\"@type\":\"ImageObject\",\"inLanguage\":\"es\",\"@id\":\"https:\\\/\\\/shopcanarias.es\\\/#\\\/schema\\\/logo\\\/image\\\/\",\"url\":\"https:\\\/\\\/i0.wp.com\\\/shopcanarias.es\\\/wp-content\\\/uploads\\\/2020\\\/04\\\/Logotipo_Ajustado_Color_300-ppp-scaled.jpg?fit=2560%2C467&ssl=1\",\"contentUrl\":\"https:\\\/\\\/i0.wp.com\\\/shopcanarias.es\\\/wp-content\\\/uploads\\\/2020\\\/04\\\/Logotipo_Ajustado_Color_300-ppp-scaled.jpg?fit=2560%2C467&ssl=1\",\"width\":2560,\"height\":467,\"caption\":\"Marketplace Canarias SL\"},\"image\":{\"@id\":\"https:\\\/\\\/shopcanarias.es\\\/#\\\/schema\\\/logo\\\/image\\\/\"},\"sameAs\":[\"https:\\\/\\\/www.facebook.com\\\/ShopCanariases-105415177519237\\\/?modal=admin_todo_tour\",\"https:\\\/\\\/x.com\\\/shopcanarias\",\"https:\\\/\\\/www.instagram.com\\\/shopcanarias\\\/?hl=es\",\"https:\\\/\\\/www.pinterest.es\\\/pin\\\/611222980666854387\\\/\",\"https:\\\/\\\/www.youtube.com\\\/channel\\\/UCqPIEQS9SBuvJrMWJV8YxuA\"]}]}<\/script>\n<!-- \/ Yoast SEO plugin. -->","yoast_head_json":{"title":"Termini e condizioni - ShopCanarias.es","robots":{"index":"index","follow":"follow","max-snippet":"max-snippet:-1","max-image-preview":"max-image-preview:large","max-video-preview":"max-video-preview:-1"},"canonical":"https:\/\/shopcanarias.es\/index.php\/it\/termini-e-condizioni\/","og_locale":"es_ES","og_type":"article","og_title":"Termini e condizioni - ShopCanarias.es","og_description":"Condizioni generali Utilizzando il ShopCanarias.es implica che si accettano espressamente le seguenti condizioni generali: L&#8217;utente dichiara di avere un&#8217;et\u00e0 legale (oltre i 18 anni) e di avere la necessaria capacit\u00e0 giuridica per contrarre i prodotti e i servizi offerti in ShopCanarias.es. L&#8217;utente accetta che la legislazione applicabile al funzionamento di questo servizio \u00e8 spagnola. ShopCanarias.es &hellip; Continuar leyendo \"Termini e condizioni\"","og_url":"https:\/\/shopcanarias.es\/index.php\/it\/termini-e-condizioni\/","og_site_name":"ShopCanarias.es","article_publisher":"https:\/\/www.facebook.com\/ShopCanariases-105415177519237\/?modal=admin_todo_tour","article_modified_time":"2020-09-08T13:02:11+00:00","twitter_card":"summary_large_image","twitter_site":"@shopcanarias","twitter_misc":{"Tiempo de lectura":"3 minutos"},"schema":{"@context":"https:\/\/schema.org","@graph":[{"@type":"WebPage","@id":"https:\/\/shopcanarias.es\/index.php\/it\/termini-e-condizioni\/","url":"https:\/\/shopcanarias.es\/index.php\/it\/termini-e-condizioni\/","name":"Termini e condizioni - ShopCanarias.es","isPartOf":{"@id":"https:\/\/shopcanarias.es\/#website"},"datePublished":"2020-09-08T13:02:05+00:00","dateModified":"2020-09-08T13:02:11+00:00","breadcrumb":{"@id":"https:\/\/shopcanarias.es\/index.php\/it\/termini-e-condizioni\/#breadcrumb"},"inLanguage":"es","potentialAction":[{"@type":"ReadAction","target":["https:\/\/shopcanarias.es\/index.php\/it\/termini-e-condizioni\/"]}]},{"@type":"BreadcrumbList","@id":"https:\/\/shopcanarias.es\/index.php\/it\/termini-e-condizioni\/#breadcrumb","itemListElement":[{"@type":"ListItem","position":1,"name":"Home","item":"https:\/\/shopcanarias.es\/"},{"@type":"ListItem","position":2,"name":"Termini e condizioni"}]},{"@type":"WebSite","@id":"https:\/\/shopcanarias.es\/#website","url":"https:\/\/shopcanarias.es\/","name":"ShopCanarias.es","description":"Tienda online de productos y servicios de las Islas Canarias","publisher":{"@id":"https:\/\/shopcanarias.es\/#organization"},"potentialAction":[{"@type":"SearchAction","target":{"@type":"EntryPoint","urlTemplate":"https:\/\/shopcanarias.es\/?s={search_term_string}"},"query-input":{"@type":"PropertyValueSpecification","valueRequired":true,"valueName":"search_term_string"}}],"inLanguage":"es"},{"@type":"Organization","@id":"https:\/\/shopcanarias.es\/#organization","name":"Marketplace Canarias SL","url":"https:\/\/shopcanarias.es\/","logo":{"@type":"ImageObject","inLanguage":"es","@id":"https:\/\/shopcanarias.es\/#\/schema\/logo\/image\/","url":"https:\/\/i0.wp.com\/shopcanarias.es\/wp-content\/uploads\/2020\/04\/Logotipo_Ajustado_Color_300-ppp-scaled.jpg?fit=2560%2C467&ssl=1","contentUrl":"https:\/\/i0.wp.com\/shopcanarias.es\/wp-content\/uploads\/2020\/04\/Logotipo_Ajustado_Color_300-ppp-scaled.jpg?fit=2560%2C467&ssl=1","width":2560,"height":467,"caption":"Marketplace Canarias SL"},"image":{"@id":"https:\/\/shopcanarias.es\/#\/schema\/logo\/image\/"},"sameAs":["https:\/\/www.facebook.com\/ShopCanariases-105415177519237\/?modal=admin_todo_tour","https:\/\/x.com\/shopcanarias","https:\/\/www.instagram.com\/shopcanarias\/?hl=es","https:\/\/www.pinterest.es\/pin\/611222980666854387\/","https:\/\/www.youtube.com\/channel\/UCqPIEQS9SBuvJrMWJV8YxuA"]}]}},"jetpack_sharing_enabled":true,"_links":{"self":[{"href":"https:\/\/shopcanarias.es\/index.php\/wp-json\/wp\/v2\/pages\/3298","targetHints":{"allow":["GET"]}}],"collection":[{"href":"https:\/\/shopcanarias.es\/index.php\/wp-json\/wp\/v2\/pages"}],"about":[{"href":"https:\/\/shopcanarias.es\/index.php\/wp-json\/wp\/v2\/types\/page"}],"author":[{"embeddable":true,"href":"https:\/\/shopcanarias.es\/index.php\/wp-json\/wp\/v2\/users\/1"}],"replies":[{"embeddable":true,"href":"https:\/\/shopcanarias.es\/index.php\/wp-json\/wp\/v2\/comments?post=3298"}],"version-history":[{"count":0,"href":"https:\/\/shopcanarias.es\/index.php\/wp-json\/wp\/v2\/pages\/3298\/revisions"}],"wp:attachment":[{"href":"https:\/\/shopcanarias.es\/index.php\/wp-json\/wp\/v2\/media?parent=3298"}],"curies":[{"name":"wp","href":"https:\/\/api.w.org\/{rel}","templated":true}]}}