{"id":277,"date":"2020-04-02T20:35:29","date_gmt":"2020-04-02T19:35:29","guid":{"rendered":"https:\/\/shopcanarias.es\/?page_id=277"},"modified":"2020-08-27T20:06:29","modified_gmt":"2020-08-27T19:06:29","slug":"politica-de-privacidad","status":"publish","type":"page","link":"https:\/\/shopcanarias.es\/index.php\/politica-de-privacidad\/","title":{"rendered":"POL\u00cdTICA DE PRIVACIDAD"},"content":{"rendered":"\n<p><a><strong>1.- \u00bfQui\u00e9n es el responsable del tratamiento de sus datos?<\/strong><\/a><strong><\/strong><\/p>\n\n\n\n<p>El responsable del tratamiento de sus datos personales es MARKETPLACE CANARIAS, S.L. (en adelante, \u201c<strong>ShopCanarias<\/strong>\u201d), con N.I.F. n\u00famero B-76819259 y con domicilio social en C\/ la Duraznillo 3 Ptl.1 3\u00ba C 38390, (Santa \u00darsula), Santa Cruz De Tenerife.<\/p>\n\n\n\n<p>Le informamos que la titularidad de este Sitio Web (en adelante, el \u201c<strong><em>Sitio Web<\/em><\/strong>\u201d) es de MARKETPLACE CANARIAS, S.L.<\/p>\n\n\n\n<p>El acceso y\/o uso del sitio web, le atribuye la condici\u00f3n de Usuario del mismo e implica la aceptaci\u00f3n, desde dicho acceso y\/o uso, de la presente Pol\u00edtica de Privacidad.<\/p>\n\n\n\n<p>El Usuario podr\u00e1 contactar con ShopCanarias en la siguiente direcci\u00f3n de correo electr\u00f3nico:<a href=\"mailto:info@shopcanarias.es\">info@shopcanarias.es<\/a>.<\/p>\n\n\n\n<p><strong>2.- \u00bfPor qu\u00e9 ShopCanarias est\u00e1 legitimada para llevar a cabo el tratamiento de datos?<\/strong><strong><\/strong><\/p>\n\n\n\n<p>ShopCanarias est\u00e1 legitimada para tratar sus datos para poder llevar a cabo la prestaci\u00f3n de sus servicios.<\/p>\n\n\n\n<p>ShopCanarias se toma muy en serio la protecci\u00f3n de su privacidad y de sus datos personales. Por lo tanto, su informaci\u00f3n personal se conserva de forma segura y se trata con el m\u00e1ximo cuidado.<\/p>\n\n\n\n<p>La presente Pol\u00edtica de Privacidad regula el acceso y el uso al servicio (en adelante, el \u201c<strong><em>Servicio<\/em><\/strong>\u201d) que ShopCanarias pone a disposici\u00f3n del Usuario interesado en los servicios y Contenidos alojados en el sitio web.<\/p>\n\n\n\n<p>Por lo que respecta al consentimiento, el Usuario podr\u00e1 retirarlo en cualquier momento mandando un mensaje a la direcci\u00f3n de correo electr\u00f3nico indicada en el apartado primero de esta pol\u00edtica de privacidad, sin que ello afecte a la licitud del tratamiento basado en el consentimiento previo a su retirada.<\/p>\n\n\n\n<p><strong>3.- \u00bfCu\u00e1les son<\/strong><strong> las<\/strong><strong><em> <\/em><\/strong><strong>finalidades del tratamiento de sus datos de car<\/strong><strong>\u00e1cter personal<\/strong><strong> por parte de<\/strong><strong> <a>ShopCanarias<\/a><\/strong><strong>?<\/strong><\/p>\n\n\n\n<p><a>Sus datos de car<\/a>\u00e1cter personal recabados por ShopCanarias podr\u00e1n ser utilizados para las siguientes finalidades, seg\u00fan el consentimiento otorgado en el formulario de registro correspondiente:<\/p>\n\n\n\n<ul class=\"wp-block-list\"><li>La prestaci\u00f3n de los servicios ofrecidos a trav\u00e9s del sitio web.<\/li><\/ul>\n\n\n\n<ul class=\"wp-block-list\"><li>comunicaciones comerciales perfiladas y\/o <em>Newsletter<\/em> por parte de ShopCanarias. De este modo, si as\u00ed lo ha consentido el Usuario, sus datos personales podr\u00e1n ser utilizados para enviarle por carta, tel\u00e9fono, correo electr\u00f3nico, SMS\/MMS, o por otros medios de comunicaci\u00f3n electr\u00f3nica equivalentes, comunicaciones comerciales y\/o Newsletter.<\/li><\/ul>\n\n\n\n<p><strong>4.- Veracidad de los datos facilitados por los Usuarios y datos de menores<\/strong><strong><\/strong><\/p>\n\n\n\n<p>El Usuario garantiza que los datos personales facilitados son veraces y se hace responsable de comunicar a ShopCanarias cualquier modificaci\u00f3n de estos. El Usuario responder\u00e1, en cualquier caso, de la veracidad de los datos facilitados, reserv\u00e1ndose ShopCanarias el derecho a excluir de los Servicios registrados a todo Usuario que haya facilitado datos falsos, sin perjuicio de las dem\u00e1s acciones que procedan en Derecho.<\/p>\n\n\n\n<p><a><strong>5.-Conservaci\u00f3n de los datos<\/strong><\/a><strong><\/strong><\/p>\n\n\n\n<p>Los datos personales proporcionados se conservar\u00e1n por parte de ShopCanarias mientras el Usuario no manifieste <a>su voluntad de darse de baja de los servicios de<\/a> ShopCanarias, y ello con la finalidad de recibir informaci\u00f3n sobre productos de la empresa. Posteriormente, en caso de ser necesario y para atender las posibles responsabilidades que se pudieran derivar del tratamiento de los datos o de las actividades de los usuarios, <a>ShopCanarias<\/a> mantendr\u00e1 la informaci\u00f3n bloqueada los plazos legalmente establecidos.<\/p>\n\n\n\n<p><a><strong>6.- Derechos del Usuario en relaci<\/strong><\/a><strong>\u00f3n con sus<\/strong><strong> datos<\/strong><strong><\/strong><\/p>\n\n\n\n<p>El Usuario tiene derecho a<\/p>\n\n\n\n<ul class=\"wp-block-list\"><li>Acceder a sus datos personales.<\/li><\/ul>\n\n\n\n<ul class=\"wp-block-list\"><li>Solicitar la rectificaci\u00f3n de los datos inexactos<\/li><\/ul>\n\n\n\n<ul class=\"wp-block-list\"><li>Solicitar su supresi\u00f3n.<\/li><\/ul>\n\n\n\n<ul class=\"wp-block-list\"><li>&nbsp;Solicitar la limitaci\u00f3n del tratamiento de sus datos.<\/li><\/ul>\n\n\n\n<ul class=\"wp-block-list\"><li>&nbsp;Oponerse al tratamiento de sus datos.<\/li><\/ul>\n\n\n\n<ul class=\"wp-block-list\"><li>&nbsp;Solicitar su portabilidad.<\/li><\/ul>\n\n\n\n<ul class=\"wp-block-list\"><li>No ser objeto de decisiones individuales automatizadas.<\/li><\/ul>\n\n\n\n<p>El Usuario puede ejercer todos estos derechos en la siguiente direcci\u00f3n de email <a href=\"mailto:info@shopcanarias.es\">info@shopcanarias.es<\/a> indicando el motivo de su petici\u00f3n y aportando una copia de su D.N.I.<\/p>\n\n\n\n<p>El Usuario puede tambi\u00e9n enviar su petici\u00f3n por correo ordinario a la siguiente direcci\u00f3n:<\/p>\n\n\n\n<p>MARKETPLACE CANARIAS, S.L<\/p>\n\n\n\n<p>CIF B-76819259<\/p>\n\n\n\n<p>C\/ la Duraznillo 3 Ptl.1 3\u00ba C 38390, (Santa \u00darsula),<\/p>\n\n\n\n<p>Santa Cruz De Tenerife<\/p>\n\n\n\n<p>Sin perjuicio de cualquier otro recurso administrativo o acci\u00f3n judicial, el Usuario tendr\u00e1 derecho a presentar una reclamaci\u00f3n ante una Autoridad de Control, en particular en el Estado miembro en el que tenga su residencia habitual, lugar de trabajo o lugar de la supuesta infracci\u00f3n, en caso de que considere que el tratamiento de sus datos personales no es adecuado a la normativa, as\u00ed como en el caso de no ver satisfecho el ejercicio de sus derechos. La autoridad de control ante la que se haya presentado la reclamaci\u00f3n informar\u00e1 al reclamante sobre el curso y el resultado de la reclamaci\u00f3n.<\/p>\n\n\n\n<p><a><strong>7.- Seguridad de los datos<\/strong><\/a><strong><\/strong><\/p>\n\n\n\n<p>La protecci\u00f3n de la privacidad y los datos personales de los Usuarios es muy importante para ShopCanarias. Por lo tanto, ShopCanarias hace todo lo que est\u00e1 en su mano para impedir que sus datos se utilicen de forma inadecuada, permitiendo el acceso a los mismo \u00fanicamente a personal autorizado.<\/p>\n\n\n\n<p>ShopCanarias mantiene los niveles de seguridad de protecci\u00f3n de datos personales conforme a la normativa aplicable y ha establecido todos los medios t\u00e9cnicos a su alcance para evitar la p\u00e9rdida, mal uso, alteraci\u00f3n, acceso no autorizado y robo de los datos que el Usuario facilite a trav\u00e9s del sitio web sin perjuicio de informarle de que las medidas de seguridad en Internet no son inexpugnables.<\/p>\n\n\n\n<p>ShopCanarias se compromete a cumplir con el deber de secreto y confidencialidad respecto de los datos personales de acuerdo con la legislaci\u00f3n aplicable, as\u00ed como a conferirles un tratamiento seguro en las cesiones y transferencias internacionales de datos que, en su caso, puedan producirse.<\/p>\n\n\n\n<p>En aquellos servicios del sitio web que precisen registrarse como Usuario, se deber\u00e1 elegir una contrase\u00f1a. El Usuario es el responsable de mantener la confidencialidad de esta contrase\u00f1a, as\u00ed como de todas las actividades que ocurran en la sesi\u00f3n iniciada con su nombre y contrase\u00f1a.<\/p>\n\n\n\n<p>El Usuario se compromete a notificar ShopCanarias a la mayor brevedad el uso no autorizado de su nombre de Usuario y\/o contrase\u00f1a o cualquier otro fallo en la seguridad. ShopCanarias no ser\u00e1 responsable por los da\u00f1os o p\u00e9rdidas que se pudieran originar debido al no cumplimiento de esta obligaci\u00f3n por parte del Usuario.<\/p>\n\n\n\n<p><a><strong>8.-<\/strong><\/a><strong> Revisi\u00f3n de la Pol\u00edtica de Privacidad<\/strong><\/p>\n\n\n\n<p>ShopCanarias se reserva el derecho de revisar su Pol\u00edtica de Privacidad en el momento que considere oportuno. Por esta raz\u00f3n, le rogamos que compruebe de forma regular esta Pol\u00edtica de Privacidad para leer la versi\u00f3n m\u00e1s reciente de la misma.<\/p>\n\n\n\n<p>No obstante, cualquier cambio que se produzca en la presente Pol\u00edtica de Privacidad se comunicar\u00e1 al Usuario.<\/p>\n\n\n\n<p><a><strong>9.- Links a p\u00e1ginas web<\/strong><\/a><strong><\/strong><\/p>\n\n\n\n<p>El sitio web de ShopCanarias podr\u00eda contener links a p\u00e1ginas web de compa\u00f1\u00edas y entidades de terceros. ShopCanarias no puede hacerse responsable de la forma en la que estas compa\u00f1\u00edas tratan la protecci\u00f3n de la privacidad y de los datos personales, por lo que le aconsejamos que lea detenidamente las declaraciones de Pol\u00edtica de Privacidad de estas p\u00e1ginas web que no son propiedad de ShopCanarias con relaci\u00f3n al uso, procesamiento y protecci\u00f3n de datos personales.<\/p>\n\n\n\n<p>Las condiciones que ofrecen estas p\u00e1ginas web pueden no ser las mismas que las que ofrece ShopCanarias.<\/p>\n\n\n\n<p><a><strong>10.- Preguntas<\/strong><\/a><strong><\/strong><\/p>\n\n\n\n<p>Si tienen alguna pregunta sobre esta Pol\u00edtica de Privacidad o el tratamiento de sus datos rogamos que se ponga en contacto con ShopCanarias mediante correo electr\u00f3nico dirigido a la siguiente direcci\u00f3n de correo electr\u00f3nico:<a href=\"mailto:info@shopcanarias.es\">info@shopcanarias.es<\/a>.<\/p>\n\n\n\n<p><strong>11.- Aceptaci\u00f3n y Consentimiento<\/strong>.<\/p>\n\n\n\n<p>El Usuario declara haber sido informado de las condiciones sobre protecci\u00f3n de datos personales, aceptando y consintiendo el tratamiento de estos por parte de ShopCanarias, en la forma y para las finalidades indicadas en la presente Pol\u00edtica de Privacidad.<\/p>\n<div class=\"gsp_post_data\" \r\n\t            data-post_type=\"page\" \r\n\t            data-cat=\"\" \r\n\t            data-modified=\"120\"\r\n\t            data-created=\"1585859729\"\r\n\t            data-title=\"POL\u00cdTICA DE PRIVACIDAD\" \r\n\t            data-home=\"https:\/\/shopcanarias.es\"><\/div>","protected":false},"excerpt":{"rendered":"<p>1.- \u00bfQui\u00e9n es el responsable del tratamiento de sus datos? El responsable del tratamiento de sus datos personales es MARKETPLACE CANARIAS, S.L. (en adelante, \u201cShopCanarias\u201d), con N.I.F. n\u00famero B-76819259 y con domicilio social en C\/ la Duraznillo 3 Ptl.1 3\u00ba C 38390, (Santa \u00darsula), Santa Cruz De Tenerife. Le informamos que la titularidad de este &hellip; <\/p>\n<p class=\"link-more\"><a href=\"https:\/\/shopcanarias.es\/index.php\/politica-de-privacidad\/\" class=\"more-link\">Continuar leyendo<span class=\"screen-reader-text\"> \u00abPOL\u00cdTICA DE PRIVACIDAD\u00bb<\/span><\/a><\/p>\n","protected":false},"author":1,"featured_media":0,"parent":0,"menu_order":0,"comment_status":"closed","ping_status":"closed","template":"","meta":{"footnotes":""},"class_list":["post-277","page","type-page","status-publish","hentry"],"yoast_head":"<!-- This site is optimized with the Yoast SEO plugin v27.4 - https:\/\/yoast.com\/product\/yoast-seo-wordpress\/ -->\n<title>POL\u00cdTICA DE PRIVACIDAD - ShopCanarias.es<\/title>\n<meta name=\"description\" content=\"Responsable del tratamiento de datos, finalidades del tratamiento, conservaci\u00f3n de los datos, derechos del Uusario, seguridad de los datos, etc.\" \/>\n<meta name=\"robots\" content=\"index, follow, max-snippet:-1, max-image-preview:large, max-video-preview:-1\" \/>\n<link rel=\"canonical\" href=\"https:\/\/shopcanarias.es\/index.php\/politica-de-privacidad\/\" \/>\n<meta property=\"og:locale\" content=\"es_ES\" \/>\n<meta property=\"og:type\" content=\"article\" \/>\n<meta property=\"og:title\" content=\"POL\u00cdTICA DE PRIVACIDAD - ShopCanarias.es\" \/>\n<meta property=\"og:description\" content=\"Responsable del tratamiento de datos, finalidades del tratamiento, conservaci\u00f3n de los datos, derechos del Uusario, seguridad de los datos, etc.\" \/>\n<meta property=\"og:url\" content=\"https:\/\/shopcanarias.es\/index.php\/politica-de-privacidad\/\" \/>\n<meta property=\"og:site_name\" content=\"ShopCanarias.es\" \/>\n<meta property=\"article:publisher\" content=\"https:\/\/www.facebook.com\/ShopCanariases-105415177519237\/?modal=admin_todo_tour\" \/>\n<meta property=\"article:modified_time\" content=\"2020-08-27T19:06:29+00:00\" \/>\n<meta name=\"twitter:card\" content=\"summary_large_image\" \/>\n<meta name=\"twitter:site\" content=\"@shopcanarias\" \/>\n<meta name=\"twitter:label1\" content=\"Tiempo de lectura\" \/>\n\t<meta name=\"twitter:data1\" content=\"7 minutos\" \/>\n<script type=\"application\/ld+json\" class=\"yoast-schema-graph\">{\"@context\":\"https:\\\/\\\/schema.org\",\"@graph\":[{\"@type\":\"WebPage\",\"@id\":\"https:\\\/\\\/shopcanarias.es\\\/index.php\\\/politica-de-privacidad\\\/\",\"url\":\"https:\\\/\\\/shopcanarias.es\\\/index.php\\\/politica-de-privacidad\\\/\",\"name\":\"POL\u00cdTICA DE PRIVACIDAD - ShopCanarias.es\",\"isPartOf\":{\"@id\":\"https:\\\/\\\/shopcanarias.es\\\/#website\"},\"datePublished\":\"2020-04-02T19:35:29+00:00\",\"dateModified\":\"2020-08-27T19:06:29+00:00\",\"description\":\"Responsable del tratamiento de datos, finalidades del tratamiento, conservaci\u00f3n de los datos, derechos del Uusario, seguridad de los datos, etc.\",\"breadcrumb\":{\"@id\":\"https:\\\/\\\/shopcanarias.es\\\/index.php\\\/politica-de-privacidad\\\/#breadcrumb\"},\"inLanguage\":\"es\",\"potentialAction\":[{\"@type\":\"ReadAction\",\"target\":[\"https:\\\/\\\/shopcanarias.es\\\/index.php\\\/politica-de-privacidad\\\/\"]}]},{\"@type\":\"BreadcrumbList\",\"@id\":\"https:\\\/\\\/shopcanarias.es\\\/index.php\\\/politica-de-privacidad\\\/#breadcrumb\",\"itemListElement\":[{\"@type\":\"ListItem\",\"position\":1,\"name\":\"Home\",\"item\":\"https:\\\/\\\/shopcanarias.es\\\/\"},{\"@type\":\"ListItem\",\"position\":2,\"name\":\"POL\u00cdTICA DE PRIVACIDAD\"}]},{\"@type\":\"WebSite\",\"@id\":\"https:\\\/\\\/shopcanarias.es\\\/#website\",\"url\":\"https:\\\/\\\/shopcanarias.es\\\/\",\"name\":\"ShopCanarias.es\",\"description\":\"Tienda online de productos y servicios de las Islas Canarias\",\"publisher\":{\"@id\":\"https:\\\/\\\/shopcanarias.es\\\/#organization\"},\"potentialAction\":[{\"@type\":\"SearchAction\",\"target\":{\"@type\":\"EntryPoint\",\"urlTemplate\":\"https:\\\/\\\/shopcanarias.es\\\/?s={search_term_string}\"},\"query-input\":{\"@type\":\"PropertyValueSpecification\",\"valueRequired\":true,\"valueName\":\"search_term_string\"}}],\"inLanguage\":\"es\"},{\"@type\":\"Organization\",\"@id\":\"https:\\\/\\\/shopcanarias.es\\\/#organization\",\"name\":\"Marketplace Canarias SL\",\"url\":\"https:\\\/\\\/shopcanarias.es\\\/\",\"logo\":{\"@type\":\"ImageObject\",\"inLanguage\":\"es\",\"@id\":\"https:\\\/\\\/shopcanarias.es\\\/#\\\/schema\\\/logo\\\/image\\\/\",\"url\":\"https:\\\/\\\/i0.wp.com\\\/shopcanarias.es\\\/wp-content\\\/uploads\\\/2020\\\/04\\\/Logotipo_Ajustado_Color_300-ppp-scaled.jpg?fit=2560%2C467&ssl=1\",\"contentUrl\":\"https:\\\/\\\/i0.wp.com\\\/shopcanarias.es\\\/wp-content\\\/uploads\\\/2020\\\/04\\\/Logotipo_Ajustado_Color_300-ppp-scaled.jpg?fit=2560%2C467&ssl=1\",\"width\":2560,\"height\":467,\"caption\":\"Marketplace Canarias SL\"},\"image\":{\"@id\":\"https:\\\/\\\/shopcanarias.es\\\/#\\\/schema\\\/logo\\\/image\\\/\"},\"sameAs\":[\"https:\\\/\\\/www.facebook.com\\\/ShopCanariases-105415177519237\\\/?modal=admin_todo_tour\",\"https:\\\/\\\/x.com\\\/shopcanarias\",\"https:\\\/\\\/www.instagram.com\\\/shopcanarias\\\/?hl=es\",\"https:\\\/\\\/www.pinterest.es\\\/pin\\\/611222980666854387\\\/\",\"https:\\\/\\\/www.youtube.com\\\/channel\\\/UCqPIEQS9SBuvJrMWJV8YxuA\"]}]}<\/script>\n<!-- \/ Yoast SEO plugin. -->","yoast_head_json":{"title":"POL\u00cdTICA DE PRIVACIDAD - ShopCanarias.es","description":"Responsable del tratamiento de datos, finalidades del tratamiento, conservaci\u00f3n de los datos, derechos del Uusario, seguridad de los datos, etc.","robots":{"index":"index","follow":"follow","max-snippet":"max-snippet:-1","max-image-preview":"max-image-preview:large","max-video-preview":"max-video-preview:-1"},"canonical":"https:\/\/shopcanarias.es\/index.php\/politica-de-privacidad\/","og_locale":"es_ES","og_type":"article","og_title":"POL\u00cdTICA DE PRIVACIDAD - ShopCanarias.es","og_description":"Responsable del tratamiento de datos, finalidades del tratamiento, conservaci\u00f3n de los datos, derechos del Uusario, seguridad de los datos, etc.","og_url":"https:\/\/shopcanarias.es\/index.php\/politica-de-privacidad\/","og_site_name":"ShopCanarias.es","article_publisher":"https:\/\/www.facebook.com\/ShopCanariases-105415177519237\/?modal=admin_todo_tour","article_modified_time":"2020-08-27T19:06:29+00:00","twitter_card":"summary_large_image","twitter_site":"@shopcanarias","twitter_misc":{"Tiempo de lectura":"7 minutos"},"schema":{"@context":"https:\/\/schema.org","@graph":[{"@type":"WebPage","@id":"https:\/\/shopcanarias.es\/index.php\/politica-de-privacidad\/","url":"https:\/\/shopcanarias.es\/index.php\/politica-de-privacidad\/","name":"POL\u00cdTICA DE PRIVACIDAD - ShopCanarias.es","isPartOf":{"@id":"https:\/\/shopcanarias.es\/#website"},"datePublished":"2020-04-02T19:35:29+00:00","dateModified":"2020-08-27T19:06:29+00:00","description":"Responsable del tratamiento de datos, finalidades del tratamiento, conservaci\u00f3n de los datos, derechos del Uusario, seguridad de los datos, etc.","breadcrumb":{"@id":"https:\/\/shopcanarias.es\/index.php\/politica-de-privacidad\/#breadcrumb"},"inLanguage":"es","potentialAction":[{"@type":"ReadAction","target":["https:\/\/shopcanarias.es\/index.php\/politica-de-privacidad\/"]}]},{"@type":"BreadcrumbList","@id":"https:\/\/shopcanarias.es\/index.php\/politica-de-privacidad\/#breadcrumb","itemListElement":[{"@type":"ListItem","position":1,"name":"Home","item":"https:\/\/shopcanarias.es\/"},{"@type":"ListItem","position":2,"name":"POL\u00cdTICA DE PRIVACIDAD"}]},{"@type":"WebSite","@id":"https:\/\/shopcanarias.es\/#website","url":"https:\/\/shopcanarias.es\/","name":"ShopCanarias.es","description":"Tienda online de productos y servicios de las Islas Canarias","publisher":{"@id":"https:\/\/shopcanarias.es\/#organization"},"potentialAction":[{"@type":"SearchAction","target":{"@type":"EntryPoint","urlTemplate":"https:\/\/shopcanarias.es\/?s={search_term_string}"},"query-input":{"@type":"PropertyValueSpecification","valueRequired":true,"valueName":"search_term_string"}}],"inLanguage":"es"},{"@type":"Organization","@id":"https:\/\/shopcanarias.es\/#organization","name":"Marketplace Canarias SL","url":"https:\/\/shopcanarias.es\/","logo":{"@type":"ImageObject","inLanguage":"es","@id":"https:\/\/shopcanarias.es\/#\/schema\/logo\/image\/","url":"https:\/\/i0.wp.com\/shopcanarias.es\/wp-content\/uploads\/2020\/04\/Logotipo_Ajustado_Color_300-ppp-scaled.jpg?fit=2560%2C467&ssl=1","contentUrl":"https:\/\/i0.wp.com\/shopcanarias.es\/wp-content\/uploads\/2020\/04\/Logotipo_Ajustado_Color_300-ppp-scaled.jpg?fit=2560%2C467&ssl=1","width":2560,"height":467,"caption":"Marketplace Canarias SL"},"image":{"@id":"https:\/\/shopcanarias.es\/#\/schema\/logo\/image\/"},"sameAs":["https:\/\/www.facebook.com\/ShopCanariases-105415177519237\/?modal=admin_todo_tour","https:\/\/x.com\/shopcanarias","https:\/\/www.instagram.com\/shopcanarias\/?hl=es","https:\/\/www.pinterest.es\/pin\/611222980666854387\/","https:\/\/www.youtube.com\/channel\/UCqPIEQS9SBuvJrMWJV8YxuA"]}]}},"jetpack_sharing_enabled":true,"_links":{"self":[{"href":"https:\/\/shopcanarias.es\/index.php\/wp-json\/wp\/v2\/pages\/277","targetHints":{"allow":["GET"]}}],"collection":[{"href":"https:\/\/shopcanarias.es\/index.php\/wp-json\/wp\/v2\/pages"}],"about":[{"href":"https:\/\/shopcanarias.es\/index.php\/wp-json\/wp\/v2\/types\/page"}],"author":[{"embeddable":true,"href":"https:\/\/shopcanarias.es\/index.php\/wp-json\/wp\/v2\/users\/1"}],"replies":[{"embeddable":true,"href":"https:\/\/shopcanarias.es\/index.php\/wp-json\/wp\/v2\/comments?post=277"}],"version-history":[{"count":0,"href":"https:\/\/shopcanarias.es\/index.php\/wp-json\/wp\/v2\/pages\/277\/revisions"}],"wp:attachment":[{"href":"https:\/\/shopcanarias.es\/index.php\/wp-json\/wp\/v2\/media?parent=277"}],"curies":[{"name":"wp","href":"https:\/\/api.w.org\/{rel}","templated":true}]}}