{"id":2358,"date":"2020-07-20T15:21:49","date_gmt":"2020-07-20T14:21:49","guid":{"rendered":"https:\/\/shopcanarias.es\/index.php\/allgemeine-geschaftsbedingungen\/"},"modified":"2020-07-20T15:21:53","modified_gmt":"2020-07-20T14:21:53","slug":"allgemeine-geschaftsbedingungen","status":"publish","type":"page","link":"https:\/\/shopcanarias.es\/index.php\/de\/allgemeine-geschaftsbedingungen\/","title":{"rendered":"Allgemeine Gesch\u00e4ftsbedingungen"},"content":{"rendered":"\n<h2 class=\"wp-block-heading\">Allgemeine Bedingungen<\/h2>\n\n<p>Durch die Nutzung der ShopCanarias.es Website erkl\u00e4ren Sie sich mit den folgenden Allgemeinen Gesch\u00e4ftsbedingungen einverstanden:<\/p>\n\n<p>Der Nutzer erkl\u00e4rt, dass er das gesetzliche Alter (\u00fcber 18 Jahre) hat und \u00fcber die erforderliche Rechtsf\u00e4higkeit verf\u00fcgt, um die auf der Website von ShopCanarias.es angebotenen Produkte und Dienstleistungen zu vergeben.<\/p>\n\n<p>Der Nutzer akzeptiert, dass die f\u00fcr den Betrieb dieses Dienstes geltenden Rechtsvorschriften spanisch sind. ShopCanarias.es beh\u00e4lt sich das Recht vor, \u00c4nderungen vorzunehmen, die sie f\u00fcr angemessen h\u00e4lt.<\/p>\n\n<p>Links zu anderen Websites, die auf den ShopCanarias.es Seiten erscheinen, werden zu Informationszwecken nur dem Benutzer zur Verf\u00fcgung gestellt, so dass ShopCanarias.es nicht f\u00fcr die Produkte, Dienstleistungen oder Inhalte verantwortlich ist, die auf den Zielseiten in einer anderen Dom\u00e4ne angeboten oder bereitgestellt werden.<\/p>\n\n<h2 class=\"wp-block-heading\">Versandbedingungen<\/h2>\n\n<p>Die Sendungen werden von der Post- und Telegraphengesellschaft durchgef\u00fchrt, es sei denn, der Kunde verlangt ein anderes Unternehmen. Unsere Absicht ist es, die Qualit\u00e4t des Service zu garantieren, und die Versandkosten zu bringen. Wir suchen weiterhin einen umfassenden Dienstleister, der sich an die Bed\u00fcrfnisse der Kunden anpassen kann (Klick und Abholung, Sammelschlie\u00dff\u00e4cher, kundenangepasste Zeitpl\u00e4ne, On-the-Job-Lieferung, Wochenendlieferung usw.).<\/p>\n\n<p>Wir senden dem Kunden per E-Mail einen Versand-Locator, damit er \u00fcber den Status seiner Bestellung informiert wird. Der Standardlieferort ist die Adresse oder bei der Post, es sei denn, der Kunde fordert ein anderes Unternehmen an. Und die Lieferslots entsprechen dem Dienstleister, den Sie gew\u00e4hlt haben.<\/p>\n\n<p>F\u00fcr Lieferanten, die nicht \u00fcber den aktualisierten Online-Bestand verf\u00fcgen, und nach der Bestellung werden wir den Lieferanten am n\u00e4chsten Werktag kontaktieren, um den Kunden \u00fcber die neue Lieferzeit zu informieren oder eine Alternative anzubieten.<\/p>\n\n<p>Die Preise am Ende des Kaufs beinhalten Vollrisikoversicherung, Steuern, Versandkosten und Zollgeb\u00fchren.<\/p>\n\n<p><\/p>\n\n<h2 class=\"wp-block-heading\">Bedingungen f\u00fcr R\u00fccksendungen<\/h2>\n\n<p>Alle Produkte, die am ShopCanarias.es gekauft wurden, k\u00f6nnen per E-Mail mit der R\u00fccksendungsanfrage und der Begr\u00fcndung zur\u00fcckgeschickt werden; info@shopcanarias.es innerhalb von 14 Tagen nach Eingang der Bestellung.<\/p>\n\n<p>Wenn der Grund f\u00fcr die R\u00fccksendung ist, weil die Verpackung defekt ist, dann kann die Sendung abgelehnt werden, die Reederei bitten, die Ablehnung zu notieren, weil sie gebrochen ist.<\/p>\n\n<p>Wenn sich das Produkt in einem schlechten Zustand befindet oder ein Lieferfehler vorliegt, haben Kunden 14 Werktage Zeit f\u00fcr die R\u00fccksendung des Produkts, die ab dem Eingang der Bestellung durch den Kunden gez\u00e4hlt werden. In diesem Fall tr\u00e4gt ShopCanarias.es die Kosten der R\u00fccksendung, und der Kunde kann entscheiden, ob er die Bestellung zur\u00fccksendet, in diesem Fall werden die Versandkosten von ShopCanarias.es getragen, oder wenn er im Gegenteil die R\u00fcckgabe des Geldes auf die gleiche Weise bevorzugt, in der er bezahlt hat. <\/p>\n\n<p>ShopCanarias.es beh\u00e4lt sich das Recht vor, eine Bestellung zu stornieren und den vom Kunden bezahlten Betrag zur\u00fcckzuerstatten; mangels Lager, Unf\u00e4higkeit zu versenden, eingestellte Produkte, oder aus irgendeinem Grund das Unternehmen in Betracht zieht (wie Stevedore Streik).<\/p>\n\n<p>F\u00fcr den Fall, dass der Kunde die Bestellung aus anderen als den oben genannten Gr\u00fcnden und innerhalb von 14 Tagen nach Erhalt des Produkts zur\u00fccksenden m\u00f6chte, gehen die R\u00fccksendekosten zu Lasten des Kunden. Die R\u00fccksendung muss in der Originalverpackung erfolgen und ist in einwandfreiem Zustand.<\/p>\n\n<p>Die Rechtsvorschriften der Europ\u00e4ischen Union erleichtern es dem Kunden, das Widerrufsrecht auszu\u00fcben, das Produkt zu testen und es im Falle von Unzufriedenheit innerhalb der 14-Tage-Frist ab dem Lieferdatum zur\u00fcckzugeben, mit Ausnahme von kundenspezifischen und hygienischen Produkten. Die Garantiegesetze der Europ\u00e4ischen Union erleichtern dem Kunden auch die Aus\u00fcbung des Rechts auf Reparatur oder Ersatz eines fehlerhaften Produkts (f\u00fcr Verbrauchsg\u00fcter, die f\u00fcr den privaten Verbrauch bestimmt sind). <\/p>\n\n<p>Wenn Sie nicht zu einem Land der Europ\u00e4ischen Union geh\u00f6ren, senden Sie bitte so schnell wie m\u00f6glich eine E-Mail mit der R\u00fccksendungsanfrage und der Begr\u00fcndung; info@shopcanarias.es. Wir werden versuchen, Ihnen die gleichen L\u00f6sungen zu geben, als ob Sie in der Europ\u00e4ischen Union leben, aber wir k\u00f6nnen es nicht garantieren (vielleicht aufgrund staatlicher Vorschriften).<\/p>\n<div class=\"gsp_post_data\" \r\n\t            data-post_type=\"page\" \r\n\t            data-cat=\"\" \r\n\t            data-modified=\"120\"\r\n\t            data-created=\"1595258509\"\r\n\t            data-title=\"Allgemeine Gesch\u00e4ftsbedingungen\" \r\n\t            data-home=\"https:\/\/shopcanarias.es\"><\/div>","protected":false},"excerpt":{"rendered":"<p>Allgemeine Bedingungen Durch die Nutzung der ShopCanarias.es Website erkl\u00e4ren Sie sich mit den folgenden Allgemeinen Gesch\u00e4ftsbedingungen einverstanden: Der Nutzer erkl\u00e4rt, dass er das gesetzliche Alter (\u00fcber 18 Jahre) hat und \u00fcber die erforderliche Rechtsf\u00e4higkeit verf\u00fcgt, um die auf der Website von ShopCanarias.es angebotenen Produkte und Dienstleistungen zu vergeben. Der Nutzer akzeptiert, dass die f\u00fcr den &hellip; <\/p>\n<p class=\"link-more\"><a href=\"https:\/\/shopcanarias.es\/index.php\/de\/allgemeine-geschaftsbedingungen\/\" class=\"more-link\">Continuar leyendo<span class=\"screen-reader-text\"> \u00abAllgemeine Gesch\u00e4ftsbedingungen\u00bb<\/span><\/a><\/p>\n","protected":false},"author":1,"featured_media":0,"parent":0,"menu_order":0,"comment_status":"closed","ping_status":"closed","template":"","meta":{"footnotes":""},"class_list":["post-2358","page","type-page","status-publish","hentry"],"yoast_head":"<!-- This site is optimized with the Yoast SEO plugin v27.4 - https:\/\/yoast.com\/product\/yoast-seo-wordpress\/ -->\n<title>Allgemeine Gesch\u00e4ftsbedingungen - ShopCanarias.es<\/title>\n<meta name=\"robots\" content=\"index, follow, max-snippet:-1, max-image-preview:large, max-video-preview:-1\" \/>\n<link rel=\"canonical\" href=\"https:\/\/shopcanarias.es\/index.php\/de\/allgemeine-geschaftsbedingungen\/\" \/>\n<meta property=\"og:locale\" content=\"es_ES\" \/>\n<meta property=\"og:type\" content=\"article\" \/>\n<meta property=\"og:title\" content=\"Allgemeine Gesch\u00e4ftsbedingungen - ShopCanarias.es\" \/>\n<meta property=\"og:description\" content=\"Allgemeine Bedingungen Durch die Nutzung der ShopCanarias.es Website erkl\u00e4ren Sie sich mit den folgenden Allgemeinen Gesch\u00e4ftsbedingungen einverstanden: Der Nutzer erkl\u00e4rt, dass er das gesetzliche Alter (\u00fcber 18 Jahre) hat und \u00fcber die erforderliche Rechtsf\u00e4higkeit verf\u00fcgt, um die auf der Website von ShopCanarias.es angebotenen Produkte und Dienstleistungen zu vergeben. Der Nutzer akzeptiert, dass die f\u00fcr den &hellip; Continuar leyendo &quot;Allgemeine Gesch\u00e4ftsbedingungen&quot;\" \/>\n<meta property=\"og:url\" content=\"https:\/\/shopcanarias.es\/index.php\/de\/allgemeine-geschaftsbedingungen\/\" \/>\n<meta property=\"og:site_name\" content=\"ShopCanarias.es\" \/>\n<meta property=\"article:publisher\" content=\"https:\/\/www.facebook.com\/ShopCanariases-105415177519237\/?modal=admin_todo_tour\" \/>\n<meta property=\"article:modified_time\" content=\"2020-07-20T14:21:53+00:00\" \/>\n<meta name=\"twitter:card\" content=\"summary_large_image\" \/>\n<meta name=\"twitter:site\" content=\"@shopcanarias\" \/>\n<meta name=\"twitter:label1\" content=\"Tiempo de lectura\" \/>\n\t<meta name=\"twitter:data1\" content=\"3 minutos\" \/>\n<script type=\"application\/ld+json\" class=\"yoast-schema-graph\">{\"@context\":\"https:\\\/\\\/schema.org\",\"@graph\":[{\"@type\":\"WebPage\",\"@id\":\"https:\\\/\\\/shopcanarias.es\\\/index.php\\\/de\\\/allgemeine-geschaftsbedingungen\\\/\",\"url\":\"https:\\\/\\\/shopcanarias.es\\\/index.php\\\/de\\\/allgemeine-geschaftsbedingungen\\\/\",\"name\":\"Allgemeine Gesch\u00e4ftsbedingungen - ShopCanarias.es\",\"isPartOf\":{\"@id\":\"https:\\\/\\\/shopcanarias.es\\\/#website\"},\"datePublished\":\"2020-07-20T14:21:49+00:00\",\"dateModified\":\"2020-07-20T14:21:53+00:00\",\"breadcrumb\":{\"@id\":\"https:\\\/\\\/shopcanarias.es\\\/index.php\\\/de\\\/allgemeine-geschaftsbedingungen\\\/#breadcrumb\"},\"inLanguage\":\"es\",\"potentialAction\":[{\"@type\":\"ReadAction\",\"target\":[\"https:\\\/\\\/shopcanarias.es\\\/index.php\\\/de\\\/allgemeine-geschaftsbedingungen\\\/\"]}]},{\"@type\":\"BreadcrumbList\",\"@id\":\"https:\\\/\\\/shopcanarias.es\\\/index.php\\\/de\\\/allgemeine-geschaftsbedingungen\\\/#breadcrumb\",\"itemListElement\":[{\"@type\":\"ListItem\",\"position\":1,\"name\":\"Home\",\"item\":\"https:\\\/\\\/shopcanarias.es\\\/\"},{\"@type\":\"ListItem\",\"position\":2,\"name\":\"Allgemeine Gesch\u00e4ftsbedingungen\"}]},{\"@type\":\"WebSite\",\"@id\":\"https:\\\/\\\/shopcanarias.es\\\/#website\",\"url\":\"https:\\\/\\\/shopcanarias.es\\\/\",\"name\":\"ShopCanarias.es\",\"description\":\"Tienda online de productos y servicios de las Islas Canarias\",\"publisher\":{\"@id\":\"https:\\\/\\\/shopcanarias.es\\\/#organization\"},\"potentialAction\":[{\"@type\":\"SearchAction\",\"target\":{\"@type\":\"EntryPoint\",\"urlTemplate\":\"https:\\\/\\\/shopcanarias.es\\\/?s={search_term_string}\"},\"query-input\":{\"@type\":\"PropertyValueSpecification\",\"valueRequired\":true,\"valueName\":\"search_term_string\"}}],\"inLanguage\":\"es\"},{\"@type\":\"Organization\",\"@id\":\"https:\\\/\\\/shopcanarias.es\\\/#organization\",\"name\":\"Marketplace Canarias SL\",\"url\":\"https:\\\/\\\/shopcanarias.es\\\/\",\"logo\":{\"@type\":\"ImageObject\",\"inLanguage\":\"es\",\"@id\":\"https:\\\/\\\/shopcanarias.es\\\/#\\\/schema\\\/logo\\\/image\\\/\",\"url\":\"https:\\\/\\\/i0.wp.com\\\/shopcanarias.es\\\/wp-content\\\/uploads\\\/2020\\\/04\\\/Logotipo_Ajustado_Color_300-ppp-scaled.jpg?fit=2560%2C467&ssl=1\",\"contentUrl\":\"https:\\\/\\\/i0.wp.com\\\/shopcanarias.es\\\/wp-content\\\/uploads\\\/2020\\\/04\\\/Logotipo_Ajustado_Color_300-ppp-scaled.jpg?fit=2560%2C467&ssl=1\",\"width\":2560,\"height\":467,\"caption\":\"Marketplace Canarias SL\"},\"image\":{\"@id\":\"https:\\\/\\\/shopcanarias.es\\\/#\\\/schema\\\/logo\\\/image\\\/\"},\"sameAs\":[\"https:\\\/\\\/www.facebook.com\\\/ShopCanariases-105415177519237\\\/?modal=admin_todo_tour\",\"https:\\\/\\\/x.com\\\/shopcanarias\",\"https:\\\/\\\/www.instagram.com\\\/shopcanarias\\\/?hl=es\",\"https:\\\/\\\/www.pinterest.es\\\/pin\\\/611222980666854387\\\/\",\"https:\\\/\\\/www.youtube.com\\\/channel\\\/UCqPIEQS9SBuvJrMWJV8YxuA\"]}]}<\/script>\n<!-- \/ Yoast SEO plugin. -->","yoast_head_json":{"title":"Allgemeine Gesch\u00e4ftsbedingungen - ShopCanarias.es","robots":{"index":"index","follow":"follow","max-snippet":"max-snippet:-1","max-image-preview":"max-image-preview:large","max-video-preview":"max-video-preview:-1"},"canonical":"https:\/\/shopcanarias.es\/index.php\/de\/allgemeine-geschaftsbedingungen\/","og_locale":"es_ES","og_type":"article","og_title":"Allgemeine Gesch\u00e4ftsbedingungen - ShopCanarias.es","og_description":"Allgemeine Bedingungen Durch die Nutzung der ShopCanarias.es Website erkl\u00e4ren Sie sich mit den folgenden Allgemeinen Gesch\u00e4ftsbedingungen einverstanden: Der Nutzer erkl\u00e4rt, dass er das gesetzliche Alter (\u00fcber 18 Jahre) hat und \u00fcber die erforderliche Rechtsf\u00e4higkeit verf\u00fcgt, um die auf der Website von ShopCanarias.es angebotenen Produkte und Dienstleistungen zu vergeben. Der Nutzer akzeptiert, dass die f\u00fcr den &hellip; Continuar leyendo \"Allgemeine Gesch\u00e4ftsbedingungen\"","og_url":"https:\/\/shopcanarias.es\/index.php\/de\/allgemeine-geschaftsbedingungen\/","og_site_name":"ShopCanarias.es","article_publisher":"https:\/\/www.facebook.com\/ShopCanariases-105415177519237\/?modal=admin_todo_tour","article_modified_time":"2020-07-20T14:21:53+00:00","twitter_card":"summary_large_image","twitter_site":"@shopcanarias","twitter_misc":{"Tiempo de lectura":"3 minutos"},"schema":{"@context":"https:\/\/schema.org","@graph":[{"@type":"WebPage","@id":"https:\/\/shopcanarias.es\/index.php\/de\/allgemeine-geschaftsbedingungen\/","url":"https:\/\/shopcanarias.es\/index.php\/de\/allgemeine-geschaftsbedingungen\/","name":"Allgemeine Gesch\u00e4ftsbedingungen - ShopCanarias.es","isPartOf":{"@id":"https:\/\/shopcanarias.es\/#website"},"datePublished":"2020-07-20T14:21:49+00:00","dateModified":"2020-07-20T14:21:53+00:00","breadcrumb":{"@id":"https:\/\/shopcanarias.es\/index.php\/de\/allgemeine-geschaftsbedingungen\/#breadcrumb"},"inLanguage":"es","potentialAction":[{"@type":"ReadAction","target":["https:\/\/shopcanarias.es\/index.php\/de\/allgemeine-geschaftsbedingungen\/"]}]},{"@type":"BreadcrumbList","@id":"https:\/\/shopcanarias.es\/index.php\/de\/allgemeine-geschaftsbedingungen\/#breadcrumb","itemListElement":[{"@type":"ListItem","position":1,"name":"Home","item":"https:\/\/shopcanarias.es\/"},{"@type":"ListItem","position":2,"name":"Allgemeine Gesch\u00e4ftsbedingungen"}]},{"@type":"WebSite","@id":"https:\/\/shopcanarias.es\/#website","url":"https:\/\/shopcanarias.es\/","name":"ShopCanarias.es","description":"Tienda online de productos y servicios de las Islas Canarias","publisher":{"@id":"https:\/\/shopcanarias.es\/#organization"},"potentialAction":[{"@type":"SearchAction","target":{"@type":"EntryPoint","urlTemplate":"https:\/\/shopcanarias.es\/?s={search_term_string}"},"query-input":{"@type":"PropertyValueSpecification","valueRequired":true,"valueName":"search_term_string"}}],"inLanguage":"es"},{"@type":"Organization","@id":"https:\/\/shopcanarias.es\/#organization","name":"Marketplace Canarias SL","url":"https:\/\/shopcanarias.es\/","logo":{"@type":"ImageObject","inLanguage":"es","@id":"https:\/\/shopcanarias.es\/#\/schema\/logo\/image\/","url":"https:\/\/i0.wp.com\/shopcanarias.es\/wp-content\/uploads\/2020\/04\/Logotipo_Ajustado_Color_300-ppp-scaled.jpg?fit=2560%2C467&ssl=1","contentUrl":"https:\/\/i0.wp.com\/shopcanarias.es\/wp-content\/uploads\/2020\/04\/Logotipo_Ajustado_Color_300-ppp-scaled.jpg?fit=2560%2C467&ssl=1","width":2560,"height":467,"caption":"Marketplace Canarias SL"},"image":{"@id":"https:\/\/shopcanarias.es\/#\/schema\/logo\/image\/"},"sameAs":["https:\/\/www.facebook.com\/ShopCanariases-105415177519237\/?modal=admin_todo_tour","https:\/\/x.com\/shopcanarias","https:\/\/www.instagram.com\/shopcanarias\/?hl=es","https:\/\/www.pinterest.es\/pin\/611222980666854387\/","https:\/\/www.youtube.com\/channel\/UCqPIEQS9SBuvJrMWJV8YxuA"]}]}},"jetpack_sharing_enabled":true,"_links":{"self":[{"href":"https:\/\/shopcanarias.es\/index.php\/wp-json\/wp\/v2\/pages\/2358","targetHints":{"allow":["GET"]}}],"collection":[{"href":"https:\/\/shopcanarias.es\/index.php\/wp-json\/wp\/v2\/pages"}],"about":[{"href":"https:\/\/shopcanarias.es\/index.php\/wp-json\/wp\/v2\/types\/page"}],"author":[{"embeddable":true,"href":"https:\/\/shopcanarias.es\/index.php\/wp-json\/wp\/v2\/users\/1"}],"replies":[{"embeddable":true,"href":"https:\/\/shopcanarias.es\/index.php\/wp-json\/wp\/v2\/comments?post=2358"}],"version-history":[{"count":0,"href":"https:\/\/shopcanarias.es\/index.php\/wp-json\/wp\/v2\/pages\/2358\/revisions"}],"wp:attachment":[{"href":"https:\/\/shopcanarias.es\/index.php\/wp-json\/wp\/v2\/media?parent=2358"}],"curies":[{"name":"wp","href":"https:\/\/api.w.org\/{rel}","templated":true}]}}