{"id":1512,"date":"2020-06-04T22:35:51","date_gmt":"2020-06-04T21:35:51","guid":{"rendered":"https:\/\/shopcanarias.es\/index.php\/accueil\/filtre-par-ile\/"},"modified":"2020-06-19T14:48:34","modified_gmt":"2020-06-19T13:48:34","slug":"filtre-par-ile","status":"publish","type":"page","link":"https:\/\/shopcanarias.es\/index.php\/fr\/accueil\/filtre-par-ile\/","title":{"rendered":"Filtre par \u00eele"},"content":{"rendered":"\n<h2 class=\"wp-block-heading\"><em><strong>Cette section est en construction.<\/strong> D\u00e9sol\u00e9 pour le d\u00e9sagr\u00e9ment.<\/em><\/h2>\n\n\n\n<div class=\"wp-block-buttons is-layout-flex wp-block-buttons-is-layout-flex\">\n<div class=\"wp-block-button is-style-outline is-style-outline--1\"><a class=\"wp-block-button__link has-background has-luminous-vivid-orange-background-color\">TENERIFE<\/a><\/div>\n\n\n\n<div class=\"wp-block-button is-style-outline is-style-outline--2\"><a class=\"wp-block-button__link has-background has-luminous-vivid-orange-background-color\">GRAN CANARIA<\/a><\/div>\n\n\n\n<div class=\"wp-block-button is-style-outline is-style-outline--3\"><a class=\"wp-block-button__link has-background has-luminous-vivid-orange-background-color\">LANZAROTE<\/a><\/div>\n\n\n\n<div class=\"wp-block-button is-style-outline is-style-outline--4\"><a class=\"wp-block-button__link has-background has-luminous-vivid-orange-background-color\">FUERTEVENTURA<\/a><\/div>\n\n\n\n<div class=\"wp-block-button is-style-outline is-style-outline--5\"><a class=\"wp-block-button__link has-background has-luminous-vivid-orange-background-color\">LA PALMA<\/a><\/div>\n\n\n\n<div class=\"wp-block-button is-style-outline is-style-outline--6\"><a class=\"wp-block-button__link has-background has-luminous-vivid-orange-background-color\">LA GOMERA<\/a><\/div>\n\n\n\n<div class=\"wp-block-button is-style-outline is-style-outline--7\"><a class=\"wp-block-button__link has-background has-luminous-vivid-orange-background-color\">EL HIERRO<\/a><\/div>\n\n\n\n<div class=\"wp-block-button is-style-outline is-style-outline--8\"><a class=\"wp-block-button__link has-background has-luminous-vivid-orange-background-color\">LA GRACIOSA<\/a><\/div>\n\n\n\n<div class=\"wp-block-button is-style-outline is-style-outline--9\"><a class=\"wp-block-button__link has-background has-luminous-vivid-orange-background-color\">\u00ceLE DE LOBOS<\/a><\/div>\n<\/div>\n\n\n\n<div class=\"wp-block-columns is-layout-flex wp-container-core-columns-is-layout-9d6595d7 wp-block-columns-is-layout-flex\">\n<div class=\"wp-block-column is-layout-flow wp-block-column-is-layout-flow\" style=\"flex-basis:25%\">\n<p><\/p>\n<\/div>\n\n\n\n<div class=\"wp-block-column is-layout-flow wp-block-column-is-layout-flow\" style=\"flex-basis:50%\">\n<p><\/p>\n\n\n\n<ol class=\"wp-block-list\"><li><strong>Acheter sans vous inscrire<\/strong><\/li><li><strong>Utilisez le mode de paiement que vous souhaitez en toute s\u00e9curit\u00e9<\/strong><\/li><li><strong>Prix finaux sans<\/strong> <strong>surprises<\/strong><\/li><li><strong>Assurance tous risques<\/strong> <strong>incluse<\/strong><\/li><\/ol>\n\n\n\n<p><\/p>\n<\/div>\n\n\n\n<div class=\"wp-block-column is-layout-flow wp-block-column-is-layout-flow\" style=\"flex-basis:25%\">\n<p><\/p>\n<\/div>\n<\/div>\n\n\n<form role=\"search\" method=\"get\" action=\"https:\/\/shopcanarias.es\/\" class=\"wp-block-search__button-outside wp-block-search__text-button wp-block-search\"    ><label class=\"wp-block-search__label\" for=\"wp-block-search__input-10\" >Buscar<\/label><div class=\"wp-block-search__inside-wrapper\" ><input class=\"wp-block-search__input\" id=\"wp-block-search__input-10\" placeholder=\"\u00bfQu\u00e9 est\u00e1s buscando?\" value=\"\" type=\"search\" name=\"s\" required \/><button aria-label=\"Buscar\" class=\"wp-block-search__button wp-element-button\" type=\"submit\" >Buscar<\/button><\/div><\/form>\n\n\n<p><\/p>\n\n\n\n<div class=\"wp-block-buttons aligncenter is-layout-flex wp-block-buttons-is-layout-flex\">\n<div class=\"wp-block-button\"><a class=\"wp-block-button__link has-background has-luminous-vivid-amber-background-color\" href=\"https:\/\/shopcanarias.es\/index.php\/contact\/?lang=fr\">Contactez-nous <\/a><\/div>\n<\/div>\n\n\n\n<p><\/p>\n\n\n\n<div class=\"wp-block-group\"><div class=\"wp-block-group__inner-container is-layout-flow wp-block-group-is-layout-flow\">\n<ul class=\"wp-block-social-links aligncenter is-layout-flex wp-block-social-links-is-layout-flex\"><li class=\"wp-social-link wp-social-link-youtube  wp-block-social-link\"><a href=\"https:\/\/www.youtube.com\/channel\/UCqPIEQS9SBuvJrMWJV8YxuA\" class=\"wp-block-social-link-anchor\"><svg width=\"24\" height=\"24\" viewBox=\"0 0 24 24\" version=\"1.1\" xmlns=\"http:\/\/www.w3.org\/2000\/svg\" aria-hidden=\"true\" focusable=\"false\"><path d=\"M21.8,8.001c0,0-0.195-1.378-0.795-1.985c-0.76-0.797-1.613-0.801-2.004-0.847c-2.799-0.202-6.997-0.202-6.997-0.202 h-0.009c0,0-4.198,0-6.997,0.202C4.608,5.216,3.756,5.22,2.995,6.016C2.395,6.623,2.2,8.001,2.2,8.001S2,9.62,2,11.238v1.517 c0,1.618,0.2,3.237,0.2,3.237s0.195,1.378,0.795,1.985c0.761,0.797,1.76,0.771,2.205,0.855c1.6,0.153,6.8,0.201,6.8,0.201 s4.203-0.006,7.001-0.209c0.391-0.047,1.243-0.051,2.004-0.847c0.6-0.607,0.795-1.985,0.795-1.985s0.2-1.618,0.2-3.237v-1.517 C22,9.62,21.8,8.001,21.8,8.001z M9.935,14.594l-0.001-5.62l5.404,2.82L9.935,14.594z\"><\/path><\/svg><span class=\"wp-block-social-link-label screen-reader-text\">YouTube ShopCanarias.es<\/span><\/a><\/li>\n\n<li class=\"wp-social-link wp-social-link-facebook  wp-block-social-link\"><a href=\"https:\/\/www.facebook.com\/ShopCanariases-105415177519237\/?modal=admin_todo_tour\" class=\"wp-block-social-link-anchor\"><svg width=\"24\" height=\"24\" viewBox=\"0 0 24 24\" version=\"1.1\" xmlns=\"http:\/\/www.w3.org\/2000\/svg\" aria-hidden=\"true\" focusable=\"false\"><path d=\"M12 2C6.5 2 2 6.5 2 12c0 5 3.7 9.1 8.4 9.9v-7H7.9V12h2.5V9.8c0-2.5 1.5-3.9 3.8-3.9 1.1 0 2.2.2 2.2.2v2.5h-1.3c-1.2 0-1.6.8-1.6 1.6V12h2.8l-.4 2.9h-2.3v7C18.3 21.1 22 17 22 12c0-5.5-4.5-10-10-10z\"><\/path><\/svg><span class=\"wp-block-social-link-label screen-reader-text\">Facebook ShopCanarias.es<\/span><\/a><\/li>\n\n<li class=\"wp-social-link wp-social-link-pinterest  wp-block-social-link\"><a href=\"https:\/\/www.pinterest.es\/0ksd7at0pxh05y4qhpxpwwuezenbvj\/\" class=\"wp-block-social-link-anchor\"><svg width=\"24\" height=\"24\" viewBox=\"0 0 24 24\" version=\"1.1\" xmlns=\"http:\/\/www.w3.org\/2000\/svg\" aria-hidden=\"true\" focusable=\"false\"><path d=\"M12.289,2C6.617,2,3.606,5.648,3.606,9.622c0,1.846,1.025,4.146,2.666,4.878c0.25,0.111,0.381,0.063,0.439-0.169 c0.044-0.175,0.267-1.029,0.365-1.428c0.032-0.128,0.017-0.237-0.091-0.362C6.445,11.911,6.01,10.75,6.01,9.668 c0-2.777,2.194-5.464,5.933-5.464c3.23,0,5.49,2.108,5.49,5.122c0,3.407-1.794,5.768-4.13,5.768c-1.291,0-2.257-1.021-1.948-2.277 c0.372-1.495,1.089-3.112,1.089-4.191c0-0.967-0.542-1.775-1.663-1.775c-1.319,0-2.379,1.309-2.379,3.059 c0,1.115,0.394,1.869,0.394,1.869s-1.302,5.279-1.54,6.261c-0.405,1.666,0.053,4.368,0.094,4.604 c0.021,0.126,0.167,0.169,0.25,0.063c0.129-0.165,1.699-2.419,2.142-4.051c0.158-0.59,0.817-2.995,0.817-2.995 c0.43,0.784,1.681,1.446,3.013,1.446c3.963,0,6.822-3.494,6.822-7.833C20.394,5.112,16.849,2,12.289,2\"><\/path><\/svg><span class=\"wp-block-social-link-label screen-reader-text\">Pinterest ShopCanarias.es<\/span><\/a><\/li>\n\n<li class=\"wp-social-link wp-social-link-instagram  wp-block-social-link\"><a href=\"https:\/\/www.instagram.com\/shopcanarias\/?hl=es\" class=\"wp-block-social-link-anchor\"><svg width=\"24\" height=\"24\" viewBox=\"0 0 24 24\" version=\"1.1\" xmlns=\"http:\/\/www.w3.org\/2000\/svg\" aria-hidden=\"true\" focusable=\"false\"><path d=\"M12,4.622c2.403,0,2.688,0.009,3.637,0.052c0.877,0.04,1.354,0.187,1.671,0.31c0.42,0.163,0.72,0.358,1.035,0.673 c0.315,0.315,0.51,0.615,0.673,1.035c0.123,0.317,0.27,0.794,0.31,1.671c0.043,0.949,0.052,1.234,0.052,3.637 s-0.009,2.688-0.052,3.637c-0.04,0.877-0.187,1.354-0.31,1.671c-0.163,0.42-0.358,0.72-0.673,1.035 c-0.315,0.315-0.615,0.51-1.035,0.673c-0.317,0.123-0.794,0.27-1.671,0.31c-0.949,0.043-1.233,0.052-3.637,0.052 s-2.688-0.009-3.637-0.052c-0.877-0.04-1.354-0.187-1.671-0.31c-0.42-0.163-0.72-0.358-1.035-0.673 c-0.315-0.315-0.51-0.615-0.673-1.035c-0.123-0.317-0.27-0.794-0.31-1.671C4.631,14.688,4.622,14.403,4.622,12 s0.009-2.688,0.052-3.637c0.04-0.877,0.187-1.354,0.31-1.671c0.163-0.42,0.358-0.72,0.673-1.035 c0.315-0.315,0.615-0.51,1.035-0.673c0.317-0.123,0.794-0.27,1.671-0.31C9.312,4.631,9.597,4.622,12,4.622 M12,3 C9.556,3,9.249,3.01,8.289,3.054C7.331,3.098,6.677,3.25,6.105,3.472C5.513,3.702,5.011,4.01,4.511,4.511 c-0.5,0.5-0.808,1.002-1.038,1.594C3.25,6.677,3.098,7.331,3.054,8.289C3.01,9.249,3,9.556,3,12c0,2.444,0.01,2.751,0.054,3.711 c0.044,0.958,0.196,1.612,0.418,2.185c0.23,0.592,0.538,1.094,1.038,1.594c0.5,0.5,1.002,0.808,1.594,1.038 c0.572,0.222,1.227,0.375,2.185,0.418C9.249,20.99,9.556,21,12,21s2.751-0.01,3.711-0.054c0.958-0.044,1.612-0.196,2.185-0.418 c0.592-0.23,1.094-0.538,1.594-1.038c0.5-0.5,0.808-1.002,1.038-1.594c0.222-0.572,0.375-1.227,0.418-2.185 C20.99,14.751,21,14.444,21,12s-0.01-2.751-0.054-3.711c-0.044-0.958-0.196-1.612-0.418-2.185c-0.23-0.592-0.538-1.094-1.038-1.594 c-0.5-0.5-1.002-0.808-1.594-1.038c-0.572-0.222-1.227-0.375-2.185-0.418C14.751,3.01,14.444,3,12,3L12,3z M12,7.378 c-2.552,0-4.622,2.069-4.622,4.622S9.448,16.622,12,16.622s4.622-2.069,4.622-4.622S14.552,7.378,12,7.378z M12,15 c-1.657,0-3-1.343-3-3s1.343-3,3-3s3,1.343,3,3S13.657,15,12,15z M16.804,6.116c-0.596,0-1.08,0.484-1.08,1.08 s0.484,1.08,1.08,1.08c0.596,0,1.08-0.484,1.08-1.08S17.401,6.116,16.804,6.116z\"><\/path><\/svg><span class=\"wp-block-social-link-label screen-reader-text\">Instagram ShopCanarias.es<\/span><\/a><\/li>\n\n<li class=\"wp-social-link wp-social-link-twitter  wp-block-social-link\"><a href=\"https:\/\/twitter.com\/shopcanarias\" class=\"wp-block-social-link-anchor\"><svg width=\"24\" height=\"24\" viewBox=\"0 0 24 24\" version=\"1.1\" xmlns=\"http:\/\/www.w3.org\/2000\/svg\" aria-hidden=\"true\" focusable=\"false\"><path d=\"M22.23,5.924c-0.736,0.326-1.527,0.547-2.357,0.646c0.847-0.508,1.498-1.312,1.804-2.27 c-0.793,0.47-1.671,0.812-2.606,0.996C18.324,4.498,17.257,4,16.077,4c-2.266,0-4.103,1.837-4.103,4.103 c0,0.322,0.036,0.635,0.106,0.935C8.67,8.867,5.647,7.234,3.623,4.751C3.27,5.357,3.067,6.062,3.067,6.814 c0,1.424,0.724,2.679,1.825,3.415c-0.673-0.021-1.305-0.206-1.859-0.513c0,0.017,0,0.034,0,0.052c0,1.988,1.414,3.647,3.292,4.023 c-0.344,0.094-0.707,0.144-1.081,0.144c-0.264,0-0.521-0.026-0.772-0.074c0.522,1.63,2.038,2.816,3.833,2.85 c-1.404,1.1-3.174,1.756-5.096,1.756c-0.331,0-0.658-0.019-0.979-0.057c1.816,1.164,3.973,1.843,6.29,1.843 c7.547,0,11.675-6.252,11.675-11.675c0-0.178-0.004-0.355-0.012-0.531C20.985,7.47,21.68,6.747,22.23,5.924z\"><\/path><\/svg><span class=\"wp-block-social-link-label screen-reader-text\">Twitter ShopCanarias.es<\/span><\/a><\/li><\/ul>\n<\/div><\/div>\n\n\n\n<p><\/p>\n\n\n\n<p><\/p>\n<div class=\"gsp_post_data\" \r\n\t            data-post_type=\"page\" \r\n\t            data-cat=\"\" \r\n\t            data-modified=\"120\"\r\n\t            data-created=\"1591310151\"\r\n\t            data-title=\"Filtre par \u00eele\" \r\n\t            data-home=\"https:\/\/shopcanarias.es\"><\/div>","protected":false},"excerpt":{"rendered":"<p>Cette section est en construction. D\u00e9sol\u00e9 pour le d\u00e9sagr\u00e9ment. Acheter sans vous inscrire Utilisez le mode de paiement que vous souhaitez en toute s\u00e9curit\u00e9 Prix finaux sans surprises Assurance tous risques incluse<\/p>\n","protected":false},"author":1,"featured_media":0,"parent":1501,"menu_order":0,"comment_status":"closed","ping_status":"closed","template":"","meta":{"footnotes":""},"class_list":["post-1512","page","type-page","status-publish","hentry"],"yoast_head":"<!-- This site is optimized with the Yoast SEO plugin v27.3 - https:\/\/yoast.com\/product\/yoast-seo-wordpress\/ -->\n<title>Filtre par \u00eele - ShopCanarias.es<\/title>\n<meta name=\"robots\" content=\"index, follow, max-snippet:-1, max-image-preview:large, max-video-preview:-1\" \/>\n<link rel=\"canonical\" href=\"https:\/\/shopcanarias.es\/index.php\/fr\/accueil\/filtre-par-ile\/\" \/>\n<meta property=\"og:locale\" content=\"es_ES\" \/>\n<meta property=\"og:type\" content=\"article\" \/>\n<meta property=\"og:title\" content=\"Filtre par \u00eele - ShopCanarias.es\" \/>\n<meta property=\"og:description\" content=\"Cette section est en construction. D\u00e9sol\u00e9 pour le d\u00e9sagr\u00e9ment. Acheter sans vous inscrire Utilisez le mode de paiement que vous souhaitez en toute s\u00e9curit\u00e9 Prix finaux sans surprises Assurance tous risques incluse\" \/>\n<meta property=\"og:url\" content=\"https:\/\/shopcanarias.es\/index.php\/fr\/accueil\/filtre-par-ile\/\" \/>\n<meta property=\"og:site_name\" content=\"ShopCanarias.es\" \/>\n<meta property=\"article:publisher\" content=\"https:\/\/www.facebook.com\/ShopCanariases-105415177519237\/?modal=admin_todo_tour\" \/>\n<meta property=\"article:modified_time\" content=\"2020-06-19T13:48:34+00:00\" \/>\n<meta name=\"twitter:card\" content=\"summary_large_image\" \/>\n<meta name=\"twitter:site\" content=\"@shopcanarias\" \/>\n<script type=\"application\/ld+json\" class=\"yoast-schema-graph\">{\"@context\":\"https:\\\/\\\/schema.org\",\"@graph\":[{\"@type\":\"WebPage\",\"@id\":\"https:\\\/\\\/shopcanarias.es\\\/index.php\\\/fr\\\/accueil\\\/filtre-par-ile\\\/\",\"url\":\"https:\\\/\\\/shopcanarias.es\\\/index.php\\\/fr\\\/accueil\\\/filtre-par-ile\\\/\",\"name\":\"Filtre par \u00eele - ShopCanarias.es\",\"isPartOf\":{\"@id\":\"https:\\\/\\\/shopcanarias.es\\\/#website\"},\"datePublished\":\"2020-06-04T21:35:51+00:00\",\"dateModified\":\"2020-06-19T13:48:34+00:00\",\"breadcrumb\":{\"@id\":\"https:\\\/\\\/shopcanarias.es\\\/index.php\\\/fr\\\/accueil\\\/filtre-par-ile\\\/#breadcrumb\"},\"inLanguage\":\"es\",\"potentialAction\":[{\"@type\":\"ReadAction\",\"target\":[\"https:\\\/\\\/shopcanarias.es\\\/index.php\\\/fr\\\/accueil\\\/filtre-par-ile\\\/\"]}]},{\"@type\":\"BreadcrumbList\",\"@id\":\"https:\\\/\\\/shopcanarias.es\\\/index.php\\\/fr\\\/accueil\\\/filtre-par-ile\\\/#breadcrumb\",\"itemListElement\":[{\"@type\":\"ListItem\",\"position\":1,\"name\":\"Home\",\"item\":\"https:\\\/\\\/shopcanarias.es\\\/\"},{\"@type\":\"ListItem\",\"position\":2,\"name\":\"Accueil\",\"item\":\"https:\\\/\\\/shopcanarias.es\\\/?lang=fr\"},{\"@type\":\"ListItem\",\"position\":3,\"name\":\"Filtre par \u00eele\"}]},{\"@type\":\"WebSite\",\"@id\":\"https:\\\/\\\/shopcanarias.es\\\/#website\",\"url\":\"https:\\\/\\\/shopcanarias.es\\\/\",\"name\":\"ShopCanarias.es\",\"description\":\"Tienda online de productos y servicios de las Islas Canarias\",\"publisher\":{\"@id\":\"https:\\\/\\\/shopcanarias.es\\\/#organization\"},\"potentialAction\":[{\"@type\":\"SearchAction\",\"target\":{\"@type\":\"EntryPoint\",\"urlTemplate\":\"https:\\\/\\\/shopcanarias.es\\\/?s={search_term_string}\"},\"query-input\":{\"@type\":\"PropertyValueSpecification\",\"valueRequired\":true,\"valueName\":\"search_term_string\"}}],\"inLanguage\":\"es\"},{\"@type\":\"Organization\",\"@id\":\"https:\\\/\\\/shopcanarias.es\\\/#organization\",\"name\":\"Marketplace Canarias SL\",\"url\":\"https:\\\/\\\/shopcanarias.es\\\/\",\"logo\":{\"@type\":\"ImageObject\",\"inLanguage\":\"es\",\"@id\":\"https:\\\/\\\/shopcanarias.es\\\/#\\\/schema\\\/logo\\\/image\\\/\",\"url\":\"https:\\\/\\\/i0.wp.com\\\/shopcanarias.es\\\/wp-content\\\/uploads\\\/2020\\\/04\\\/Logotipo_Ajustado_Color_300-ppp-scaled.jpg?fit=2560%2C467&ssl=1\",\"contentUrl\":\"https:\\\/\\\/i0.wp.com\\\/shopcanarias.es\\\/wp-content\\\/uploads\\\/2020\\\/04\\\/Logotipo_Ajustado_Color_300-ppp-scaled.jpg?fit=2560%2C467&ssl=1\",\"width\":2560,\"height\":467,\"caption\":\"Marketplace Canarias SL\"},\"image\":{\"@id\":\"https:\\\/\\\/shopcanarias.es\\\/#\\\/schema\\\/logo\\\/image\\\/\"},\"sameAs\":[\"https:\\\/\\\/www.facebook.com\\\/ShopCanariases-105415177519237\\\/?modal=admin_todo_tour\",\"https:\\\/\\\/x.com\\\/shopcanarias\",\"https:\\\/\\\/www.instagram.com\\\/shopcanarias\\\/?hl=es\",\"https:\\\/\\\/www.pinterest.es\\\/pin\\\/611222980666854387\\\/\",\"https:\\\/\\\/www.youtube.com\\\/channel\\\/UCqPIEQS9SBuvJrMWJV8YxuA\"]}]}<\/script>\n<!-- \/ Yoast SEO plugin. -->","yoast_head_json":{"title":"Filtre par \u00eele - ShopCanarias.es","robots":{"index":"index","follow":"follow","max-snippet":"max-snippet:-1","max-image-preview":"max-image-preview:large","max-video-preview":"max-video-preview:-1"},"canonical":"https:\/\/shopcanarias.es\/index.php\/fr\/accueil\/filtre-par-ile\/","og_locale":"es_ES","og_type":"article","og_title":"Filtre par \u00eele - ShopCanarias.es","og_description":"Cette section est en construction. D\u00e9sol\u00e9 pour le d\u00e9sagr\u00e9ment. Acheter sans vous inscrire Utilisez le mode de paiement que vous souhaitez en toute s\u00e9curit\u00e9 Prix finaux sans surprises Assurance tous risques incluse","og_url":"https:\/\/shopcanarias.es\/index.php\/fr\/accueil\/filtre-par-ile\/","og_site_name":"ShopCanarias.es","article_publisher":"https:\/\/www.facebook.com\/ShopCanariases-105415177519237\/?modal=admin_todo_tour","article_modified_time":"2020-06-19T13:48:34+00:00","twitter_card":"summary_large_image","twitter_site":"@shopcanarias","schema":{"@context":"https:\/\/schema.org","@graph":[{"@type":"WebPage","@id":"https:\/\/shopcanarias.es\/index.php\/fr\/accueil\/filtre-par-ile\/","url":"https:\/\/shopcanarias.es\/index.php\/fr\/accueil\/filtre-par-ile\/","name":"Filtre par \u00eele - ShopCanarias.es","isPartOf":{"@id":"https:\/\/shopcanarias.es\/#website"},"datePublished":"2020-06-04T21:35:51+00:00","dateModified":"2020-06-19T13:48:34+00:00","breadcrumb":{"@id":"https:\/\/shopcanarias.es\/index.php\/fr\/accueil\/filtre-par-ile\/#breadcrumb"},"inLanguage":"es","potentialAction":[{"@type":"ReadAction","target":["https:\/\/shopcanarias.es\/index.php\/fr\/accueil\/filtre-par-ile\/"]}]},{"@type":"BreadcrumbList","@id":"https:\/\/shopcanarias.es\/index.php\/fr\/accueil\/filtre-par-ile\/#breadcrumb","itemListElement":[{"@type":"ListItem","position":1,"name":"Home","item":"https:\/\/shopcanarias.es\/"},{"@type":"ListItem","position":2,"name":"Accueil","item":"https:\/\/shopcanarias.es\/?lang=fr"},{"@type":"ListItem","position":3,"name":"Filtre par \u00eele"}]},{"@type":"WebSite","@id":"https:\/\/shopcanarias.es\/#website","url":"https:\/\/shopcanarias.es\/","name":"ShopCanarias.es","description":"Tienda online de productos y servicios de las Islas Canarias","publisher":{"@id":"https:\/\/shopcanarias.es\/#organization"},"potentialAction":[{"@type":"SearchAction","target":{"@type":"EntryPoint","urlTemplate":"https:\/\/shopcanarias.es\/?s={search_term_string}"},"query-input":{"@type":"PropertyValueSpecification","valueRequired":true,"valueName":"search_term_string"}}],"inLanguage":"es"},{"@type":"Organization","@id":"https:\/\/shopcanarias.es\/#organization","name":"Marketplace Canarias SL","url":"https:\/\/shopcanarias.es\/","logo":{"@type":"ImageObject","inLanguage":"es","@id":"https:\/\/shopcanarias.es\/#\/schema\/logo\/image\/","url":"https:\/\/i0.wp.com\/shopcanarias.es\/wp-content\/uploads\/2020\/04\/Logotipo_Ajustado_Color_300-ppp-scaled.jpg?fit=2560%2C467&ssl=1","contentUrl":"https:\/\/i0.wp.com\/shopcanarias.es\/wp-content\/uploads\/2020\/04\/Logotipo_Ajustado_Color_300-ppp-scaled.jpg?fit=2560%2C467&ssl=1","width":2560,"height":467,"caption":"Marketplace Canarias SL"},"image":{"@id":"https:\/\/shopcanarias.es\/#\/schema\/logo\/image\/"},"sameAs":["https:\/\/www.facebook.com\/ShopCanariases-105415177519237\/?modal=admin_todo_tour","https:\/\/x.com\/shopcanarias","https:\/\/www.instagram.com\/shopcanarias\/?hl=es","https:\/\/www.pinterest.es\/pin\/611222980666854387\/","https:\/\/www.youtube.com\/channel\/UCqPIEQS9SBuvJrMWJV8YxuA"]}]}},"jetpack_sharing_enabled":true,"_links":{"self":[{"href":"https:\/\/shopcanarias.es\/index.php\/wp-json\/wp\/v2\/pages\/1512","targetHints":{"allow":["GET"]}}],"collection":[{"href":"https:\/\/shopcanarias.es\/index.php\/wp-json\/wp\/v2\/pages"}],"about":[{"href":"https:\/\/shopcanarias.es\/index.php\/wp-json\/wp\/v2\/types\/page"}],"author":[{"embeddable":true,"href":"https:\/\/shopcanarias.es\/index.php\/wp-json\/wp\/v2\/users\/1"}],"replies":[{"embeddable":true,"href":"https:\/\/shopcanarias.es\/index.php\/wp-json\/wp\/v2\/comments?post=1512"}],"version-history":[{"count":0,"href":"https:\/\/shopcanarias.es\/index.php\/wp-json\/wp\/v2\/pages\/1512\/revisions"}],"up":[{"embeddable":true,"href":"https:\/\/shopcanarias.es\/index.php\/wp-json\/wp\/v2\/pages\/1501"}],"wp:attachment":[{"href":"https:\/\/shopcanarias.es\/index.php\/wp-json\/wp\/v2\/media?parent=1512"}],"curies":[{"name":"wp","href":"https:\/\/api.w.org\/{rel}","templated":true}]}}